{"id":991,"date":"2017-06-23T10:22:44","date_gmt":"2017-06-23T08:22:44","guid":{"rendered":"https:\/\/www.novoutils.com\/?page_id=991"},"modified":"2020-07-16T16:06:29","modified_gmt":"2020-07-16T14:06:29","slug":"herramienta-corte-rotativa","status":"publish","type":"page","link":"https:\/\/www.novoutils.com\/es\/herramienta-corte-rotativa.html","title":{"rendered":"HERRAMIENTAS DE CORTE ROTATIVAS"},"content":{"rendered":"<div class=\"wpb-content-wrapper\"><p>[vc_row][vc_column][vc_column_text]<\/p>\n<h2>Dise\u00f1o y Fabricaci\u00f3n de herramientas de corte rotativas<\/h2>\n<p>[\/vc_column_text][\/vc_column][\/vc_row][vc_row][vc_column width=&#8221;1\/2&#8243;][vc_column_text]<\/p>\n<h2>BROCAS, ESCARIADORES<\/h2>\n<p>Dise\u00f1amos y fabricamos seg\u00fan sus necesidades, con o sin canal de refrigeraci\u00f3n\u00a0(refrigeraci\u00f3n central)\u00a0 \/ enganche o mango a la demanda (plano, Weldon)\u00a0:<\/p>\n<ul>\n<li><strong>Escariadores helicoidales<\/strong> o para <strong>corte a la derecha<\/strong><\/li>\n<li><strong>Brocas helicoidales<\/strong> o para corte a la \u00a0derecha<\/li>\n<li><strong>Herramientas para torbellinado<\/strong><\/li>\n<li><strong>Palas de lanza<\/strong><\/li>\n<li><strong>Brocas ca\u00f1on<\/strong><\/li>\n<li>Etc<\/li>\n<\/ul>\n<p>Metal duro, acero r\u00e1pido<\/p>\n<p>Con o sin revestimiento[\/vc_column_text][vc_btn title=&#8221;Broca metal duro &#8211; Broca HSS&#8221; link=&#8221;url:https%3A%2F%2Fwww.novoutils.com%2Fes%2Fbrocas.html|||&#8221;][vc_btn title=&#8221;Escariadores a medida&#8221; link=&#8221;url:https%3A%2F%2Fwww.novoutils.com%2Fes%2Fescariadores.html|||&#8221;][\/vc_column][vc_column width=&#8221;1\/2&#8243;][vc_column_text]<\/p>\n<h2><strong>FRESAS<\/strong><\/h2>\n<p>A partir de sus planos y teniendo en cuenta sus condiciones de mecanizado, dise\u00f1amos y fabricamos a la demanda sus herramientas de fresado<\/p>\n<ul>\n<li><strong>Fresa de desbaste<\/strong><\/li>\n<li><strong>Fresa de planear<\/strong>, de <strong>escuadrar<\/strong>, <strong>fresa forma de T<\/strong><\/li>\n<li><strong>Fresa hemisf\u00e9rica<\/strong><\/li>\n<li><strong>Fresa de acabado<\/strong><\/li>\n<li><strong>Fresa sierra \/ Fresa 1 corte, fresa 2 cortes, fresa 3 cortes<\/strong><\/li>\n<\/ul>\n<p>&nbsp;<\/p>\n<p>Metal Duro, Acero r\u00e1pido<\/p>\n<p>Con o sin revestimiento[\/vc_column_text][vc_btn title=&#8221;Rectificaci\u00f3n cil\u00edndrica de brocas y escariadores&#8221; link=&#8221;url:https%3A%2F%2Fwww.novoutils.com%2Fes%2Frectificacion-cilindrica-de-utillaje-en-carburo-y-de-utillaje-en-acero.html|||&#8221;][vc_btn title=&#8221;Fresa de forma&#8221; color=&#8221;primary&#8221; link=&#8221;url:https%3A%2F%2Fwww.novoutils.com%2Fes%2Fdiseno-y-fabricacion-de-fresas-de-forma.html|||&#8221;][\/vc_column][\/vc_row][vc_row][vc_column][vc_images_carousel images=&#8221;1734,1737,1736,1738,2002,1732,2001,1733,1735,1739,1740,1741,1743&#8243; img_size=&#8221;full&#8221; slides_per_view=&#8221;4&#8243; autoplay=&#8221;yes&#8221; wrap=&#8221;yes&#8221;][vc_empty_space height=&#8221;50px&#8221;][vc_column_text]<\/p>\n<h2>Sistema de roscado , brochas de roscado<\/h2>\n<p>[\/vc_column_text][\/vc_column][\/vc_row][vc_row][vc_column width=&#8221;2\/3&#8243;][vc_column_text]Tambi\u00e9n dise\u00f1amos y fabricamos herramientas de corte tangencial<\/p>\n<ul>\n<li>Peines de roscar<\/li>\n<li>Cabezales de roscado y plaquitas adaptables sobre brochas de roscado<\/li>\n<\/ul>\n<p>[\/vc_column_text][vc_btn title=&#8221;Herramientas de Corte Tangencial &#8221; color=&#8221;primary&#8221; link=&#8221;url:https%3A%2F%2Fwww.novoutils.com%2Fes%2Fherramientas-de-corte-tangencial.html|||&#8221;][vc_empty_space][\/vc_column][vc_column width=&#8221;1\/3&#8243;][vc_single_image image=&#8221;2212&#8243; img_size=&#8221;medium&#8221;][\/vc_column][\/vc_row][vc_row][vc_column width=&#8221;1\/2&#8243;][vc_cta h2=&#8221;CONT\u00c1CTENOS &#8221; add_button=&#8221;right&#8221; btn_title=&#8221;Contacto&#8221; btn_i_icon_fontawesome=&#8221;fa fa-envelope&#8221; btn_add_icon=&#8221;true&#8221; btn_link=&#8221;url:https%3A%2F%2Fwww.novoutils.com%2Fes%2Fcontact.html|||&#8221; css=&#8221;.vc_custom_1517930716951{background-color: #3498db !important;}&#8221;]Solicite su presupuesto para la fabricaci\u00f3n de herramientas de corte rotativas[\/vc_cta][\/vc_column][vc_column width=&#8221;1\/2&#8243;][\/vc_column][\/vc_row][vc_row][vc_column][vc_column_text]<\/p>\n<p>[\/vc_column_text][\/vc_column][\/vc_row]<\/p>\n<\/div>","protected":false},"excerpt":{"rendered":"<p>[vc_row][vc_column][vc_column_text] Dise\u00f1o y Fabricaci\u00f3n de herramientas de corte rotativas [\/vc_column_text][\/vc_column][\/vc_row][vc_row][vc_column width=&#8221;1\/2&#8243;][vc_column_text] BROCAS, ESCARIADORES Dise\u00f1amos y fabricamos seg\u00fan sus necesidades, con o sin canal de refrigeraci\u00f3n\u00a0(refrigeraci\u00f3n central)\u00a0 \/ enganche o mango a la demanda (plano, Weldon)\u00a0: Escariadores helicoidales o para corte a la derecha Brocas helicoidales o para corte a la \u00a0derecha Herramientas para torbellinado Palas [&hellip;]<\/p>\n","protected":false},"author":1,"featured_media":0,"parent":0,"menu_order":0,"comment_status":"closed","ping_status":"closed","template":"","meta":{"_monsterinsights_skip_tracking":false,"_monsterinsights_sitenote_active":false,"_monsterinsights_sitenote_note":"","_monsterinsights_sitenote_category":0,"footnotes":""},"yoast_head":"<!-- This site is optimized with the Yoast SEO plugin v23.5 - https:\/\/yoast.com\/wordpress\/plugins\/seo\/ -->\n<title>Fabricante herramienta corte rotativa, mecha, escariador, taladro, fresa<\/title>\n<meta name=\"description\" content=\"Novoutils ofrece una gama de herramientas de corte rotativas. Cons\u00faltenos para encontrar la herramienta adecuada a sus necesidades.\" \/>\n<meta name=\"robots\" content=\"index, follow, max-snippet:-1, max-image-preview:large, max-video-preview:-1\" \/>\n<link rel=\"canonical\" href=\"https:\/\/www.novoutils.com\/es\/herramienta-corte-rotativa.html\" \/>\n<meta property=\"og:locale\" content=\"es_ES\" \/>\n<meta property=\"og:type\" content=\"article\" \/>\n<meta property=\"og:title\" content=\"Fabricante herramienta corte rotativa, mecha, escariador, taladro, fresa\" \/>\n<meta property=\"og:description\" content=\"Novoutils ofrece una gama de herramientas de corte rotativas. Cons\u00faltenos para encontrar la herramienta adecuada a sus necesidades.\" \/>\n<meta property=\"og:url\" content=\"https:\/\/www.novoutils.com\/es\/herramienta-corte-rotativa.html\" \/>\n<meta property=\"og:site_name\" content=\"Novoutils\" \/>\n<meta property=\"article:modified_time\" content=\"2020-07-16T14:06:29+00:00\" \/>\n<meta name=\"twitter:card\" content=\"summary_large_image\" \/>\n<meta name=\"twitter:label1\" content=\"Est. reading time\" \/>\n\t<meta name=\"twitter:data1\" content=\"2 minutes\" \/>\n<script type=\"application\/ld+json\" class=\"yoast-schema-graph\">{\"@context\":\"https:\/\/schema.org\",\"@graph\":[{\"@type\":\"WebPage\",\"@id\":\"https:\/\/www.novoutils.com\/es\/herramienta-corte-rotativa.html\",\"url\":\"https:\/\/www.novoutils.com\/es\/herramienta-corte-rotativa.html\",\"name\":\"Fabricante herramienta corte rotativa, mecha, escariador, taladro, fresa\",\"isPartOf\":{\"@id\":\"https:\/\/www.novoutils.com\/es\/#website\"},\"datePublished\":\"2017-06-23T08:22:44+00:00\",\"dateModified\":\"2020-07-16T14:06:29+00:00\",\"description\":\"Novoutils ofrece una gama de herramientas de corte rotativas. Cons\u00faltenos para encontrar la herramienta adecuada a sus necesidades.\",\"breadcrumb\":{\"@id\":\"https:\/\/www.novoutils.com\/es\/herramienta-corte-rotativa.html#breadcrumb\"},\"inLanguage\":\"es-ES\",\"potentialAction\":[{\"@type\":\"ReadAction\",\"target\":[\"https:\/\/www.novoutils.com\/es\/herramienta-corte-rotativa.html\"]}]},{\"@type\":\"BreadcrumbList\",\"@id\":\"https:\/\/www.novoutils.com\/es\/herramienta-corte-rotativa.html#breadcrumb\",\"itemListElement\":[{\"@type\":\"ListItem\",\"position\":1,\"name\":\"Accueil\",\"item\":\"https:\/\/www.novoutils.com\/es\/\"},{\"@type\":\"ListItem\",\"position\":2,\"name\":\"HERRAMIENTAS DE CORTE ROTATIVAS\"}]},{\"@type\":\"WebSite\",\"@id\":\"https:\/\/www.novoutils.com\/es\/#website\",\"url\":\"https:\/\/www.novoutils.com\/es\/\",\"name\":\"Novoutils\",\"description\":\"Ademva Carburab\",\"potentialAction\":[{\"@type\":\"SearchAction\",\"target\":{\"@type\":\"EntryPoint\",\"urlTemplate\":\"https:\/\/www.novoutils.com\/es\/?s={search_term_string}\"},\"query-input\":{\"@type\":\"PropertyValueSpecification\",\"valueRequired\":true,\"valueName\":\"search_term_string\"}}],\"inLanguage\":\"es-ES\"}]}<\/script>\n<!-- \/ Yoast SEO plugin. -->","yoast_head_json":{"title":"Fabricante herramienta corte rotativa, mecha, escariador, taladro, fresa","description":"Novoutils ofrece una gama de herramientas de corte rotativas. Cons\u00faltenos para encontrar la herramienta adecuada a sus necesidades.","robots":{"index":"index","follow":"follow","max-snippet":"max-snippet:-1","max-image-preview":"max-image-preview:large","max-video-preview":"max-video-preview:-1"},"canonical":"https:\/\/www.novoutils.com\/es\/herramienta-corte-rotativa.html","og_locale":"es_ES","og_type":"article","og_title":"Fabricante herramienta corte rotativa, mecha, escariador, taladro, fresa","og_description":"Novoutils ofrece una gama de herramientas de corte rotativas. Cons\u00faltenos para encontrar la herramienta adecuada a sus necesidades.","og_url":"https:\/\/www.novoutils.com\/es\/herramienta-corte-rotativa.html","og_site_name":"Novoutils","article_modified_time":"2020-07-16T14:06:29+00:00","twitter_card":"summary_large_image","twitter_misc":{"Est. reading time":"2 minutes"},"schema":{"@context":"https:\/\/schema.org","@graph":[{"@type":"WebPage","@id":"https:\/\/www.novoutils.com\/es\/herramienta-corte-rotativa.html","url":"https:\/\/www.novoutils.com\/es\/herramienta-corte-rotativa.html","name":"Fabricante herramienta corte rotativa, mecha, escariador, taladro, fresa","isPartOf":{"@id":"https:\/\/www.novoutils.com\/es\/#website"},"datePublished":"2017-06-23T08:22:44+00:00","dateModified":"2020-07-16T14:06:29+00:00","description":"Novoutils ofrece una gama de herramientas de corte rotativas. Cons\u00faltenos para encontrar la herramienta adecuada a sus necesidades.","breadcrumb":{"@id":"https:\/\/www.novoutils.com\/es\/herramienta-corte-rotativa.html#breadcrumb"},"inLanguage":"es-ES","potentialAction":[{"@type":"ReadAction","target":["https:\/\/www.novoutils.com\/es\/herramienta-corte-rotativa.html"]}]},{"@type":"BreadcrumbList","@id":"https:\/\/www.novoutils.com\/es\/herramienta-corte-rotativa.html#breadcrumb","itemListElement":[{"@type":"ListItem","position":1,"name":"Accueil","item":"https:\/\/www.novoutils.com\/es\/"},{"@type":"ListItem","position":2,"name":"HERRAMIENTAS DE CORTE ROTATIVAS"}]},{"@type":"WebSite","@id":"https:\/\/www.novoutils.com\/es\/#website","url":"https:\/\/www.novoutils.com\/es\/","name":"Novoutils","description":"Ademva Carburab","potentialAction":[{"@type":"SearchAction","target":{"@type":"EntryPoint","urlTemplate":"https:\/\/www.novoutils.com\/es\/?s={search_term_string}"},"query-input":{"@type":"PropertyValueSpecification","valueRequired":true,"valueName":"search_term_string"}}],"inLanguage":"es-ES"}]}},"_links":{"self":[{"href":"https:\/\/www.novoutils.com\/es\/wp-json\/wp\/v2\/pages\/991"}],"collection":[{"href":"https:\/\/www.novoutils.com\/es\/wp-json\/wp\/v2\/pages"}],"about":[{"href":"https:\/\/www.novoutils.com\/es\/wp-json\/wp\/v2\/types\/page"}],"author":[{"embeddable":true,"href":"https:\/\/www.novoutils.com\/es\/wp-json\/wp\/v2\/users\/1"}],"replies":[{"embeddable":true,"href":"https:\/\/www.novoutils.com\/es\/wp-json\/wp\/v2\/comments?post=991"}],"version-history":[{"count":17,"href":"https:\/\/www.novoutils.com\/es\/wp-json\/wp\/v2\/pages\/991\/revisions"}],"predecessor-version":[{"id":2427,"href":"https:\/\/www.novoutils.com\/es\/wp-json\/wp\/v2\/pages\/991\/revisions\/2427"}],"wp:attachment":[{"href":"https:\/\/www.novoutils.com\/es\/wp-json\/wp\/v2\/media?parent=991"}],"curies":[{"name":"wp","href":"https:\/\/api.w.org\/{rel}","templated":true}]}}