{"id":862,"date":"2017-06-21T12:40:31","date_gmt":"2017-06-21T10:40:31","guid":{"rendered":"https:\/\/www.novoutils.com\/?page_id=862"},"modified":"2018-02-20T14:12:00","modified_gmt":"2018-02-20T13:12:00","slug":"afilado-herramientas-corte","status":"publish","type":"page","link":"https:\/\/www.novoutils.com\/es\/afilado-herramientas-corte.html","title":{"rendered":"AFILADO"},"content":{"rendered":"<div class=\"wpb-content-wrapper\"><p>[vc_row][vc_column width=&#8221;2\/3&#8243;][vc_column_text]<\/p>\n<h2><strong>AFILADO DE HERRAMIENTAS DE CORTE<\/strong><\/h2>\n<p>Especialista en el dise\u00f1o y fabricaci\u00f3n de <strong>herramientas de corte<\/strong> desde hace m\u00e1s 50 a\u00f1os, proponemos a nuestros clientes el tallado y un <strong>afilado<\/strong> cuidadoso y adaptado a sus <strong>herramientas<\/strong> y a sus condiciones de mecanizado<\/p>\n<p>Teniendo en cuenta la geometr\u00eda de la herramienta, los \u00e1ngulos de corte y \u00e1ngulos de incidencia, renovamos :<\/p>\n<ul>\n<li>Las herramientas de corte de las marcas : Dieterle, Kennametal, etc.<\/li>\n<li>Herramientas de forma<\/li>\n<\/ul>\n<p>&nbsp;<\/p>\n<p>Nos hacemos cargo de las<strong> herramientas en acero r\u00e1pido<\/strong>, metal duro, ASP, Cermet, Nitruro de boro c\u00fabico, Policristalino y de formas diversas:<\/p>\n<ul>\n<li>Brochas<\/li>\n<li>Brocas y escariadores<\/li>\n<li>Fresas<\/li>\n<li>Plaquitas<\/li>\n<li>Punzones<\/li>\n<li>Machos de roscar<\/li>\n<\/ul>\n<p>Respondemos a las necesidades m\u00e1s exigentes a nivel de afilado.[\/vc_column_text][\/vc_column][vc_column width=&#8221;1\/3&#8243;][vc_masonry_media_grid element_width=&#8221;6&#8243; initial_loading_animation=&#8221;fadeIn&#8221; grid_id=&#8221;vc_gid:1519132255379-d089bde2-860e-9&#8243; include=&#8221;1811,1812,1813&#8243;][\/vc_column][\/vc_row][vc_row][vc_column][vc_column_text]<\/p>\n<h2><strong>AFILADO DE HERRAMIENTAS DE CORTE PARA TODOS LOS SECTORES: <\/strong><\/h2>\n<p>[\/vc_column_text][\/vc_column][\/vc_row][vc_row][vc_column width=&#8221;1\/2&#8243;][vc_column_text]<\/p>\n<ul>\n<li>Automoci\u00f3n<\/li>\n<li>Aeron\u00e1utico y Aeroespacial<\/li>\n<li>Armamento<\/li>\n<li>Electr\u00f3nico<\/li>\n<li>Relojer\u00eda<\/li>\n<li>Nuclear<\/li>\n<li>Decoletaje<\/li>\n<li>Mec\u00e1nica de precisi\u00f3n<\/li>\n<\/ul>\n<p>[\/vc_column_text][vc_empty_space][\/vc_column][vc_column width=&#8221;1\/2&#8243;][vc_empty_space][vc_cta h2=&#8221;CONT\u00c1CTENOS&#8221; add_button=&#8221;right&#8221; btn_title=&#8221;Contacto&#8221; btn_i_icon_fontawesome=&#8221;fa fa-envelope&#8221; btn_add_icon=&#8221;true&#8221; btn_link=&#8221;url:https%3A%2F%2Fwww.novoutils.com%2Fes%2Fcontact.html|||&#8221; css=&#8221;.vc_custom_1517930900421{background-color: #3498db !important;}&#8221;]Solicite su presupuesto para el afilado de sus herramientas[\/vc_cta][\/vc_column][\/vc_row]<\/p>\n<\/div>","protected":false},"excerpt":{"rendered":"<p>[vc_row][vc_column width=&#8221;2\/3&#8243;][vc_column_text] AFILADO DE HERRAMIENTAS DE CORTE Especialista en el dise\u00f1o y fabricaci\u00f3n de herramientas de corte desde hace m\u00e1s 50 a\u00f1os, proponemos a nuestros clientes el tallado y un afilado cuidadoso y adaptado a sus herramientas y a sus condiciones de mecanizado Teniendo en cuenta la geometr\u00eda de la herramienta, los \u00e1ngulos de corte [&hellip;]<\/p>\n","protected":false},"author":1,"featured_media":0,"parent":0,"menu_order":0,"comment_status":"closed","ping_status":"closed","template":"","meta":{"_monsterinsights_skip_tracking":false,"_monsterinsights_sitenote_active":false,"_monsterinsights_sitenote_note":"","_monsterinsights_sitenote_category":0,"footnotes":""},"yoast_head":"<!-- This site is optimized with the Yoast SEO plugin v23.5 - https:\/\/yoast.com\/wordpress\/plugins\/seo\/ -->\n<title>Afilado de herramientas para torno, Afilado de herramientas de corte, afilado de herramientas especiales, afilado de herramientas<\/title>\n<meta name=\"description\" content=\"Novoutils asegura el afilado de sus herramientas de corte, herramientas de mecanizado y mecanizado. Cont\u00e1ctanos!\" \/>\n<meta name=\"robots\" content=\"index, follow, max-snippet:-1, max-image-preview:large, max-video-preview:-1\" \/>\n<link rel=\"canonical\" href=\"https:\/\/www.novoutils.com\/es\/afilado-herramientas-corte.html\" \/>\n<meta property=\"og:locale\" content=\"es_ES\" \/>\n<meta property=\"og:type\" content=\"article\" \/>\n<meta property=\"og:title\" content=\"Afilado de herramientas para torno, Afilado de herramientas de corte, afilado de herramientas especiales, afilado de herramientas\" \/>\n<meta property=\"og:description\" content=\"Novoutils asegura el afilado de sus herramientas de corte, herramientas de mecanizado y mecanizado. Cont\u00e1ctanos!\" \/>\n<meta property=\"og:url\" content=\"https:\/\/www.novoutils.com\/es\/afilado-herramientas-corte.html\" \/>\n<meta property=\"og:site_name\" content=\"Novoutils\" \/>\n<meta property=\"article:modified_time\" content=\"2018-02-20T13:12:00+00:00\" \/>\n<meta name=\"twitter:card\" content=\"summary_large_image\" \/>\n<meta name=\"twitter:label1\" content=\"Est. reading time\" \/>\n\t<meta name=\"twitter:data1\" content=\"1 minute\" \/>\n<script type=\"application\/ld+json\" class=\"yoast-schema-graph\">{\"@context\":\"https:\/\/schema.org\",\"@graph\":[{\"@type\":\"WebPage\",\"@id\":\"https:\/\/www.novoutils.com\/es\/afilado-herramientas-corte.html\",\"url\":\"https:\/\/www.novoutils.com\/es\/afilado-herramientas-corte.html\",\"name\":\"Afilado de herramientas para torno, Afilado de herramientas de corte, afilado de herramientas especiales, afilado de herramientas\",\"isPartOf\":{\"@id\":\"https:\/\/www.novoutils.com\/es\/#website\"},\"datePublished\":\"2017-06-21T10:40:31+00:00\",\"dateModified\":\"2018-02-20T13:12:00+00:00\",\"description\":\"Novoutils asegura el afilado de sus herramientas de corte, herramientas de mecanizado y mecanizado. Cont\u00e1ctanos!\",\"breadcrumb\":{\"@id\":\"https:\/\/www.novoutils.com\/es\/afilado-herramientas-corte.html#breadcrumb\"},\"inLanguage\":\"es-ES\",\"potentialAction\":[{\"@type\":\"ReadAction\",\"target\":[\"https:\/\/www.novoutils.com\/es\/afilado-herramientas-corte.html\"]}]},{\"@type\":\"BreadcrumbList\",\"@id\":\"https:\/\/www.novoutils.com\/es\/afilado-herramientas-corte.html#breadcrumb\",\"itemListElement\":[{\"@type\":\"ListItem\",\"position\":1,\"name\":\"Accueil\",\"item\":\"https:\/\/www.novoutils.com\/es\/\"},{\"@type\":\"ListItem\",\"position\":2,\"name\":\"AFILADO\"}]},{\"@type\":\"WebSite\",\"@id\":\"https:\/\/www.novoutils.com\/es\/#website\",\"url\":\"https:\/\/www.novoutils.com\/es\/\",\"name\":\"Novoutils\",\"description\":\"Ademva Carburab\",\"potentialAction\":[{\"@type\":\"SearchAction\",\"target\":{\"@type\":\"EntryPoint\",\"urlTemplate\":\"https:\/\/www.novoutils.com\/es\/?s={search_term_string}\"},\"query-input\":{\"@type\":\"PropertyValueSpecification\",\"valueRequired\":true,\"valueName\":\"search_term_string\"}}],\"inLanguage\":\"es-ES\"}]}<\/script>\n<!-- \/ Yoast SEO plugin. -->","yoast_head_json":{"title":"Afilado de herramientas para torno, Afilado de herramientas de corte, afilado de herramientas especiales, afilado de herramientas","description":"Novoutils asegura el afilado de sus herramientas de corte, herramientas de mecanizado y mecanizado. Cont\u00e1ctanos!","robots":{"index":"index","follow":"follow","max-snippet":"max-snippet:-1","max-image-preview":"max-image-preview:large","max-video-preview":"max-video-preview:-1"},"canonical":"https:\/\/www.novoutils.com\/es\/afilado-herramientas-corte.html","og_locale":"es_ES","og_type":"article","og_title":"Afilado de herramientas para torno, Afilado de herramientas de corte, afilado de herramientas especiales, afilado de herramientas","og_description":"Novoutils asegura el afilado de sus herramientas de corte, herramientas de mecanizado y mecanizado. Cont\u00e1ctanos!","og_url":"https:\/\/www.novoutils.com\/es\/afilado-herramientas-corte.html","og_site_name":"Novoutils","article_modified_time":"2018-02-20T13:12:00+00:00","twitter_card":"summary_large_image","twitter_misc":{"Est. reading time":"1 minute"},"schema":{"@context":"https:\/\/schema.org","@graph":[{"@type":"WebPage","@id":"https:\/\/www.novoutils.com\/es\/afilado-herramientas-corte.html","url":"https:\/\/www.novoutils.com\/es\/afilado-herramientas-corte.html","name":"Afilado de herramientas para torno, Afilado de herramientas de corte, afilado de herramientas especiales, afilado de herramientas","isPartOf":{"@id":"https:\/\/www.novoutils.com\/es\/#website"},"datePublished":"2017-06-21T10:40:31+00:00","dateModified":"2018-02-20T13:12:00+00:00","description":"Novoutils asegura el afilado de sus herramientas de corte, herramientas de mecanizado y mecanizado. Cont\u00e1ctanos!","breadcrumb":{"@id":"https:\/\/www.novoutils.com\/es\/afilado-herramientas-corte.html#breadcrumb"},"inLanguage":"es-ES","potentialAction":[{"@type":"ReadAction","target":["https:\/\/www.novoutils.com\/es\/afilado-herramientas-corte.html"]}]},{"@type":"BreadcrumbList","@id":"https:\/\/www.novoutils.com\/es\/afilado-herramientas-corte.html#breadcrumb","itemListElement":[{"@type":"ListItem","position":1,"name":"Accueil","item":"https:\/\/www.novoutils.com\/es\/"},{"@type":"ListItem","position":2,"name":"AFILADO"}]},{"@type":"WebSite","@id":"https:\/\/www.novoutils.com\/es\/#website","url":"https:\/\/www.novoutils.com\/es\/","name":"Novoutils","description":"Ademva Carburab","potentialAction":[{"@type":"SearchAction","target":{"@type":"EntryPoint","urlTemplate":"https:\/\/www.novoutils.com\/es\/?s={search_term_string}"},"query-input":{"@type":"PropertyValueSpecification","valueRequired":true,"valueName":"search_term_string"}}],"inLanguage":"es-ES"}]}},"_links":{"self":[{"href":"https:\/\/www.novoutils.com\/es\/wp-json\/wp\/v2\/pages\/862"}],"collection":[{"href":"https:\/\/www.novoutils.com\/es\/wp-json\/wp\/v2\/pages"}],"about":[{"href":"https:\/\/www.novoutils.com\/es\/wp-json\/wp\/v2\/types\/page"}],"author":[{"embeddable":true,"href":"https:\/\/www.novoutils.com\/es\/wp-json\/wp\/v2\/users\/1"}],"replies":[{"embeddable":true,"href":"https:\/\/www.novoutils.com\/es\/wp-json\/wp\/v2\/comments?post=862"}],"version-history":[{"count":7,"href":"https:\/\/www.novoutils.com\/es\/wp-json\/wp\/v2\/pages\/862\/revisions"}],"predecessor-version":[{"id":1997,"href":"https:\/\/www.novoutils.com\/es\/wp-json\/wp\/v2\/pages\/862\/revisions\/1997"}],"wp:attachment":[{"href":"https:\/\/www.novoutils.com\/es\/wp-json\/wp\/v2\/media?parent=862"}],"curies":[{"name":"wp","href":"https:\/\/api.w.org\/{rel}","templated":true}]}}