{"id":827,"date":"2017-04-28T09:54:11","date_gmt":"2017-04-28T07:54:11","guid":{"rendered":"https:\/\/www.novoutils.com\/?page_id=827"},"modified":"2023-11-24T15:25:28","modified_gmt":"2023-11-24T14:25:28","slug":"herramientas-corte-estandares","status":"publish","type":"page","link":"https:\/\/www.novoutils.com\/es\/herramientas-corte-estandares.html","title":{"rendered":"DISTRIBUCI\u00d3N DE HERRAMIENTAS DE CORTE EST\u00c1NDARES"},"content":{"rendered":"<div class=\"wpb-content-wrapper\"><p>[vc_row][vc_column][vc_column_text]<\/p>\n<h2>DISTRIBUCI\u00d3N DE HERRAMIENTAS DE CORTE<\/h2>\n<p><strong>Nuestros partners\u00a0:<\/strong>[\/vc_column_text][vc_row_inner el_id=&#8221;kennametal&#8221;][vc_column_inner width=&#8221;2\/3&#8243;][vc_column_text]<img loading=\"lazy\" decoding=\"async\" class=\"wp-image-1926 size-full alignnone\" src=\"https:\/\/www.novoutils.com\/es\/wp-content\/uploads\/sites\/3\/2018\/01\/herramientas-de-corte-kennametal.png\" alt=\"herramientas de corte Kennametal\" width=\"300\" height=\"56\" \/><\/p>\n<p>Avalados por nuestra experiencia en herramientas de corte (herramientas giratorias y herramientas est\u00e1ticas) y en colaboraci\u00f3n con <strong>KENNAMETAL, proponemos, seg\u00fan sus condiciones de mecanizado, herramientas adaptadas a sus <\/strong><strong>necesidades en torneado, fresado, ranurado, tronzonado etc\u2026:<\/strong><\/p>\n<ul>\n<li>Portaherramientas<\/li>\n<li>Plaquitas<\/li>\n<li>Brocas (metal duro, con refrigeraci\u00f3n, brocas modulares, brocas de plaquitas)<\/li>\n<li>Escariadores<\/li>\n<li>Fresas (metal duro de alto rendimiento, dos cortes, soluciones de fresado con plaquitas)<\/li>\n<\/ul>\n<p>Para m\u00e1s informaci\u00f3n, contacte con nuestro departamento comercial llamando al :+ 33 4 50 98 80 66[\/vc_column_text][\/vc_column_inner][vc_column_inner width=&#8221;1\/3&#8243;][vc_empty_space][vc_btn title=&#8221;Acceda a los cat\u00e1logos Kennametal&#8221; color=&#8221;sky&#8221; align=&#8221;center&#8221; i_icon_fontawesome=&#8221;fa fa-file-pdf-o&#8221; add_icon=&#8221;true&#8221; link=&#8221;url:http%3A%2F%2Fwww.novoutils.com%2Fes%2Flos-catalogos-kennametal.html|title:Acc%C3%A9der%20aux%20catalogues%20Dieterle||&#8221;][\/vc_column_inner][\/vc_row_inner][vc_images_carousel images=&#8221;1777,1776,1778,1779,1775,1784,1782,1780,1783,1781&#8243; img_size=&#8221;full&#8221; slides_per_view=&#8221;8&#8243; autoplay=&#8221;yes&#8221; wrap=&#8221;yes&#8221;][\/vc_column][\/vc_row][vc_row full_width=&#8221;stretch_row&#8221; css=&#8221;.vc_custom_1681379686196{background-color: #bfbfbf !important;}&#8221; el_id=&#8221;emuge&#8221;][vc_column width=&#8221;2\/3&#8243; css=&#8221;.vc_custom_1530265295383{margin-top: 20px !important;}&#8221;][vc_column_text]<img loading=\"lazy\" decoding=\"async\" class=\"alignnone size-medium wp-image-2104\" src=\"https:\/\/www.novoutils.com\/es\/wp-content\/uploads\/sites\/3\/2018\/10\/EF-Logo-ProtectedSpacing-RGB-300x150.jpg\" alt=\"\" width=\"300\" height=\"150\" srcset=\"https:\/\/www.novoutils.com\/es\/wp-content\/uploads\/sites\/3\/2018\/10\/EF-Logo-ProtectedSpacing-RGB-300x150.jpg 300w, https:\/\/www.novoutils.com\/es\/wp-content\/uploads\/sites\/3\/2018\/10\/EF-Logo-ProtectedSpacing-RGB-768x385.jpg 768w, https:\/\/www.novoutils.com\/es\/wp-content\/uploads\/sites\/3\/2018\/10\/EF-Logo-ProtectedSpacing-RGB-1024x513.jpg 1024w, https:\/\/www.novoutils.com\/es\/wp-content\/uploads\/sites\/3\/2018\/10\/EF-Logo-ProtectedSpacing-RGB.jpg 1418w\" sizes=\"(max-width: 300px) 100vw, 300px\" \/><\/p>\n<p>Distribuidores exclusivos en Savoie y Haute Savoie de \u00a0las herramientas <strong>Emuge-Franken, les proponemos \u00a0una gama de herramientas de alta precisi\u00f3n:<\/strong><\/p>\n<p>&nbsp;<\/p>\n<ul>\n<li>Herramientas de roscar : machos de roscar a mano, machos de roscar a m\u00e1quina cortos, machos con mango reforzado , machos \u00a0con mango pasante, machos helicoidales\u2026<\/li>\n<li>Machos de laminaci\u00f3n o machos de deformaci\u00f3n: machos de laminaci\u00f3n con mango reforzado, machos de laminaci\u00f3n con mango pasante\u2026<\/li>\n<li>Herramientas de fresado : fresas de roscar, fresas de roscar para mecanizado duro, fresas de roscar circulares, fresas de roscar con plaquitas,<\/li>\n<li>Herramientas de taladrado : brocas helicoidales<\/li>\n<li>Cojinetes : cojinetes redondos, cojinetes hexagonales, cojinetes para tornos autom\u00e1ticos\u2026.<\/li>\n<li>Herramientas de control: tampones roscados G0\/NO GO, calibre para n\u00facleo de roscado, anillos roscados\u2026<\/li>\n<\/ul>\n<p>&nbsp;<\/p>\n<p>Nuestros t\u00e9cnicos comerciales les asesoran y recomiendan la herramienta m\u00e1s adaptada a sus condiciones de mecanizado y a su pliego de condiciones (refrigeraci\u00f3n, materia para mecanizar, normas\u2026)<\/p>\n<p>&nbsp;<\/p>\n<p>Para mayor informaci\u00f3n, puede contactarnos llamando al +33 4.50.98.80.66[\/vc_column_text][vc_empty_space][\/vc_column][vc_column width=&#8221;1\/3&#8243;][vc_empty_space][vc_btn title=&#8221;Acceda a los cat\u00e1logos EMUGE FRANKEN&#8221; color=&#8221;sky&#8221; align=&#8221;center&#8221; i_icon_fontawesome=&#8221;fa fa-file-pdf-o&#8221; add_icon=&#8221;true&#8221; link=&#8221;url:https%3A%2F%2Fwww.novoutils.com%2Fes%2Flos-catalogos-emuge-franken.html|title:Acc%C3%A9der%20aux%20catalogues%20Dieterle||&#8221;][vc_btn title=&#8221;Rodillos de laminacion de rosca&#8221; color=&#8221;sky&#8221; link=&#8221;url:https%3A%2F%2Fwww.novoutils.com%2Fes%2Frodillos-de-laminacion-de-rosca.html%20&#8243;][\/vc_column][\/vc_row][vc_row full_width=&#8221;stretch_row&#8221; css=&#8221;.vc_custom_1530265262962{background-color: #bfbfbf !important;}&#8221;][vc_column css=&#8221;.vc_custom_1530265295383{margin-top: 20px !important;}&#8221;][vc_gallery type=&#8221;image_grid&#8221; images=&#8221;2081,2080,2079,2078,2077,2076,2075,2074,2073,2072,2071,2069,2067,2066&#8243;][vc_empty_space][\/vc_column][\/vc_row][vc_row full_width=&#8221;stretch_row&#8221; el_id=&#8221;diametal&#8221;][vc_column width=&#8221;2\/3&#8243;][vc_column_text]<strong><img loading=\"lazy\" decoding=\"async\" class=\"alignnone size-medium wp-image-2350\" src=\"https:\/\/www.novoutils.com\/es\/wp-content\/uploads\/sites\/3\/2019\/12\/01.PRINT_Layout-GROUP-POS@4x-8-300x141.png\" alt=\"\" width=\"300\" height=\"141\" srcset=\"https:\/\/www.novoutils.com\/es\/wp-content\/uploads\/sites\/3\/2019\/12\/01.PRINT_Layout-GROUP-POS@4x-8-300x141.png 300w, https:\/\/www.novoutils.com\/es\/wp-content\/uploads\/sites\/3\/2019\/12\/01.PRINT_Layout-GROUP-POS@4x-8.png 725w\" sizes=\"(max-width: 300px) 100vw, 300px\" \/><\/strong><\/p>\n<p><strong>Distribuidor en los departamentos de\u00a0 la Savoie, de la Haute Savoie, del Doubs y del Jura<\/strong>\u00a0de la marca suiza\u00a0<strong>Diametal<\/strong>,\u00a0 les ofrecemos herramientas de gran precisi\u00f3n\u00a0:<\/p>\n<ul>\n<li><strong>Herramientas para torneado de precisi\u00f3n<\/strong><\/li>\n<li><strong>Herramientas de torneado en diamante<\/strong><\/li>\n<li><strong>Portaplaquitas de precisi\u00f3n<\/strong><\/li>\n<li><strong>Plaquitas de corte <\/strong>\u00a0(torneado, tronzado\u2026)<\/li>\n<li><strong>Plaquitas de roscar<\/strong><\/li>\n<li><strong>Plaquitas con inserto diamante <\/strong><\/li>\n<li><strong>Barra de mandrinar<\/strong><\/li>\n<li><strong>Herramientas de tronzado<\/strong><\/li>\n<\/ul>\n<p>&nbsp;<\/p>\n<p>Nuestro equipo de t\u00e9cnicos comerciales est\u00e1 a su disposici\u00f3n. Puede llamarnos al +33 4 50 98 80 66.[\/vc_column_text][\/vc_column][vc_column width=&#8221;1\/3&#8243;][vc_empty_space][vc_btn title=&#8221;Acceda a los cat\u00e1logos DIAMETAL&#8221; color=&#8221;sky&#8221; align=&#8221;center&#8221; i_icon_fontawesome=&#8221;fa fa-file-pdf-o&#8221; add_icon=&#8221;true&#8221; link=&#8221;url:https%3A%2F%2Fwww.novoutils.com%2Fes%2Fcatalogos-diametal.html|title:Acc%C3%A9der%20aux%20catalogues%20Dieterle||&#8221;][\/vc_column][\/vc_row][vc_row full_width=&#8221;stretch_row&#8221;][vc_column css=&#8221;.vc_custom_1498225157895{margin-top: 20px !important;}&#8221;][vc_empty_space height=&#8221;20px&#8221;][vc_gallery type=&#8221;image_grid&#8221; images=&#8221;2218,2233,2232,2231,2230,2229,2228,2227,2226,2225,2224,2223,2222,2221,2220&#8243;][vc_empty_space][\/vc_column][\/vc_row][vc_row full_width=&#8221;stretch_row&#8221; css=&#8221;.vc_custom_1681379715740{background-color: #bfbfbf !important;}&#8221; el_id=&#8221;dieterle&#8221;][vc_column width=&#8221;2\/3&#8243; css=&#8221;.vc_custom_1498225157895{margin-top: 20px !important;}&#8221;][vc_column_text]<strong><img loading=\"lazy\" decoding=\"async\" class=\"size-thumbnail wp-image-1927 alignleft\" src=\"https:\/\/www.novoutils.com\/es\/wp-content\/uploads\/sites\/3\/2018\/01\/herramientas-torneado-fresado-mecanizado-dieterle-150x85.png\" alt=\"herramientas torneado fresado mecanizado Dieterle\" width=\"150\" height=\"85\" \/><\/strong><\/p>\n<p>&nbsp;<\/p>\n<p>&nbsp;<\/p>\n<p>&nbsp;<\/p>\n<p><strong>Les proponemos una amplia gama de soluciones en respuesta a sus necesidades en<\/strong><strong> torneado, fresado, mecanizado exterior e interior, perfilado, tronzonado\u00a0:<\/strong><\/p>\n<ul>\n<li>Plaquitas y portaplaquitas<\/li>\n<li>Fresas para fresado por torbellino, fresas para ranuras en T, fresas para poligonado<\/li>\n<li>Sistemas de perfilado en plong\u00e9<\/li>\n<li>\u201cBurins\u201d de decoletaje<\/li>\n<\/ul>\n<p><strong>\u00a0<\/strong>[\/vc_column_text][\/vc_column][vc_column width=&#8221;1\/3&#8243;][vc_empty_space][vc_btn title=&#8221;Acceda a los cat\u00e1logos Dieterle&#8221; color=&#8221;sky&#8221; align=&#8221;center&#8221; i_icon_fontawesome=&#8221;fa fa-file-pdf-o&#8221; add_icon=&#8221;true&#8221; link=&#8221;url:https%3A%2F%2Fwww.novoutils.com%2Fes%2Flista-de-los-catalogos-dieterle.html|title:Acc%C3%A9der%20aux%20catalogues%20Dieterle||&#8221;][\/vc_column][\/vc_row][vc_row full_width=&#8221;stretch_row&#8221; css=&#8221;.vc_custom_1564581241744{background-color: #bfbfbf !important;}&#8221;][vc_column][vc_empty_space][vc_gallery type=&#8221;image_grid&#8221; images=&#8221;1793,1792,1791,1790,1789,1788,1787,1786,2011,2012,2013,2014,2015,2016,2017,2018,2019,2020&#8243;][\/vc_column][\/vc_row][vc_row full_width=&#8221;stretch_row&#8221; css=&#8221;.vc_custom_1681379725409{padding-top: 20px !important;}&#8221; el_id=&#8221;zeus&#8221;][vc_column][vc_column_text]<\/p>\n<h2><strong><img loading=\"lazy\" decoding=\"async\" class=\"size-thumbnail wp-image-1928 alignleft\" src=\"https:\/\/www.novoutils.com\/es\/wp-content\/uploads\/sites\/3\/2018\/01\/rodillo-corte-deformacion-150x148.jpg\" alt=\"RODILLOS DE CORTE Y RODILLOS DE DEFORMACI\u00d3N\" width=\"150\" height=\"148\" srcset=\"https:\/\/www.novoutils.com\/es\/wp-content\/uploads\/sites\/3\/2018\/01\/rodillo-corte-deformacion.jpg 150w, https:\/\/www.novoutils.com\/es\/wp-content\/uploads\/sites\/3\/2018\/01\/rodillo-corte-deformacion-74x74.jpg 74w\" sizes=\"(max-width: 150px) 100vw, 150px\" \/>RODILLOS DE CORTE Y RODILLOS DE DEFORMACI\u00d3N<\/strong><\/h2>\n<p>Les proponemos una amplia gama de productos para el moleteado por corte y moleteado por deformaci\u00f3n (moletas para moleteado por\u00a0deformaci\u00f3n con chafl\u00e1n , moletas con puntas entrantes). Las moletas pueden ser est\u00e1ndares o especiales (materia, perfil, dimensi\u00f3n, paso)[\/vc_column_text][vc_empty_space][vc_btn title=&#8221;Descargue el cat\u00e1logo Zeus&#8221; color=&#8221;sky&#8221; align=&#8221;center&#8221; i_icon_fontawesome=&#8221;fa fa-file-pdf-o&#8221; add_icon=&#8221;true&#8221; link=&#8221;url:http%3A%2F%2Fwww.novoutils.com%2Fwp-content%2Fuploads%2Fsites%2F3%2F2017%2F12%2FZeus-moletas-corte-deformacion-catalogo-ES.pdf||target:%20_blank|&#8221;][\/vc_column][\/vc_row][vc_row full_width=&#8221;stretch_row&#8221; content_placement=&#8221;middle&#8221;][vc_column width=&#8221;1\/2&#8243;][vc_gallery type=&#8221;image_grid&#8221; images=&#8221;1801,1800,1799,1798,1797,1796&#8243; img_size=&#8221;180&#215;154&#8243;][\/vc_column][vc_column width=&#8221;1\/2&#8243;][vc_gallery type=&#8221;image_grid&#8221; images=&#8221;1807,1805,1806,1804,1803,1802&#8243; img_size=&#8221;180&#215;154&#8243;][\/vc_column][\/vc_row][vc_row][vc_column][vc_empty_space height=&#8221;20px&#8221;][\/vc_column][\/vc_row][vc_row][vc_column width=&#8221;1\/4&#8243;][vc_column_text][\/vc_column_text][\/vc_column][vc_column width=&#8221;1\/2&#8243;][vc_cta h2=&#8221;CONT\u00c1CTENOS&#8221; add_button=&#8221;right&#8221; btn_title=&#8221;Contacto&#8221; btn_i_icon_fontawesome=&#8221;fa fa-envelope&#8221; btn_add_icon=&#8221;true&#8221; btn_link=&#8221;url:https%3A%2F%2Fwww.novoutils.com%2Fes%2Fcontact.html|||&#8221; css=&#8221;.vc_custom_1517930790282{background-color: #3498db !important;}&#8221;]Solicite su presupuesto para herramientas est\u00e1ndares[\/vc_cta][\/vc_column][vc_column width=&#8221;1\/4&#8243;][\/vc_column][\/vc_row][vc_row full_width=&#8221;stretch_row&#8221; css=&#8221;.vc_custom_1561971610677{background-color: #ffffff !important;}&#8221;][vc_column][\/vc_column][\/vc_row]<\/p>\n<\/div>","protected":false},"excerpt":{"rendered":"<p>[vc_row][vc_column][vc_column_text] DISTRIBUCI\u00d3N DE HERRAMIENTAS DE CORTE Nuestros partners\u00a0:[\/vc_column_text][vc_row_inner el_id=&#8221;kennametal&#8221;][vc_column_inner width=&#8221;2\/3&#8243;][vc_column_text] Avalados por nuestra experiencia en herramientas de corte (herramientas giratorias y herramientas est\u00e1ticas) y en colaboraci\u00f3n con KENNAMETAL, proponemos, seg\u00fan sus condiciones de mecanizado, herramientas adaptadas a sus necesidades en torneado, fresado, ranurado, tronzonado etc\u2026: Portaherramientas Plaquitas Brocas (metal duro, con refrigeraci\u00f3n, brocas modulares, brocas [&hellip;]<\/p>\n","protected":false},"author":1,"featured_media":0,"parent":0,"menu_order":0,"comment_status":"closed","ping_status":"closed","template":"","meta":{"_monsterinsights_skip_tracking":false,"_monsterinsights_sitenote_active":false,"_monsterinsights_sitenote_note":"","_monsterinsights_sitenote_category":0,"footnotes":""},"yoast_head":"<!-- This site is optimized with the Yoast SEO plugin v23.5 - https:\/\/yoast.com\/wordpress\/plugins\/seo\/ -->\n<title>Herramienta de corte est\u00e1ndar, portaherramientas, inserto, broca, escariador, fresas, distribuidor Kennametal, Diestrele, Zeus<\/title>\n<meta name=\"description\" content=\"Novoutils fabrica y distribuye herramientas de corte est\u00e1ndar. Cont\u00e1ctanos para encontrar el tuyo.\" \/>\n<meta name=\"robots\" content=\"index, follow, max-snippet:-1, max-image-preview:large, max-video-preview:-1\" \/>\n<link rel=\"canonical\" href=\"https:\/\/www.novoutils.com\/es\/herramientas-corte-estandares.html\" \/>\n<meta property=\"og:locale\" content=\"es_ES\" \/>\n<meta property=\"og:type\" content=\"article\" \/>\n<meta property=\"og:title\" content=\"Herramienta de corte est\u00e1ndar, portaherramientas, inserto, broca, escariador, fresas, distribuidor Kennametal, Diestrele, Zeus\" \/>\n<meta property=\"og:description\" content=\"Novoutils fabrica y distribuye herramientas de corte est\u00e1ndar. Cont\u00e1ctanos para encontrar el tuyo.\" \/>\n<meta property=\"og:url\" content=\"https:\/\/www.novoutils.com\/es\/herramientas-corte-estandares.html\" \/>\n<meta property=\"og:site_name\" content=\"Novoutils\" \/>\n<meta property=\"article:modified_time\" content=\"2023-11-24T14:25:28+00:00\" \/>\n<meta property=\"og:image\" content=\"https:\/\/www.novoutils.com\/es\/wp-content\/uploads\/sites\/3\/2018\/01\/herramientas-de-corte-kennametal.png\" \/>\n<meta name=\"twitter:card\" content=\"summary_large_image\" \/>\n<meta name=\"twitter:label1\" content=\"Est. reading time\" \/>\n\t<meta name=\"twitter:data1\" content=\"4 minutes\" \/>\n<script type=\"application\/ld+json\" class=\"yoast-schema-graph\">{\"@context\":\"https:\/\/schema.org\",\"@graph\":[{\"@type\":\"WebPage\",\"@id\":\"https:\/\/www.novoutils.com\/es\/herramientas-corte-estandares.html\",\"url\":\"https:\/\/www.novoutils.com\/es\/herramientas-corte-estandares.html\",\"name\":\"Herramienta de corte est\u00e1ndar, portaherramientas, inserto, broca, escariador, fresas, distribuidor Kennametal, Diestrele, Zeus\",\"isPartOf\":{\"@id\":\"https:\/\/www.novoutils.com\/es\/#website\"},\"primaryImageOfPage\":{\"@id\":\"https:\/\/www.novoutils.com\/es\/herramientas-corte-estandares.html#primaryimage\"},\"image\":{\"@id\":\"https:\/\/www.novoutils.com\/es\/herramientas-corte-estandares.html#primaryimage\"},\"thumbnailUrl\":\"https:\/\/www.novoutils.com\/es\/wp-content\/uploads\/sites\/3\/2018\/01\/herramientas-de-corte-kennametal.png\",\"datePublished\":\"2017-04-28T07:54:11+00:00\",\"dateModified\":\"2023-11-24T14:25:28+00:00\",\"description\":\"Novoutils fabrica y distribuye herramientas de corte est\u00e1ndar. Cont\u00e1ctanos para encontrar el tuyo.\",\"breadcrumb\":{\"@id\":\"https:\/\/www.novoutils.com\/es\/herramientas-corte-estandares.html#breadcrumb\"},\"inLanguage\":\"es-ES\",\"potentialAction\":[{\"@type\":\"ReadAction\",\"target\":[\"https:\/\/www.novoutils.com\/es\/herramientas-corte-estandares.html\"]}]},{\"@type\":\"ImageObject\",\"inLanguage\":\"es-ES\",\"@id\":\"https:\/\/www.novoutils.com\/es\/herramientas-corte-estandares.html#primaryimage\",\"url\":\"https:\/\/www.novoutils.com\/es\/wp-content\/uploads\/sites\/3\/2018\/01\/herramientas-de-corte-kennametal.png\",\"contentUrl\":\"https:\/\/www.novoutils.com\/es\/wp-content\/uploads\/sites\/3\/2018\/01\/herramientas-de-corte-kennametal.png\",\"width\":300,\"height\":56,\"caption\":\"herramientas de corte Kennametal\"},{\"@type\":\"BreadcrumbList\",\"@id\":\"https:\/\/www.novoutils.com\/es\/herramientas-corte-estandares.html#breadcrumb\",\"itemListElement\":[{\"@type\":\"ListItem\",\"position\":1,\"name\":\"Accueil\",\"item\":\"https:\/\/www.novoutils.com\/es\/\"},{\"@type\":\"ListItem\",\"position\":2,\"name\":\"DISTRIBUCI\u00d3N DE HERRAMIENTAS DE CORTE EST\u00c1NDARES\"}]},{\"@type\":\"WebSite\",\"@id\":\"https:\/\/www.novoutils.com\/es\/#website\",\"url\":\"https:\/\/www.novoutils.com\/es\/\",\"name\":\"Novoutils\",\"description\":\"Ademva Carburab\",\"potentialAction\":[{\"@type\":\"SearchAction\",\"target\":{\"@type\":\"EntryPoint\",\"urlTemplate\":\"https:\/\/www.novoutils.com\/es\/?s={search_term_string}\"},\"query-input\":{\"@type\":\"PropertyValueSpecification\",\"valueRequired\":true,\"valueName\":\"search_term_string\"}}],\"inLanguage\":\"es-ES\"}]}<\/script>\n<!-- \/ Yoast SEO plugin. -->","yoast_head_json":{"title":"Herramienta de corte est\u00e1ndar, portaherramientas, inserto, broca, escariador, fresas, distribuidor Kennametal, Diestrele, Zeus","description":"Novoutils fabrica y distribuye herramientas de corte est\u00e1ndar. Cont\u00e1ctanos para encontrar el tuyo.","robots":{"index":"index","follow":"follow","max-snippet":"max-snippet:-1","max-image-preview":"max-image-preview:large","max-video-preview":"max-video-preview:-1"},"canonical":"https:\/\/www.novoutils.com\/es\/herramientas-corte-estandares.html","og_locale":"es_ES","og_type":"article","og_title":"Herramienta de corte est\u00e1ndar, portaherramientas, inserto, broca, escariador, fresas, distribuidor Kennametal, Diestrele, Zeus","og_description":"Novoutils fabrica y distribuye herramientas de corte est\u00e1ndar. Cont\u00e1ctanos para encontrar el tuyo.","og_url":"https:\/\/www.novoutils.com\/es\/herramientas-corte-estandares.html","og_site_name":"Novoutils","article_modified_time":"2023-11-24T14:25:28+00:00","og_image":[{"url":"https:\/\/www.novoutils.com\/es\/wp-content\/uploads\/sites\/3\/2018\/01\/herramientas-de-corte-kennametal.png"}],"twitter_card":"summary_large_image","twitter_misc":{"Est. reading time":"4 minutes"},"schema":{"@context":"https:\/\/schema.org","@graph":[{"@type":"WebPage","@id":"https:\/\/www.novoutils.com\/es\/herramientas-corte-estandares.html","url":"https:\/\/www.novoutils.com\/es\/herramientas-corte-estandares.html","name":"Herramienta de corte est\u00e1ndar, portaherramientas, inserto, broca, escariador, fresas, distribuidor Kennametal, Diestrele, Zeus","isPartOf":{"@id":"https:\/\/www.novoutils.com\/es\/#website"},"primaryImageOfPage":{"@id":"https:\/\/www.novoutils.com\/es\/herramientas-corte-estandares.html#primaryimage"},"image":{"@id":"https:\/\/www.novoutils.com\/es\/herramientas-corte-estandares.html#primaryimage"},"thumbnailUrl":"https:\/\/www.novoutils.com\/es\/wp-content\/uploads\/sites\/3\/2018\/01\/herramientas-de-corte-kennametal.png","datePublished":"2017-04-28T07:54:11+00:00","dateModified":"2023-11-24T14:25:28+00:00","description":"Novoutils fabrica y distribuye herramientas de corte est\u00e1ndar. Cont\u00e1ctanos para encontrar el tuyo.","breadcrumb":{"@id":"https:\/\/www.novoutils.com\/es\/herramientas-corte-estandares.html#breadcrumb"},"inLanguage":"es-ES","potentialAction":[{"@type":"ReadAction","target":["https:\/\/www.novoutils.com\/es\/herramientas-corte-estandares.html"]}]},{"@type":"ImageObject","inLanguage":"es-ES","@id":"https:\/\/www.novoutils.com\/es\/herramientas-corte-estandares.html#primaryimage","url":"https:\/\/www.novoutils.com\/es\/wp-content\/uploads\/sites\/3\/2018\/01\/herramientas-de-corte-kennametal.png","contentUrl":"https:\/\/www.novoutils.com\/es\/wp-content\/uploads\/sites\/3\/2018\/01\/herramientas-de-corte-kennametal.png","width":300,"height":56,"caption":"herramientas de corte Kennametal"},{"@type":"BreadcrumbList","@id":"https:\/\/www.novoutils.com\/es\/herramientas-corte-estandares.html#breadcrumb","itemListElement":[{"@type":"ListItem","position":1,"name":"Accueil","item":"https:\/\/www.novoutils.com\/es\/"},{"@type":"ListItem","position":2,"name":"DISTRIBUCI\u00d3N DE HERRAMIENTAS DE CORTE EST\u00c1NDARES"}]},{"@type":"WebSite","@id":"https:\/\/www.novoutils.com\/es\/#website","url":"https:\/\/www.novoutils.com\/es\/","name":"Novoutils","description":"Ademva Carburab","potentialAction":[{"@type":"SearchAction","target":{"@type":"EntryPoint","urlTemplate":"https:\/\/www.novoutils.com\/es\/?s={search_term_string}"},"query-input":{"@type":"PropertyValueSpecification","valueRequired":true,"valueName":"search_term_string"}}],"inLanguage":"es-ES"}]}},"_links":{"self":[{"href":"https:\/\/www.novoutils.com\/es\/wp-json\/wp\/v2\/pages\/827"}],"collection":[{"href":"https:\/\/www.novoutils.com\/es\/wp-json\/wp\/v2\/pages"}],"about":[{"href":"https:\/\/www.novoutils.com\/es\/wp-json\/wp\/v2\/types\/page"}],"author":[{"embeddable":true,"href":"https:\/\/www.novoutils.com\/es\/wp-json\/wp\/v2\/users\/1"}],"replies":[{"embeddable":true,"href":"https:\/\/www.novoutils.com\/es\/wp-json\/wp\/v2\/comments?post=827"}],"version-history":[{"count":29,"href":"https:\/\/www.novoutils.com\/es\/wp-json\/wp\/v2\/pages\/827\/revisions"}],"predecessor-version":[{"id":2909,"href":"https:\/\/www.novoutils.com\/es\/wp-json\/wp\/v2\/pages\/827\/revisions\/2909"}],"wp:attachment":[{"href":"https:\/\/www.novoutils.com\/es\/wp-json\/wp\/v2\/media?parent=827"}],"curies":[{"name":"wp","href":"https:\/\/api.w.org\/{rel}","templated":true}]}}