{"id":784,"date":"2017-04-19T10:48:54","date_gmt":"2017-04-19T08:48:54","guid":{"rendered":"https:\/\/www.novoutils.com\/?page_id=784"},"modified":"2023-05-30T16:29:35","modified_gmt":"2023-05-30T14:29:35","slug":"mentions-legales","status":"publish","type":"page","link":"https:\/\/www.novoutils.com\/es\/mentions-legales.html","title":{"rendered":"Mentions l\u00e9gales"},"content":{"rendered":"<div class=\"wpb-content-wrapper\"><p>[vc_row][vc_column][vc_column_text]<\/p>\n<article id=\"post-19569\" class=\"post-19569 page type-page status-publish hentry\">\n<div class=\"entry-content clearfix\">\n<h2>Editeur du site<\/h2>\n<p>Le site www.novoutils.fr est la propri\u00e9t\u00e9 de la soci\u00e9t\u00e9 <strong>NOVOUTILS<\/strong><span id=\"calm\">. <\/span><\/p>\n<p>Siret : 38366804300037<\/p>\n<p>Code APE : Fabrication d&#8217;autres outillages (2573B)<\/p>\n<p>Directeur de la publication : Alain BIELER, pr\u00e9sident de l&#8217;entreprise NOVOUTILS.<\/p>\n<p>&nbsp;<\/p>\n<h2>CONTACT<\/h2>\n<p><strong>NOVOUTILS<\/strong><br \/>\nSi\u00e8ge : 400 Avenue des Bouleaux<br \/>\n74300 THYEZ<br \/>\nT\u00e9l\u00e9phone : 04 50 98 80 66<br \/>\nEmail : <a href=\"mailto:in**@*******ls.com\" data-original-string=\"SrHZtQA+Ml+\/NFyDsXB7JA==16dtgJ2rbRTrf\/sa5vU57+r7riNu\/nKMFKFVQf5rRGGVi8=\" title=\"This contact has been encoded by Anti-Spam by CleanTalk. Click to decode. To finish the decoding make sure that JavaScript is enabled in your browser.\"><span \n                data-original-string='N2Bd3kreno9od3XLeDD55w==16dGIYHESsoHY7jqLgVMZjclp11U+eSxVGEnWXhUrLqZe8='\n                class='apbct-email-encoder'\n                title='This contact has been encoded by Anti-Spam by CleanTalk. Click to decode. To finish the decoding make sure that JavaScript is enabled in your browser.'>in<span class=\"apbct-blur\">**<\/span>@<span class=\"apbct-blur\">*******<\/span>ls.com<\/span><\/a><\/p>\n<h2>H\u00e9bergement du site<\/h2>\n<p>Soci\u00e9t\u00e9 : OVH<\/p>\n<p>Adresse : 2 rue Kellermann \u2013 59100 Roubaix \u2013 France<\/p>\n<h2>Conception du site<\/h2>\n<p>Soci\u00e9t\u00e9 : <a title=\"D2b Consulting\" href=\"http:\/\/www.d2bconsulting.fr\/\" target=\"_blank\" rel=\"noopener\">D2b Consulting<\/a>, <a href=\"http:\/\/www.d2bconsulting.fr\/strategie-commerciale\/\" target=\"_blank\" rel=\"noopener\">conseil en strat\u00e9gie commerciale<\/a> et <a href=\"http:\/\/www.d2bconsulting.fr\/referencement-naturel-site-internet\/\" target=\"_blank\" rel=\"noopener\">r\u00e9f\u00e9rencement naturel<\/a><\/p>\n<p>Adresse : 15, rue des Fr\u00e8res Lumi\u00e8re \u2013 69800 Chassieu.<\/p>\n<p>&nbsp;<\/p>\n<h2>Dispositions l\u00e9gales<\/h2>\n<p>Les informations diffus\u00e9es sur ce site et plus largement sur les noms de domaine propri\u00e9t\u00e9 de NOVOUTILS sont fournies \u00e0 titre purement informatif. NOVOUTILS compile et produit ces contenus \u00e0 partir de diff\u00e9rentes sources concordantes. NOVOUTILS ne saurait \u00eatre tenu responsable de la v\u00e9racit\u00e9 et de la pertinence des contenus ni de l\u2019utilisation et de l\u2019exploitation que l\u2019utilisateur du site pourrait en faire.<\/p>\n<p>Toute reproduction, modification, publication, copie, totale ou partielle du contenu pr\u00e9sent\u00e9 sur les domaines de NOVOUTILS, par quelque proc\u00e9d\u00e9 que ce soit et quelque soit le support est interdite.<\/p>\n<h2>Exclusion de garantie<\/h2>\n<p>NOVOUTILS s\u2019efforce d\u2019assurer au mieux l\u2019exactitude et la mise \u00e0 jour du contenu du site. N\u00e9anmoins, NOVOUTILS d\u00e9cline toute responsabilit\u00e9 en ce qui concerne les informations qui peuvent \u00eatre consult\u00e9es sur ou \u00e0 partir du site, en particulier le contenu, son exhaustivit\u00e9, son exactitude ou sa fiabilit\u00e9. NOVOUTILS ne donne aucune garantie quelle qu\u2019elle soit, expresse ou implicite, notamment quant \u00e0 l\u2019absence d\u2019interruption ou d\u2019erreur du service ou aux performances ou r\u00e9sultats d\u00e9coulant de l\u2019utilisation du site. Les informations contenues sur le site peuvent \u00eatre modifi\u00e9es \u00e0 tout moment. NOVOUTILS ne peut pas garantir que les informations sont compl\u00e8tes, v\u00e9ridiques ou actuelles.<\/p>\n<h2>Exclusion de responsabilit\u00e9<\/h2>\n<p>NOVOUTILS ne pourra \u00eatre tenus responsables \u00e0 votre encontre ou \u00e0 l\u2019encontre de tout tiers pour tous dommages directs, indirects ou cons\u00e9cutifs d\u00e9coulant de l\u2019utilisation des informations et mat\u00e9riels contenus sur le site ou d\u2019autres contenus auxquels vous pourriez avoir acc\u00e8s par le biais de liens \u00e0 partir du site.<\/p>\n<p>Les sites reli\u00e9s directement ou indirectement ne sont pas sous le contr\u00f4le de NOVOUTILS. En cons\u00e9quence, NOVOUTILS n\u2019assume aucune responsabilit\u00e9 quant aux informations publi\u00e9es sur ces sites. Les liens avec des sites ext\u00e9rieurs ne sont fournis qu\u2019\u00e0 titre de commodit\u00e9 et n\u2019impliquent aucune caution quant \u00e0 leur contenu.<\/p>\n<h2>Protection de la vie priv\u00e9e<\/h2>\n<p>Les donn\u00e9es personnelles collect\u00e9es sont uniquement destin\u00e9es \u00e0 un usage interne. En aucun cas ces donn\u00e9es ne seront c\u00e9d\u00e9es ou vendues \u00e0 des tiers. Conform\u00e9ment \u00e0 la l\u00e9gislation fran\u00e7aise, vous disposez d\u2019un droit d\u2019acc\u00e8s, de modification, de rectification et de suppression des donn\u00e9es qui vous concernent. Pour toute demande, vous pouvez <a href=\"http:\/\/novoutils.fr\/contact.html\">nous contacter<\/a>.<\/p>\n<h2>Liens depuis et vers ce contenu<\/h2>\n<p>Les contenus des domaines de NOVOUTILS peuvent inclure des liens vers d\u2019autres sites ou d\u2019autres contenus internet, non propri\u00e9t\u00e9 de la NOVOUTILS. En cons\u00e9quence, NOVOUTILS ne saurait \u00eatre tenu responsable de ces contenus et du fonctionnement de ces sites (cookies, collecte de donn\u00e9es personnelles, \u2026).<\/p>\n<p>Il est possible de cr\u00e9er des liens vers les contenus compil\u00e9s ou produits par NOVOUTILS. Pour optimiser ces liens au b\u00e9n\u00e9fice des 2 sites, NOVOUTILS pourra \u00eatre amen\u00e9 \u00e0 demander une modification dans la r\u00e9alisation du lien (mots cl\u00e9s, URL, \u2026).<\/p>\n<h2>Copyright<\/h2>\n<p>Tous droits de reproduction et de diffusion r\u00e9serv\u00e9s. \u00a9 NOVOUTILS 2017.<\/p>\n<\/div>\n<\/article>\n<p>[\/vc_column_text][\/vc_column][\/vc_row]<\/p>\n<\/div>","protected":false},"excerpt":{"rendered":"<p>[vc_row][vc_column][vc_column_text] Editeur du site Le site www.novoutils.fr est la propri\u00e9t\u00e9 de la soci\u00e9t\u00e9 NOVOUTILS. Siret : 38366804300037 Code APE : Fabrication d&#8217;autres outillages (2573B) Directeur de la publication : Alain BIELER, pr\u00e9sident de l&#8217;entreprise NOVOUTILS. &nbsp; CONTACT NOVOUTILS Si\u00e8ge : 400 Avenue des Bouleaux 74300 THYEZ T\u00e9l\u00e9phone : 04 50 98 80 66 Email : [&hellip;]<\/p>\n","protected":false},"author":1,"featured_media":0,"parent":0,"menu_order":0,"comment_status":"closed","ping_status":"closed","template":"","meta":{"_monsterinsights_skip_tracking":false,"_monsterinsights_sitenote_active":false,"_monsterinsights_sitenote_note":"","_monsterinsights_sitenote_category":0,"footnotes":""},"yoast_head":"<!-- This site is optimized with the Yoast SEO plugin v23.5 - https:\/\/yoast.com\/wordpress\/plugins\/seo\/ -->\n<title>Fabricant outil coupant, outil de d\u00e9formation, mesure de force, aff\u00fbtage, usinage pr\u00e9cision, mentions l\u00e9gales<\/title>\n<meta name=\"description\" content=\"Parcourez les mentions l\u00e9gales d&#039;utilisation du site Novoutils, fabricant d&#039;outils pour le d\u00e9colletage, l&#039;usinage et aff\u00fbteur.\" \/>\n<meta name=\"robots\" content=\"noindex, follow\" \/>\n<meta property=\"og:locale\" content=\"es_ES\" \/>\n<meta property=\"og:type\" content=\"article\" \/>\n<meta property=\"og:title\" content=\"Fabricant outil coupant, outil de d\u00e9formation, mesure de force, aff\u00fbtage, usinage pr\u00e9cision, mentions l\u00e9gales\" \/>\n<meta property=\"og:description\" content=\"Parcourez les mentions l\u00e9gales d&#039;utilisation du site Novoutils, fabricant d&#039;outils pour le d\u00e9colletage, l&#039;usinage et aff\u00fbteur.\" \/>\n<meta property=\"og:url\" content=\"https:\/\/www.novoutils.com\/es\/mentions-legales.html\" \/>\n<meta property=\"og:site_name\" content=\"Novoutils\" \/>\n<meta property=\"article:modified_time\" content=\"2023-05-30T14:29:35+00:00\" \/>\n<meta name=\"twitter:card\" content=\"summary_large_image\" \/>\n<meta name=\"twitter:label1\" content=\"Est. reading time\" \/>\n\t<meta name=\"twitter:data1\" content=\"3 minutes\" \/>\n<script type=\"application\/ld+json\" class=\"yoast-schema-graph\">{\"@context\":\"https:\/\/schema.org\",\"@graph\":[{\"@type\":\"WebPage\",\"@id\":\"https:\/\/www.novoutils.com\/es\/mentions-legales.html\",\"url\":\"https:\/\/www.novoutils.com\/es\/mentions-legales.html\",\"name\":\"Fabricant outil coupant, outil de d\u00e9formation, mesure de force, aff\u00fbtage, usinage pr\u00e9cision, mentions l\u00e9gales\",\"isPartOf\":{\"@id\":\"https:\/\/www.novoutils.com\/es\/#website\"},\"datePublished\":\"2017-04-19T08:48:54+00:00\",\"dateModified\":\"2023-05-30T14:29:35+00:00\",\"description\":\"Parcourez les mentions l\u00e9gales d'utilisation du site Novoutils, fabricant d'outils pour le d\u00e9colletage, l'usinage et aff\u00fbteur.\",\"breadcrumb\":{\"@id\":\"https:\/\/www.novoutils.com\/es\/mentions-legales.html#breadcrumb\"},\"inLanguage\":\"es-ES\",\"potentialAction\":[{\"@type\":\"ReadAction\",\"target\":[\"https:\/\/www.novoutils.com\/es\/mentions-legales.html\"]}]},{\"@type\":\"BreadcrumbList\",\"@id\":\"https:\/\/www.novoutils.com\/es\/mentions-legales.html#breadcrumb\",\"itemListElement\":[{\"@type\":\"ListItem\",\"position\":1,\"name\":\"Accueil\",\"item\":\"https:\/\/www.novoutils.com\/es\/\"},{\"@type\":\"ListItem\",\"position\":2,\"name\":\"Mentions l\u00e9gales\"}]},{\"@type\":\"WebSite\",\"@id\":\"https:\/\/www.novoutils.com\/es\/#website\",\"url\":\"https:\/\/www.novoutils.com\/es\/\",\"name\":\"Novoutils\",\"description\":\"Ademva Carburab\",\"potentialAction\":[{\"@type\":\"SearchAction\",\"target\":{\"@type\":\"EntryPoint\",\"urlTemplate\":\"https:\/\/www.novoutils.com\/es\/?s={search_term_string}\"},\"query-input\":{\"@type\":\"PropertyValueSpecification\",\"valueRequired\":true,\"valueName\":\"search_term_string\"}}],\"inLanguage\":\"es-ES\"}]}<\/script>\n<!-- \/ Yoast SEO plugin. -->","yoast_head_json":{"title":"Fabricant outil coupant, outil de d\u00e9formation, mesure de force, aff\u00fbtage, usinage pr\u00e9cision, mentions l\u00e9gales","description":"Parcourez les mentions l\u00e9gales d'utilisation du site Novoutils, fabricant d'outils pour le d\u00e9colletage, l'usinage et aff\u00fbteur.","robots":{"index":"noindex","follow":"follow"},"og_locale":"es_ES","og_type":"article","og_title":"Fabricant outil coupant, outil de d\u00e9formation, mesure de force, aff\u00fbtage, usinage pr\u00e9cision, mentions l\u00e9gales","og_description":"Parcourez les mentions l\u00e9gales d'utilisation du site Novoutils, fabricant d'outils pour le d\u00e9colletage, l'usinage et aff\u00fbteur.","og_url":"https:\/\/www.novoutils.com\/es\/mentions-legales.html","og_site_name":"Novoutils","article_modified_time":"2023-05-30T14:29:35+00:00","twitter_card":"summary_large_image","twitter_misc":{"Est. reading time":"3 minutes"},"schema":{"@context":"https:\/\/schema.org","@graph":[{"@type":"WebPage","@id":"https:\/\/www.novoutils.com\/es\/mentions-legales.html","url":"https:\/\/www.novoutils.com\/es\/mentions-legales.html","name":"Fabricant outil coupant, outil de d\u00e9formation, mesure de force, aff\u00fbtage, usinage pr\u00e9cision, mentions l\u00e9gales","isPartOf":{"@id":"https:\/\/www.novoutils.com\/es\/#website"},"datePublished":"2017-04-19T08:48:54+00:00","dateModified":"2023-05-30T14:29:35+00:00","description":"Parcourez les mentions l\u00e9gales d'utilisation du site Novoutils, fabricant d'outils pour le d\u00e9colletage, l'usinage et aff\u00fbteur.","breadcrumb":{"@id":"https:\/\/www.novoutils.com\/es\/mentions-legales.html#breadcrumb"},"inLanguage":"es-ES","potentialAction":[{"@type":"ReadAction","target":["https:\/\/www.novoutils.com\/es\/mentions-legales.html"]}]},{"@type":"BreadcrumbList","@id":"https:\/\/www.novoutils.com\/es\/mentions-legales.html#breadcrumb","itemListElement":[{"@type":"ListItem","position":1,"name":"Accueil","item":"https:\/\/www.novoutils.com\/es\/"},{"@type":"ListItem","position":2,"name":"Mentions l\u00e9gales"}]},{"@type":"WebSite","@id":"https:\/\/www.novoutils.com\/es\/#website","url":"https:\/\/www.novoutils.com\/es\/","name":"Novoutils","description":"Ademva Carburab","potentialAction":[{"@type":"SearchAction","target":{"@type":"EntryPoint","urlTemplate":"https:\/\/www.novoutils.com\/es\/?s={search_term_string}"},"query-input":{"@type":"PropertyValueSpecification","valueRequired":true,"valueName":"search_term_string"}}],"inLanguage":"es-ES"}]}},"_links":{"self":[{"href":"https:\/\/www.novoutils.com\/es\/wp-json\/wp\/v2\/pages\/784"}],"collection":[{"href":"https:\/\/www.novoutils.com\/es\/wp-json\/wp\/v2\/pages"}],"about":[{"href":"https:\/\/www.novoutils.com\/es\/wp-json\/wp\/v2\/types\/page"}],"author":[{"embeddable":true,"href":"https:\/\/www.novoutils.com\/es\/wp-json\/wp\/v2\/users\/1"}],"replies":[{"embeddable":true,"href":"https:\/\/www.novoutils.com\/es\/wp-json\/wp\/v2\/comments?post=784"}],"version-history":[{"count":2,"href":"https:\/\/www.novoutils.com\/es\/wp-json\/wp\/v2\/pages\/784\/revisions"}],"predecessor-version":[{"id":2846,"href":"https:\/\/www.novoutils.com\/es\/wp-json\/wp\/v2\/pages\/784\/revisions\/2846"}],"wp:attachment":[{"href":"https:\/\/www.novoutils.com\/es\/wp-json\/wp\/v2\/media?parent=784"}],"curies":[{"name":"wp","href":"https:\/\/api.w.org\/{rel}","templated":true}]}}