{"id":697,"date":"2017-04-18T16:36:19","date_gmt":"2017-04-18T14:36:19","guid":{"rendered":"https:\/\/www.novoutils.com\/?page_id=697"},"modified":"2024-03-19T09:43:44","modified_gmt":"2024-03-19T08:43:44","slug":"home","status":"publish","type":"page","link":"https:\/\/www.novoutils.com\/es\/","title":{"rendered":"HOME"},"content":{"rendered":"<div class=\"wpb-content-wrapper\"><p>[vc_row][vc_column][rev_slider_vc alias=&#8221;essai1&#8243;][\/vc_column][\/vc_row][vc_row][vc_column width=&#8221;1\/2&#8243;][vc_column_text]<\/p>\n<h2>\u00bfQUI\u00c9NES SOMOS?<\/h2>\n<p>Novoutils, alianza de 3 empresas del sector, ofrece una gama amplia y de calidad, de herramientas de corte y de deformaci\u00f3n.<\/p>\n<p><strong>Ademva<\/strong><\/p>\n<p>Fue creada en 1857 por el Grupo CARPANO para la fabricaci\u00f3n de herramientas de corte y herramientas de deformaci\u00f3n.<\/p>\n<p><strong>Carburab<\/strong><br \/>\nCreada en 1962, siendo el primer taller del Valle de l\u2019ARVE en fabricar herramientas soldadas conocidas con el nombre de \u201cburins de d\u00e9colletage\u201d.<\/p>\n<p><strong>Novoutils<\/strong><br \/>\nFue creada en 1963 destacando como 1<sup>er<\/sup> taller del Valle de l\u2019ARVE en fabricar herramientas de corte no est\u00e1ndares, interiores y exteriores.[\/vc_column_text][\/vc_column][vc_column width=&#8221;1\/2&#8243;][vc_column_text]<\/p>\n<h2>Actualidad<\/h2>\n<p>[\/vc_column_text][vc_empty_space][vc_separator][\/vc_column][\/vc_row][vc_row][vc_column][vc_raw_html]JTNDaWZyYW1lJTIwd2lkdGglM0QlMjIxMTcwJTIyJTIwaGVpZ2h0JTNEJTIyNjU4JTIyJTIwc3JjJTNEJTIyaHR0cHMlM0ElMkYlMkZ3d3cueW91dHViZS5jb20lMkZlbWJlZCUyRmVRWkIyaFh0aWJzJTNGcmVsJTNEMCUyMiUyMGZyYW1lYm9yZGVyJTNEJTIyMCUyMiUyMGFsbG93JTNEJTIyYXV0b3BsYXklM0IlMjBlbmNyeXB0ZWQtbWVkaWElMjIlMjBhbGxvd2Z1bGxzY3JlZW4lM0UlM0MlMkZpZnJhbWUlM0U=[\/vc_raw_html][\/vc_column][\/vc_row][vc_row][vc_column width=&#8221;1\/2&#8243;][vc_column_text]<\/p>\n<h2>KNOW-HOW<\/h2>\n<p><strong>Organizaci\u00f3n <\/strong><br \/>\nEdificio: 4800 m\u00b2 cubiertos<br \/>\n49 personas, un parque de 150 m\u00e1quinas convencionales y CNC<\/p>\n<p><strong>Interlocutores<\/strong><\/p>\n<p>Nuestro equipo\u00a0 t\u00e9cnico comercial les asesora y les propone las soluciones m\u00e1s adaptadas a sus condiciones de mecanizado<\/p>\n<p><strong>Experiencia <\/strong><\/p>\n<p>Dise\u00f1ar la precisi\u00f3n: El departamento de estudios y m\u00e9todos dise\u00f1a y fabrica sus herramientas y conjuntos mec\u00e1nicos de precisi\u00f3n.[\/vc_column_text][\/vc_column][vc_column width=&#8221;1\/2&#8243;][vc_images_carousel images=&#8221;1700,2610,1694,2609,2611,2612,2613,1701,2614,2615&#8243; img_size=&#8221;450&#215;300&#8243; autoplay=&#8221;yes&#8221; wrap=&#8221;yes&#8221;][\/vc_column][\/vc_row][vc_row][vc_column][vc_column_text css=&#8221;.vc_custom_1581957306096{margin-right: 20px !important;}&#8221;]<\/p>\n<div class=\"col-gauche-texte\">\n<div align=\"justify\">\n<h2>HISTORIA \u2026<\/h2>\n<p>El 18 de septiembre de 1991, la empresa NOVOUTILS es comprada por su actual presidente.<\/p>\n<p>A esta empresa, se a\u00f1aden en junio y en septiembre del 2004, las empresas ADEMVA y CARBURAB.<\/p>\n<p>La alianza de estas 3 empresas permite poner a su disposici\u00f3n una experiencia a la altura de sus exigencias. Esta sinergia nos permite ofrecer toda la gama de herramientas de corte y de deformaci\u00f3n adaptadas a sus necesidades especiales.<\/p>\n<p>Contamos tambi\u00e9n, con la oferta de nuestros partners \u00ab Dieterle, Hommel &amp; Keller, Kennametal, Emuge-Franken, Diametal \u00bb, para cubrir \u00a0sus necesidades en herramientas de corte est\u00e1ndares.<\/p>\n<p>En 2017, el presidente actual invierte en la extensi\u00f3n de la planta de fabricaci\u00f3n con:<\/p>\n<ul>\n<li>Ampliaci\u00f3n de los talleres, un espacio de trabajo organizado<\/li>\n<li>Un espacio \u201crelax\u201d interior<\/li>\n<li>Un espacio exterior<\/li>\n<\/ul>\n<\/div>\n<\/div>\n<p>[\/vc_column_text][\/vc_column][\/vc_row][vc_row][vc_column][\/vc_column][\/vc_row]<\/p>\n<\/div>","protected":false},"excerpt":{"rendered":"<p>[vc_row][vc_column][rev_slider_vc alias=&#8221;essai1&#8243;][\/vc_column][\/vc_row][vc_row][vc_column width=&#8221;1\/2&#8243;][vc_column_text] \u00bfQUI\u00c9NES SOMOS? Novoutils, alianza de 3 empresas del sector, ofrece una gama amplia y de calidad, de herramientas de corte y de deformaci\u00f3n. Ademva Fue creada en 1857 por el Grupo CARPANO para la fabricaci\u00f3n de herramientas de corte y herramientas de deformaci\u00f3n. Carburab Creada en 1962, siendo el primer taller del [&hellip;]<\/p>\n","protected":false},"author":1,"featured_media":0,"parent":0,"menu_order":0,"comment_status":"closed","ping_status":"closed","template":"","meta":{"_monsterinsights_skip_tracking":false,"_monsterinsights_sitenote_active":false,"_monsterinsights_sitenote_note":"","_monsterinsights_sitenote_category":0,"footnotes":""},"yoast_head":"<!-- This site is optimized with the Yoast SEO plugin v23.5 - https:\/\/yoast.com\/wordpress\/plugins\/seo\/ -->\n<title>Fabricante de herramientas de corte, herramienta de deformaci\u00f3n, afilado, medici\u00f3n de fuerza<\/title>\n<meta name=\"description\" content=\"Novoutils fabrica herramientas de corte, herramientas de deformaci\u00f3n y rectificado, as\u00ed como operaciones de mecanizado. Cont\u00e1ctanos!\" \/>\n<meta name=\"robots\" content=\"index, follow, max-snippet:-1, max-image-preview:large, max-video-preview:-1\" \/>\n<link rel=\"canonical\" href=\"https:\/\/www.novoutils.com\/es\/\" \/>\n<meta property=\"og:locale\" content=\"es_ES\" \/>\n<meta property=\"og:type\" content=\"article\" \/>\n<meta property=\"og:title\" content=\"Fabricante de herramientas de corte, herramienta de deformaci\u00f3n, afilado, medici\u00f3n de fuerza\" \/>\n<meta property=\"og:description\" content=\"Novoutils fabrica herramientas de corte, herramientas de deformaci\u00f3n y rectificado, as\u00ed como operaciones de mecanizado. Cont\u00e1ctanos!\" \/>\n<meta property=\"og:url\" content=\"https:\/\/www.novoutils.com\/es\/\" \/>\n<meta property=\"og:site_name\" content=\"Novoutils\" \/>\n<meta property=\"article:modified_time\" content=\"2024-03-19T08:43:44+00:00\" \/>\n<meta name=\"twitter:card\" content=\"summary_large_image\" \/>\n<meta name=\"twitter:label1\" content=\"Est. reading time\" \/>\n\t<meta name=\"twitter:data1\" content=\"3 minutes\" \/>\n<script type=\"application\/ld+json\" class=\"yoast-schema-graph\">{\"@context\":\"https:\/\/schema.org\",\"@graph\":[{\"@type\":\"WebPage\",\"@id\":\"https:\/\/www.novoutils.com\/es\/\",\"url\":\"https:\/\/www.novoutils.com\/es\/\",\"name\":\"Fabricante de herramientas de corte, herramienta de deformaci\u00f3n, afilado, medici\u00f3n de fuerza\",\"isPartOf\":{\"@id\":\"https:\/\/www.novoutils.com\/es\/#website\"},\"datePublished\":\"2017-04-18T14:36:19+00:00\",\"dateModified\":\"2024-03-19T08:43:44+00:00\",\"description\":\"Novoutils fabrica herramientas de corte, herramientas de deformaci\u00f3n y rectificado, as\u00ed como operaciones de mecanizado. Cont\u00e1ctanos!\",\"breadcrumb\":{\"@id\":\"https:\/\/www.novoutils.com\/es\/#breadcrumb\"},\"inLanguage\":\"es-ES\",\"potentialAction\":[{\"@type\":\"ReadAction\",\"target\":[\"https:\/\/www.novoutils.com\/es\/\"]}]},{\"@type\":\"BreadcrumbList\",\"@id\":\"https:\/\/www.novoutils.com\/es\/#breadcrumb\",\"itemListElement\":[{\"@type\":\"ListItem\",\"position\":1,\"name\":\"Accueil\",\"item\":\"https:\/\/www.novoutils.com\/es\/\"},{\"@type\":\"ListItem\",\"position\":2,\"name\":\"HOME\"}]},{\"@type\":\"WebSite\",\"@id\":\"https:\/\/www.novoutils.com\/es\/#website\",\"url\":\"https:\/\/www.novoutils.com\/es\/\",\"name\":\"Novoutils\",\"description\":\"Ademva Carburab\",\"potentialAction\":[{\"@type\":\"SearchAction\",\"target\":{\"@type\":\"EntryPoint\",\"urlTemplate\":\"https:\/\/www.novoutils.com\/es\/?s={search_term_string}\"},\"query-input\":{\"@type\":\"PropertyValueSpecification\",\"valueRequired\":true,\"valueName\":\"search_term_string\"}}],\"inLanguage\":\"es-ES\"}]}<\/script>\n<!-- \/ Yoast SEO plugin. -->","yoast_head_json":{"title":"Fabricante de herramientas de corte, herramienta de deformaci\u00f3n, afilado, medici\u00f3n de fuerza","description":"Novoutils fabrica herramientas de corte, herramientas de deformaci\u00f3n y rectificado, as\u00ed como operaciones de mecanizado. Cont\u00e1ctanos!","robots":{"index":"index","follow":"follow","max-snippet":"max-snippet:-1","max-image-preview":"max-image-preview:large","max-video-preview":"max-video-preview:-1"},"canonical":"https:\/\/www.novoutils.com\/es\/","og_locale":"es_ES","og_type":"article","og_title":"Fabricante de herramientas de corte, herramienta de deformaci\u00f3n, afilado, medici\u00f3n de fuerza","og_description":"Novoutils fabrica herramientas de corte, herramientas de deformaci\u00f3n y rectificado, as\u00ed como operaciones de mecanizado. Cont\u00e1ctanos!","og_url":"https:\/\/www.novoutils.com\/es\/","og_site_name":"Novoutils","article_modified_time":"2024-03-19T08:43:44+00:00","twitter_card":"summary_large_image","twitter_misc":{"Est. reading time":"3 minutes"},"schema":{"@context":"https:\/\/schema.org","@graph":[{"@type":"WebPage","@id":"https:\/\/www.novoutils.com\/es\/","url":"https:\/\/www.novoutils.com\/es\/","name":"Fabricante de herramientas de corte, herramienta de deformaci\u00f3n, afilado, medici\u00f3n de fuerza","isPartOf":{"@id":"https:\/\/www.novoutils.com\/es\/#website"},"datePublished":"2017-04-18T14:36:19+00:00","dateModified":"2024-03-19T08:43:44+00:00","description":"Novoutils fabrica herramientas de corte, herramientas de deformaci\u00f3n y rectificado, as\u00ed como operaciones de mecanizado. Cont\u00e1ctanos!","breadcrumb":{"@id":"https:\/\/www.novoutils.com\/es\/#breadcrumb"},"inLanguage":"es-ES","potentialAction":[{"@type":"ReadAction","target":["https:\/\/www.novoutils.com\/es\/"]}]},{"@type":"BreadcrumbList","@id":"https:\/\/www.novoutils.com\/es\/#breadcrumb","itemListElement":[{"@type":"ListItem","position":1,"name":"Accueil","item":"https:\/\/www.novoutils.com\/es\/"},{"@type":"ListItem","position":2,"name":"HOME"}]},{"@type":"WebSite","@id":"https:\/\/www.novoutils.com\/es\/#website","url":"https:\/\/www.novoutils.com\/es\/","name":"Novoutils","description":"Ademva Carburab","potentialAction":[{"@type":"SearchAction","target":{"@type":"EntryPoint","urlTemplate":"https:\/\/www.novoutils.com\/es\/?s={search_term_string}"},"query-input":{"@type":"PropertyValueSpecification","valueRequired":true,"valueName":"search_term_string"}}],"inLanguage":"es-ES"}]}},"_links":{"self":[{"href":"https:\/\/www.novoutils.com\/es\/wp-json\/wp\/v2\/pages\/697"}],"collection":[{"href":"https:\/\/www.novoutils.com\/es\/wp-json\/wp\/v2\/pages"}],"about":[{"href":"https:\/\/www.novoutils.com\/es\/wp-json\/wp\/v2\/types\/page"}],"author":[{"embeddable":true,"href":"https:\/\/www.novoutils.com\/es\/wp-json\/wp\/v2\/users\/1"}],"replies":[{"embeddable":true,"href":"https:\/\/www.novoutils.com\/es\/wp-json\/wp\/v2\/comments?post=697"}],"version-history":[{"count":12,"href":"https:\/\/www.novoutils.com\/es\/wp-json\/wp\/v2\/pages\/697\/revisions"}],"predecessor-version":[{"id":2930,"href":"https:\/\/www.novoutils.com\/es\/wp-json\/wp\/v2\/pages\/697\/revisions\/2930"}],"wp:attachment":[{"href":"https:\/\/www.novoutils.com\/es\/wp-json\/wp\/v2\/media?parent=697"}],"curies":[{"name":"wp","href":"https:\/\/api.w.org\/{rel}","templated":true}]}}