{"id":681,"date":"2017-03-16T11:10:16","date_gmt":"2017-03-16T10:10:16","guid":{"rendered":"https:\/\/www.novoutils.com\/?page_id=681"},"modified":"2021-07-22T08:21:06","modified_gmt":"2021-07-22T06:21:06","slug":"investigacion-desarrollo","status":"publish","type":"page","link":"https:\/\/www.novoutils.com\/es\/investigacion-desarrollo.html","title":{"rendered":"INVESTIGACI\u00d3N Y DESARROLLO"},"content":{"rendered":"<div class=\"wpb-content-wrapper\"><p>[vc_row][vc_column][vc_column_text]<\/p>\n<h1><strong>FABRICACI\u00d3N DE SUBCONJUNTOS, PROTOTIPOS Y\u00a0 SERIES PEQUE\u00d1AS<\/strong><\/h1>\n<p>[\/vc_column_text][vc_column_text]<\/p>\n<h2><strong>TECNOLOG\u00cdA PUNTERA Y APLICACIONES DIVERSAS <\/strong><\/h2>\n<p>[\/vc_column_text][\/vc_column][\/vc_row][vc_row][vc_column width=&#8221;1\/3&#8243;][vc_empty_space][vc_column_text]Gracias a un extenso parque de m\u00e1quinas, continuamente actualizado, Novoutils fabrica unitariamente y en series peque\u00f1as, piezas destinadas a una amplia variedad de aplicaciones y de usuarios:<\/p>\n<ul>\n<li>Control \u2013 Metrolog\u00eda: anillos mini\/maxi, tampones (formas diversas), calibres carburo, estaciones de control<\/li>\n<li>Piezas para m\u00e1quinas especiales, subconjuntos de reglaje<\/li>\n<li>Soluciones de sujeci\u00f3n: pinzas, mordazas, soportes, brochas, portaherramientas a la demanda<\/li>\n<li>Utillaje\u00a0: rodillos de soporte<\/li>\n<\/ul>\n<p>[\/vc_column_text][vc_empty_space][\/vc_column][vc_column width=&#8221;1\/3&#8243;][vc_column_text]<\/p>\n<h2><\/h2>\n<p><strong>Materias mecanizadas\u00a0:<\/strong><\/p>\n<ul>\n<li>Acero, inox, aceros especiales<\/li>\n<li>Aleaciones acero, aleaciones especiales no f\u00e9rreas<\/li>\n<li>Aluminio<\/li>\n<li>Bronce, cobre<\/li>\n<li>Nory, peek<\/li>\n<li>Pl\u00e1sticos<\/li>\n<li>Titanio<\/li>\n<\/ul>\n<p>[\/vc_column_text][\/vc_column][vc_column width=&#8221;1\/3&#8243;][vc_masonry_media_grid grid_id=&#8221;vc_gid:1626934284902-31a10235-9d8a-8&#8243; include=&#8221;2617,2618,2619,2620,1822,1821,1820,1818,868&#8243;][\/vc_column][\/vc_row][vc_row][vc_column][vc_empty_space][vc_column_text]<\/p>\n<h2 style=\"background: white;\"><b><span lang=\"ES\" style=\"font-size: 14.0pt; color: #333333;\">ESTUDIO, DISE\u00d1O, FABRICACI\u00d3N, TRAZABILIDAD<\/span><\/b><\/h2>\n<h3 style=\"line-height: 25.5pt; background: white; margin: 15.0pt 0cm 7.5pt 0cm;\"><b><span lang=\"ES\" style=\"font-family: 'Arial',sans-serif; color: #333333;\"><img loading=\"lazy\" decoding=\"async\" class=\"alignright wp-image-1947 size-medium\" src=\"https:\/\/www.novoutils.com\/es\/wp-content\/uploads\/sites\/3\/2018\/02\/diseno-piezas-mecanicas-300x200.jpg\" alt=\"Dise\u00f1o piezas mec\u00e1nicas\" width=\"300\" height=\"200\" srcset=\"https:\/\/www.novoutils.com\/es\/wp-content\/uploads\/sites\/3\/2018\/02\/diseno-piezas-mecanicas-300x200.jpg 300w, https:\/\/www.novoutils.com\/es\/wp-content\/uploads\/sites\/3\/2018\/02\/diseno-piezas-mecanicas-570x382.jpg 570w, https:\/\/www.novoutils.com\/es\/wp-content\/uploads\/sites\/3\/2018\/02\/diseno-piezas-mecanicas-352x235.jpg 352w, https:\/\/www.novoutils.com\/es\/wp-content\/uploads\/sites\/3\/2018\/02\/diseno-piezas-mecanicas-360x240.jpg 360w, https:\/\/www.novoutils.com\/es\/wp-content\/uploads\/sites\/3\/2018\/02\/diseno-piezas-mecanicas.jpg 600w\" sizes=\"(max-width: 300px) 100vw, 300px\" \/>Nuestra oficina t\u00e9cnica: <\/span><\/b><\/h3>\n<ul>\n<li>Software 2D \u2013 Design Cad<\/li>\n<li>Software DAO-CAO TOP Solid 7.10<\/li>\n<li>FAO Goelan<\/li>\n<\/ul>\n<p>Nuestra oficina t\u00e9cnica dise\u00f1a, a partir de sus planos, sus piezas mec\u00e1nicas (prototipos y series peque\u00f1as)[\/vc_column_text][vc_empty_space][vc_column_text]<\/p>\n<h3 style=\"margin-top: 15.0pt; line-height: 25.5pt; background: white;\"><b><span lang=\"ES\" style=\"font-family: 'Arial',sans-serif; color: #333333;\">Un parque de m\u00e1quinas completo: control de los plazos<\/span><\/b><\/h3>\n<p>[\/vc_column_text][vc_column_text]Torneado cabezal fijo y cabezal m\u00f3vil<\/p>\n<p>2 tornos fresadores<\/p>\n<p>3 centros de mecanizado<\/p>\n<p>1 torno CN, 2 husillos, 1 torreta<\/p>\n<p>1 m\u00e1quina cabezal m\u00f3vil[\/vc_column_text][vc_row_inner][vc_column_inner width=&#8221;1\/3&#8243;][vc_column_text]<strong>Fresado\u00a0:\u00a0<\/strong>Convencional<strong>\u00a0<\/strong>y num\u00e9rico (4 ejes o 5 ejes continuos)<\/p>\n<ul>\n<li>\u00a0De 10 x 10 x 10 a 950 x 600 x 350<\/li>\n<\/ul>\n<p><strong>Torneado\u00a0:\u00a0<\/strong>Convencional<strong>\u00a0<\/strong>y num\u00e9rico<\/p>\n<ul>\n<li>De \u00d8 3 Longitud 10 a \u00d8 250 Longitud 400<\/li>\n<\/ul>\n<p><strong>Electroerosi\u00f3n<\/strong>\u00a0: Rebajado, Taladrado \u00a0r\u00e1pido por electroerosi\u00f3n<\/p>\n<ul>\n<li>De 318 x 218 x H=145 a 500 x 350 x H=270<\/li>\n<\/ul>\n<p>[\/vc_column_text][\/vc_column_inner][vc_column_inner width=&#8221;1\/3&#8243;][vc_column_text]<strong>Rectificaci\u00f3n<\/strong>\u00a0: Rectificaci\u00f3n plana, rectificaci\u00f3n cil\u00edndrica \u00a0(exterior e interior) y\u00a0 rectificaci\u00f3n de perfiles complejos<\/p>\n<ul>\n<li>Dimensi\u00f3n\u00a0: 1 x 1\u2192 150 x 300\u00a0; IT 5\u00b5m<\/li>\n<li>Dimensi\u00f3n\u00a0: \u00d8 0.1 x lg 0.15 \u2192 \u00d8 200 x lg 350\u00a0; IT 5\u00b5m<\/li>\n<li>Dimensi\u00f3n: \u00d8 0.1 x lg 0.15 \u2192 \u00d8 200 x lg 350\u00a0; IT 5\u00b5m<\/li>\n<li>Dimensi\u00f3n\u00a0: \u00d8 7 x lg 1 \u2192 \u00d8 200 x lg 100\u00a0; IT 5 \u00b5m<\/li>\n<\/ul>\n<p><strong>Tallado por m\u00f3dulo, bru\u00f1ido, lapeado, soldado<\/strong>[\/vc_column_text][\/vc_column_inner][vc_column_inner width=&#8221;1\/3&#8243;][vc_column_text]<b><span lang=\"ES\" style=\"font-size: 12.0pt; color: #333333;\">Marcado Laser : <\/span><\/b><span lang=\"ES\" style=\"font-size: 12.0pt; color: #333333;\">g<\/span>rabamos en sus piezas un n\u00famero de serie que nos permite seguir el historial. Una garantia de trazabilidad y de reactividad.<\/p>\n<h2><strong>\u00a0<\/strong><\/h2>\n<p>[\/vc_column_text][vc_gallery type=&#8221;image_grid&#8221; images=&#8221;2622,2621,2611,2612&#8243; css_animation=&#8221;fadeInRight&#8221;][\/vc_column_inner][\/vc_row_inner][vc_empty_space][\/vc_column][\/vc_row][vc_row full_width=&#8221;stretch_row&#8221; css=&#8221;.vc_custom_1503646826532{margin-top: 10px !important;margin-bottom: 10px !important;padding-top: 15px !important;padding-bottom: 15px !important;background-color: rgba(214,214,214,0.56) !important;*background-color: rgb(214,214,214) !important;}&#8221;][vc_column width=&#8221;2\/3&#8243;][vc_column_text]<\/p>\n<h2><strong>Metrolog\u00eda \u2013 CONTROL<\/strong><\/h2>\n<ul>\n<li>Certificaci\u00f3n\u00a0 ISO 9001\/2015<\/li>\n<li>Equipos de medida tradicionales<\/li>\n<li>Proyectores de perfil x20, x50 y\u00a0x100<\/li>\n<li>M\u00e1quina de medida tridimensional ZEISS Type CONTURA<\/li>\n<li>Banco de medida con 2 c\u00e1maras y sensor 3 D 3D GALLILEO<\/li>\n<li>Aparatos de control\u00a0 por c\u00e1mara Marcel Aubert<\/li>\n<\/ul>\n<p>[\/vc_column_text][vc_empty_space][\/vc_column][vc_column width=&#8221;1\/3&#8243;][vc_empty_space][vc_images_carousel images=&#8221;2624,878,877&#8243; img_size=&#8221;full&#8221; slides_per_view=&#8221;3&#8243; autoplay=&#8221;yes&#8221; wrap=&#8221;yes&#8221;][\/vc_column][\/vc_row][vc_row][vc_column width=&#8221;1\/2&#8243;][vc_empty_space][vc_cta h2=&#8221;CONT\u00c1CTENOS&#8221; add_button=&#8221;right&#8221; btn_title=&#8221;Contacto&#8221; btn_i_icon_fontawesome=&#8221;fa fa-envelope&#8221; btn_add_icon=&#8221;true&#8221; btn_link=&#8221;url:https%3A%2F%2Fwww.novoutils.com%2Fes%2Fcontact.html|||&#8221; css=&#8221;.vc_custom_1519132570381{background-color: #3498db !important;}&#8221;]Solicite su presupuesto para\u00a0<strong>prototipos<\/strong>[\/vc_cta][vc_empty_space][\/vc_column][vc_column width=&#8221;1\/2&#8243;][\/vc_column][\/vc_row]<\/p>\n<\/div>","protected":false},"excerpt":{"rendered":"<p>[vc_row][vc_column][vc_column_text] FABRICACI\u00d3N DE SUBCONJUNTOS, PROTOTIPOS Y\u00a0 SERIES PEQUE\u00d1AS [\/vc_column_text][vc_column_text] TECNOLOG\u00cdA PUNTERA Y APLICACIONES DIVERSAS [\/vc_column_text][\/vc_column][\/vc_row][vc_row][vc_column width=&#8221;1\/3&#8243;][vc_empty_space][vc_column_text]Gracias a un extenso parque de m\u00e1quinas, continuamente actualizado, Novoutils fabrica unitariamente y en series peque\u00f1as, piezas destinadas a una amplia variedad de aplicaciones y de usuarios: Control \u2013 Metrolog\u00eda: anillos mini\/maxi, tampones (formas diversas), calibres carburo, estaciones de control [&hellip;]<\/p>\n","protected":false},"author":1,"featured_media":0,"parent":0,"menu_order":0,"comment_status":"closed","ping_status":"closed","template":"","meta":{"_monsterinsights_skip_tracking":false,"_monsterinsights_sitenote_active":false,"_monsterinsights_sitenote_note":"","_monsterinsights_sitenote_category":0,"footnotes":""},"yoast_head":"<!-- This site is optimized with the Yoast SEO plugin v23.5 - https:\/\/yoast.com\/wordpress\/plugins\/seo\/ -->\n<title>I+D Mecanizado, herramienta de corte, mecanizado de precisi\u00f3n, dise\u00f1o de herramienta de corte, perforaci\u00f3n, tronzado<\/title>\n<meta name=\"description\" content=\"Novoutils tiene un departamento de I + D para el dise\u00f1o de herramientas de corte, corte y perforaci\u00f3n. Cont\u00e1ctenos para obtener m\u00e1s informaci\u00f3n.\" \/>\n<meta name=\"robots\" content=\"index, follow, max-snippet:-1, max-image-preview:large, max-video-preview:-1\" \/>\n<link rel=\"canonical\" href=\"https:\/\/www.novoutils.com\/es\/investigacion-desarrollo.html\" \/>\n<meta property=\"og:locale\" content=\"es_ES\" \/>\n<meta property=\"og:type\" content=\"article\" \/>\n<meta property=\"og:title\" content=\"I+D Mecanizado, herramienta de corte, mecanizado de precisi\u00f3n, dise\u00f1o de herramienta de corte, perforaci\u00f3n, tronzado\" \/>\n<meta property=\"og:description\" content=\"Novoutils tiene un departamento de I + D para el dise\u00f1o de herramientas de corte, corte y perforaci\u00f3n. Cont\u00e1ctenos para obtener m\u00e1s informaci\u00f3n.\" \/>\n<meta property=\"og:url\" content=\"https:\/\/www.novoutils.com\/es\/investigacion-desarrollo.html\" \/>\n<meta property=\"og:site_name\" content=\"Novoutils\" \/>\n<meta property=\"article:modified_time\" content=\"2021-07-22T06:21:06+00:00\" \/>\n<meta property=\"og:image\" content=\"https:\/\/www.novoutils.com\/es\/wp-content\/uploads\/sites\/3\/2018\/02\/diseno-piezas-mecanicas-300x200.jpg\" \/>\n<meta name=\"twitter:card\" content=\"summary_large_image\" \/>\n<meta name=\"twitter:label1\" content=\"Est. reading time\" \/>\n\t<meta name=\"twitter:data1\" content=\"2 minutes\" \/>\n<script type=\"application\/ld+json\" class=\"yoast-schema-graph\">{\"@context\":\"https:\/\/schema.org\",\"@graph\":[{\"@type\":\"WebPage\",\"@id\":\"https:\/\/www.novoutils.com\/es\/investigacion-desarrollo.html\",\"url\":\"https:\/\/www.novoutils.com\/es\/investigacion-desarrollo.html\",\"name\":\"I+D Mecanizado, herramienta de corte, mecanizado de precisi\u00f3n, dise\u00f1o de herramienta de corte, perforaci\u00f3n, tronzado\",\"isPartOf\":{\"@id\":\"https:\/\/www.novoutils.com\/es\/#website\"},\"primaryImageOfPage\":{\"@id\":\"https:\/\/www.novoutils.com\/es\/investigacion-desarrollo.html#primaryimage\"},\"image\":{\"@id\":\"https:\/\/www.novoutils.com\/es\/investigacion-desarrollo.html#primaryimage\"},\"thumbnailUrl\":\"https:\/\/www.novoutils.com\/es\/wp-content\/uploads\/sites\/3\/2018\/02\/diseno-piezas-mecanicas-300x200.jpg\",\"datePublished\":\"2017-03-16T10:10:16+00:00\",\"dateModified\":\"2021-07-22T06:21:06+00:00\",\"description\":\"Novoutils tiene un departamento de I + D para el dise\u00f1o de herramientas de corte, corte y perforaci\u00f3n. Cont\u00e1ctenos para obtener m\u00e1s informaci\u00f3n.\",\"breadcrumb\":{\"@id\":\"https:\/\/www.novoutils.com\/es\/investigacion-desarrollo.html#breadcrumb\"},\"inLanguage\":\"es-ES\",\"potentialAction\":[{\"@type\":\"ReadAction\",\"target\":[\"https:\/\/www.novoutils.com\/es\/investigacion-desarrollo.html\"]}]},{\"@type\":\"ImageObject\",\"inLanguage\":\"es-ES\",\"@id\":\"https:\/\/www.novoutils.com\/es\/investigacion-desarrollo.html#primaryimage\",\"url\":\"https:\/\/www.novoutils.com\/es\/wp-content\/uploads\/sites\/3\/2018\/02\/diseno-piezas-mecanicas.jpg\",\"contentUrl\":\"https:\/\/www.novoutils.com\/es\/wp-content\/uploads\/sites\/3\/2018\/02\/diseno-piezas-mecanicas.jpg\",\"width\":600,\"height\":399,\"caption\":\"Dise\u00f1o piezas mec\u00e1nicas\"},{\"@type\":\"BreadcrumbList\",\"@id\":\"https:\/\/www.novoutils.com\/es\/investigacion-desarrollo.html#breadcrumb\",\"itemListElement\":[{\"@type\":\"ListItem\",\"position\":1,\"name\":\"Accueil\",\"item\":\"https:\/\/www.novoutils.com\/es\/\"},{\"@type\":\"ListItem\",\"position\":2,\"name\":\"INVESTIGACI\u00d3N Y DESARROLLO\"}]},{\"@type\":\"WebSite\",\"@id\":\"https:\/\/www.novoutils.com\/es\/#website\",\"url\":\"https:\/\/www.novoutils.com\/es\/\",\"name\":\"Novoutils\",\"description\":\"Ademva Carburab\",\"potentialAction\":[{\"@type\":\"SearchAction\",\"target\":{\"@type\":\"EntryPoint\",\"urlTemplate\":\"https:\/\/www.novoutils.com\/es\/?s={search_term_string}\"},\"query-input\":{\"@type\":\"PropertyValueSpecification\",\"valueRequired\":true,\"valueName\":\"search_term_string\"}}],\"inLanguage\":\"es-ES\"}]}<\/script>\n<!-- \/ Yoast SEO plugin. -->","yoast_head_json":{"title":"I+D Mecanizado, herramienta de corte, mecanizado de precisi\u00f3n, dise\u00f1o de herramienta de corte, perforaci\u00f3n, tronzado","description":"Novoutils tiene un departamento de I + D para el dise\u00f1o de herramientas de corte, corte y perforaci\u00f3n. Cont\u00e1ctenos para obtener m\u00e1s informaci\u00f3n.","robots":{"index":"index","follow":"follow","max-snippet":"max-snippet:-1","max-image-preview":"max-image-preview:large","max-video-preview":"max-video-preview:-1"},"canonical":"https:\/\/www.novoutils.com\/es\/investigacion-desarrollo.html","og_locale":"es_ES","og_type":"article","og_title":"I+D Mecanizado, herramienta de corte, mecanizado de precisi\u00f3n, dise\u00f1o de herramienta de corte, perforaci\u00f3n, tronzado","og_description":"Novoutils tiene un departamento de I + D para el dise\u00f1o de herramientas de corte, corte y perforaci\u00f3n. Cont\u00e1ctenos para obtener m\u00e1s informaci\u00f3n.","og_url":"https:\/\/www.novoutils.com\/es\/investigacion-desarrollo.html","og_site_name":"Novoutils","article_modified_time":"2021-07-22T06:21:06+00:00","og_image":[{"url":"https:\/\/www.novoutils.com\/es\/wp-content\/uploads\/sites\/3\/2018\/02\/diseno-piezas-mecanicas-300x200.jpg"}],"twitter_card":"summary_large_image","twitter_misc":{"Est. reading time":"2 minutes"},"schema":{"@context":"https:\/\/schema.org","@graph":[{"@type":"WebPage","@id":"https:\/\/www.novoutils.com\/es\/investigacion-desarrollo.html","url":"https:\/\/www.novoutils.com\/es\/investigacion-desarrollo.html","name":"I+D Mecanizado, herramienta de corte, mecanizado de precisi\u00f3n, dise\u00f1o de herramienta de corte, perforaci\u00f3n, tronzado","isPartOf":{"@id":"https:\/\/www.novoutils.com\/es\/#website"},"primaryImageOfPage":{"@id":"https:\/\/www.novoutils.com\/es\/investigacion-desarrollo.html#primaryimage"},"image":{"@id":"https:\/\/www.novoutils.com\/es\/investigacion-desarrollo.html#primaryimage"},"thumbnailUrl":"https:\/\/www.novoutils.com\/es\/wp-content\/uploads\/sites\/3\/2018\/02\/diseno-piezas-mecanicas-300x200.jpg","datePublished":"2017-03-16T10:10:16+00:00","dateModified":"2021-07-22T06:21:06+00:00","description":"Novoutils tiene un departamento de I + D para el dise\u00f1o de herramientas de corte, corte y perforaci\u00f3n. Cont\u00e1ctenos para obtener m\u00e1s informaci\u00f3n.","breadcrumb":{"@id":"https:\/\/www.novoutils.com\/es\/investigacion-desarrollo.html#breadcrumb"},"inLanguage":"es-ES","potentialAction":[{"@type":"ReadAction","target":["https:\/\/www.novoutils.com\/es\/investigacion-desarrollo.html"]}]},{"@type":"ImageObject","inLanguage":"es-ES","@id":"https:\/\/www.novoutils.com\/es\/investigacion-desarrollo.html#primaryimage","url":"https:\/\/www.novoutils.com\/es\/wp-content\/uploads\/sites\/3\/2018\/02\/diseno-piezas-mecanicas.jpg","contentUrl":"https:\/\/www.novoutils.com\/es\/wp-content\/uploads\/sites\/3\/2018\/02\/diseno-piezas-mecanicas.jpg","width":600,"height":399,"caption":"Dise\u00f1o piezas mec\u00e1nicas"},{"@type":"BreadcrumbList","@id":"https:\/\/www.novoutils.com\/es\/investigacion-desarrollo.html#breadcrumb","itemListElement":[{"@type":"ListItem","position":1,"name":"Accueil","item":"https:\/\/www.novoutils.com\/es\/"},{"@type":"ListItem","position":2,"name":"INVESTIGACI\u00d3N Y DESARROLLO"}]},{"@type":"WebSite","@id":"https:\/\/www.novoutils.com\/es\/#website","url":"https:\/\/www.novoutils.com\/es\/","name":"Novoutils","description":"Ademva Carburab","potentialAction":[{"@type":"SearchAction","target":{"@type":"EntryPoint","urlTemplate":"https:\/\/www.novoutils.com\/es\/?s={search_term_string}"},"query-input":{"@type":"PropertyValueSpecification","valueRequired":true,"valueName":"search_term_string"}}],"inLanguage":"es-ES"}]}},"_links":{"self":[{"href":"https:\/\/www.novoutils.com\/es\/wp-json\/wp\/v2\/pages\/681"}],"collection":[{"href":"https:\/\/www.novoutils.com\/es\/wp-json\/wp\/v2\/pages"}],"about":[{"href":"https:\/\/www.novoutils.com\/es\/wp-json\/wp\/v2\/types\/page"}],"author":[{"embeddable":true,"href":"https:\/\/www.novoutils.com\/es\/wp-json\/wp\/v2\/users\/1"}],"replies":[{"embeddable":true,"href":"https:\/\/www.novoutils.com\/es\/wp-json\/wp\/v2\/comments?post=681"}],"version-history":[{"count":12,"href":"https:\/\/www.novoutils.com\/es\/wp-json\/wp\/v2\/pages\/681\/revisions"}],"predecessor-version":[{"id":2627,"href":"https:\/\/www.novoutils.com\/es\/wp-json\/wp\/v2\/pages\/681\/revisions\/2627"}],"wp:attachment":[{"href":"https:\/\/www.novoutils.com\/es\/wp-json\/wp\/v2\/media?parent=681"}],"curies":[{"name":"wp","href":"https:\/\/api.w.org\/{rel}","templated":true}]}}