{"id":680,"date":"2017-03-16T11:10:23","date_gmt":"2017-03-16T10:10:23","guid":{"rendered":"https:\/\/www.novoutils.com\/?page_id=680"},"modified":"2019-11-18T18:15:38","modified_gmt":"2019-11-18T17:15:38","slug":"dinamometros","status":"publish","type":"page","link":"https:\/\/www.novoutils.com\/es\/dinamometros.html","title":{"rendered":"Dinam\u00f3metros"},"content":{"rendered":"<div class=\"wpb-content-wrapper\"><p>[vc_row][vc_column][vc_column_text]<\/p>\n<h1>GAMA DINAM\u00d3METROS SOMFY-TEC<\/h1>\n<p>50 a\u00f1os de experiencia nos han permitido desarrollar herramientas e instrumentos de medici\u00f3n especialmente valorados por nuestros clientes.<\/p>\n<p>Ofrecemos una gama completa de instrumentos mec\u00e1nicos (no el\u00e9ctricos), precisos y robustos, dise\u00f1ados para la medici\u00f3n est\u00e1tica.[\/vc_column_text][\/vc_column][\/vc_row][vc_row][vc_column][vc_row_inner][vc_column_inner width=&#8221;1\/2&#8243;][vc_column_text]<\/p>\n<h2><strong>FUNCI\u00d3N DEL DINAMOMETRO<\/strong><\/h2>\n<p>Instrumentos mec\u00e1nicos para la medici\u00f3n est\u00e1tica de la fuerza<\/p>\n<p>La medida debe realizarse perpendicularmente al eje del sensor. Nota : la medida y el retorno deben ser amortizados.[\/vc_column_text][vc_single_image image=&#8221;1832&#8243; img_size=&#8221;full&#8221; title=&#8221;DM10&#8243;][\/vc_column_inner][vc_column_inner width=&#8221;1\/2&#8243;][vc_column_text]<\/p>\n<h2><strong>CONCEPCION<\/strong><\/h2>\n<p>Doble sentido de funcionamiento.<\/p>\n<p>Aguja de memoria registrando el valor m\u00e1ximo.<\/p>\n<p>Lectura directa en gramos, centi-Newton o Newton &#8211; Precisi\u00f3n \u00b1 2%<\/p>\n<p>[\/vc_column_text][vc_single_image image=&#8221;1834&#8243; img_size=&#8221;full&#8221; title=&#8221;DM20&#8243;][\/vc_column_inner][\/vc_row_inner][\/vc_column][\/vc_row][vc_row][vc_column width=&#8221;2\/3&#8243;][vc_single_image image=&#8221;1855&#8243; img_size=&#8221;full&#8221;][vc_row_inner][vc_column_inner width=&#8221;2\/3&#8243;][vc_cta h2=&#8221;CONT\u00c1CTENOS&#8221; add_button=&#8221;right&#8221; btn_title=&#8221;Contacto&#8221; btn_i_icon_fontawesome=&#8221;fa fa-envelope&#8221; btn_add_icon=&#8221;true&#8221; btn_link=&#8221;url:https%3A%2F%2Fwww.novoutils.com%2Fes%2Fcontact.html|||&#8221; css=&#8221;.vc_custom_1517931002015{background-color: #3498db !important;}&#8221;]Solicite su presupuesto para un dinam\u00f3metro.[\/vc_cta][\/vc_column_inner][vc_column_inner width=&#8221;1\/3&#8243;][\/vc_column_inner][\/vc_row_inner][\/vc_column][vc_column width=&#8221;1\/3&#8243;][vc_images_carousel images=&#8221;1836,1835,1837,2346,2347&#8243; img_size=&#8221;medium&#8221; autoplay=&#8221;yes&#8221; wrap=&#8221;yes&#8221;][\/vc_column][\/vc_row][vc_row][vc_column width=&#8221;1\/2&#8243;][\/vc_column][vc_column width=&#8221;1\/2&#8243;][\/vc_column][\/vc_row]<\/p>\n<\/div>","protected":false},"excerpt":{"rendered":"<p>[vc_row][vc_column][vc_column_text] GAMA DINAM\u00d3METROS SOMFY-TEC 50 a\u00f1os de experiencia nos han permitido desarrollar herramientas e instrumentos de medici\u00f3n especialmente valorados por nuestros clientes. Ofrecemos una gama completa de instrumentos mec\u00e1nicos (no el\u00e9ctricos), precisos y robustos, dise\u00f1ados para la medici\u00f3n est\u00e1tica.[\/vc_column_text][\/vc_column][\/vc_row][vc_row][vc_column][vc_row_inner][vc_column_inner width=&#8221;1\/2&#8243;][vc_column_text] FUNCI\u00d3N DEL DINAMOMETRO Instrumentos mec\u00e1nicos para la medici\u00f3n est\u00e1tica de la fuerza La medida debe [&hellip;]<\/p>\n","protected":false},"author":1,"featured_media":0,"parent":0,"menu_order":0,"comment_status":"closed","ping_status":"closed","template":"","meta":{"_monsterinsights_skip_tracking":false,"_monsterinsights_sitenote_active":false,"_monsterinsights_sitenote_note":"","_monsterinsights_sitenote_category":0,"footnotes":""},"yoast_head":"<!-- This site is optimized with the Yoast SEO plugin v23.5 - https:\/\/yoast.com\/wordpress\/plugins\/seo\/ -->\n<title>Dinam\u00f3metro mec\u00e1nico, medici\u00f3n de fuerza, dinam\u00f3metro Somfy-Tec<\/title>\n<meta name=\"description\" content=\"Novoutils distribuye los dinam\u00f3metros Somfy-Tec. Cont\u00e1ctenos para una cotizaci\u00f3n.\" \/>\n<meta name=\"robots\" content=\"index, follow, max-snippet:-1, max-image-preview:large, max-video-preview:-1\" \/>\n<link rel=\"canonical\" href=\"https:\/\/www.novoutils.com\/es\/dinamometros.html\" \/>\n<meta property=\"og:locale\" content=\"es_ES\" \/>\n<meta property=\"og:type\" content=\"article\" \/>\n<meta property=\"og:title\" content=\"Dinam\u00f3metro mec\u00e1nico, medici\u00f3n de fuerza, dinam\u00f3metro Somfy-Tec\" \/>\n<meta property=\"og:description\" content=\"Novoutils distribuye los dinam\u00f3metros Somfy-Tec. Cont\u00e1ctenos para una cotizaci\u00f3n.\" \/>\n<meta property=\"og:url\" content=\"https:\/\/www.novoutils.com\/es\/dinamometros.html\" \/>\n<meta property=\"og:site_name\" content=\"Novoutils\" \/>\n<meta property=\"article:modified_time\" content=\"2019-11-18T17:15:38+00:00\" \/>\n<meta name=\"twitter:card\" content=\"summary_large_image\" \/>\n<meta name=\"twitter:label1\" content=\"Est. reading time\" \/>\n\t<meta name=\"twitter:data1\" content=\"1 minute\" \/>\n<script type=\"application\/ld+json\" class=\"yoast-schema-graph\">{\"@context\":\"https:\/\/schema.org\",\"@graph\":[{\"@type\":\"WebPage\",\"@id\":\"https:\/\/www.novoutils.com\/es\/dinamometros.html\",\"url\":\"https:\/\/www.novoutils.com\/es\/dinamometros.html\",\"name\":\"Dinam\u00f3metro mec\u00e1nico, medici\u00f3n de fuerza, dinam\u00f3metro Somfy-Tec\",\"isPartOf\":{\"@id\":\"https:\/\/www.novoutils.com\/es\/#website\"},\"datePublished\":\"2017-03-16T10:10:23+00:00\",\"dateModified\":\"2019-11-18T17:15:38+00:00\",\"description\":\"Novoutils distribuye los dinam\u00f3metros Somfy-Tec. Cont\u00e1ctenos para una cotizaci\u00f3n.\",\"breadcrumb\":{\"@id\":\"https:\/\/www.novoutils.com\/es\/dinamometros.html#breadcrumb\"},\"inLanguage\":\"es-ES\",\"potentialAction\":[{\"@type\":\"ReadAction\",\"target\":[\"https:\/\/www.novoutils.com\/es\/dinamometros.html\"]}]},{\"@type\":\"BreadcrumbList\",\"@id\":\"https:\/\/www.novoutils.com\/es\/dinamometros.html#breadcrumb\",\"itemListElement\":[{\"@type\":\"ListItem\",\"position\":1,\"name\":\"Accueil\",\"item\":\"https:\/\/www.novoutils.com\/es\/\"},{\"@type\":\"ListItem\",\"position\":2,\"name\":\"Dinam\u00f3metros\"}]},{\"@type\":\"WebSite\",\"@id\":\"https:\/\/www.novoutils.com\/es\/#website\",\"url\":\"https:\/\/www.novoutils.com\/es\/\",\"name\":\"Novoutils\",\"description\":\"Ademva Carburab\",\"potentialAction\":[{\"@type\":\"SearchAction\",\"target\":{\"@type\":\"EntryPoint\",\"urlTemplate\":\"https:\/\/www.novoutils.com\/es\/?s={search_term_string}\"},\"query-input\":{\"@type\":\"PropertyValueSpecification\",\"valueRequired\":true,\"valueName\":\"search_term_string\"}}],\"inLanguage\":\"es-ES\"}]}<\/script>\n<!-- \/ Yoast SEO plugin. -->","yoast_head_json":{"title":"Dinam\u00f3metro mec\u00e1nico, medici\u00f3n de fuerza, dinam\u00f3metro Somfy-Tec","description":"Novoutils distribuye los dinam\u00f3metros Somfy-Tec. Cont\u00e1ctenos para una cotizaci\u00f3n.","robots":{"index":"index","follow":"follow","max-snippet":"max-snippet:-1","max-image-preview":"max-image-preview:large","max-video-preview":"max-video-preview:-1"},"canonical":"https:\/\/www.novoutils.com\/es\/dinamometros.html","og_locale":"es_ES","og_type":"article","og_title":"Dinam\u00f3metro mec\u00e1nico, medici\u00f3n de fuerza, dinam\u00f3metro Somfy-Tec","og_description":"Novoutils distribuye los dinam\u00f3metros Somfy-Tec. Cont\u00e1ctenos para una cotizaci\u00f3n.","og_url":"https:\/\/www.novoutils.com\/es\/dinamometros.html","og_site_name":"Novoutils","article_modified_time":"2019-11-18T17:15:38+00:00","twitter_card":"summary_large_image","twitter_misc":{"Est. reading time":"1 minute"},"schema":{"@context":"https:\/\/schema.org","@graph":[{"@type":"WebPage","@id":"https:\/\/www.novoutils.com\/es\/dinamometros.html","url":"https:\/\/www.novoutils.com\/es\/dinamometros.html","name":"Dinam\u00f3metro mec\u00e1nico, medici\u00f3n de fuerza, dinam\u00f3metro Somfy-Tec","isPartOf":{"@id":"https:\/\/www.novoutils.com\/es\/#website"},"datePublished":"2017-03-16T10:10:23+00:00","dateModified":"2019-11-18T17:15:38+00:00","description":"Novoutils distribuye los dinam\u00f3metros Somfy-Tec. Cont\u00e1ctenos para una cotizaci\u00f3n.","breadcrumb":{"@id":"https:\/\/www.novoutils.com\/es\/dinamometros.html#breadcrumb"},"inLanguage":"es-ES","potentialAction":[{"@type":"ReadAction","target":["https:\/\/www.novoutils.com\/es\/dinamometros.html"]}]},{"@type":"BreadcrumbList","@id":"https:\/\/www.novoutils.com\/es\/dinamometros.html#breadcrumb","itemListElement":[{"@type":"ListItem","position":1,"name":"Accueil","item":"https:\/\/www.novoutils.com\/es\/"},{"@type":"ListItem","position":2,"name":"Dinam\u00f3metros"}]},{"@type":"WebSite","@id":"https:\/\/www.novoutils.com\/es\/#website","url":"https:\/\/www.novoutils.com\/es\/","name":"Novoutils","description":"Ademva Carburab","potentialAction":[{"@type":"SearchAction","target":{"@type":"EntryPoint","urlTemplate":"https:\/\/www.novoutils.com\/es\/?s={search_term_string}"},"query-input":{"@type":"PropertyValueSpecification","valueRequired":true,"valueName":"search_term_string"}}],"inLanguage":"es-ES"}]}},"_links":{"self":[{"href":"https:\/\/www.novoutils.com\/es\/wp-json\/wp\/v2\/pages\/680"}],"collection":[{"href":"https:\/\/www.novoutils.com\/es\/wp-json\/wp\/v2\/pages"}],"about":[{"href":"https:\/\/www.novoutils.com\/es\/wp-json\/wp\/v2\/types\/page"}],"author":[{"embeddable":true,"href":"https:\/\/www.novoutils.com\/es\/wp-json\/wp\/v2\/users\/1"}],"replies":[{"embeddable":true,"href":"https:\/\/www.novoutils.com\/es\/wp-json\/wp\/v2\/comments?post=680"}],"version-history":[{"count":13,"href":"https:\/\/www.novoutils.com\/es\/wp-json\/wp\/v2\/pages\/680\/revisions"}],"predecessor-version":[{"id":2348,"href":"https:\/\/www.novoutils.com\/es\/wp-json\/wp\/v2\/pages\/680\/revisions\/2348"}],"wp:attachment":[{"href":"https:\/\/www.novoutils.com\/es\/wp-json\/wp\/v2\/media?parent=680"}],"curies":[{"name":"wp","href":"https:\/\/api.w.org\/{rel}","templated":true}]}}