{"id":676,"date":"2017-03-16T11:09:16","date_gmt":"2017-03-16T10:09:16","guid":{"rendered":"https:\/\/www.novoutils.com\/?page_id=676"},"modified":"2019-06-14T10:30:31","modified_gmt":"2019-06-14T08:30:31","slug":"herramienta-deformacion","status":"publish","type":"page","link":"https:\/\/www.novoutils.com\/es\/herramienta-deformacion.html","title":{"rendered":"HERRAMIENTAS DE DEFORMACI\u00d3N"},"content":{"rendered":"<div class=\"wpb-content-wrapper\"><p>[vc_row][vc_column][vc_column_text]<\/p>\n<h2>Fabricaci\u00f3n de herramientas de deformaci\u00f3n, moletas para moleteados por deformaci\u00f3n<\/h2>\n<p>[\/vc_column_text][\/vc_column][\/vc_row][vc_row][vc_column width=&#8221;1\/2&#8243;][vc_column_text]<\/p>\n<h2><strong>MATRICES ESPECIALES Y PUNZONES DE DEFORMACI\u00d3N<\/strong><\/h2>\n<figure id=\"attachment_1940\" aria-describedby=\"caption-attachment-1940\" style=\"width: 150px\" class=\"wp-caption alignright\"><img loading=\"lazy\" decoding=\"async\" class=\"size-thumbnail wp-image-1940\" src=\"https:\/\/www.novoutils.com\/es\/wp-content\/uploads\/sites\/3\/2018\/02\/plaquita-matrice-especial-punzon-deformacion-150x150.jpg\" alt=\"Herramienta deformaci\u00f3n, plaquita crimpado\" width=\"150\" height=\"150\" srcset=\"https:\/\/www.novoutils.com\/es\/wp-content\/uploads\/sites\/3\/2018\/02\/plaquita-matrice-especial-punzon-deformacion-150x150.jpg 150w, https:\/\/www.novoutils.com\/es\/wp-content\/uploads\/sites\/3\/2018\/02\/plaquita-matrice-especial-punzon-deformacion-260x260.jpg 260w, https:\/\/www.novoutils.com\/es\/wp-content\/uploads\/sites\/3\/2018\/02\/plaquita-matrice-especial-punzon-deformacion-74x74.jpg 74w\" sizes=\"(max-width: 150px) 100vw, 150px\" \/><figcaption id=\"caption-attachment-1940\" class=\"wp-caption-text\">Herramienta\u00a0 de deformaci\u00f3n: plaquita de crimpado<\/figcaption><\/figure>\n<p>A partir de sus planos, dise\u00f1amos y fabricamos sus <strong>herramientas de corte<\/strong> para\u00a0:<\/p>\n<ul>\n<li>Estampaci\u00f3n en fr\u00edo<\/li>\n<li>Matrizado<\/li>\n<li>Embutici\u00f3n<\/li>\n<li>Crimpado o engastado<\/li>\n<\/ul>\n<p>[\/vc_column_text][vc_images_carousel images=&#8221;1754,1753,1752&#8243; img_size=&#8221;full&#8221; slides_per_view=&#8221;3&#8243;][vc_btn title=&#8221;Matriz de calibrado&#8221; link=&#8221;url:https%3A%2F%2Fwww.novoutils.com%2Fes%2Fherramientas-de-conformado-a-medida.html|||&#8221;][\/vc_column][vc_column width=&#8221;1\/2&#8243;][vc_column_text]<\/p>\n<h2><strong>MOLETA<\/strong><strong>\u00a0DE DEFORMACI\u00d3N,<\/strong><strong>\u00a0RODILLOS DE BRU\u00d1IDO\u00a0,\u00a0RODILLO DE DOBLADO<\/strong><\/h2>\n<p>Para que puedan conseguir los radios y formas deseados, dise\u00f1amos y fabricamos sus <strong>rodillos<\/strong>:<\/p>\n<ul>\n<li><strong>Rodillo de doblado<\/strong><\/li>\n<li><strong>Rodillo para laminado<\/strong><\/li>\n<li><strong>Moletas<\/strong> de galeteado<img loading=\"lazy\" decoding=\"async\" class=\"size-medium wp-image-1750 alignright\" src=\"https:\/\/www.novoutils.com\/es\/wp-content\/uploads\/sites\/3\/2017\/12\/moleta-galeteado-300x200.jpg\" alt=\"Moletas de galeteado\" width=\"300\" height=\"200\" srcset=\"https:\/\/www.novoutils.com\/es\/wp-content\/uploads\/sites\/3\/2017\/12\/moleta-galeteado-300x200.jpg 300w, https:\/\/www.novoutils.com\/es\/wp-content\/uploads\/sites\/3\/2017\/12\/moleta-galeteado-570x382.jpg 570w, https:\/\/www.novoutils.com\/es\/wp-content\/uploads\/sites\/3\/2017\/12\/moleta-galeteado-352x235.jpg 352w, https:\/\/www.novoutils.com\/es\/wp-content\/uploads\/sites\/3\/2017\/12\/moleta-galeteado-360x240.jpg 360w, https:\/\/www.novoutils.com\/es\/wp-content\/uploads\/sites\/3\/2017\/12\/moleta-galeteado.jpg 600w\" sizes=\"(max-width: 300px) 100vw, 300px\" \/><\/li>\n<\/ul>\n<p>[\/vc_column_text][vc_btn title=&#8221;Moleta de galeteado&#8221; link=&#8221;url:https%3A%2F%2Fwww.novoutils.com%2Fes%2Fherramienta-de-conformado-moleta-de-galeteado.html|||&#8221;][\/vc_column][\/vc_row][vc_row][vc_column][vc_column_text]<\/p>\n<h2><strong>RODILLO DE IMPRESI\u00d3N<\/strong><\/h2>\n<p>Les proponemos diversas soluciones personalizadas de marcado:<\/p>\n<ul>\n<li><strong>Moletas<\/strong><strong>\u00a0y porta moletas de marcado (marcado en una o varias veces) <\/strong><\/li>\n<li><strong>Sectores de marcado<\/strong><\/li>\n<li><strong>Punzones de marcado<\/strong><\/li>\n<\/ul>\n<p>[\/vc_column_text][\/vc_column][\/vc_row][vc_row][vc_column][vc_images_carousel images=&#8221;1763,2024,2022,1759,1760,1762,1761,1758,1757&#8243; img_size=&#8221;full&#8221; slides_per_view=&#8221;6&#8243;][\/vc_column][\/vc_row][vc_row][vc_column width=&#8221;1\/2&#8243;][vc_cta h2=&#8221;CONT\u00c1CTENOS &#8221; add_button=&#8221;right&#8221; btn_title=&#8221;Contacto&#8221; btn_i_icon_fontawesome=&#8221;fa fa-envelope&#8221; btn_add_icon=&#8221;true&#8221; btn_link=&#8221;url:https%3A%2F%2Fwww.novoutils.com%2Fes%2Fcontact.html|||&#8221; css=&#8221;.vc_custom_1517930748307{background-color: #3498db !important;}&#8221;]Solicite su presupuesto para una herramienta de deformaci\u00f3n[\/vc_cta][\/vc_column][vc_column width=&#8221;1\/2&#8243;][\/vc_column][\/vc_row]<\/p>\n<\/div>","protected":false},"excerpt":{"rendered":"<p>[vc_row][vc_column][vc_column_text] Fabricaci\u00f3n de herramientas de deformaci\u00f3n, moletas para moleteados por deformaci\u00f3n [\/vc_column_text][\/vc_column][\/vc_row][vc_row][vc_column width=&#8221;1\/2&#8243;][vc_column_text] MATRICES ESPECIALES Y PUNZONES DE DEFORMACI\u00d3N A partir de sus planos, dise\u00f1amos y fabricamos sus herramientas de corte para\u00a0: Estampaci\u00f3n en fr\u00edo Matrizado Embutici\u00f3n Crimpado o engastado [\/vc_column_text][vc_images_carousel images=&#8221;1754,1753,1752&#8243; img_size=&#8221;full&#8221; slides_per_view=&#8221;3&#8243;][vc_btn title=&#8221;Matriz de calibrado&#8221; link=&#8221;url:https%3A%2F%2Fwww.novoutils.com%2Fes%2Fherramientas-de-conformado-a-medida.html|||&#8221;][\/vc_column][vc_column width=&#8221;1\/2&#8243;][vc_column_text] MOLETA\u00a0DE DEFORMACI\u00d3N,\u00a0RODILLOS DE BRU\u00d1IDO\u00a0,\u00a0RODILLO DE DOBLADO [&hellip;]<\/p>\n","protected":false},"author":1,"featured_media":0,"parent":0,"menu_order":0,"comment_status":"closed","ping_status":"closed","template":"","meta":{"_monsterinsights_skip_tracking":false,"_monsterinsights_sitenote_active":false,"_monsterinsights_sitenote_note":"","_monsterinsights_sitenote_category":0,"footnotes":""},"yoast_head":"<!-- This site is optimized with the Yoast SEO plugin v23.5 - https:\/\/yoast.com\/wordpress\/plugins\/seo\/ -->\n<title>Fabricante de herramienta de deformaci\u00f3n, herramienta de moleteado, rueda marcadora<\/title>\n<meta name=\"description\" content=\"Novoutils tiene una gama de herramientas de rueda y deformaci\u00f3n. Solicite su cotizaci\u00f3n.\" \/>\n<meta name=\"robots\" content=\"index, follow, max-snippet:-1, max-image-preview:large, max-video-preview:-1\" \/>\n<link rel=\"canonical\" href=\"https:\/\/www.novoutils.com\/es\/herramienta-deformacion.html\" \/>\n<meta property=\"og:locale\" content=\"es_ES\" \/>\n<meta property=\"og:type\" content=\"article\" \/>\n<meta property=\"og:title\" content=\"Fabricante de herramienta de deformaci\u00f3n, herramienta de moleteado, rueda marcadora\" \/>\n<meta property=\"og:description\" content=\"Novoutils tiene una gama de herramientas de rueda y deformaci\u00f3n. Solicite su cotizaci\u00f3n.\" \/>\n<meta property=\"og:url\" content=\"https:\/\/www.novoutils.com\/es\/herramienta-deformacion.html\" \/>\n<meta property=\"og:site_name\" content=\"Novoutils\" \/>\n<meta property=\"article:modified_time\" content=\"2019-06-14T08:30:31+00:00\" \/>\n<meta property=\"og:image\" content=\"https:\/\/www.novoutils.com\/es\/wp-content\/uploads\/sites\/3\/2018\/02\/plaquita-matrice-especial-punzon-deformacion-150x150.jpg\" \/>\n<meta name=\"twitter:card\" content=\"summary_large_image\" \/>\n<meta name=\"twitter:label1\" content=\"Est. reading time\" \/>\n\t<meta name=\"twitter:data1\" content=\"2 minutes\" \/>\n<script type=\"application\/ld+json\" class=\"yoast-schema-graph\">{\"@context\":\"https:\/\/schema.org\",\"@graph\":[{\"@type\":\"WebPage\",\"@id\":\"https:\/\/www.novoutils.com\/es\/herramienta-deformacion.html\",\"url\":\"https:\/\/www.novoutils.com\/es\/herramienta-deformacion.html\",\"name\":\"Fabricante de herramienta de deformaci\u00f3n, herramienta de moleteado, rueda marcadora\",\"isPartOf\":{\"@id\":\"https:\/\/www.novoutils.com\/es\/#website\"},\"primaryImageOfPage\":{\"@id\":\"https:\/\/www.novoutils.com\/es\/herramienta-deformacion.html#primaryimage\"},\"image\":{\"@id\":\"https:\/\/www.novoutils.com\/es\/herramienta-deformacion.html#primaryimage\"},\"thumbnailUrl\":\"https:\/\/www.novoutils.com\/es\/wp-content\/uploads\/sites\/3\/2018\/02\/plaquita-matrice-especial-punzon-deformacion-150x150.jpg\",\"datePublished\":\"2017-03-16T10:09:16+00:00\",\"dateModified\":\"2019-06-14T08:30:31+00:00\",\"description\":\"Novoutils tiene una gama de herramientas de rueda y deformaci\u00f3n. Solicite su cotizaci\u00f3n.\",\"breadcrumb\":{\"@id\":\"https:\/\/www.novoutils.com\/es\/herramienta-deformacion.html#breadcrumb\"},\"inLanguage\":\"es-ES\",\"potentialAction\":[{\"@type\":\"ReadAction\",\"target\":[\"https:\/\/www.novoutils.com\/es\/herramienta-deformacion.html\"]}]},{\"@type\":\"ImageObject\",\"inLanguage\":\"es-ES\",\"@id\":\"https:\/\/www.novoutils.com\/es\/herramienta-deformacion.html#primaryimage\",\"url\":\"https:\/\/www.novoutils.com\/es\/wp-content\/uploads\/sites\/3\/2018\/02\/plaquita-matrice-especial-punzon-deformacion.jpg\",\"contentUrl\":\"https:\/\/www.novoutils.com\/es\/wp-content\/uploads\/sites\/3\/2018\/02\/plaquita-matrice-especial-punzon-deformacion.jpg\",\"width\":600,\"height\":400,\"caption\":\"Herramienta\u00a0 de deformaci\u00f3n: plaquita de crimpado\"},{\"@type\":\"BreadcrumbList\",\"@id\":\"https:\/\/www.novoutils.com\/es\/herramienta-deformacion.html#breadcrumb\",\"itemListElement\":[{\"@type\":\"ListItem\",\"position\":1,\"name\":\"Accueil\",\"item\":\"https:\/\/www.novoutils.com\/es\/\"},{\"@type\":\"ListItem\",\"position\":2,\"name\":\"HERRAMIENTAS DE DEFORMACI\u00d3N\"}]},{\"@type\":\"WebSite\",\"@id\":\"https:\/\/www.novoutils.com\/es\/#website\",\"url\":\"https:\/\/www.novoutils.com\/es\/\",\"name\":\"Novoutils\",\"description\":\"Ademva Carburab\",\"potentialAction\":[{\"@type\":\"SearchAction\",\"target\":{\"@type\":\"EntryPoint\",\"urlTemplate\":\"https:\/\/www.novoutils.com\/es\/?s={search_term_string}\"},\"query-input\":{\"@type\":\"PropertyValueSpecification\",\"valueRequired\":true,\"valueName\":\"search_term_string\"}}],\"inLanguage\":\"es-ES\"}]}<\/script>\n<!-- \/ Yoast SEO plugin. -->","yoast_head_json":{"title":"Fabricante de herramienta de deformaci\u00f3n, herramienta de moleteado, rueda marcadora","description":"Novoutils tiene una gama de herramientas de rueda y deformaci\u00f3n. Solicite su cotizaci\u00f3n.","robots":{"index":"index","follow":"follow","max-snippet":"max-snippet:-1","max-image-preview":"max-image-preview:large","max-video-preview":"max-video-preview:-1"},"canonical":"https:\/\/www.novoutils.com\/es\/herramienta-deformacion.html","og_locale":"es_ES","og_type":"article","og_title":"Fabricante de herramienta de deformaci\u00f3n, herramienta de moleteado, rueda marcadora","og_description":"Novoutils tiene una gama de herramientas de rueda y deformaci\u00f3n. Solicite su cotizaci\u00f3n.","og_url":"https:\/\/www.novoutils.com\/es\/herramienta-deformacion.html","og_site_name":"Novoutils","article_modified_time":"2019-06-14T08:30:31+00:00","og_image":[{"url":"https:\/\/www.novoutils.com\/es\/wp-content\/uploads\/sites\/3\/2018\/02\/plaquita-matrice-especial-punzon-deformacion-150x150.jpg"}],"twitter_card":"summary_large_image","twitter_misc":{"Est. reading time":"2 minutes"},"schema":{"@context":"https:\/\/schema.org","@graph":[{"@type":"WebPage","@id":"https:\/\/www.novoutils.com\/es\/herramienta-deformacion.html","url":"https:\/\/www.novoutils.com\/es\/herramienta-deformacion.html","name":"Fabricante de herramienta de deformaci\u00f3n, herramienta de moleteado, rueda marcadora","isPartOf":{"@id":"https:\/\/www.novoutils.com\/es\/#website"},"primaryImageOfPage":{"@id":"https:\/\/www.novoutils.com\/es\/herramienta-deformacion.html#primaryimage"},"image":{"@id":"https:\/\/www.novoutils.com\/es\/herramienta-deformacion.html#primaryimage"},"thumbnailUrl":"https:\/\/www.novoutils.com\/es\/wp-content\/uploads\/sites\/3\/2018\/02\/plaquita-matrice-especial-punzon-deformacion-150x150.jpg","datePublished":"2017-03-16T10:09:16+00:00","dateModified":"2019-06-14T08:30:31+00:00","description":"Novoutils tiene una gama de herramientas de rueda y deformaci\u00f3n. Solicite su cotizaci\u00f3n.","breadcrumb":{"@id":"https:\/\/www.novoutils.com\/es\/herramienta-deformacion.html#breadcrumb"},"inLanguage":"es-ES","potentialAction":[{"@type":"ReadAction","target":["https:\/\/www.novoutils.com\/es\/herramienta-deformacion.html"]}]},{"@type":"ImageObject","inLanguage":"es-ES","@id":"https:\/\/www.novoutils.com\/es\/herramienta-deformacion.html#primaryimage","url":"https:\/\/www.novoutils.com\/es\/wp-content\/uploads\/sites\/3\/2018\/02\/plaquita-matrice-especial-punzon-deformacion.jpg","contentUrl":"https:\/\/www.novoutils.com\/es\/wp-content\/uploads\/sites\/3\/2018\/02\/plaquita-matrice-especial-punzon-deformacion.jpg","width":600,"height":400,"caption":"Herramienta\u00a0 de deformaci\u00f3n: plaquita de crimpado"},{"@type":"BreadcrumbList","@id":"https:\/\/www.novoutils.com\/es\/herramienta-deformacion.html#breadcrumb","itemListElement":[{"@type":"ListItem","position":1,"name":"Accueil","item":"https:\/\/www.novoutils.com\/es\/"},{"@type":"ListItem","position":2,"name":"HERRAMIENTAS DE DEFORMACI\u00d3N"}]},{"@type":"WebSite","@id":"https:\/\/www.novoutils.com\/es\/#website","url":"https:\/\/www.novoutils.com\/es\/","name":"Novoutils","description":"Ademva Carburab","potentialAction":[{"@type":"SearchAction","target":{"@type":"EntryPoint","urlTemplate":"https:\/\/www.novoutils.com\/es\/?s={search_term_string}"},"query-input":{"@type":"PropertyValueSpecification","valueRequired":true,"valueName":"search_term_string"}}],"inLanguage":"es-ES"}]}},"_links":{"self":[{"href":"https:\/\/www.novoutils.com\/es\/wp-json\/wp\/v2\/pages\/676"}],"collection":[{"href":"https:\/\/www.novoutils.com\/es\/wp-json\/wp\/v2\/pages"}],"about":[{"href":"https:\/\/www.novoutils.com\/es\/wp-json\/wp\/v2\/types\/page"}],"author":[{"embeddable":true,"href":"https:\/\/www.novoutils.com\/es\/wp-json\/wp\/v2\/users\/1"}],"replies":[{"embeddable":true,"href":"https:\/\/www.novoutils.com\/es\/wp-json\/wp\/v2\/comments?post=676"}],"version-history":[{"count":17,"href":"https:\/\/www.novoutils.com\/es\/wp-json\/wp\/v2\/pages\/676\/revisions"}],"predecessor-version":[{"id":1747,"href":"https:\/\/www.novoutils.com\/es\/wp-json\/wp\/v2\/pages\/676\/revisions\/1747"}],"wp:attachment":[{"href":"https:\/\/www.novoutils.com\/es\/wp-json\/wp\/v2\/media?parent=676"}],"curies":[{"name":"wp","href":"https:\/\/api.w.org\/{rel}","templated":true}]}}