{"id":2902,"date":"2023-11-24T14:04:21","date_gmt":"2023-11-24T13:04:21","guid":{"rendered":"https:\/\/www.novoutils.com\/es\/?page_id=2902"},"modified":"2023-11-24T15:03:32","modified_gmt":"2023-11-24T14:03:32","slug":"rodillos-de-laminacion-de-rosca","status":"publish","type":"page","link":"https:\/\/www.novoutils.com\/es\/rodillos-de-laminacion-de-rosca.html","title":{"rendered":"RODILLOS DE LAMINACI\u00d3N DE ROSCA"},"content":{"rendered":"<div class=\"wpb-content-wrapper\"><p>[vc_row][vc_column width=&#8221;2\/3&#8243;][vc_column_text]<\/p>\n<h2>Roscado por laminaci\u00f3n<\/h2>\n<p>Roscado sin arranque de viruta, El proceso por laminaci\u00f3n consiste en formar roscas a trav\u00e9s de la deformaci\u00f3n. Con este m\u00e9todo, la materia se desplaza y se deforma para obtener el roscado en piezas met\u00e1licas (tornillos, pernos, varillas roscadas).<\/p>\n<p>Este proceso presenta una serie de ventajas<\/p>\n<ul>\n<li><span class=\"fort\"><img loading=\"lazy\" decoding=\"async\" class=\"size-medium wp-image-2903 alignright\" src=\"https:\/\/www.novoutils.com\/es\/wp-content\/uploads\/sites\/3\/2023\/11\/fabricante-de-roscado-por-laminacion.png\" alt=\"Fabricante de roscado por laminaci\u00f3n\" width=\"212\" height=\"300\" \/>gran precisi\u00f3n dimensional y de forma<\/span><\/li>\n<li><span class=\"fort\">mejor acabado : calidad de superficie<\/span><\/li>\n<li><span class=\"fort\">mayor resistencia est\u00e1tica y din\u00e1mica de los perfiles<\/span><\/li>\n<li><span class=\"fort\">tiempo de mecanizado m\u00e1s corto.<\/span><\/li>\n<\/ul>\n<p>[\/vc_column_text][\/vc_column][vc_column width=&#8221;1\/3&#8243;][vc_column_text]<a href=\"https:\/\/www.novoutils.com\/wp-content\/uploads\/cat\/catalogue-emuge-molettes_zp10054_degb.pdf\"><img loading=\"lazy\" decoding=\"async\" class=\"alignnone size-medium wp-image-3992\" src=\"https:\/\/www.novoutils.com\/es\/wp-content\/uploads\/sites\/3\/2023\/11\/catalogo-de-ruedas-rodantes.jpg\" alt=\"cat\u00e1logo de ruedas rodantes\" width=\"212\" height=\"300\" \/><\/a><\/p>\n<p><a href=\"https:\/\/www.novoutils.com\/wp-content\/uploads\/cat\/catalogue-emuge-molettes_zp10054_degb.pdf\"><img loading=\"lazy\" decoding=\"async\" class=\"alignnone size-full wp-image-1048\" src=\"https:\/\/www.novoutils.com\/wp-content\/uploads\/2017\/06\/pdf-1.png\" alt=\"\" width=\"40\" height=\"39\" \/> Catalogo rodillos de laminaci\u00f3n de rosca<\/a>[\/vc_column_text][\/vc_column][\/vc_row][vc_row][vc_column][vc_column_text]<\/p>\n<h2>Rodillos de laminaci\u00f3n de rosca<\/h2>\n<p><img loading=\"lazy\" decoding=\"async\" class=\"size-medium wp-image-3080 alignleft\" src=\"https:\/\/www.novoutils.com\/es\/wp-content\/uploads\/sites\/3\/2023\/11\/distribuidor-Emuge-rueda-de-roscar.jpg\" alt=\"Distribuidor franc\u00e9s Emuge rueda de roscar\" width=\"300\" height=\"140\" \/><\/p>\n<p>&nbsp;<\/p>\n<p>Novoutils y su partner\u00a0 Emuge-Franken pueden responder a sus necesidades en rodillos de laminaci\u00f3n de rosca :<\/p>\n<ul>\n<li><strong>para el laminado en plong\u00e9e<\/strong><\/li>\n<li><strong>para el laminado en enfilada<\/strong><\/li>\n<\/ul>\n<p>&nbsp;<\/p>\n<p>Nuestra amplia gama de rodillos de laminaci\u00f3n de rosca\u00a0 incluye las herramientas adaptadas para\u00a0 producir sus perfiles:<\/p>\n<ul>\n<li><strong>Paso m\u00e9trico Iso, USST, Whitworth<img loading=\"lazy\" decoding=\"async\" class=\"size-medium wp-image-2904 alignright\" src=\"https:\/\/www.novoutils.com\/es\/wp-content\/uploads\/sites\/3\/2023\/11\/herramientas-roscado-por-laminacion.jpg\" alt=\"rodillos de laminaci\u00f3n de rosca\" width=\"300\" height=\"202\" \/><\/strong><\/li>\n<li><strong>Paso trapezoidal<\/strong><\/li>\n<li><strong>Flanco oblicuo<\/strong><\/li>\n<li><strong>Tornillos para madera y roscas redondas<\/strong><\/li>\n<li><strong>Perfiles moleteados y dentados<\/strong><\/li>\n<li><strong>Perfiles de flanco vertical<\/strong><\/li>\n<\/ul>\n<p>[\/vc_column_text][\/vc_column][\/vc_row][vc_row][vc_column width=&#8221;1\/2&#8243;][vc_cta h2=&#8221;P\u00d3NGASE EN CONTACTO CON NOSOTROS&#8221; add_button=&#8221;right&#8221; btn_title=&#8221;Contact&#8221; btn_link=&#8221;url:https%3A%2F%2Fwww.novoutils.com%2Fes%2Fcontact.html|title:Contactarnos&#8221;]Solicite presupuesto para el suministro de rodillos de laminaci\u00f3n de rosca.[\/vc_cta][\/vc_column][vc_column width=&#8221;1\/2&#8243;][\/vc_column][\/vc_row]<\/p>\n<\/div>","protected":false},"excerpt":{"rendered":"<p>[vc_row][vc_column width=&#8221;2\/3&#8243;][vc_column_text] Roscado por laminaci\u00f3n Roscado sin arranque de viruta, El proceso por laminaci\u00f3n consiste en formar roscas a trav\u00e9s de la deformaci\u00f3n. Con este m\u00e9todo, la materia se desplaza y se deforma para obtener el roscado en piezas met\u00e1licas (tornillos, pernos, varillas roscadas). Este proceso presenta una serie de ventajas gran precisi\u00f3n dimensional y [&hellip;]<\/p>\n","protected":false},"author":2,"featured_media":0,"parent":0,"menu_order":0,"comment_status":"closed","ping_status":"closed","template":"","meta":{"_monsterinsights_skip_tracking":false,"_monsterinsights_sitenote_active":false,"_monsterinsights_sitenote_note":"","_monsterinsights_sitenote_category":0,"footnotes":""},"yoast_head":"<!-- This site is optimized with the Yoast SEO plugin v23.5 - https:\/\/yoast.com\/wordpress\/plugins\/seo\/ -->\n<title>Rodillos de laminaci\u00f3n de rosca, provedor de herramientas de laminaci\u00f3n<\/title>\n<meta name=\"description\" content=\"Novoutils distribuye los rodillos de laminaci\u00f3n de rosca Emuge. Visite nuestro sitio web para obtener m\u00e1s informaci\u00f3n sobre nuestra gama de muelas de roscar y solicitar un presupuesto.\" \/>\n<meta name=\"robots\" content=\"index, follow, max-snippet:-1, max-image-preview:large, max-video-preview:-1\" \/>\n<link rel=\"canonical\" href=\"https:\/\/www.novoutils.com\/es\/rodillos-de-laminacion-de-rosca.html\" \/>\n<meta property=\"og:locale\" content=\"es_ES\" \/>\n<meta property=\"og:type\" content=\"article\" \/>\n<meta property=\"og:title\" content=\"Rodillos de laminaci\u00f3n de rosca, provedor de herramientas de laminaci\u00f3n\" \/>\n<meta property=\"og:description\" content=\"Novoutils distribuye los rodillos de laminaci\u00f3n de rosca Emuge. Visite nuestro sitio web para obtener m\u00e1s informaci\u00f3n sobre nuestra gama de muelas de roscar y solicitar un presupuesto.\" \/>\n<meta property=\"og:url\" content=\"https:\/\/www.novoutils.com\/es\/rodillos-de-laminacion-de-rosca.html\" \/>\n<meta property=\"og:site_name\" content=\"Novoutils\" \/>\n<meta property=\"article:modified_time\" content=\"2023-11-24T14:03:32+00:00\" \/>\n<meta property=\"og:image\" content=\"https:\/\/www.novoutils.com\/es\/wp-content\/uploads\/sites\/3\/2023\/11\/fabricante-de-roscado-por-laminacion.png\" \/>\n<meta name=\"twitter:card\" content=\"summary_large_image\" \/>\n<meta name=\"twitter:label1\" content=\"Est. reading time\" \/>\n\t<meta name=\"twitter:data1\" content=\"2 minutes\" \/>\n<script type=\"application\/ld+json\" class=\"yoast-schema-graph\">{\"@context\":\"https:\/\/schema.org\",\"@graph\":[{\"@type\":\"WebPage\",\"@id\":\"https:\/\/www.novoutils.com\/es\/rodillos-de-laminacion-de-rosca.html\",\"url\":\"https:\/\/www.novoutils.com\/es\/rodillos-de-laminacion-de-rosca.html\",\"name\":\"Rodillos de laminaci\u00f3n de rosca, provedor de herramientas de laminaci\u00f3n\",\"isPartOf\":{\"@id\":\"https:\/\/www.novoutils.com\/es\/#website\"},\"primaryImageOfPage\":{\"@id\":\"https:\/\/www.novoutils.com\/es\/rodillos-de-laminacion-de-rosca.html#primaryimage\"},\"image\":{\"@id\":\"https:\/\/www.novoutils.com\/es\/rodillos-de-laminacion-de-rosca.html#primaryimage\"},\"thumbnailUrl\":\"https:\/\/www.novoutils.com\/es\/wp-content\/uploads\/sites\/3\/2023\/11\/fabricante-de-roscado-por-laminacion.png\",\"datePublished\":\"2023-11-24T13:04:21+00:00\",\"dateModified\":\"2023-11-24T14:03:32+00:00\",\"description\":\"Novoutils distribuye los rodillos de laminaci\u00f3n de rosca Emuge. Visite nuestro sitio web para obtener m\u00e1s informaci\u00f3n sobre nuestra gama de muelas de roscar y solicitar un presupuesto.\",\"breadcrumb\":{\"@id\":\"https:\/\/www.novoutils.com\/es\/rodillos-de-laminacion-de-rosca.html#breadcrumb\"},\"inLanguage\":\"es-ES\",\"potentialAction\":[{\"@type\":\"ReadAction\",\"target\":[\"https:\/\/www.novoutils.com\/es\/rodillos-de-laminacion-de-rosca.html\"]}]},{\"@type\":\"ImageObject\",\"inLanguage\":\"es-ES\",\"@id\":\"https:\/\/www.novoutils.com\/es\/rodillos-de-laminacion-de-rosca.html#primaryimage\",\"url\":\"https:\/\/www.novoutils.com\/es\/wp-content\/uploads\/sites\/3\/2023\/11\/img14-removebg-preview.png\",\"contentUrl\":\"https:\/\/www.novoutils.com\/es\/wp-content\/uploads\/sites\/3\/2023\/11\/img14-removebg-preview.png\",\"width\":420,\"height\":594},{\"@type\":\"BreadcrumbList\",\"@id\":\"https:\/\/www.novoutils.com\/es\/rodillos-de-laminacion-de-rosca.html#breadcrumb\",\"itemListElement\":[{\"@type\":\"ListItem\",\"position\":1,\"name\":\"Accueil\",\"item\":\"https:\/\/www.novoutils.com\/es\/\"},{\"@type\":\"ListItem\",\"position\":2,\"name\":\"RODILLOS DE LAMINACI\u00d3N DE ROSCA\"}]},{\"@type\":\"WebSite\",\"@id\":\"https:\/\/www.novoutils.com\/es\/#website\",\"url\":\"https:\/\/www.novoutils.com\/es\/\",\"name\":\"Novoutils\",\"description\":\"Ademva Carburab\",\"potentialAction\":[{\"@type\":\"SearchAction\",\"target\":{\"@type\":\"EntryPoint\",\"urlTemplate\":\"https:\/\/www.novoutils.com\/es\/?s={search_term_string}\"},\"query-input\":{\"@type\":\"PropertyValueSpecification\",\"valueRequired\":true,\"valueName\":\"search_term_string\"}}],\"inLanguage\":\"es-ES\"}]}<\/script>\n<!-- \/ Yoast SEO plugin. -->","yoast_head_json":{"title":"Rodillos de laminaci\u00f3n de rosca, provedor de herramientas de laminaci\u00f3n","description":"Novoutils distribuye los rodillos de laminaci\u00f3n de rosca Emuge. Visite nuestro sitio web para obtener m\u00e1s informaci\u00f3n sobre nuestra gama de muelas de roscar y solicitar un presupuesto.","robots":{"index":"index","follow":"follow","max-snippet":"max-snippet:-1","max-image-preview":"max-image-preview:large","max-video-preview":"max-video-preview:-1"},"canonical":"https:\/\/www.novoutils.com\/es\/rodillos-de-laminacion-de-rosca.html","og_locale":"es_ES","og_type":"article","og_title":"Rodillos de laminaci\u00f3n de rosca, provedor de herramientas de laminaci\u00f3n","og_description":"Novoutils distribuye los rodillos de laminaci\u00f3n de rosca Emuge. Visite nuestro sitio web para obtener m\u00e1s informaci\u00f3n sobre nuestra gama de muelas de roscar y solicitar un presupuesto.","og_url":"https:\/\/www.novoutils.com\/es\/rodillos-de-laminacion-de-rosca.html","og_site_name":"Novoutils","article_modified_time":"2023-11-24T14:03:32+00:00","og_image":[{"url":"https:\/\/www.novoutils.com\/es\/wp-content\/uploads\/sites\/3\/2023\/11\/fabricante-de-roscado-por-laminacion.png"}],"twitter_card":"summary_large_image","twitter_misc":{"Est. reading time":"2 minutes"},"schema":{"@context":"https:\/\/schema.org","@graph":[{"@type":"WebPage","@id":"https:\/\/www.novoutils.com\/es\/rodillos-de-laminacion-de-rosca.html","url":"https:\/\/www.novoutils.com\/es\/rodillos-de-laminacion-de-rosca.html","name":"Rodillos de laminaci\u00f3n de rosca, provedor de herramientas de laminaci\u00f3n","isPartOf":{"@id":"https:\/\/www.novoutils.com\/es\/#website"},"primaryImageOfPage":{"@id":"https:\/\/www.novoutils.com\/es\/rodillos-de-laminacion-de-rosca.html#primaryimage"},"image":{"@id":"https:\/\/www.novoutils.com\/es\/rodillos-de-laminacion-de-rosca.html#primaryimage"},"thumbnailUrl":"https:\/\/www.novoutils.com\/es\/wp-content\/uploads\/sites\/3\/2023\/11\/fabricante-de-roscado-por-laminacion.png","datePublished":"2023-11-24T13:04:21+00:00","dateModified":"2023-11-24T14:03:32+00:00","description":"Novoutils distribuye los rodillos de laminaci\u00f3n de rosca Emuge. Visite nuestro sitio web para obtener m\u00e1s informaci\u00f3n sobre nuestra gama de muelas de roscar y solicitar un presupuesto.","breadcrumb":{"@id":"https:\/\/www.novoutils.com\/es\/rodillos-de-laminacion-de-rosca.html#breadcrumb"},"inLanguage":"es-ES","potentialAction":[{"@type":"ReadAction","target":["https:\/\/www.novoutils.com\/es\/rodillos-de-laminacion-de-rosca.html"]}]},{"@type":"ImageObject","inLanguage":"es-ES","@id":"https:\/\/www.novoutils.com\/es\/rodillos-de-laminacion-de-rosca.html#primaryimage","url":"https:\/\/www.novoutils.com\/es\/wp-content\/uploads\/sites\/3\/2023\/11\/img14-removebg-preview.png","contentUrl":"https:\/\/www.novoutils.com\/es\/wp-content\/uploads\/sites\/3\/2023\/11\/img14-removebg-preview.png","width":420,"height":594},{"@type":"BreadcrumbList","@id":"https:\/\/www.novoutils.com\/es\/rodillos-de-laminacion-de-rosca.html#breadcrumb","itemListElement":[{"@type":"ListItem","position":1,"name":"Accueil","item":"https:\/\/www.novoutils.com\/es\/"},{"@type":"ListItem","position":2,"name":"RODILLOS DE LAMINACI\u00d3N DE ROSCA"}]},{"@type":"WebSite","@id":"https:\/\/www.novoutils.com\/es\/#website","url":"https:\/\/www.novoutils.com\/es\/","name":"Novoutils","description":"Ademva Carburab","potentialAction":[{"@type":"SearchAction","target":{"@type":"EntryPoint","urlTemplate":"https:\/\/www.novoutils.com\/es\/?s={search_term_string}"},"query-input":{"@type":"PropertyValueSpecification","valueRequired":true,"valueName":"search_term_string"}}],"inLanguage":"es-ES"}]}},"_links":{"self":[{"href":"https:\/\/www.novoutils.com\/es\/wp-json\/wp\/v2\/pages\/2902"}],"collection":[{"href":"https:\/\/www.novoutils.com\/es\/wp-json\/wp\/v2\/pages"}],"about":[{"href":"https:\/\/www.novoutils.com\/es\/wp-json\/wp\/v2\/types\/page"}],"author":[{"embeddable":true,"href":"https:\/\/www.novoutils.com\/es\/wp-json\/wp\/v2\/users\/2"}],"replies":[{"embeddable":true,"href":"https:\/\/www.novoutils.com\/es\/wp-json\/wp\/v2\/comments?post=2902"}],"version-history":[{"count":5,"href":"https:\/\/www.novoutils.com\/es\/wp-json\/wp\/v2\/pages\/2902\/revisions"}],"predecessor-version":[{"id":2915,"href":"https:\/\/www.novoutils.com\/es\/wp-json\/wp\/v2\/pages\/2902\/revisions\/2915"}],"wp:attachment":[{"href":"https:\/\/www.novoutils.com\/es\/wp-json\/wp\/v2\/media?parent=2902"}],"curies":[{"name":"wp","href":"https:\/\/api.w.org\/{rel}","templated":true}]}}