{"id":2879,"date":"2023-09-15T15:03:03","date_gmt":"2023-09-15T13:03:03","guid":{"rendered":"https:\/\/www.novoutils.com\/es\/?page_id=2879"},"modified":"2023-09-18T16:50:14","modified_gmt":"2023-09-18T14:50:14","slug":"espiga-de-control-en-acero","status":"publish","type":"page","link":"https:\/\/www.novoutils.com\/es\/espiga-de-control-en-acero.html","title":{"rendered":"ESPIGA DE  CONTROL EN  ACERO"},"content":{"rendered":"<div class=\"wpb-content-wrapper\"><p>[vc_row][vc_column width=&#8221;1\/3&#8243;][vc_single_image image=&#8221;2880&#8243; img_size=&#8221;medium&#8221;][vc_row_inner][vc_column_inner][vc_cta h2=&#8221;CONT\u00c1CTENOS&#8221; color=&#8221;sky&#8221; add_button=&#8221;bottom&#8221; btn_title=&#8221;Contact&#8221; btn_color=&#8221;sky&#8221; btn_link=&#8221;url:https%3A%2F%2Fwww.novoutils.com%2Fes%2Fcontact.html|title:Contactarnos&#8221;]Solicite presupuesto para sus espigas en \u00a0acero est\u00e1ndar NFE11.017[\/vc_cta][\/vc_column_inner][\/vc_row_inner][\/vc_column][vc_column width=&#8221;2\/3&#8243;][vc_column_text]<\/p>\n<h2>ESPIGA DE \u00a0CONTROL EN \u00a0ACERO<\/h2>\n<p>Para completar su gama de soluciones de mecanizado, Novoutils tambi\u00e9n responde a \u00a0sus necesidades de <strong class=\"d2b\">espigas en acero<\/strong> :<\/p>\n<ul>\n<li>Tolerancia +\/- 1,5 \u03bcm &#8211; Clase 2 seg\u00fan la <strong class=\"d2b\">norma NFE11.017<\/strong><\/li>\n<li>Stock de 0,50 a 20,00 mm &#8211; cada 0,01<\/li>\n<li>Disponible con o sin mango<\/li>\n<li>Dureza 65 HRC<\/li>\n<li>Certificado de calibraci\u00f3n disponible bajo pedido<\/li>\n<\/ul>\n<p>Se ofrece el grabado l\u00e1ser para la identificaci\u00f3n GMM (especificarlo en el momento del pedido)<\/p>\n<p>&nbsp;<\/p>\n<p>&nbsp;<\/p>\n<p><img loading=\"lazy\" decoding=\"async\" class=\"alignnone size-medium wp-image-3939\" src=\"https:\/\/www.novoutils.com\/es\/wp-content\/uploads\/sites\/3\/2023\/09\/fabricante-barra-de-control-de-acero.jpg\" alt=\"Fabricante de espiga de control en acero\" width=\"300\" height=\"137\" \/>\u00a0 \u00a0 \u00a0 \u00a0 \u00a0 \u00a0 \u00a0 \u00a0 \u00a0 \u00a0 \u00a0 \u00a0 <img loading=\"lazy\" decoding=\"async\" class=\"alignnone size-full wp-image-3938\" src=\"https:\/\/www.novoutils.com\/es\/wp-content\/uploads\/sites\/3\/2023\/09\/diseno-personalizado-barra-de-control-acero.jpg\" alt=\"Dise\u00f1o personalizado barra de control de acero; espiga de control\" width=\"290\" height=\"141\" \/>[\/vc_column_text][\/vc_column][vc_column][\/vc_column][\/vc_row][vc_row][vc_column width=&#8221;2\/3&#8243;][vc_column_text]CONT\u00c1CTENOS<\/p>\n<p>Solicite presupuesto para sus espigas en \u00a0acero est\u00e1ndar NFE11.017<\/p>\n<p>Contacto Espa\u00f1a : \u00a093 171 68 99<\/p>\n<p>Mail : \u00a0<a href=\"mailto:an*@*******ls.com\" data-original-string=\"Kh6BvKboNfyETtF5l\/e+3A==16dnMc1iCsxPd4fUkqYDYI6Bt7Wox5qhe5aVNpjmwYayKc=\" title=\"This contact has been encoded by Anti-Spam by CleanTalk. Click to decode. To finish the decoding make sure that JavaScript is enabled in your browser.\"><span \n                data-original-string='\/\/\/Zxxc7jYkR\/cUpoWHXNA==16dK8wwavZSvMrp21yDvPFkSkPTyblZVqP1NABnG6WLvww='\n                class='apbct-email-encoder'\n                title='This contact has been encoded by Anti-Spam by CleanTalk. Click to decode. To finish the decoding make sure that JavaScript is enabled in your browser.'>an<span class=\"apbct-blur\">*<\/span>@<span class=\"apbct-blur\">*******<\/span>ls.com<\/span><\/a>[\/vc_column_text][\/vc_column][vc_column width=&#8221;1\/3&#8243;][\/vc_column][\/vc_row]<\/p>\n<\/div>","protected":false},"excerpt":{"rendered":"<p>[vc_row][vc_column width=&#8221;1\/3&#8243;][vc_single_image image=&#8221;2880&#8243; img_size=&#8221;medium&#8221;][vc_row_inner][vc_column_inner][vc_cta h2=&#8221;CONT\u00c1CTENOS&#8221; color=&#8221;sky&#8221; add_button=&#8221;bottom&#8221; btn_title=&#8221;Contact&#8221; btn_color=&#8221;sky&#8221; btn_link=&#8221;url:https%3A%2F%2Fwww.novoutils.com%2Fes%2Fcontact.html|title:Contactarnos&#8221;]Solicite presupuesto para sus espigas en \u00a0acero est\u00e1ndar NFE11.017[\/vc_cta][\/vc_column_inner][\/vc_row_inner][\/vc_column][vc_column width=&#8221;2\/3&#8243;][vc_column_text] ESPIGA DE \u00a0CONTROL EN \u00a0ACERO Para completar su gama de soluciones de mecanizado, Novoutils tambi\u00e9n responde a \u00a0sus necesidades de espigas en acero : Tolerancia +\/- 1,5 \u03bcm &#8211; Clase 2 seg\u00fan la norma NFE11.017 Stock [&hellip;]<\/p>\n","protected":false},"author":2,"featured_media":0,"parent":0,"menu_order":0,"comment_status":"closed","ping_status":"closed","template":"","meta":{"_monsterinsights_skip_tracking":false,"_monsterinsights_sitenote_active":false,"_monsterinsights_sitenote_note":"","_monsterinsights_sitenote_category":0,"footnotes":""},"yoast_head":"<!-- This site is optimized with the Yoast SEO plugin v23.5 - https:\/\/yoast.com\/wordpress\/plugins\/seo\/ -->\n<title>Fabricante espiga de control en acero, Dise\u00f1o barra de control<\/title>\n<meta name=\"description\" content=\"Novoutils es especialista en espigas de control de acero. P\u00f3ngase en contacto con nosotros para m\u00e1s detalles.\" \/>\n<meta name=\"robots\" content=\"index, follow, max-snippet:-1, max-image-preview:large, max-video-preview:-1\" \/>\n<link rel=\"canonical\" href=\"https:\/\/www.novoutils.com\/es\/espiga-de-control-en-acero.html\" \/>\n<meta property=\"og:locale\" content=\"es_ES\" \/>\n<meta property=\"og:type\" content=\"article\" \/>\n<meta property=\"og:title\" content=\"Fabricante espiga de control en acero, Dise\u00f1o barra de control\" \/>\n<meta property=\"og:description\" content=\"Novoutils es especialista en espigas de control de acero. P\u00f3ngase en contacto con nosotros para m\u00e1s detalles.\" \/>\n<meta property=\"og:url\" content=\"https:\/\/www.novoutils.com\/es\/espiga-de-control-en-acero.html\" \/>\n<meta property=\"og:site_name\" content=\"Novoutils\" \/>\n<meta property=\"article:modified_time\" content=\"2023-09-18T14:50:14+00:00\" \/>\n<meta property=\"og:image\" content=\"https:\/\/www.novoutils.com\/es\/wp-content\/uploads\/sites\/3\/2023\/09\/fabricante-barra-de-control-de-acero.jpg\" \/>\n<meta name=\"twitter:card\" content=\"summary_large_image\" \/>\n<meta name=\"twitter:label1\" content=\"Est. reading time\" \/>\n\t<meta name=\"twitter:data1\" content=\"1 minute\" \/>\n<script type=\"application\/ld+json\" class=\"yoast-schema-graph\">{\"@context\":\"https:\/\/schema.org\",\"@graph\":[{\"@type\":\"WebPage\",\"@id\":\"https:\/\/www.novoutils.com\/es\/espiga-de-control-en-acero.html\",\"url\":\"https:\/\/www.novoutils.com\/es\/espiga-de-control-en-acero.html\",\"name\":\"Fabricante espiga de control en acero, Dise\u00f1o barra de control\",\"isPartOf\":{\"@id\":\"https:\/\/www.novoutils.com\/es\/#website\"},\"primaryImageOfPage\":{\"@id\":\"https:\/\/www.novoutils.com\/es\/espiga-de-control-en-acero.html#primaryimage\"},\"image\":{\"@id\":\"https:\/\/www.novoutils.com\/es\/espiga-de-control-en-acero.html#primaryimage\"},\"thumbnailUrl\":\"https:\/\/www.novoutils.com\/es\/wp-content\/uploads\/sites\/3\/2023\/09\/fabricante-barra-de-control-de-acero.jpg\",\"datePublished\":\"2023-09-15T13:03:03+00:00\",\"dateModified\":\"2023-09-18T14:50:14+00:00\",\"description\":\"Novoutils es especialista en espigas de control de acero. P\u00f3ngase en contacto con nosotros para m\u00e1s detalles.\",\"breadcrumb\":{\"@id\":\"https:\/\/www.novoutils.com\/es\/espiga-de-control-en-acero.html#breadcrumb\"},\"inLanguage\":\"es-ES\",\"potentialAction\":[{\"@type\":\"ReadAction\",\"target\":[\"https:\/\/www.novoutils.com\/es\/espiga-de-control-en-acero.html\"]}]},{\"@type\":\"ImageObject\",\"inLanguage\":\"es-ES\",\"@id\":\"https:\/\/www.novoutils.com\/es\/espiga-de-control-en-acero.html#primaryimage\",\"url\":\"https:\/\/www.novoutils.com\/es\/wp-content\/uploads\/sites\/3\/2023\/09\/fabricante-barra-de-control-de-acero.jpg\",\"contentUrl\":\"https:\/\/www.novoutils.com\/es\/wp-content\/uploads\/sites\/3\/2023\/09\/fabricante-barra-de-control-de-acero.jpg\",\"width\":300,\"height\":137},{\"@type\":\"BreadcrumbList\",\"@id\":\"https:\/\/www.novoutils.com\/es\/espiga-de-control-en-acero.html#breadcrumb\",\"itemListElement\":[{\"@type\":\"ListItem\",\"position\":1,\"name\":\"Accueil\",\"item\":\"https:\/\/www.novoutils.com\/es\/\"},{\"@type\":\"ListItem\",\"position\":2,\"name\":\"ESPIGA DE CONTROL EN ACERO\"}]},{\"@type\":\"WebSite\",\"@id\":\"https:\/\/www.novoutils.com\/es\/#website\",\"url\":\"https:\/\/www.novoutils.com\/es\/\",\"name\":\"Novoutils\",\"description\":\"Ademva Carburab\",\"potentialAction\":[{\"@type\":\"SearchAction\",\"target\":{\"@type\":\"EntryPoint\",\"urlTemplate\":\"https:\/\/www.novoutils.com\/es\/?s={search_term_string}\"},\"query-input\":{\"@type\":\"PropertyValueSpecification\",\"valueRequired\":true,\"valueName\":\"search_term_string\"}}],\"inLanguage\":\"es-ES\"}]}<\/script>\n<!-- \/ Yoast SEO plugin. -->","yoast_head_json":{"title":"Fabricante espiga de control en acero, Dise\u00f1o barra de control","description":"Novoutils es especialista en espigas de control de acero. P\u00f3ngase en contacto con nosotros para m\u00e1s detalles.","robots":{"index":"index","follow":"follow","max-snippet":"max-snippet:-1","max-image-preview":"max-image-preview:large","max-video-preview":"max-video-preview:-1"},"canonical":"https:\/\/www.novoutils.com\/es\/espiga-de-control-en-acero.html","og_locale":"es_ES","og_type":"article","og_title":"Fabricante espiga de control en acero, Dise\u00f1o barra de control","og_description":"Novoutils es especialista en espigas de control de acero. P\u00f3ngase en contacto con nosotros para m\u00e1s detalles.","og_url":"https:\/\/www.novoutils.com\/es\/espiga-de-control-en-acero.html","og_site_name":"Novoutils","article_modified_time":"2023-09-18T14:50:14+00:00","og_image":[{"url":"https:\/\/www.novoutils.com\/es\/wp-content\/uploads\/sites\/3\/2023\/09\/fabricante-barra-de-control-de-acero.jpg"}],"twitter_card":"summary_large_image","twitter_misc":{"Est. reading time":"1 minute"},"schema":{"@context":"https:\/\/schema.org","@graph":[{"@type":"WebPage","@id":"https:\/\/www.novoutils.com\/es\/espiga-de-control-en-acero.html","url":"https:\/\/www.novoutils.com\/es\/espiga-de-control-en-acero.html","name":"Fabricante espiga de control en acero, Dise\u00f1o barra de control","isPartOf":{"@id":"https:\/\/www.novoutils.com\/es\/#website"},"primaryImageOfPage":{"@id":"https:\/\/www.novoutils.com\/es\/espiga-de-control-en-acero.html#primaryimage"},"image":{"@id":"https:\/\/www.novoutils.com\/es\/espiga-de-control-en-acero.html#primaryimage"},"thumbnailUrl":"https:\/\/www.novoutils.com\/es\/wp-content\/uploads\/sites\/3\/2023\/09\/fabricante-barra-de-control-de-acero.jpg","datePublished":"2023-09-15T13:03:03+00:00","dateModified":"2023-09-18T14:50:14+00:00","description":"Novoutils es especialista en espigas de control de acero. P\u00f3ngase en contacto con nosotros para m\u00e1s detalles.","breadcrumb":{"@id":"https:\/\/www.novoutils.com\/es\/espiga-de-control-en-acero.html#breadcrumb"},"inLanguage":"es-ES","potentialAction":[{"@type":"ReadAction","target":["https:\/\/www.novoutils.com\/es\/espiga-de-control-en-acero.html"]}]},{"@type":"ImageObject","inLanguage":"es-ES","@id":"https:\/\/www.novoutils.com\/es\/espiga-de-control-en-acero.html#primaryimage","url":"https:\/\/www.novoutils.com\/es\/wp-content\/uploads\/sites\/3\/2023\/09\/fabricante-barra-de-control-de-acero.jpg","contentUrl":"https:\/\/www.novoutils.com\/es\/wp-content\/uploads\/sites\/3\/2023\/09\/fabricante-barra-de-control-de-acero.jpg","width":300,"height":137},{"@type":"BreadcrumbList","@id":"https:\/\/www.novoutils.com\/es\/espiga-de-control-en-acero.html#breadcrumb","itemListElement":[{"@type":"ListItem","position":1,"name":"Accueil","item":"https:\/\/www.novoutils.com\/es\/"},{"@type":"ListItem","position":2,"name":"ESPIGA DE CONTROL EN ACERO"}]},{"@type":"WebSite","@id":"https:\/\/www.novoutils.com\/es\/#website","url":"https:\/\/www.novoutils.com\/es\/","name":"Novoutils","description":"Ademva Carburab","potentialAction":[{"@type":"SearchAction","target":{"@type":"EntryPoint","urlTemplate":"https:\/\/www.novoutils.com\/es\/?s={search_term_string}"},"query-input":{"@type":"PropertyValueSpecification","valueRequired":true,"valueName":"search_term_string"}}],"inLanguage":"es-ES"}]}},"_links":{"self":[{"href":"https:\/\/www.novoutils.com\/es\/wp-json\/wp\/v2\/pages\/2879"}],"collection":[{"href":"https:\/\/www.novoutils.com\/es\/wp-json\/wp\/v2\/pages"}],"about":[{"href":"https:\/\/www.novoutils.com\/es\/wp-json\/wp\/v2\/types\/page"}],"author":[{"embeddable":true,"href":"https:\/\/www.novoutils.com\/es\/wp-json\/wp\/v2\/users\/2"}],"replies":[{"embeddable":true,"href":"https:\/\/www.novoutils.com\/es\/wp-json\/wp\/v2\/comments?post=2879"}],"version-history":[{"count":5,"href":"https:\/\/www.novoutils.com\/es\/wp-json\/wp\/v2\/pages\/2879\/revisions"}],"predecessor-version":[{"id":2888,"href":"https:\/\/www.novoutils.com\/es\/wp-json\/wp\/v2\/pages\/2879\/revisions\/2888"}],"wp:attachment":[{"href":"https:\/\/www.novoutils.com\/es\/wp-json\/wp\/v2\/media?parent=2879"}],"curies":[{"name":"wp","href":"https:\/\/api.w.org\/{rel}","templated":true}]}}