{"id":2840,"date":"2023-05-30T16:00:22","date_gmt":"2023-05-30T14:00:22","guid":{"rendered":"https:\/\/www.novoutils.com\/es\/?page_id=2840"},"modified":"2024-03-18T11:00:16","modified_gmt":"2024-03-18T10:00:16","slug":"calibres-lisos-de-acero","status":"publish","type":"page","link":"https:\/\/www.novoutils.com\/es\/calibres-lisos-de-acero.html","title":{"rendered":"CALIBRES LISOS DE ACERO"},"content":{"rendered":"<div class=\"wpb-content-wrapper\"><p>[vc_row][vc_column width=&#8221;2\/3&#8243;][vc_column_text]<\/p>\n<h3><strong>CALIBRES LISOS DE ACERO <\/strong><\/h3>\n<h2><img loading=\"lazy\" decoding=\"async\" class=\"size-medium wp-image-3822 alignleft\" style=\"font-size: 16px;\" src=\"https:\/\/www.novoutils.com\/wp-content\/uploads\/2023\/05\/metrologie-tampon_lisse-300x187.png\" alt=\"\" width=\"300\" height=\"187\" \/><\/h2>\n<h2><img loading=\"lazy\" decoding=\"async\" class=\"size-full wp-image-3821 alignright\" src=\"https:\/\/www.novoutils.com\/wp-content\/uploads\/2023\/05\/metrologie-bague_lisse.png\" alt=\"\" width=\"236\" height=\"256\" \/><\/h2>\n<p>&nbsp;<\/p>\n<p>&nbsp;<\/p>\n<p>&nbsp;<\/p>\n<p>&nbsp;<\/p>\n<p>&nbsp;<\/p>\n<p>&nbsp;<\/p>\n<p>&nbsp;<\/p>\n<p>Especializada en la fabricaci\u00f3n de herramientas de corte de alta precisi\u00f3n desde hace m\u00e1s de 50 a\u00f1os, Novoutils le ofrece tambi\u00e9n una amplia gama de calibres de control fabricados seg\u00fan las normas ISO1938-1, NFE02-205 o seg\u00fan sus especificaciones:<\/p>\n<ul>\n<li>Anillos y tampones<\/li>\n<li>Calibres de mordaza<\/li>\n<li>Calibres planos<\/li>\n<li>Patrones<\/li>\n<li>Fabricaci\u00f3n especial seg\u00fan plano<\/li>\n<li><\/li>\n<\/ul>\n<p><strong><em>Certificado de calibraci\u00f3n COFRAC a petici\u00f3n <\/em><\/strong>[\/vc_column_text][\/vc_column][vc_column width=&#8221;1\/3&#8243;][vc_column_text]<strong>Un interlocutor especializado para sus calibres y tampones de control : \u00a0<\/strong><\/p>\n<p>Nuestro t\u00e9cnico comercial especializado en herramientas de control dimensional le propondr\u00e1 una soluci\u00f3n adaptada a sus necesidades.<\/p>\n<p><strong>Contacto\u00a0 : 93 171 68 99<\/strong>[\/vc_column_text][vc_row_inner][vc_column_inner][vc_cta h2=&#8221;CONT\u00c1CTENOS&#8221; color=&#8221;sky&#8221; add_button=&#8221;bottom&#8221; btn_title=&#8221;Contacto&#8221; btn_color=&#8221;sky&#8221; btn_link=&#8221;url:https%3A%2F%2Fwww.novoutils.com%2Fes%2Fcontact.html|title:Contactarnos&#8221;]Solic\u00edtenos un presupuesto para sus tampones y anillos lisos.[\/vc_cta][\/vc_column_inner][\/vc_row_inner][\/vc_column][\/vc_row][vc_row][vc_column width=&#8221;2\/3&#8243;][\/vc_column][vc_column width=&#8221;1\/3&#8243;][\/vc_column][\/vc_row]<\/p>\n<\/div>","protected":false},"excerpt":{"rendered":"<p>[vc_row][vc_column width=&#8221;2\/3&#8243;][vc_column_text] CALIBRES LISOS DE ACERO &nbsp; &nbsp; &nbsp; &nbsp; &nbsp; &nbsp; &nbsp; Especializada en la fabricaci\u00f3n de herramientas de corte de alta precisi\u00f3n desde hace m\u00e1s de 50 a\u00f1os, Novoutils le ofrece tambi\u00e9n una amplia gama de calibres de control fabricados seg\u00fan las normas ISO1938-1, NFE02-205 o seg\u00fan sus especificaciones: Anillos y tampones Calibres [&hellip;]<\/p>\n","protected":false},"author":2,"featured_media":0,"parent":0,"menu_order":0,"comment_status":"closed","ping_status":"closed","template":"","meta":{"_monsterinsights_skip_tracking":false,"_monsterinsights_sitenote_active":false,"_monsterinsights_sitenote_note":"","_monsterinsights_sitenote_category":0,"footnotes":""},"yoast_head":"<!-- This site is optimized with the Yoast SEO plugin v23.5 - https:\/\/yoast.com\/wordpress\/plugins\/seo\/ -->\n<title>CALIBRES LISOS DE ACERO - Novoutils<\/title>\n<meta name=\"robots\" content=\"index, follow, max-snippet:-1, max-image-preview:large, max-video-preview:-1\" \/>\n<link rel=\"canonical\" href=\"https:\/\/www.novoutils.com\/es\/calibres-lisos-de-acero.html\" \/>\n<meta property=\"og:locale\" content=\"es_ES\" \/>\n<meta property=\"og:type\" content=\"article\" \/>\n<meta property=\"og:title\" content=\"CALIBRES LISOS DE ACERO - Novoutils\" \/>\n<meta property=\"og:description\" content=\"[vc_row][vc_column width=&#8221;2\/3&#8243;][vc_column_text] CALIBRES LISOS DE ACERO &nbsp; &nbsp; &nbsp; &nbsp; &nbsp; &nbsp; &nbsp; Especializada en la fabricaci\u00f3n de herramientas de corte de alta precisi\u00f3n desde hace m\u00e1s de 50 a\u00f1os, Novoutils le ofrece tambi\u00e9n una amplia gama de calibres de control fabricados seg\u00fan las normas ISO1938-1, NFE02-205 o seg\u00fan sus especificaciones: Anillos y tampones Calibres [&hellip;]\" \/>\n<meta property=\"og:url\" content=\"https:\/\/www.novoutils.com\/es\/calibres-lisos-de-acero.html\" \/>\n<meta property=\"og:site_name\" content=\"Novoutils\" \/>\n<meta property=\"article:modified_time\" content=\"2024-03-18T10:00:16+00:00\" \/>\n<meta property=\"og:image\" content=\"https:\/\/www.novoutils.com\/wp-content\/uploads\/2023\/05\/metrologie-tampon_lisse-300x187.png\" \/>\n<meta name=\"twitter:card\" content=\"summary_large_image\" \/>\n<meta name=\"twitter:label1\" content=\"Est. reading time\" \/>\n\t<meta name=\"twitter:data1\" content=\"1 minute\" \/>\n<script type=\"application\/ld+json\" class=\"yoast-schema-graph\">{\"@context\":\"https:\/\/schema.org\",\"@graph\":[{\"@type\":\"WebPage\",\"@id\":\"https:\/\/www.novoutils.com\/es\/calibres-lisos-de-acero.html\",\"url\":\"https:\/\/www.novoutils.com\/es\/calibres-lisos-de-acero.html\",\"name\":\"CALIBRES LISOS DE ACERO - Novoutils\",\"isPartOf\":{\"@id\":\"https:\/\/www.novoutils.com\/es\/#website\"},\"primaryImageOfPage\":{\"@id\":\"https:\/\/www.novoutils.com\/es\/calibres-lisos-de-acero.html#primaryimage\"},\"image\":{\"@id\":\"https:\/\/www.novoutils.com\/es\/calibres-lisos-de-acero.html#primaryimage\"},\"thumbnailUrl\":\"https:\/\/www.novoutils.com\/wp-content\/uploads\/2023\/05\/metrologie-tampon_lisse-300x187.png\",\"datePublished\":\"2023-05-30T14:00:22+00:00\",\"dateModified\":\"2024-03-18T10:00:16+00:00\",\"breadcrumb\":{\"@id\":\"https:\/\/www.novoutils.com\/es\/calibres-lisos-de-acero.html#breadcrumb\"},\"inLanguage\":\"es-ES\",\"potentialAction\":[{\"@type\":\"ReadAction\",\"target\":[\"https:\/\/www.novoutils.com\/es\/calibres-lisos-de-acero.html\"]}]},{\"@type\":\"ImageObject\",\"inLanguage\":\"es-ES\",\"@id\":\"https:\/\/www.novoutils.com\/es\/calibres-lisos-de-acero.html#primaryimage\",\"url\":\"https:\/\/www.novoutils.com\/wp-content\/uploads\/2023\/05\/metrologie-tampon_lisse-300x187.png\",\"contentUrl\":\"https:\/\/www.novoutils.com\/wp-content\/uploads\/2023\/05\/metrologie-tampon_lisse-300x187.png\"},{\"@type\":\"BreadcrumbList\",\"@id\":\"https:\/\/www.novoutils.com\/es\/calibres-lisos-de-acero.html#breadcrumb\",\"itemListElement\":[{\"@type\":\"ListItem\",\"position\":1,\"name\":\"Accueil\",\"item\":\"https:\/\/www.novoutils.com\/es\/\"},{\"@type\":\"ListItem\",\"position\":2,\"name\":\"CALIBRES LISOS DE ACERO\"}]},{\"@type\":\"WebSite\",\"@id\":\"https:\/\/www.novoutils.com\/es\/#website\",\"url\":\"https:\/\/www.novoutils.com\/es\/\",\"name\":\"Novoutils\",\"description\":\"Ademva Carburab\",\"potentialAction\":[{\"@type\":\"SearchAction\",\"target\":{\"@type\":\"EntryPoint\",\"urlTemplate\":\"https:\/\/www.novoutils.com\/es\/?s={search_term_string}\"},\"query-input\":{\"@type\":\"PropertyValueSpecification\",\"valueRequired\":true,\"valueName\":\"search_term_string\"}}],\"inLanguage\":\"es-ES\"}]}<\/script>\n<!-- \/ Yoast SEO plugin. -->","yoast_head_json":{"title":"CALIBRES LISOS DE ACERO - Novoutils","robots":{"index":"index","follow":"follow","max-snippet":"max-snippet:-1","max-image-preview":"max-image-preview:large","max-video-preview":"max-video-preview:-1"},"canonical":"https:\/\/www.novoutils.com\/es\/calibres-lisos-de-acero.html","og_locale":"es_ES","og_type":"article","og_title":"CALIBRES LISOS DE ACERO - Novoutils","og_description":"[vc_row][vc_column width=&#8221;2\/3&#8243;][vc_column_text] CALIBRES LISOS DE ACERO &nbsp; &nbsp; &nbsp; &nbsp; &nbsp; &nbsp; &nbsp; Especializada en la fabricaci\u00f3n de herramientas de corte de alta precisi\u00f3n desde hace m\u00e1s de 50 a\u00f1os, Novoutils le ofrece tambi\u00e9n una amplia gama de calibres de control fabricados seg\u00fan las normas ISO1938-1, NFE02-205 o seg\u00fan sus especificaciones: Anillos y tampones Calibres [&hellip;]","og_url":"https:\/\/www.novoutils.com\/es\/calibres-lisos-de-acero.html","og_site_name":"Novoutils","article_modified_time":"2024-03-18T10:00:16+00:00","og_image":[{"url":"https:\/\/www.novoutils.com\/wp-content\/uploads\/2023\/05\/metrologie-tampon_lisse-300x187.png"}],"twitter_card":"summary_large_image","twitter_misc":{"Est. reading time":"1 minute"},"schema":{"@context":"https:\/\/schema.org","@graph":[{"@type":"WebPage","@id":"https:\/\/www.novoutils.com\/es\/calibres-lisos-de-acero.html","url":"https:\/\/www.novoutils.com\/es\/calibres-lisos-de-acero.html","name":"CALIBRES LISOS DE ACERO - Novoutils","isPartOf":{"@id":"https:\/\/www.novoutils.com\/es\/#website"},"primaryImageOfPage":{"@id":"https:\/\/www.novoutils.com\/es\/calibres-lisos-de-acero.html#primaryimage"},"image":{"@id":"https:\/\/www.novoutils.com\/es\/calibres-lisos-de-acero.html#primaryimage"},"thumbnailUrl":"https:\/\/www.novoutils.com\/wp-content\/uploads\/2023\/05\/metrologie-tampon_lisse-300x187.png","datePublished":"2023-05-30T14:00:22+00:00","dateModified":"2024-03-18T10:00:16+00:00","breadcrumb":{"@id":"https:\/\/www.novoutils.com\/es\/calibres-lisos-de-acero.html#breadcrumb"},"inLanguage":"es-ES","potentialAction":[{"@type":"ReadAction","target":["https:\/\/www.novoutils.com\/es\/calibres-lisos-de-acero.html"]}]},{"@type":"ImageObject","inLanguage":"es-ES","@id":"https:\/\/www.novoutils.com\/es\/calibres-lisos-de-acero.html#primaryimage","url":"https:\/\/www.novoutils.com\/wp-content\/uploads\/2023\/05\/metrologie-tampon_lisse-300x187.png","contentUrl":"https:\/\/www.novoutils.com\/wp-content\/uploads\/2023\/05\/metrologie-tampon_lisse-300x187.png"},{"@type":"BreadcrumbList","@id":"https:\/\/www.novoutils.com\/es\/calibres-lisos-de-acero.html#breadcrumb","itemListElement":[{"@type":"ListItem","position":1,"name":"Accueil","item":"https:\/\/www.novoutils.com\/es\/"},{"@type":"ListItem","position":2,"name":"CALIBRES LISOS DE ACERO"}]},{"@type":"WebSite","@id":"https:\/\/www.novoutils.com\/es\/#website","url":"https:\/\/www.novoutils.com\/es\/","name":"Novoutils","description":"Ademva Carburab","potentialAction":[{"@type":"SearchAction","target":{"@type":"EntryPoint","urlTemplate":"https:\/\/www.novoutils.com\/es\/?s={search_term_string}"},"query-input":{"@type":"PropertyValueSpecification","valueRequired":true,"valueName":"search_term_string"}}],"inLanguage":"es-ES"}]}},"_links":{"self":[{"href":"https:\/\/www.novoutils.com\/es\/wp-json\/wp\/v2\/pages\/2840"}],"collection":[{"href":"https:\/\/www.novoutils.com\/es\/wp-json\/wp\/v2\/pages"}],"about":[{"href":"https:\/\/www.novoutils.com\/es\/wp-json\/wp\/v2\/types\/page"}],"author":[{"embeddable":true,"href":"https:\/\/www.novoutils.com\/es\/wp-json\/wp\/v2\/users\/2"}],"replies":[{"embeddable":true,"href":"https:\/\/www.novoutils.com\/es\/wp-json\/wp\/v2\/comments?post=2840"}],"version-history":[{"count":6,"href":"https:\/\/www.novoutils.com\/es\/wp-json\/wp\/v2\/pages\/2840\/revisions"}],"predecessor-version":[{"id":2925,"href":"https:\/\/www.novoutils.com\/es\/wp-json\/wp\/v2\/pages\/2840\/revisions\/2925"}],"wp:attachment":[{"href":"https:\/\/www.novoutils.com\/es\/wp-json\/wp\/v2\/media?parent=2840"}],"curies":[{"name":"wp","href":"https:\/\/api.w.org\/{rel}","templated":true}]}}