{"id":2756,"date":"2022-08-29T09:17:34","date_gmt":"2022-08-29T07:17:34","guid":{"rendered":"https:\/\/www.novoutils.com\/es\/?page_id=2756"},"modified":"2022-08-29T09:18:13","modified_gmt":"2022-08-29T07:18:13","slug":"distribucion-de-maquinas-brunidoras-pemamo","status":"publish","type":"page","link":"https:\/\/www.novoutils.com\/es\/distribucion-de-maquinas-brunidoras-pemamo.html","title":{"rendered":"Distribuci\u00f3n de m\u00e1quinas bru\u00f1idoras PEMAMO"},"content":{"rendered":"<div class=\"wpb-content-wrapper\"><p>[vc_row][vc_column][vc_column_text]Distribuci\u00f3n de m\u00e1quinas bru\u00f1idoras PEMAMO: m\u00e1quinas, dispositivos y herramientas de bru\u00f1ido<\/p>\n<h2><\/h2>\n<p>[\/vc_column_text][vc_row_inner][vc_column_inner width=&#8221;2\/3&#8243;][vc_column_text]<\/p>\n<p style=\"text-align: left;\"><img loading=\"lazy\" decoding=\"async\" class=\"alignnone size-medium wp-image-3601\" src=\"https:\/\/www.novoutils.com\/wp-content\/uploads\/2022\/06\/logo-300x68.png\" alt=\"\" width=\"300\" height=\"68\" \/><\/p>\n<div class=\"dfd-heading-shortcode\">\n<div id=\"dfd-heading-62ac665a4c965\" class=\"dfd-heading-module-wrap text-center style_01 dfd-heading-62ac665a4c965 dfd-disable-resposive-headings\">\n<div class=\"inline-block\">\n<div class=\"dfd-heading-module\">\n<p>Con sede en Suiza, PEMAMO est\u00e1 especializada en la fabricaci\u00f3n de m\u00e1quinas y herramientas de lapeado de alta precisi\u00f3n desde 1988.<\/p>\n<h2>Dise\u00f1o y fabricaci\u00f3n de m\u00e1quinas de bru\u00f1ido<\/h2>\n<p>La gama PEMAMO se compone de m\u00e1quinas manuales o autom\u00e1ticas, capaces de trabajar en completa autonom\u00eda gracias a una estaci\u00f3n de medici\u00f3n integrada que permite corregir la dimensi\u00f3n final as\u00ed como la geometr\u00eda del agujero:<\/p>\n<p>M\u00e1quinas \u00a0bru\u00f1idoras horizontales<\/p>\n<p>M\u00e1quinas bru\u00f1idoras verticales<\/p>\n<p>&nbsp;<\/p>\n<\/div>\n<p>&nbsp;<\/p>\n<\/div>\n<\/div>\n<\/div>\n<p>[\/vc_column_text][\/vc_column_inner][vc_column_inner width=&#8221;1\/3&#8243;][vc_btn title=&#8221; Catalogos PEMAMO &#8221; color=&#8221;sky&#8221; align=&#8221;center&#8221; i_icon_fontawesome=&#8221;fa fa-file-pdf-o&#8221; add_icon=&#8221;true&#8221; link=&#8221;url:https%3A%2F%2Fwww.novoutils.com%2Fcatalogues-pemamo-machines-rodage-rodoir.html|title:Acc%C3%A9der%20aux%20catalogues%20Dieterle||&#8221;][vc_cta h2=&#8221;CONT\u00c1CTENOS&#8221; add_button=&#8221;bottom&#8221; btn_title=&#8221;Contacto&#8221; btn_i_icon_fontawesome=&#8221;fa fa-envelope&#8221; btn_add_icon=&#8221;true&#8221; btn_link=&#8221;url:https%3A%2F%2Fwww.novoutils.com%2Fcontact.html|title:Contact||&#8221; css=&#8221;.vc_custom_1661757489960{background-color: #3498db !important;}&#8221;]<\/p>\n<div class=\"wpb_column vc_column_container vc_col-sm-6\">\n<div class=\"vc_column-inner \">\n<div class=\"wpb_wrapper\">\n<section class=\"vc_cta3-container\">\n<div class=\"vc_general vc_cta3 vc_cta3-style-classic vc_cta3-shape-rounded vc_cta3-align-left vc_cta3-color-classic vc_cta3-icon-size-md vc_cta3-actions-right vc_custom_1517930790282\">\n<div class=\"vc_cta3_content-container\">\n<div class=\"vc_cta3-content\">\n<p>Solicite presupuesto para la adquisici\u00f3n de m\u00e1quinas bru\u00f1idoras Pemamo<\/p>\n<\/div>\n<div class=\"vc_cta3-actions\">\n<div class=\"vc_btn3-container vc_btn3-inline\"><\/div>\n<\/div>\n<\/div>\n<\/div>\n<\/section>\n<\/div>\n<\/div>\n<\/div>\n<p>[\/vc_cta][\/vc_column_inner][\/vc_row_inner][\/vc_column][\/vc_row][vc_row][vc_column width=&#8221;1\/3&#8243;][vc_column_text]<img loading=\"lazy\" decoding=\"async\" class=\"alignnone size-medium wp-image-3604\" src=\"https:\/\/www.novoutils.com\/wp-content\/uploads\/2022\/06\/mrl150-300x199.png\" alt=\"\" width=\"300\" height=\"199\" \/><\/p>\n<div class=\"dfd-heading-shortcode\">\n<div id=\"dfd-heading-62b05c00df201\" class=\"dfd-heading-module-wrap text-left style_01 cr-animate-gen dfd-heading-62b05c00df201 dfd-disable-resposive-headings animation-done\" data-animate-type=\"transition.slideRightBigIn\">\n<div class=\"inline-block\">\n<div class=\"dfd-heading-module\">\n<p>M\u00e1quina bru\u00f1idora horizontal<\/p>\n<p>MRL 150 \/ 250<\/p>\n<p>Rango de bru\u00f1ido \u00d8 1,5 &#8211; 70 mm<\/p>\n<p>1 o 2 husillos<\/p>\n<p>Sistema de expansi\u00f3n autom\u00e1tico<\/p>\n<p>Motor lineal<\/p>\n<\/div>\n<\/div>\n<\/div>\n<\/div>\n<p>[\/vc_column_text][\/vc_column][vc_column width=&#8221;1\/3&#8243;][vc_column_text]<img loading=\"lazy\" decoding=\"async\" class=\"alignnone size-medium wp-image-3603\" src=\"https:\/\/www.novoutils.com\/wp-content\/uploads\/2022\/06\/mdr140-300x199.png\" alt=\"\" width=\"300\" height=\"199\" \/><\/p>\n<div class=\"dfd-heading-shortcode\">\n<div id=\"dfd-heading-62b05bc700892\" class=\"dfd-heading-module-wrap text-left style_01 cr-animate-gen dfd-heading-62b05bc700892 dfd-disable-resposive-headings animation-done\" data-animate-type=\"transition.slideRightBigIn\">\n<div class=\"inline-block\">\n<div class=\"dfd-heading-module\">\n<p>M\u00e1quina bru\u00f1idora horizontal<\/p>\n<p>MDR 140 \/ 240 NC<\/p>\n<p>Rango de bru\u00f1ido \u00d8 1,5 &#8211; 50 mm<\/p>\n<p>1 o 2 husillos<\/p>\n<p>Sistema de expansi\u00f3n autom\u00e1tico<\/p>\n<\/div>\n<\/div>\n<\/div>\n<\/div>\n<p>[\/vc_column_text][\/vc_column][vc_column width=&#8221;1\/3&#8243;][vc_column_text]<img loading=\"lazy\" decoding=\"async\" class=\"alignnone size-medium wp-image-3602\" src=\"https:\/\/www.novoutils.com\/wp-content\/uploads\/2022\/06\/mdr120-300x199.png\" alt=\"\" width=\"300\" height=\"199\" \/><\/p>\n<div class=\"dfd-heading-shortcode\">\n<div id=\"dfd-heading-62b05b7aad901\" class=\"dfd-heading-module-wrap text-left style_01 cr-animate-gen dfd-heading-62b05b7aad901 dfd-disable-resposive-headings animation-done\" data-animate-type=\"transition.slideRightBigIn\">\n<div class=\"inline-block\">\n<div class=\"dfd-heading-module\">\n<p>M\u00e1quina bru\u00f1idora \u00a0horizontal<\/p>\n<p>MDR 120 E<\/p>\n<p>Rango de bru\u00f1ido \u00d8 0,6 &#8211; 70 mm<\/p>\n<p>Sistema de expansi\u00f3n semiautom\u00e1tica<\/p>\n<\/div>\n<\/div>\n<\/div>\n<\/div>\n<p>[\/vc_column_text][\/vc_column][\/vc_row][vc_row][vc_column width=&#8221;1\/3&#8243;][vc_column_text]<img loading=\"lazy\" decoding=\"async\" class=\"alignnone size-medium wp-image-3607\" src=\"https:\/\/www.novoutils.com\/wp-content\/uploads\/2022\/06\/mvrl160-300x199.png\" alt=\"\" width=\"300\" height=\"199\" \/><\/p>\n<div class=\"dfd-heading-shortcode\">\n<div id=\"dfd-heading-62ac735642143\" class=\"dfd-heading-module-wrap text-left style_01 cr-animate-gen dfd-heading-62ac735642143 dfd-disable-resposive-headings animation-done\" data-animate-type=\"transition.slideRightBigIn\">\n<div class=\"inline-block\">\n<div class=\"dfd-heading-module\"><\/div>\n<\/div>\n<\/div>\n<\/div>\n<div id=\"dfd-icon-list-62ac7356422e4-286\" class=\"dfd-icon-list-wrap style-1 \">\n<div class=\"dfd-list-content clearfix \">\n<p>Bru\u00f1idora vertical<\/p>\n<p>MVRL 160<\/p>\n<p>&nbsp;<\/p>\n<p>Rango de bru\u00f1ido \u00d8 1,0 &#8211; 70 mm<\/p>\n<p>1 o 2 husillos<\/p>\n<p>Tabla de ranuras en T<\/p>\n<p>Mesa giratoria de 2 &#8211; 4 &#8211; 6 posiciones<\/p>\n<p>Motor lineal<\/p>\n<\/div>\n<\/div>\n<p>[\/vc_column_text][\/vc_column][vc_column width=&#8221;1\/3&#8243;][vc_column_text]<img loading=\"lazy\" decoding=\"async\" class=\"alignnone size-medium wp-image-3606\" src=\"https:\/\/www.novoutils.com\/wp-content\/uploads\/2022\/06\/mvr060t-300x199.png\" alt=\"\" width=\"300\" height=\"199\" \/><\/p>\n<div class=\"dfd-heading-shortcode\">\n<div id=\"dfd-heading-62ac739891320\" class=\"dfd-heading-module-wrap text-left style_01 cr-animate-gen dfd-heading-62ac739891320 dfd-disable-resposive-headings animation-done\" data-animate-type=\"transition.slideRightBigIn\">\n<div class=\"inline-block\">\n<div class=\"dfd-heading-module\">\n<p>Bru\u00f1idora vertical<\/p>\n<p>MVR 060 T<\/p>\n<p>Rango de bru\u00f1ido \u00d8 0,6 &#8211; 2,5 mm<\/p>\n<p>Mesa giratoria de 2 posiciones<\/p>\n<p>Ampliaci\u00f3n autom\u00e1tica<\/p>\n<\/div>\n<\/div>\n<\/div>\n<\/div>\n<p>[\/vc_column_text][\/vc_column][vc_column width=&#8221;1\/3&#8243;][vc_column_text]<img loading=\"lazy\" decoding=\"async\" class=\"alignnone size-medium wp-image-3605\" src=\"https:\/\/www.novoutils.com\/wp-content\/uploads\/2022\/06\/mvr060at-300x199.png\" alt=\"\" width=\"300\" height=\"199\" \/><\/p>\n<div class=\"dfd-heading-shortcode\">\n<div id=\"dfd-heading-62ac73cd30496\" class=\"dfd-heading-module-wrap text-left style_01 cr-animate-gen dfd-heading-62ac73cd30496 dfd-disable-resposive-headings animation-done\" data-animate-type=\"transition.slideRightBigIn\">\n<div class=\"inline-block\">\n<div class=\"dfd-heading-module\">\n<p>Bru\u00f1idora vertical<\/p>\n<\/div>\n<\/div>\n<\/div>\n<\/div>\n<div id=\"dfd-heading-62ac73cd3057d\" class=\"dfd-heading-module-wrap text-left style_01 cr-animate-gen dfd-heading-62ac73cd3057d dfd-disable-resposive-headings animation-done\" data-animate-type=\"transition.slideRightBigIn\">\n<div class=\"inline-block\">\n<div class=\"dfd-heading-module\">\n<p class=\"widget-title dfd-title \">MVR 060 AT<\/p>\n<\/div>\n<\/div>\n<\/div>\n<div id=\"dfd-icon-list-62ac73cd3067e-653\" class=\"dfd-icon-list-wrap style-1 \">\n<div class=\"dfd-list-content-block content\">\n<p>Rango de bru\u00f1ido \u00d8 0,6 &#8211; 2,5 mm<\/p>\n<p>Mesa giratoria de 2 posiciones<\/p>\n<p>Ampliaci\u00f3n autom\u00e1tica<\/p>\n<\/div>\n<div class=\"dfd-list-content-block content\">Charge \/ D\u00e9charge<\/div>\n<div class=\"dfd-list-content clearfix \">\n<p class=\"dfd-list-content-block content\">Station de mesure<\/p>\n<\/div>\n<\/div>\n<p>[\/vc_column_text][\/vc_column][\/vc_row][vc_row][vc_column width=&#8221;2\/3&#8243;][vc_column_text]Novoutils cubre las necesidades en m\u00e1quinas bru\u00f1idoras de las industrias m\u00e1s exigentes:<\/p>\n<ul>\n<li>Fabricantes de moldes<\/li>\n<li>Hidr\u00e1ulica: herramientas de bru\u00f1ido para mangos hidr\u00e1ulicos<\/li>\n<li>M\u00e9dica<\/li>\n<li>Automoci\u00f3n: herramientas de bru\u00f1ido para cajas de cambio<\/li>\n<li>Corte\/estampado<\/li>\n<li>Relojer\u00eda<\/li>\n<li>Aeron\u00e1utica<\/li>\n<\/ul>\n<p>&nbsp;<\/p>\n<ul>\n<li>A\u00e9ronautique<\/li>\n<\/ul>\n<p>[\/vc_column_text][vc_empty_space][\/vc_column][vc_column width=&#8221;1\/3&#8243;][vc_row_inner][vc_column_inner][\/vc_column_inner][\/vc_row_inner][\/vc_column][\/vc_row]<\/p>\n<\/div>","protected":false},"excerpt":{"rendered":"<p>[vc_row][vc_column][vc_column_text]Distribuci\u00f3n de m\u00e1quinas bru\u00f1idoras PEMAMO: m\u00e1quinas, dispositivos y herramientas de bru\u00f1ido [\/vc_column_text][vc_row_inner][vc_column_inner width=&#8221;2\/3&#8243;][vc_column_text] Con sede en Suiza, PEMAMO est\u00e1 especializada en la fabricaci\u00f3n de m\u00e1quinas y herramientas de lapeado de alta precisi\u00f3n desde 1988. Dise\u00f1o y fabricaci\u00f3n de m\u00e1quinas de bru\u00f1ido La gama PEMAMO se compone de m\u00e1quinas manuales o autom\u00e1ticas, capaces de trabajar en [&hellip;]<\/p>\n","protected":false},"author":2,"featured_media":0,"parent":0,"menu_order":0,"comment_status":"closed","ping_status":"closed","template":"","meta":{"_monsterinsights_skip_tracking":false,"_monsterinsights_sitenote_active":false,"_monsterinsights_sitenote_note":"","_monsterinsights_sitenote_category":0,"footnotes":""},"yoast_head":"<!-- This site is optimized with the Yoast SEO plugin v23.5 - https:\/\/yoast.com\/wordpress\/plugins\/seo\/ -->\n<title>Distribuidor m\u00e1quina brunidora Pemamo<\/title>\n<meta name=\"robots\" content=\"index, follow, max-snippet:-1, max-image-preview:large, max-video-preview:-1\" \/>\n<link rel=\"canonical\" href=\"https:\/\/www.novoutils.com\/es\/distribucion-de-maquinas-brunidoras-pemamo.html\" \/>\n<meta property=\"og:locale\" content=\"es_ES\" \/>\n<meta property=\"og:type\" content=\"article\" \/>\n<meta property=\"og:title\" content=\"Distribuidor m\u00e1quina brunidora Pemamo\" \/>\n<meta property=\"og:description\" content=\"[vc_row][vc_column][vc_column_text]Distribuci\u00f3n de m\u00e1quinas bru\u00f1idoras PEMAMO: m\u00e1quinas, dispositivos y herramientas de bru\u00f1ido [\/vc_column_text][vc_row_inner][vc_column_inner width=&#8221;2\/3&#8243;][vc_column_text] Con sede en Suiza, PEMAMO est\u00e1 especializada en la fabricaci\u00f3n de m\u00e1quinas y herramientas de lapeado de alta precisi\u00f3n desde 1988. Dise\u00f1o y fabricaci\u00f3n de m\u00e1quinas de bru\u00f1ido La gama PEMAMO se compone de m\u00e1quinas manuales o autom\u00e1ticas, capaces de trabajar en [&hellip;]\" \/>\n<meta property=\"og:url\" content=\"https:\/\/www.novoutils.com\/es\/distribucion-de-maquinas-brunidoras-pemamo.html\" \/>\n<meta property=\"og:site_name\" content=\"Novoutils\" \/>\n<meta property=\"article:modified_time\" content=\"2022-08-29T07:18:13+00:00\" \/>\n<meta property=\"og:image\" content=\"https:\/\/www.novoutils.com\/wp-content\/uploads\/2022\/06\/logo-300x68.png\" \/>\n<meta name=\"twitter:card\" content=\"summary_large_image\" \/>\n<meta name=\"twitter:label1\" content=\"Est. reading time\" \/>\n\t<meta name=\"twitter:data1\" content=\"3 minutes\" \/>\n<script type=\"application\/ld+json\" class=\"yoast-schema-graph\">{\"@context\":\"https:\/\/schema.org\",\"@graph\":[{\"@type\":\"WebPage\",\"@id\":\"https:\/\/www.novoutils.com\/es\/distribucion-de-maquinas-brunidoras-pemamo.html\",\"url\":\"https:\/\/www.novoutils.com\/es\/distribucion-de-maquinas-brunidoras-pemamo.html\",\"name\":\"Distribuidor m\u00e1quina brunidora Pemamo\",\"isPartOf\":{\"@id\":\"https:\/\/www.novoutils.com\/es\/#website\"},\"primaryImageOfPage\":{\"@id\":\"https:\/\/www.novoutils.com\/es\/distribucion-de-maquinas-brunidoras-pemamo.html#primaryimage\"},\"image\":{\"@id\":\"https:\/\/www.novoutils.com\/es\/distribucion-de-maquinas-brunidoras-pemamo.html#primaryimage\"},\"thumbnailUrl\":\"https:\/\/www.novoutils.com\/wp-content\/uploads\/2022\/06\/logo-300x68.png\",\"datePublished\":\"2022-08-29T07:17:34+00:00\",\"dateModified\":\"2022-08-29T07:18:13+00:00\",\"breadcrumb\":{\"@id\":\"https:\/\/www.novoutils.com\/es\/distribucion-de-maquinas-brunidoras-pemamo.html#breadcrumb\"},\"inLanguage\":\"es-ES\",\"potentialAction\":[{\"@type\":\"ReadAction\",\"target\":[\"https:\/\/www.novoutils.com\/es\/distribucion-de-maquinas-brunidoras-pemamo.html\"]}]},{\"@type\":\"ImageObject\",\"inLanguage\":\"es-ES\",\"@id\":\"https:\/\/www.novoutils.com\/es\/distribucion-de-maquinas-brunidoras-pemamo.html#primaryimage\",\"url\":\"https:\/\/www.novoutils.com\/wp-content\/uploads\/2022\/06\/logo-300x68.png\",\"contentUrl\":\"https:\/\/www.novoutils.com\/wp-content\/uploads\/2022\/06\/logo-300x68.png\"},{\"@type\":\"BreadcrumbList\",\"@id\":\"https:\/\/www.novoutils.com\/es\/distribucion-de-maquinas-brunidoras-pemamo.html#breadcrumb\",\"itemListElement\":[{\"@type\":\"ListItem\",\"position\":1,\"name\":\"Accueil\",\"item\":\"https:\/\/www.novoutils.com\/es\/\"},{\"@type\":\"ListItem\",\"position\":2,\"name\":\"Distribuci\u00f3n de m\u00e1quinas bru\u00f1idoras PEMAMO\"}]},{\"@type\":\"WebSite\",\"@id\":\"https:\/\/www.novoutils.com\/es\/#website\",\"url\":\"https:\/\/www.novoutils.com\/es\/\",\"name\":\"Novoutils\",\"description\":\"Ademva Carburab\",\"potentialAction\":[{\"@type\":\"SearchAction\",\"target\":{\"@type\":\"EntryPoint\",\"urlTemplate\":\"https:\/\/www.novoutils.com\/es\/?s={search_term_string}\"},\"query-input\":{\"@type\":\"PropertyValueSpecification\",\"valueRequired\":true,\"valueName\":\"search_term_string\"}}],\"inLanguage\":\"es-ES\"}]}<\/script>\n<!-- \/ Yoast SEO plugin. -->","yoast_head_json":{"title":"Distribuidor m\u00e1quina brunidora Pemamo","robots":{"index":"index","follow":"follow","max-snippet":"max-snippet:-1","max-image-preview":"max-image-preview:large","max-video-preview":"max-video-preview:-1"},"canonical":"https:\/\/www.novoutils.com\/es\/distribucion-de-maquinas-brunidoras-pemamo.html","og_locale":"es_ES","og_type":"article","og_title":"Distribuidor m\u00e1quina brunidora Pemamo","og_description":"[vc_row][vc_column][vc_column_text]Distribuci\u00f3n de m\u00e1quinas bru\u00f1idoras PEMAMO: m\u00e1quinas, dispositivos y herramientas de bru\u00f1ido [\/vc_column_text][vc_row_inner][vc_column_inner width=&#8221;2\/3&#8243;][vc_column_text] Con sede en Suiza, PEMAMO est\u00e1 especializada en la fabricaci\u00f3n de m\u00e1quinas y herramientas de lapeado de alta precisi\u00f3n desde 1988. Dise\u00f1o y fabricaci\u00f3n de m\u00e1quinas de bru\u00f1ido La gama PEMAMO se compone de m\u00e1quinas manuales o autom\u00e1ticas, capaces de trabajar en [&hellip;]","og_url":"https:\/\/www.novoutils.com\/es\/distribucion-de-maquinas-brunidoras-pemamo.html","og_site_name":"Novoutils","article_modified_time":"2022-08-29T07:18:13+00:00","og_image":[{"url":"https:\/\/www.novoutils.com\/wp-content\/uploads\/2022\/06\/logo-300x68.png"}],"twitter_card":"summary_large_image","twitter_misc":{"Est. reading time":"3 minutes"},"schema":{"@context":"https:\/\/schema.org","@graph":[{"@type":"WebPage","@id":"https:\/\/www.novoutils.com\/es\/distribucion-de-maquinas-brunidoras-pemamo.html","url":"https:\/\/www.novoutils.com\/es\/distribucion-de-maquinas-brunidoras-pemamo.html","name":"Distribuidor m\u00e1quina brunidora Pemamo","isPartOf":{"@id":"https:\/\/www.novoutils.com\/es\/#website"},"primaryImageOfPage":{"@id":"https:\/\/www.novoutils.com\/es\/distribucion-de-maquinas-brunidoras-pemamo.html#primaryimage"},"image":{"@id":"https:\/\/www.novoutils.com\/es\/distribucion-de-maquinas-brunidoras-pemamo.html#primaryimage"},"thumbnailUrl":"https:\/\/www.novoutils.com\/wp-content\/uploads\/2022\/06\/logo-300x68.png","datePublished":"2022-08-29T07:17:34+00:00","dateModified":"2022-08-29T07:18:13+00:00","breadcrumb":{"@id":"https:\/\/www.novoutils.com\/es\/distribucion-de-maquinas-brunidoras-pemamo.html#breadcrumb"},"inLanguage":"es-ES","potentialAction":[{"@type":"ReadAction","target":["https:\/\/www.novoutils.com\/es\/distribucion-de-maquinas-brunidoras-pemamo.html"]}]},{"@type":"ImageObject","inLanguage":"es-ES","@id":"https:\/\/www.novoutils.com\/es\/distribucion-de-maquinas-brunidoras-pemamo.html#primaryimage","url":"https:\/\/www.novoutils.com\/wp-content\/uploads\/2022\/06\/logo-300x68.png","contentUrl":"https:\/\/www.novoutils.com\/wp-content\/uploads\/2022\/06\/logo-300x68.png"},{"@type":"BreadcrumbList","@id":"https:\/\/www.novoutils.com\/es\/distribucion-de-maquinas-brunidoras-pemamo.html#breadcrumb","itemListElement":[{"@type":"ListItem","position":1,"name":"Accueil","item":"https:\/\/www.novoutils.com\/es\/"},{"@type":"ListItem","position":2,"name":"Distribuci\u00f3n de m\u00e1quinas bru\u00f1idoras PEMAMO"}]},{"@type":"WebSite","@id":"https:\/\/www.novoutils.com\/es\/#website","url":"https:\/\/www.novoutils.com\/es\/","name":"Novoutils","description":"Ademva Carburab","potentialAction":[{"@type":"SearchAction","target":{"@type":"EntryPoint","urlTemplate":"https:\/\/www.novoutils.com\/es\/?s={search_term_string}"},"query-input":{"@type":"PropertyValueSpecification","valueRequired":true,"valueName":"search_term_string"}}],"inLanguage":"es-ES"}]}},"_links":{"self":[{"href":"https:\/\/www.novoutils.com\/es\/wp-json\/wp\/v2\/pages\/2756"}],"collection":[{"href":"https:\/\/www.novoutils.com\/es\/wp-json\/wp\/v2\/pages"}],"about":[{"href":"https:\/\/www.novoutils.com\/es\/wp-json\/wp\/v2\/types\/page"}],"author":[{"embeddable":true,"href":"https:\/\/www.novoutils.com\/es\/wp-json\/wp\/v2\/users\/2"}],"replies":[{"embeddable":true,"href":"https:\/\/www.novoutils.com\/es\/wp-json\/wp\/v2\/comments?post=2756"}],"version-history":[{"count":2,"href":"https:\/\/www.novoutils.com\/es\/wp-json\/wp\/v2\/pages\/2756\/revisions"}],"predecessor-version":[{"id":2758,"href":"https:\/\/www.novoutils.com\/es\/wp-json\/wp\/v2\/pages\/2756\/revisions\/2758"}],"wp:attachment":[{"href":"https:\/\/www.novoutils.com\/es\/wp-json\/wp\/v2\/media?parent=2756"}],"curies":[{"name":"wp","href":"https:\/\/api.w.org\/{rel}","templated":true}]}}