{"id":2754,"date":"2022-08-29T09:02:14","date_gmt":"2022-08-29T07:02:14","guid":{"rendered":"https:\/\/www.novoutils.com\/es\/?page_id=2754"},"modified":"2022-09-02T10:32:28","modified_gmt":"2022-09-02T08:32:28","slug":"distribucion-de-herramientas-de-brunido-pemamo","status":"publish","type":"page","link":"https:\/\/www.novoutils.com\/es\/distribucion-de-herramientas-de-brunido-pemamo.html","title":{"rendered":"Distribuci\u00f3n de herramientas de bru\u00f1ido PEMAMO"},"content":{"rendered":"<div class=\"wpb-content-wrapper\"><p>[vc_row][vc_column][vc_column_text]<\/p>\n<h2>Distribuci\u00f3n de herramientas de bru\u00f1ido PEMAMO<\/h2>\n<h2><\/h2>\n<p>[\/vc_column_text][vc_row_inner][vc_column_inner width=&#8221;2\/3&#8243;][vc_column_text]<\/p>\n<p style=\"text-align: left;\"><img loading=\"lazy\" decoding=\"async\" class=\"alignnone size-medium wp-image-3601\" src=\"https:\/\/www.novoutils.com\/wp-content\/uploads\/2022\/06\/logo-300x68.png\" alt=\"\" width=\"300\" height=\"68\" \/><\/p>\n<div class=\"dfd-heading-shortcode\">\n<div id=\"dfd-heading-62ac665a4c965\" class=\"dfd-heading-module-wrap text-center style_01 dfd-heading-62ac665a4c965 dfd-disable-resposive-headings\">\n<div class=\"inline-block\">\n<p>Con sede en Suiza, PEMAMO se ha especializado en la fabricaci\u00f3n de m\u00e1quinas y herramientas de bru\u00f1ido de alta precisi\u00f3n desde 1988.<\/p>\n<p>Las ventajas de la gama de bru\u00f1idoras PEMAMO<\/p>\n<p>Las bru\u00f1idoras manuales PEMAMO convierten su taladro, torno o fresadora en una bru\u00f1idora de alta precisi\u00f3n de forma sencilla y r\u00e1pida.<\/p>\n<p>Un tope regulable garantiza una repetibilidad de la cota final de bru\u00f1ido inferior a 1 \u00b5m y reduce al m\u00ednimo los controles dimensionales.<\/p>\n<p>Gracias al dise\u00f1o de nuestras bru\u00f1idoras, los alesados interrumpidos o con chaveta pueden bru\u00f1irse \u00a0sin problemas.<\/p>\n<p>&nbsp;<\/p>\n<\/div>\n<\/div>\n<\/div>\n<p>[\/vc_column_text][\/vc_column_inner][vc_column_inner width=&#8221;1\/3&#8243;][vc_btn title=&#8221;Catalogos &#8221; color=&#8221;sky&#8221; align=&#8221;center&#8221; i_icon_fontawesome=&#8221;fa fa-file-pdf-o&#8221; add_icon=&#8221;true&#8221; link=&#8221;url:https%3A%2F%2Fwww.novoutils.com%2Fes%2Fcatalogos-pemamo-maquinas-dispositivos-y-herramientas-de-brunido.html|title:Catalogos%20PEMAMO||&#8221;][vc_cta h2=&#8221;CONT\u00c1CTENOS&#8221; add_button=&#8221;bottom&#8221; btn_title=&#8221;Contact&#8221; btn_i_icon_fontawesome=&#8221;fa fa-envelope&#8221; btn_add_icon=&#8221;true&#8221; btn_link=&#8221;url:https%3A%2F%2Fwww.novoutils.com%2Fes%2Fcontact.html|title:Contact||&#8221; css=&#8221;.vc_custom_1662107157527{background-color: #3498db !important;}&#8221;]Solicite su presupuesto para herramientas de bru\u00f1ido PEMAMO[\/vc_cta][\/vc_column_inner][\/vc_row_inner][\/vc_column][\/vc_row][vc_row][vc_column width=&#8221;1\/2&#8243;][vc_column_text]<\/p>\n<div class=\"dfd-heading-shortcode\">\n<div id=\"dfd-heading-62ac735642143\" class=\"dfd-heading-module-wrap text-left style_01 cr-animate-gen dfd-heading-62ac735642143 dfd-disable-resposive-headings animation-done\" data-animate-type=\"transition.slideRightBigIn\">\n<div class=\"inline-block\">\n<div class=\"dfd-heading-module\">\n<div class=\"dfd-heading-shortcode\">\n<div id=\"dfd-heading-62b062847c4b7\" class=\"dfd-heading-module-wrap text-left style_01 cr-animate-gen dfd-heading-62b062847c4b7 dfd-disable-resposive-headings animation-done\" data-animate-type=\"transition.slideRightBigIn\">\n<div class=\"inline-block\">\n<div class=\"dfd-heading-module\">\n<p class=\"widget-title dfd-title \"><img loading=\"lazy\" decoding=\"async\" class=\"alignnone size-medium wp-image-3595\" src=\"https:\/\/www.novoutils.com\/wp-content\/uploads\/2022\/06\/828.814-300x300.png\" alt=\"\" width=\"300\" height=\"300\" \/><\/p>\n<\/div>\n<\/div>\n<\/div>\n<\/div>\n<div id=\"dfd-icon-list-62b062847c695-4307\" class=\"dfd-icon-list-wrap style-1 \">\n<div class=\"dfd-list-content clearfix \">\n<p>Bru\u00f1ido manual<\/p>\n<p>PEMAMO 814<\/p>\n<p>Rango de bru\u00f1ido \u00d8 0,6 &#8211; 1,5 mm<\/p>\n<\/div>\n<\/div>\n<\/div>\n<\/div>\n<\/div>\n<\/div>\n<p>[\/vc_column_text][\/vc_column][vc_column width=&#8221;1\/2&#8243;][vc_column_text]<\/p>\n<div class=\"dfd-heading-shortcode\">\n<div id=\"dfd-heading-62ac739891320\" class=\"dfd-heading-module-wrap text-left style_01 cr-animate-gen dfd-heading-62ac739891320 dfd-disable-resposive-headings animation-done\" data-animate-type=\"transition.slideRightBigIn\">\n<div class=\"inline-block\">\n<div class=\"dfd-heading-module\"><\/div>\n<\/div>\n<\/div>\n<\/div>\n<div id=\"dfd-icon-list-62ac7398914e9-3675\" class=\"dfd-icon-list-wrap style-1 \">\n<div class=\"dfd-heading-shortcode\">\n<div id=\"dfd-heading-62b0638b9739f\" class=\"dfd-heading-module-wrap text-left style_01 cr-animate-gen dfd-heading-62b0638b9739f dfd-disable-resposive-headings animation-done\" data-animate-type=\"transition.slideRightBigIn\">\n<div class=\"inline-block\">\n<div class=\"dfd-heading-module\">\n<p class=\"widget-title dfd-title \"><img loading=\"lazy\" decoding=\"async\" class=\"alignnone size-medium wp-image-3596\" src=\"https:\/\/www.novoutils.com\/wp-content\/uploads\/2022\/06\/828.1040-300x300.png\" alt=\"\" width=\"300\" height=\"300\" \/><\/p>\n<\/div>\n<\/div>\n<\/div>\n<\/div>\n<\/div>\n<p>Bru\u00f1ido manual<\/p>\n<p>PEMAMO 1040<\/p>\n<p>Rango de bru\u00f1ido \u00d8 1,5 &#8211; 70 mm[\/vc_column_text][\/vc_column][\/vc_row][vc_row][vc_column width=&#8221;2\/3&#8243;][vc_column_text]Novoutils cubre las necesidades en m\u00e1quinas bru\u00f1idoras de las industrias m\u00e1s exigentes:<\/p>\n<ul>\n<li>M\u00e9dica (implantolog\u00eda dental, fabricantes de pr\u00f3tesis)<\/li>\n<li>Fabricantes de moldes<\/li>\n<li>Relojer\u00eda<\/li>\n<li>Conectores<\/li>\n<li>Productor de soluciones neum\u00e1ticas<\/li>\n<li>Afilador, fabricante de herramientas<\/li>\n<\/ul>\n<p>[\/vc_column_text][vc_empty_space][\/vc_column][vc_column width=&#8221;1\/3&#8243;][vc_row_inner][vc_column_inner][\/vc_column_inner][\/vc_row_inner][\/vc_column][\/vc_row]<\/p>\n<\/div>","protected":false},"excerpt":{"rendered":"<p>[vc_row][vc_column][vc_column_text] Distribuci\u00f3n de herramientas de bru\u00f1ido PEMAMO [\/vc_column_text][vc_row_inner][vc_column_inner width=&#8221;2\/3&#8243;][vc_column_text] Con sede en Suiza, PEMAMO se ha especializado en la fabricaci\u00f3n de m\u00e1quinas y herramientas de bru\u00f1ido de alta precisi\u00f3n desde 1988. Las ventajas de la gama de bru\u00f1idoras PEMAMO Las bru\u00f1idoras manuales PEMAMO convierten su taladro, torno o fresadora en una bru\u00f1idora de alta precisi\u00f3n [&hellip;]<\/p>\n","protected":false},"author":2,"featured_media":0,"parent":0,"menu_order":0,"comment_status":"closed","ping_status":"closed","template":"","meta":{"_monsterinsights_skip_tracking":false,"_monsterinsights_sitenote_active":false,"_monsterinsights_sitenote_note":"","_monsterinsights_sitenote_category":0,"footnotes":""},"yoast_head":"<!-- This site is optimized with the Yoast SEO plugin v23.5 - https:\/\/yoast.com\/wordpress\/plugins\/seo\/ -->\n<title>Distribuidor herramientas brunido Pemamo Espa\u00f1a<\/title>\n<meta name=\"robots\" content=\"index, follow, max-snippet:-1, max-image-preview:large, max-video-preview:-1\" \/>\n<link rel=\"canonical\" href=\"https:\/\/www.novoutils.com\/es\/distribucion-de-herramientas-de-brunido-pemamo.html\" \/>\n<meta property=\"og:locale\" content=\"es_ES\" \/>\n<meta property=\"og:type\" content=\"article\" \/>\n<meta property=\"og:title\" content=\"Distribuidor herramientas brunido Pemamo Espa\u00f1a\" \/>\n<meta property=\"og:description\" content=\"[vc_row][vc_column][vc_column_text] Distribuci\u00f3n de herramientas de bru\u00f1ido PEMAMO [\/vc_column_text][vc_row_inner][vc_column_inner width=&#8221;2\/3&#8243;][vc_column_text] Con sede en Suiza, PEMAMO se ha especializado en la fabricaci\u00f3n de m\u00e1quinas y herramientas de bru\u00f1ido de alta precisi\u00f3n desde 1988. Las ventajas de la gama de bru\u00f1idoras PEMAMO Las bru\u00f1idoras manuales PEMAMO convierten su taladro, torno o fresadora en una bru\u00f1idora de alta precisi\u00f3n [&hellip;]\" \/>\n<meta property=\"og:url\" content=\"https:\/\/www.novoutils.com\/es\/distribucion-de-herramientas-de-brunido-pemamo.html\" \/>\n<meta property=\"og:site_name\" content=\"Novoutils\" \/>\n<meta property=\"article:modified_time\" content=\"2022-09-02T08:32:28+00:00\" \/>\n<meta property=\"og:image\" content=\"https:\/\/www.novoutils.com\/wp-content\/uploads\/2022\/06\/logo-300x68.png\" \/>\n<meta name=\"twitter:card\" content=\"summary_large_image\" \/>\n<meta name=\"twitter:label1\" content=\"Est. reading time\" \/>\n\t<meta name=\"twitter:data1\" content=\"2 minutes\" \/>\n<script type=\"application\/ld+json\" class=\"yoast-schema-graph\">{\"@context\":\"https:\/\/schema.org\",\"@graph\":[{\"@type\":\"WebPage\",\"@id\":\"https:\/\/www.novoutils.com\/es\/distribucion-de-herramientas-de-brunido-pemamo.html\",\"url\":\"https:\/\/www.novoutils.com\/es\/distribucion-de-herramientas-de-brunido-pemamo.html\",\"name\":\"Distribuidor herramientas brunido Pemamo Espa\u00f1a\",\"isPartOf\":{\"@id\":\"https:\/\/www.novoutils.com\/es\/#website\"},\"primaryImageOfPage\":{\"@id\":\"https:\/\/www.novoutils.com\/es\/distribucion-de-herramientas-de-brunido-pemamo.html#primaryimage\"},\"image\":{\"@id\":\"https:\/\/www.novoutils.com\/es\/distribucion-de-herramientas-de-brunido-pemamo.html#primaryimage\"},\"thumbnailUrl\":\"https:\/\/www.novoutils.com\/wp-content\/uploads\/2022\/06\/logo-300x68.png\",\"datePublished\":\"2022-08-29T07:02:14+00:00\",\"dateModified\":\"2022-09-02T08:32:28+00:00\",\"breadcrumb\":{\"@id\":\"https:\/\/www.novoutils.com\/es\/distribucion-de-herramientas-de-brunido-pemamo.html#breadcrumb\"},\"inLanguage\":\"es-ES\",\"potentialAction\":[{\"@type\":\"ReadAction\",\"target\":[\"https:\/\/www.novoutils.com\/es\/distribucion-de-herramientas-de-brunido-pemamo.html\"]}]},{\"@type\":\"ImageObject\",\"inLanguage\":\"es-ES\",\"@id\":\"https:\/\/www.novoutils.com\/es\/distribucion-de-herramientas-de-brunido-pemamo.html#primaryimage\",\"url\":\"https:\/\/www.novoutils.com\/wp-content\/uploads\/2022\/06\/logo-300x68.png\",\"contentUrl\":\"https:\/\/www.novoutils.com\/wp-content\/uploads\/2022\/06\/logo-300x68.png\"},{\"@type\":\"BreadcrumbList\",\"@id\":\"https:\/\/www.novoutils.com\/es\/distribucion-de-herramientas-de-brunido-pemamo.html#breadcrumb\",\"itemListElement\":[{\"@type\":\"ListItem\",\"position\":1,\"name\":\"Accueil\",\"item\":\"https:\/\/www.novoutils.com\/es\/\"},{\"@type\":\"ListItem\",\"position\":2,\"name\":\"Distribuci\u00f3n de herramientas de bru\u00f1ido PEMAMO\"}]},{\"@type\":\"WebSite\",\"@id\":\"https:\/\/www.novoutils.com\/es\/#website\",\"url\":\"https:\/\/www.novoutils.com\/es\/\",\"name\":\"Novoutils\",\"description\":\"Ademva Carburab\",\"potentialAction\":[{\"@type\":\"SearchAction\",\"target\":{\"@type\":\"EntryPoint\",\"urlTemplate\":\"https:\/\/www.novoutils.com\/es\/?s={search_term_string}\"},\"query-input\":{\"@type\":\"PropertyValueSpecification\",\"valueRequired\":true,\"valueName\":\"search_term_string\"}}],\"inLanguage\":\"es-ES\"}]}<\/script>\n<!-- \/ Yoast SEO plugin. -->","yoast_head_json":{"title":"Distribuidor herramientas brunido Pemamo Espa\u00f1a","robots":{"index":"index","follow":"follow","max-snippet":"max-snippet:-1","max-image-preview":"max-image-preview:large","max-video-preview":"max-video-preview:-1"},"canonical":"https:\/\/www.novoutils.com\/es\/distribucion-de-herramientas-de-brunido-pemamo.html","og_locale":"es_ES","og_type":"article","og_title":"Distribuidor herramientas brunido Pemamo Espa\u00f1a","og_description":"[vc_row][vc_column][vc_column_text] Distribuci\u00f3n de herramientas de bru\u00f1ido PEMAMO [\/vc_column_text][vc_row_inner][vc_column_inner width=&#8221;2\/3&#8243;][vc_column_text] Con sede en Suiza, PEMAMO se ha especializado en la fabricaci\u00f3n de m\u00e1quinas y herramientas de bru\u00f1ido de alta precisi\u00f3n desde 1988. Las ventajas de la gama de bru\u00f1idoras PEMAMO Las bru\u00f1idoras manuales PEMAMO convierten su taladro, torno o fresadora en una bru\u00f1idora de alta precisi\u00f3n [&hellip;]","og_url":"https:\/\/www.novoutils.com\/es\/distribucion-de-herramientas-de-brunido-pemamo.html","og_site_name":"Novoutils","article_modified_time":"2022-09-02T08:32:28+00:00","og_image":[{"url":"https:\/\/www.novoutils.com\/wp-content\/uploads\/2022\/06\/logo-300x68.png"}],"twitter_card":"summary_large_image","twitter_misc":{"Est. reading time":"2 minutes"},"schema":{"@context":"https:\/\/schema.org","@graph":[{"@type":"WebPage","@id":"https:\/\/www.novoutils.com\/es\/distribucion-de-herramientas-de-brunido-pemamo.html","url":"https:\/\/www.novoutils.com\/es\/distribucion-de-herramientas-de-brunido-pemamo.html","name":"Distribuidor herramientas brunido Pemamo Espa\u00f1a","isPartOf":{"@id":"https:\/\/www.novoutils.com\/es\/#website"},"primaryImageOfPage":{"@id":"https:\/\/www.novoutils.com\/es\/distribucion-de-herramientas-de-brunido-pemamo.html#primaryimage"},"image":{"@id":"https:\/\/www.novoutils.com\/es\/distribucion-de-herramientas-de-brunido-pemamo.html#primaryimage"},"thumbnailUrl":"https:\/\/www.novoutils.com\/wp-content\/uploads\/2022\/06\/logo-300x68.png","datePublished":"2022-08-29T07:02:14+00:00","dateModified":"2022-09-02T08:32:28+00:00","breadcrumb":{"@id":"https:\/\/www.novoutils.com\/es\/distribucion-de-herramientas-de-brunido-pemamo.html#breadcrumb"},"inLanguage":"es-ES","potentialAction":[{"@type":"ReadAction","target":["https:\/\/www.novoutils.com\/es\/distribucion-de-herramientas-de-brunido-pemamo.html"]}]},{"@type":"ImageObject","inLanguage":"es-ES","@id":"https:\/\/www.novoutils.com\/es\/distribucion-de-herramientas-de-brunido-pemamo.html#primaryimage","url":"https:\/\/www.novoutils.com\/wp-content\/uploads\/2022\/06\/logo-300x68.png","contentUrl":"https:\/\/www.novoutils.com\/wp-content\/uploads\/2022\/06\/logo-300x68.png"},{"@type":"BreadcrumbList","@id":"https:\/\/www.novoutils.com\/es\/distribucion-de-herramientas-de-brunido-pemamo.html#breadcrumb","itemListElement":[{"@type":"ListItem","position":1,"name":"Accueil","item":"https:\/\/www.novoutils.com\/es\/"},{"@type":"ListItem","position":2,"name":"Distribuci\u00f3n de herramientas de bru\u00f1ido PEMAMO"}]},{"@type":"WebSite","@id":"https:\/\/www.novoutils.com\/es\/#website","url":"https:\/\/www.novoutils.com\/es\/","name":"Novoutils","description":"Ademva Carburab","potentialAction":[{"@type":"SearchAction","target":{"@type":"EntryPoint","urlTemplate":"https:\/\/www.novoutils.com\/es\/?s={search_term_string}"},"query-input":{"@type":"PropertyValueSpecification","valueRequired":true,"valueName":"search_term_string"}}],"inLanguage":"es-ES"}]}},"_links":{"self":[{"href":"https:\/\/www.novoutils.com\/es\/wp-json\/wp\/v2\/pages\/2754"}],"collection":[{"href":"https:\/\/www.novoutils.com\/es\/wp-json\/wp\/v2\/pages"}],"about":[{"href":"https:\/\/www.novoutils.com\/es\/wp-json\/wp\/v2\/types\/page"}],"author":[{"embeddable":true,"href":"https:\/\/www.novoutils.com\/es\/wp-json\/wp\/v2\/users\/2"}],"replies":[{"embeddable":true,"href":"https:\/\/www.novoutils.com\/es\/wp-json\/wp\/v2\/comments?post=2754"}],"version-history":[{"count":4,"href":"https:\/\/www.novoutils.com\/es\/wp-json\/wp\/v2\/pages\/2754\/revisions"}],"predecessor-version":[{"id":2779,"href":"https:\/\/www.novoutils.com\/es\/wp-json\/wp\/v2\/pages\/2754\/revisions\/2779"}],"wp:attachment":[{"href":"https:\/\/www.novoutils.com\/es\/wp-json\/wp\/v2\/media?parent=2754"}],"curies":[{"name":"wp","href":"https:\/\/api.w.org\/{rel}","templated":true}]}}