{"id":2682,"date":"2022-03-23T11:48:41","date_gmt":"2022-03-23T10:48:41","guid":{"rendered":"https:\/\/www.novoutils.com\/es\/?page_id=2682"},"modified":"2022-03-24T13:49:04","modified_gmt":"2022-03-24T12:49:04","slug":"distribucion-soluciones-sujecion-dunner","status":"publish","type":"page","link":"https:\/\/www.novoutils.com\/es\/distribucion-soluciones-sujecion-dunner.html","title":{"rendered":"DISTRIBUCI\u00d3N DE SOLUCIONES DE SUJECI\u00d3N DUNNER"},"content":{"rendered":"<div class=\"wpb-content-wrapper\"><p>[vc_row full_width=&#8221;stretch_row&#8221;][vc_column width=&#8221;2\/3&#8243; css=&#8221;.vc_custom_1530265295383{margin-top: 20px !important;}&#8221;][vc_column_text]<a name=\"emuge\"><\/a><img loading=\"lazy\" decoding=\"async\" class=\"alignnone size-medium wp-image-3388\" src=\"https:\/\/www.novoutils.com\/wp-content\/uploads\/2022\/02\/Dunner-Logo_Seul-RougeRVB-300x51.jpg\" alt=\"\" width=\"300\" height=\"51\" \/><\/p>\n<p>La marca DUNNER SA, fabricante de renombre mundial en el sector del decoletaje\u00a0 y de la m\u00e1quina-herramienta, equipa los tornos autom\u00e1ticos en cada fase de la producci\u00f3n:<\/p>\n<ul>\n<li>Pinzas de \u00a0avance para m\u00e1quinas de cabezal m\u00f3vil (marcas :\u00a0 Star, Citizen, Tornos etc&#8230;)<\/li>\n<li>Pinzas pick up o pinzas de contra husillo para m\u00e1quinas de cabezal m\u00f3vil: estos modelos est\u00e1n disponibles en acero o equipados con un inserto de metal duro o de bronce en funci\u00f3n de los materiales a sujetar.<\/li>\n<li>Sistemas modulares MASA grandes aberturas: este sistema ofrece una alternativa de alta precisi\u00f3n a la pinza de punta larga para la sujeci\u00f3n de piezas. Permite un ajuste muy preciso de la fuerza de agarre. La opci\u00f3n Overgrip de MASA \u00a0permite un paso de hombro de hasta 4 mm m\u00e1s al di\u00e1metro.<\/li>\n<li>Portaherramientas Dunner: Calas o listones, pinzas ER para tornos autom\u00e1ticos. Estos listones y pinzas tambi\u00e9n est\u00e1n disponibles con \u00a0las normas CAPTO, ISO o HSK para centros de mecanizado y fresadoras.<\/li>\n<li>Herramientas para cargadores de barras, \u00a0IEMCA, LNS u otros.<\/li>\n<\/ul>\n<p>Para m\u00e1s informaci\u00f3n, p\u00f3ngase en contacto con nosotros llamando al 00 33 4.50.98.80.66[\/vc_column_text][vc_gallery type=&#8221;image_grid&#8221; images=&#8221;2694,2693,2692,2691,2690,2688,2687,2686&#8243;][\/vc_column][vc_column width=&#8221;1\/3&#8243;][vc_empty_space][vc_btn title=&#8221;Acceder a los cat\u00e1logos Dunner&#8221; color=&#8221;sky&#8221; align=&#8221;center&#8221; i_icon_fontawesome=&#8221;fa fa-file-pdf-o&#8221; add_icon=&#8221;true&#8221; link=&#8221;url:https%3A%2F%2Fwww.novoutils.com%2Fcatalogues-dunner.html|title:Acc%C3%A9der%20aux%20catalogues%20Dieterle||&#8221;][\/vc_column][\/vc_row][vc_row][vc_column width=&#8221;2\/3&#8243;][vc_column_text]<strong>EL CA\u00d1\u00d3N GU\u00cdA DUNNAIR <\/strong><\/p>\n<p>Este sistema sustituye al ca\u00f1\u00f3n gu\u00eda giratorio suministrado por los fabricantes de m\u00e1quinas.<\/p>\n<p>LAS VENTAJAS DEL SISTEMA DUNNAIR:<\/p>\n<ul>\n<li>no se requiere rectificar la materia prima<\/li>\n<li>no se requiere saber ajustar un ca\u00f1\u00f3n<\/li>\n<li>cubre un rango de 0,5 mm, por lo que no son necesarios utilizar di\u00e1metros intermediarios<\/li>\n<\/ul>\n<p>Ca\u00f1\u00f3n gu\u00eda adaptado para las m\u00e1quinas Citizen, Star, Tornos y Tsugami.[\/vc_column_text][vc_empty_space height=&#8221;20px&#8221;][\/vc_column][vc_column width=&#8221;1\/3&#8243;][vc_single_image image=&#8221;2689&#8243;][\/vc_column][\/vc_row][vc_row][vc_column width=&#8221;1\/4&#8243;][\/vc_column][vc_column width=&#8221;1\/2&#8243;][vc_cta h2=&#8221;CONT\u00c1CTENOS&#8221; add_button=&#8221;right&#8221; btn_title=&#8221;Contacto &#8221; btn_i_icon_fontawesome=&#8221;fa fa-envelope&#8221; btn_add_icon=&#8221;true&#8221; btn_link=&#8221;url:https%3A%2F%2Fwww.novoutils.com%2Fcontact.html|title:Contact||&#8221; css=&#8221;.vc_custom_1648032518554{background-color: #3498db !important;}&#8221;]Solicite un presupuesto para el suministro de sus pinzas, sistemas modulares \u00a0MASA \u00a0gran apertura, ca\u00f1ones gu\u00eda.[\/vc_cta][\/vc_column][vc_column width=&#8221;1\/4&#8243;][\/vc_column][\/vc_row][vc_row full_width=&#8221;stretch_row&#8221; css=&#8221;.vc_custom_1530265262962{background-color: #bfbfbf !important;}&#8221;][\/vc_row]<\/p>\n<\/div>","protected":false},"excerpt":{"rendered":"<p>[vc_row full_width=&#8221;stretch_row&#8221;][vc_column width=&#8221;2\/3&#8243; css=&#8221;.vc_custom_1530265295383{margin-top: 20px !important;}&#8221;][vc_column_text] La marca DUNNER SA, fabricante de renombre mundial en el sector del decoletaje\u00a0 y de la m\u00e1quina-herramienta, equipa los tornos autom\u00e1ticos en cada fase de la producci\u00f3n: Pinzas de \u00a0avance para m\u00e1quinas de cabezal m\u00f3vil (marcas :\u00a0 Star, Citizen, Tornos etc&#8230;) Pinzas pick up o pinzas de contra husillo [&hellip;]<\/p>\n","protected":false},"author":2,"featured_media":0,"parent":0,"menu_order":0,"comment_status":"closed","ping_status":"closed","template":"","meta":{"_monsterinsights_skip_tracking":false,"_monsterinsights_sitenote_active":false,"_monsterinsights_sitenote_note":"","_monsterinsights_sitenote_category":0,"footnotes":""},"yoast_head":"<!-- This site is optimized with the Yoast SEO plugin v23.5 - https:\/\/yoast.com\/wordpress\/plugins\/seo\/ -->\n<title>Soluci\u00f3nes sujeci\u00f3n Espa\u00f1a<\/title>\n<meta name=\"robots\" content=\"index, follow, max-snippet:-1, max-image-preview:large, max-video-preview:-1\" \/>\n<link rel=\"canonical\" href=\"https:\/\/www.novoutils.com\/es\/distribucion-soluciones-sujecion-dunner.html\" \/>\n<meta property=\"og:locale\" content=\"es_ES\" \/>\n<meta property=\"og:type\" content=\"article\" \/>\n<meta property=\"og:title\" content=\"Soluci\u00f3nes sujeci\u00f3n Espa\u00f1a\" \/>\n<meta property=\"og:description\" content=\"[vc_row full_width=&#8221;stretch_row&#8221;][vc_column width=&#8221;2\/3&#8243; css=&#8221;.vc_custom_1530265295383{margin-top: 20px !important;}&#8221;][vc_column_text] La marca DUNNER SA, fabricante de renombre mundial en el sector del decoletaje\u00a0 y de la m\u00e1quina-herramienta, equipa los tornos autom\u00e1ticos en cada fase de la producci\u00f3n: Pinzas de \u00a0avance para m\u00e1quinas de cabezal m\u00f3vil (marcas :\u00a0 Star, Citizen, Tornos etc&#8230;) Pinzas pick up o pinzas de contra husillo [&hellip;]\" \/>\n<meta property=\"og:url\" content=\"https:\/\/www.novoutils.com\/es\/distribucion-soluciones-sujecion-dunner.html\" \/>\n<meta property=\"og:site_name\" content=\"Novoutils\" \/>\n<meta property=\"article:modified_time\" content=\"2022-03-24T12:49:04+00:00\" \/>\n<meta property=\"og:image\" content=\"https:\/\/www.novoutils.com\/wp-content\/uploads\/2022\/02\/Dunner-Logo_Seul-RougeRVB-300x51.jpg\" \/>\n<meta name=\"twitter:card\" content=\"summary_large_image\" \/>\n<meta name=\"twitter:label1\" content=\"Est. reading time\" \/>\n\t<meta name=\"twitter:data1\" content=\"2 minutes\" \/>\n<script type=\"application\/ld+json\" class=\"yoast-schema-graph\">{\"@context\":\"https:\/\/schema.org\",\"@graph\":[{\"@type\":\"WebPage\",\"@id\":\"https:\/\/www.novoutils.com\/es\/distribucion-soluciones-sujecion-dunner.html\",\"url\":\"https:\/\/www.novoutils.com\/es\/distribucion-soluciones-sujecion-dunner.html\",\"name\":\"Soluci\u00f3nes sujeci\u00f3n Espa\u00f1a\",\"isPartOf\":{\"@id\":\"https:\/\/www.novoutils.com\/es\/#website\"},\"primaryImageOfPage\":{\"@id\":\"https:\/\/www.novoutils.com\/es\/distribucion-soluciones-sujecion-dunner.html#primaryimage\"},\"image\":{\"@id\":\"https:\/\/www.novoutils.com\/es\/distribucion-soluciones-sujecion-dunner.html#primaryimage\"},\"thumbnailUrl\":\"https:\/\/www.novoutils.com\/wp-content\/uploads\/2022\/02\/Dunner-Logo_Seul-RougeRVB-300x51.jpg\",\"datePublished\":\"2022-03-23T10:48:41+00:00\",\"dateModified\":\"2022-03-24T12:49:04+00:00\",\"breadcrumb\":{\"@id\":\"https:\/\/www.novoutils.com\/es\/distribucion-soluciones-sujecion-dunner.html#breadcrumb\"},\"inLanguage\":\"es-ES\",\"potentialAction\":[{\"@type\":\"ReadAction\",\"target\":[\"https:\/\/www.novoutils.com\/es\/distribucion-soluciones-sujecion-dunner.html\"]}]},{\"@type\":\"ImageObject\",\"inLanguage\":\"es-ES\",\"@id\":\"https:\/\/www.novoutils.com\/es\/distribucion-soluciones-sujecion-dunner.html#primaryimage\",\"url\":\"https:\/\/www.novoutils.com\/wp-content\/uploads\/2022\/02\/Dunner-Logo_Seul-RougeRVB-300x51.jpg\",\"contentUrl\":\"https:\/\/www.novoutils.com\/wp-content\/uploads\/2022\/02\/Dunner-Logo_Seul-RougeRVB-300x51.jpg\"},{\"@type\":\"BreadcrumbList\",\"@id\":\"https:\/\/www.novoutils.com\/es\/distribucion-soluciones-sujecion-dunner.html#breadcrumb\",\"itemListElement\":[{\"@type\":\"ListItem\",\"position\":1,\"name\":\"Accueil\",\"item\":\"https:\/\/www.novoutils.com\/es\/\"},{\"@type\":\"ListItem\",\"position\":2,\"name\":\"DISTRIBUCI\u00d3N DE SOLUCIONES DE SUJECI\u00d3N DUNNER\"}]},{\"@type\":\"WebSite\",\"@id\":\"https:\/\/www.novoutils.com\/es\/#website\",\"url\":\"https:\/\/www.novoutils.com\/es\/\",\"name\":\"Novoutils\",\"description\":\"Ademva Carburab\",\"potentialAction\":[{\"@type\":\"SearchAction\",\"target\":{\"@type\":\"EntryPoint\",\"urlTemplate\":\"https:\/\/www.novoutils.com\/es\/?s={search_term_string}\"},\"query-input\":{\"@type\":\"PropertyValueSpecification\",\"valueRequired\":true,\"valueName\":\"search_term_string\"}}],\"inLanguage\":\"es-ES\"}]}<\/script>\n<!-- \/ Yoast SEO plugin. -->","yoast_head_json":{"title":"Soluci\u00f3nes sujeci\u00f3n Espa\u00f1a","robots":{"index":"index","follow":"follow","max-snippet":"max-snippet:-1","max-image-preview":"max-image-preview:large","max-video-preview":"max-video-preview:-1"},"canonical":"https:\/\/www.novoutils.com\/es\/distribucion-soluciones-sujecion-dunner.html","og_locale":"es_ES","og_type":"article","og_title":"Soluci\u00f3nes sujeci\u00f3n Espa\u00f1a","og_description":"[vc_row full_width=&#8221;stretch_row&#8221;][vc_column width=&#8221;2\/3&#8243; css=&#8221;.vc_custom_1530265295383{margin-top: 20px !important;}&#8221;][vc_column_text] La marca DUNNER SA, fabricante de renombre mundial en el sector del decoletaje\u00a0 y de la m\u00e1quina-herramienta, equipa los tornos autom\u00e1ticos en cada fase de la producci\u00f3n: Pinzas de \u00a0avance para m\u00e1quinas de cabezal m\u00f3vil (marcas :\u00a0 Star, Citizen, Tornos etc&#8230;) Pinzas pick up o pinzas de contra husillo [&hellip;]","og_url":"https:\/\/www.novoutils.com\/es\/distribucion-soluciones-sujecion-dunner.html","og_site_name":"Novoutils","article_modified_time":"2022-03-24T12:49:04+00:00","og_image":[{"url":"https:\/\/www.novoutils.com\/wp-content\/uploads\/2022\/02\/Dunner-Logo_Seul-RougeRVB-300x51.jpg"}],"twitter_card":"summary_large_image","twitter_misc":{"Est. reading time":"2 minutes"},"schema":{"@context":"https:\/\/schema.org","@graph":[{"@type":"WebPage","@id":"https:\/\/www.novoutils.com\/es\/distribucion-soluciones-sujecion-dunner.html","url":"https:\/\/www.novoutils.com\/es\/distribucion-soluciones-sujecion-dunner.html","name":"Soluci\u00f3nes sujeci\u00f3n Espa\u00f1a","isPartOf":{"@id":"https:\/\/www.novoutils.com\/es\/#website"},"primaryImageOfPage":{"@id":"https:\/\/www.novoutils.com\/es\/distribucion-soluciones-sujecion-dunner.html#primaryimage"},"image":{"@id":"https:\/\/www.novoutils.com\/es\/distribucion-soluciones-sujecion-dunner.html#primaryimage"},"thumbnailUrl":"https:\/\/www.novoutils.com\/wp-content\/uploads\/2022\/02\/Dunner-Logo_Seul-RougeRVB-300x51.jpg","datePublished":"2022-03-23T10:48:41+00:00","dateModified":"2022-03-24T12:49:04+00:00","breadcrumb":{"@id":"https:\/\/www.novoutils.com\/es\/distribucion-soluciones-sujecion-dunner.html#breadcrumb"},"inLanguage":"es-ES","potentialAction":[{"@type":"ReadAction","target":["https:\/\/www.novoutils.com\/es\/distribucion-soluciones-sujecion-dunner.html"]}]},{"@type":"ImageObject","inLanguage":"es-ES","@id":"https:\/\/www.novoutils.com\/es\/distribucion-soluciones-sujecion-dunner.html#primaryimage","url":"https:\/\/www.novoutils.com\/wp-content\/uploads\/2022\/02\/Dunner-Logo_Seul-RougeRVB-300x51.jpg","contentUrl":"https:\/\/www.novoutils.com\/wp-content\/uploads\/2022\/02\/Dunner-Logo_Seul-RougeRVB-300x51.jpg"},{"@type":"BreadcrumbList","@id":"https:\/\/www.novoutils.com\/es\/distribucion-soluciones-sujecion-dunner.html#breadcrumb","itemListElement":[{"@type":"ListItem","position":1,"name":"Accueil","item":"https:\/\/www.novoutils.com\/es\/"},{"@type":"ListItem","position":2,"name":"DISTRIBUCI\u00d3N DE SOLUCIONES DE SUJECI\u00d3N DUNNER"}]},{"@type":"WebSite","@id":"https:\/\/www.novoutils.com\/es\/#website","url":"https:\/\/www.novoutils.com\/es\/","name":"Novoutils","description":"Ademva Carburab","potentialAction":[{"@type":"SearchAction","target":{"@type":"EntryPoint","urlTemplate":"https:\/\/www.novoutils.com\/es\/?s={search_term_string}"},"query-input":{"@type":"PropertyValueSpecification","valueRequired":true,"valueName":"search_term_string"}}],"inLanguage":"es-ES"}]}},"_links":{"self":[{"href":"https:\/\/www.novoutils.com\/es\/wp-json\/wp\/v2\/pages\/2682"}],"collection":[{"href":"https:\/\/www.novoutils.com\/es\/wp-json\/wp\/v2\/pages"}],"about":[{"href":"https:\/\/www.novoutils.com\/es\/wp-json\/wp\/v2\/types\/page"}],"author":[{"embeddable":true,"href":"https:\/\/www.novoutils.com\/es\/wp-json\/wp\/v2\/users\/2"}],"replies":[{"embeddable":true,"href":"https:\/\/www.novoutils.com\/es\/wp-json\/wp\/v2\/comments?post=2682"}],"version-history":[{"count":4,"href":"https:\/\/www.novoutils.com\/es\/wp-json\/wp\/v2\/pages\/2682\/revisions"}],"predecessor-version":[{"id":2695,"href":"https:\/\/www.novoutils.com\/es\/wp-json\/wp\/v2\/pages\/2682\/revisions\/2695"}],"wp:attachment":[{"href":"https:\/\/www.novoutils.com\/es\/wp-json\/wp\/v2\/media?parent=2682"}],"curies":[{"name":"wp","href":"https:\/\/api.w.org\/{rel}","templated":true}]}}