{"id":2635,"date":"2021-07-27T16:41:47","date_gmt":"2021-07-27T14:41:47","guid":{"rendered":"https:\/\/www.novoutils.com\/es\/?page_id=2635"},"modified":"2021-07-28T11:03:25","modified_gmt":"2021-07-28T09:03:25","slug":"desarrollo-de-la-tecnologia-ssfsw","status":"publish","type":"page","link":"https:\/\/www.novoutils.com\/es\/desarrollo-de-la-tecnologia-ssfsw.html","title":{"rendered":"DESARROLLO DE LA TECNOLOG\u00cdA SSFSW"},"content":{"rendered":"<div class=\"wpb-content-wrapper\"><p>[vc_row][vc_column][vc_row_inner][vc_column_inner][vc_column_text]LA ALIANZA INSTITUT MAUPERTUIS \/ NOVOUTILS: SU PARTNER PARA LA INTEGRACI\u00d3N DE LA TECNOLOG\u00cdA SSFSW[\/vc_column_text][\/vc_column_inner][\/vc_row_inner][\/vc_column][\/vc_row][vc_row][vc_column width=&#8221;1\/2&#8243;][vc_column_text]<\/p>\n<h2><img loading=\"lazy\" decoding=\"async\" class=\"alignnone size-medium wp-image-3190\" src=\"https:\/\/www.novoutils.com\/wp-content\/uploads\/2021\/07\/maupertuis-inside-300x50.png\" alt=\"\" width=\"300\" height=\"50\" \/><\/h2>\n<p>EL INSTITUTO MAUPERTUIS<\/p>\n<p>El Instituto MAUPERTUIS, centro de investigaci\u00f3n t\u00e9cnica desde 2003, trabaja en la soldadura FSW desde hace m\u00e1s de 10 a\u00f1os.<\/p>\n<p>Es un experto en la definici\u00f3n y dise\u00f1o de herramientas de soldadura FSW \/ SSFSW para lograr una calidad de uni\u00f3n \u00f3ptima.\u00a0 A d\u00eda de hoy goza de un reconocimiento por su experiencia en el campo de la FSW, tanto a nivel nacional franc\u00e9s como europeo.<\/p>\n<p>SOLDADURA POR FRICCI\u00d3N AGITACI\u00d3N HOMBRO FIJO (SSFSW)<\/p>\n<p>La herramienta de soldadura FSW est\u00e1 compuesta por 2 partes funcionales, el hombro y el pin. En 1997, la empresa ESAB present\u00f3 una patente que separaba la herramienta FSW en 2 partes, el pin giraba a una determinada velocidad de rotaci\u00f3n y el hombro pod\u00eda quedar fijo. Este proceso se denomina SSFSW Stationary Shoulder FSW o soldadura hombro fijo.<\/p>\n<p>El proceso de soldadura SSFSW tiene muchas ventajas en comparaci\u00f3n al FSW : mejor calidad de la superficie de soldadura que la FSW convencional, mayor robustez especialmente en trayectorias 3D complejas.<\/p>\n<p>La incorporaci\u00f3n de esta tecnolog\u00eda puntera requiere apoyo en su integraci\u00f3n (dise\u00f1o y producci\u00f3n de herramientas).<\/p>\n<p>Aqu\u00ed es donde entra en juego el Instituto Maupertuis: sus investigadores e ingenieros pueden brindarle apoyo en la implementaci\u00f3n de las tecnolog\u00edas del futuro.[\/vc_column_text][\/vc_column][vc_column width=&#8221;1\/2&#8243;][vc_column_text]<img loading=\"lazy\" decoding=\"async\" class=\"alignnone size-medium wp-image-3013\" src=\"https:\/\/www.novoutils.com\/wp-content\/uploads\/2021\/04\/Novoutils-300x75.jpg\" alt=\"\" width=\"300\" height=\"75\" \/><\/p>\n<p>NOVOUTILS est\u00e1 especializada en el dise\u00f1o y fabricaci\u00f3n de herramientas de corte y deformaci\u00f3n. Gracias a un parque de m\u00e1quinas de alta tecnolog\u00eda asociado con la CAM, y al control de toda la cadena de producci\u00f3n, Novoutils cumple con los requisitos t\u00e9cnicos para la producci\u00f3n de\u00a0 herramientas FSW \/ SSFSW.<\/p>\n<p>Nuestra oficina t\u00e9cnica, en estrecha colaboraci\u00f3n con los ingenieros del Instituto Maupertuis, dise\u00f1an sus herramientas SSFSW.<\/p>\n<p>Nuestras m\u00e1quinas continuamente actualizadas, nos permiten llevar a cabo una producci\u00f3n respetando los m\u00e1ximos niveles de calidad y con un cumplimiento estricto de los plazos.[\/vc_column_text][vc_masonry_media_grid grid_id=&#8221;vc_gid:1627462821045-733ddd34-978e-5&#8243; include=&#8221;1947,2609,2613&#8243;][\/vc_column][\/vc_row][vc_row][vc_column][vc_text_separator title=&#8221;CAMPOS DE APLICACI\u00d3N DE LA SSFSW&#8221;][\/vc_column][\/vc_row][vc_row][vc_column width=&#8221;1\/6&#8243;][vc_column_text]<strong><u>Aeroespacial<\/u><\/strong><\/p>\n<p><img loading=\"lazy\" decoding=\"async\" class=\"alignnone size-medium wp-image-3121\" src=\"https:\/\/www.novoutils.com\/wp-content\/uploads\/2021\/05\/outil-coupant-deformation-industrie-aeronautique-300x300.jpg\" alt=\"\" width=\"300\" height=\"300\" \/><\/p>\n<p>Reemplazo de remachado para las alas, el fuselaje<\/p>\n<p>Eliminaci\u00f3n de perforaciones, preparaci\u00f3n para remachado y aumento de masa.[\/vc_column_text][\/vc_column][vc_column width=&#8221;1\/6&#8243;][vc_column_text]<strong><u>Automoci\u00f3n<\/u><\/strong><br \/>\n<img loading=\"lazy\" decoding=\"async\" class=\"alignnone size-medium wp-image-3152\" src=\"https:\/\/www.novoutils.com\/wp-content\/uploads\/2021\/05\/fabricant-outil-coupant-sur-mesure-secteur-automobile-300x300.jpg\" alt=\"\" width=\"300\" height=\"300\" \/><\/p>\n<p>Soldadura SS-FSW: llantas, paneles de carrocer\u00eda, bloques de motor, dep\u00f3sitos.<\/p>\n<p>Veh\u00edculos el\u00e9ctricos: realizaci\u00f3n de cajas de bater\u00edas, placas.[\/vc_column_text][\/vc_column][vc_column width=&#8221;1\/6&#8243;][vc_column_text]<strong><u>Aeroespacial<\/u><\/strong><\/p>\n<p><img loading=\"lazy\" decoding=\"async\" class=\"alignnone size-medium wp-image-3210\" src=\"https:\/\/www.novoutils.com\/wp-content\/uploads\/2021\/07\/banque-d-images-gratuites-et-libres-de-droits20-300x201.jpg\" alt=\"\" width=\"300\" height=\"201\" \/><\/p>\n<p>Fabricaci\u00f3n de tanques de combustible para cohetes.<\/p>\n<p>Uso de aluminio AA2xxx sin agrietarse<\/p>\n<p>Reducci\u00f3n de controles CND (proceso estable)[\/vc_column_text][\/vc_column][vc_column width=&#8221;1\/6&#8243;][vc_column_text]<strong><u>Ferroviario<\/u><\/strong><\/p>\n<p><img loading=\"lazy\" decoding=\"async\" class=\"alignnone size-full wp-image-3212\" src=\"https:\/\/www.novoutils.com\/wp-content\/uploads\/2021\/07\/ferroviaire.jpg\" alt=\"\" width=\"259\" height=\"194\" \/><\/p>\n<p>Asociaci\u00f3n de perfiles extruidos huecos y anchos para el montaje de paredes laterales, suelos y techos de veh\u00edculos.<\/p>\n<p>Soldadura automatizada continua r\u00e1pida.[\/vc_column_text][\/vc_column][vc_column width=&#8221;1\/6&#8243;][vc_column_text]<strong><u>Naval<\/u><\/strong><\/p>\n<p><img loading=\"lazy\" decoding=\"async\" class=\"alignnone size-medium wp-image-3214\" src=\"https:\/\/www.novoutils.com\/wp-content\/uploads\/2021\/07\/ship-2471965_1920-300x225.jpg\" alt=\"\" width=\"300\" height=\"225\" \/><\/p>\n<p>Construcci\u00f3n de suelos de aluminio para superestructuras<\/p>\n<p>Construcci\u00f3n de cubiertas y tabiques a partir de extrusiones soldadas<\/p>\n<p>Soldadura automatizada continua, estanca y m\u00e1s r\u00e1pida.[\/vc_column_text][\/vc_column][vc_column width=&#8221;1\/6&#8243;][vc_column_text]<strong><u>Energ\u00eda<\/u><\/strong><\/p>\n<p><img loading=\"lazy\" decoding=\"async\" class=\"alignnone size-medium wp-image-3215\" src=\"https:\/\/www.novoutils.com\/wp-content\/uploads\/2021\/07\/power-lines-1868352_1920-300x200.jpg\" alt=\"\" width=\"300\" height=\"200\" \/><\/p>\n<p>Fabricaci\u00f3n de intercambiadores lamelares, intercambiadores de placas, difusores de calor<\/p>\n<p>E-Movilidad: tanque de hidr\u00f3geno l\u00edquido, pilas de combustible, electrolizadores[\/vc_column_text][\/vc_column][\/vc_row][vc_row][vc_column][vc_column_text]<\/p>\n<h4>VENTAJAS DE LA SSFSW<\/h4>\n<p>El proceso SSFSW permite evitar los problemas asociados con las t\u00e9cnicas de ensamblaje convencionales, utilizadas hasta ahora para estructuras de aluminio y otras aleaciones denominadas de bajo punto de fusi\u00f3n. Aunque existe mucha investigaci\u00f3n para la soldadura FSW de material de punto de fusi\u00f3n m\u00e1s alto (acero, titanio, etc.), casi solo se utiliza para soldar aluminio, al menos de manera industrial.<\/p>\n<p>Las ventajas de la soldadura FSW son m\u00faltiples:<\/p>\n<ul>\n<li>Supera los problemas de agrietamiento en caliente que se ven com\u00fanmente en la soldadura de aluminio;<\/li>\n<li>Calidad metal\u00fargica (sin porosidades);<\/li>\n<li>Estanqueidad;<\/li>\n<li>Resistencia a la fatiga;<\/li>\n<li>Posibilidad de soldadura heterog\u00e9nea (serie 2000 con serie 7000);<\/li>\n<li>Sin necesidad de protecci\u00f3n gaseosa (sin paso a trav\u00e9s de la fusi\u00f3n);<\/li>\n<li>Sin emisi\u00f3n de gases ni humos.<\/li>\n<\/ul>\n<p>[\/vc_column_text][\/vc_column][\/vc_row][vc_row][vc_column width=&#8221;1\/3&#8243;][\/vc_column][vc_column width=&#8221;1\/3&#8243;][vc_cta h2=&#8221;\u00a1CONT\u00c1CTENOS!&#8221; shape=&#8221;square&#8221; style=&#8221;flat&#8221; color=&#8221;black&#8221; add_button=&#8221;bottom&#8221; btn_title=&#8221;Contactez l&#8217;institut Maupertuis&#8221; btn_link=&#8221;url:https%3A%2F%2Fwww.maupertuisinside.com%2F|title:Contact||&#8221;]Desea recibir informaci\u00f3n sobre la integraci\u00f3n de la tecnolog\u00eda SS-FSW.[\/vc_cta][\/vc_column][vc_column width=&#8221;1\/3&#8243;][\/vc_column][\/vc_row]<\/p>\n<\/div>","protected":false},"excerpt":{"rendered":"<p>[vc_row][vc_column][vc_row_inner][vc_column_inner][vc_column_text]LA ALIANZA INSTITUT MAUPERTUIS \/ NOVOUTILS: SU PARTNER PARA LA INTEGRACI\u00d3N DE LA TECNOLOG\u00cdA SSFSW[\/vc_column_text][\/vc_column_inner][\/vc_row_inner][\/vc_column][\/vc_row][vc_row][vc_column width=&#8221;1\/2&#8243;][vc_column_text] EL INSTITUTO MAUPERTUIS El Instituto MAUPERTUIS, centro de investigaci\u00f3n t\u00e9cnica desde 2003, trabaja en la soldadura FSW desde hace m\u00e1s de 10 a\u00f1os. Es un experto en la definici\u00f3n y dise\u00f1o de herramientas de soldadura FSW \/ SSFSW para [&hellip;]<\/p>\n","protected":false},"author":2,"featured_media":0,"parent":0,"menu_order":0,"comment_status":"closed","ping_status":"closed","template":"","meta":{"_monsterinsights_skip_tracking":false,"_monsterinsights_sitenote_active":false,"_monsterinsights_sitenote_note":"","_monsterinsights_sitenote_category":0,"footnotes":""},"yoast_head":"<!-- This site is optimized with the Yoast SEO plugin v23.5 - https:\/\/yoast.com\/wordpress\/plugins\/seo\/ -->\n<title>herramientas soldadura FSW \/ SSFSW, proceso SSFSW, herramientas FSW<\/title>\n<meta name=\"description\" content=\"Novoutils ofrece herramientas de soldadura para la tecnolog\u00eda FSW y SSFSW. P\u00f3ngase en contacto con nosotros para obtener m\u00e1s informaci\u00f3n.\" \/>\n<meta name=\"robots\" content=\"index, follow, max-snippet:-1, max-image-preview:large, max-video-preview:-1\" \/>\n<link rel=\"canonical\" href=\"https:\/\/www.novoutils.com\/es\/desarrollo-de-la-tecnologia-ssfsw.html\" \/>\n<meta property=\"og:locale\" content=\"es_ES\" \/>\n<meta property=\"og:type\" content=\"article\" \/>\n<meta property=\"og:title\" content=\"herramientas soldadura FSW \/ SSFSW, proceso SSFSW, herramientas FSW\" \/>\n<meta property=\"og:description\" content=\"Novoutils ofrece herramientas de soldadura para la tecnolog\u00eda FSW y SSFSW. P\u00f3ngase en contacto con nosotros para obtener m\u00e1s informaci\u00f3n.\" \/>\n<meta property=\"og:url\" content=\"https:\/\/www.novoutils.com\/es\/desarrollo-de-la-tecnologia-ssfsw.html\" \/>\n<meta property=\"og:site_name\" content=\"Novoutils\" \/>\n<meta property=\"article:modified_time\" content=\"2021-07-28T09:03:25+00:00\" \/>\n<meta property=\"og:image\" content=\"https:\/\/www.novoutils.com\/wp-content\/uploads\/2021\/07\/maupertuis-inside-300x50.png\" \/>\n<meta name=\"twitter:card\" content=\"summary_large_image\" \/>\n<meta name=\"twitter:label1\" content=\"Est. reading time\" \/>\n\t<meta name=\"twitter:data1\" content=\"5 minutes\" \/>\n<script type=\"application\/ld+json\" class=\"yoast-schema-graph\">{\"@context\":\"https:\/\/schema.org\",\"@graph\":[{\"@type\":\"WebPage\",\"@id\":\"https:\/\/www.novoutils.com\/es\/desarrollo-de-la-tecnologia-ssfsw.html\",\"url\":\"https:\/\/www.novoutils.com\/es\/desarrollo-de-la-tecnologia-ssfsw.html\",\"name\":\"herramientas soldadura FSW \/ SSFSW, proceso SSFSW, herramientas FSW\",\"isPartOf\":{\"@id\":\"https:\/\/www.novoutils.com\/es\/#website\"},\"primaryImageOfPage\":{\"@id\":\"https:\/\/www.novoutils.com\/es\/desarrollo-de-la-tecnologia-ssfsw.html#primaryimage\"},\"image\":{\"@id\":\"https:\/\/www.novoutils.com\/es\/desarrollo-de-la-tecnologia-ssfsw.html#primaryimage\"},\"thumbnailUrl\":\"https:\/\/www.novoutils.com\/wp-content\/uploads\/2021\/07\/maupertuis-inside-300x50.png\",\"datePublished\":\"2021-07-27T14:41:47+00:00\",\"dateModified\":\"2021-07-28T09:03:25+00:00\",\"description\":\"Novoutils ofrece herramientas de soldadura para la tecnolog\u00eda FSW y SSFSW. P\u00f3ngase en contacto con nosotros para obtener m\u00e1s informaci\u00f3n.\",\"breadcrumb\":{\"@id\":\"https:\/\/www.novoutils.com\/es\/desarrollo-de-la-tecnologia-ssfsw.html#breadcrumb\"},\"inLanguage\":\"es-ES\",\"potentialAction\":[{\"@type\":\"ReadAction\",\"target\":[\"https:\/\/www.novoutils.com\/es\/desarrollo-de-la-tecnologia-ssfsw.html\"]}]},{\"@type\":\"ImageObject\",\"inLanguage\":\"es-ES\",\"@id\":\"https:\/\/www.novoutils.com\/es\/desarrollo-de-la-tecnologia-ssfsw.html#primaryimage\",\"url\":\"https:\/\/www.novoutils.com\/wp-content\/uploads\/2021\/07\/maupertuis-inside-300x50.png\",\"contentUrl\":\"https:\/\/www.novoutils.com\/wp-content\/uploads\/2021\/07\/maupertuis-inside-300x50.png\"},{\"@type\":\"BreadcrumbList\",\"@id\":\"https:\/\/www.novoutils.com\/es\/desarrollo-de-la-tecnologia-ssfsw.html#breadcrumb\",\"itemListElement\":[{\"@type\":\"ListItem\",\"position\":1,\"name\":\"Accueil\",\"item\":\"https:\/\/www.novoutils.com\/es\/\"},{\"@type\":\"ListItem\",\"position\":2,\"name\":\"DESARROLLO DE LA TECNOLOG\u00cdA SSFSW\"}]},{\"@type\":\"WebSite\",\"@id\":\"https:\/\/www.novoutils.com\/es\/#website\",\"url\":\"https:\/\/www.novoutils.com\/es\/\",\"name\":\"Novoutils\",\"description\":\"Ademva Carburab\",\"potentialAction\":[{\"@type\":\"SearchAction\",\"target\":{\"@type\":\"EntryPoint\",\"urlTemplate\":\"https:\/\/www.novoutils.com\/es\/?s={search_term_string}\"},\"query-input\":{\"@type\":\"PropertyValueSpecification\",\"valueRequired\":true,\"valueName\":\"search_term_string\"}}],\"inLanguage\":\"es-ES\"}]}<\/script>\n<!-- \/ Yoast SEO plugin. -->","yoast_head_json":{"title":"herramientas soldadura FSW \/ SSFSW, proceso SSFSW, herramientas FSW","description":"Novoutils ofrece herramientas de soldadura para la tecnolog\u00eda FSW y SSFSW. P\u00f3ngase en contacto con nosotros para obtener m\u00e1s informaci\u00f3n.","robots":{"index":"index","follow":"follow","max-snippet":"max-snippet:-1","max-image-preview":"max-image-preview:large","max-video-preview":"max-video-preview:-1"},"canonical":"https:\/\/www.novoutils.com\/es\/desarrollo-de-la-tecnologia-ssfsw.html","og_locale":"es_ES","og_type":"article","og_title":"herramientas soldadura FSW \/ SSFSW, proceso SSFSW, herramientas FSW","og_description":"Novoutils ofrece herramientas de soldadura para la tecnolog\u00eda FSW y SSFSW. P\u00f3ngase en contacto con nosotros para obtener m\u00e1s informaci\u00f3n.","og_url":"https:\/\/www.novoutils.com\/es\/desarrollo-de-la-tecnologia-ssfsw.html","og_site_name":"Novoutils","article_modified_time":"2021-07-28T09:03:25+00:00","og_image":[{"url":"https:\/\/www.novoutils.com\/wp-content\/uploads\/2021\/07\/maupertuis-inside-300x50.png"}],"twitter_card":"summary_large_image","twitter_misc":{"Est. reading time":"5 minutes"},"schema":{"@context":"https:\/\/schema.org","@graph":[{"@type":"WebPage","@id":"https:\/\/www.novoutils.com\/es\/desarrollo-de-la-tecnologia-ssfsw.html","url":"https:\/\/www.novoutils.com\/es\/desarrollo-de-la-tecnologia-ssfsw.html","name":"herramientas soldadura FSW \/ SSFSW, proceso SSFSW, herramientas FSW","isPartOf":{"@id":"https:\/\/www.novoutils.com\/es\/#website"},"primaryImageOfPage":{"@id":"https:\/\/www.novoutils.com\/es\/desarrollo-de-la-tecnologia-ssfsw.html#primaryimage"},"image":{"@id":"https:\/\/www.novoutils.com\/es\/desarrollo-de-la-tecnologia-ssfsw.html#primaryimage"},"thumbnailUrl":"https:\/\/www.novoutils.com\/wp-content\/uploads\/2021\/07\/maupertuis-inside-300x50.png","datePublished":"2021-07-27T14:41:47+00:00","dateModified":"2021-07-28T09:03:25+00:00","description":"Novoutils ofrece herramientas de soldadura para la tecnolog\u00eda FSW y SSFSW. P\u00f3ngase en contacto con nosotros para obtener m\u00e1s informaci\u00f3n.","breadcrumb":{"@id":"https:\/\/www.novoutils.com\/es\/desarrollo-de-la-tecnologia-ssfsw.html#breadcrumb"},"inLanguage":"es-ES","potentialAction":[{"@type":"ReadAction","target":["https:\/\/www.novoutils.com\/es\/desarrollo-de-la-tecnologia-ssfsw.html"]}]},{"@type":"ImageObject","inLanguage":"es-ES","@id":"https:\/\/www.novoutils.com\/es\/desarrollo-de-la-tecnologia-ssfsw.html#primaryimage","url":"https:\/\/www.novoutils.com\/wp-content\/uploads\/2021\/07\/maupertuis-inside-300x50.png","contentUrl":"https:\/\/www.novoutils.com\/wp-content\/uploads\/2021\/07\/maupertuis-inside-300x50.png"},{"@type":"BreadcrumbList","@id":"https:\/\/www.novoutils.com\/es\/desarrollo-de-la-tecnologia-ssfsw.html#breadcrumb","itemListElement":[{"@type":"ListItem","position":1,"name":"Accueil","item":"https:\/\/www.novoutils.com\/es\/"},{"@type":"ListItem","position":2,"name":"DESARROLLO DE LA TECNOLOG\u00cdA SSFSW"}]},{"@type":"WebSite","@id":"https:\/\/www.novoutils.com\/es\/#website","url":"https:\/\/www.novoutils.com\/es\/","name":"Novoutils","description":"Ademva Carburab","potentialAction":[{"@type":"SearchAction","target":{"@type":"EntryPoint","urlTemplate":"https:\/\/www.novoutils.com\/es\/?s={search_term_string}"},"query-input":{"@type":"PropertyValueSpecification","valueRequired":true,"valueName":"search_term_string"}}],"inLanguage":"es-ES"}]}},"_links":{"self":[{"href":"https:\/\/www.novoutils.com\/es\/wp-json\/wp\/v2\/pages\/2635"}],"collection":[{"href":"https:\/\/www.novoutils.com\/es\/wp-json\/wp\/v2\/pages"}],"about":[{"href":"https:\/\/www.novoutils.com\/es\/wp-json\/wp\/v2\/types\/page"}],"author":[{"embeddable":true,"href":"https:\/\/www.novoutils.com\/es\/wp-json\/wp\/v2\/users\/2"}],"replies":[{"embeddable":true,"href":"https:\/\/www.novoutils.com\/es\/wp-json\/wp\/v2\/comments?post=2635"}],"version-history":[{"count":7,"href":"https:\/\/www.novoutils.com\/es\/wp-json\/wp\/v2\/pages\/2635\/revisions"}],"predecessor-version":[{"id":2649,"href":"https:\/\/www.novoutils.com\/es\/wp-json\/wp\/v2\/pages\/2635\/revisions\/2649"}],"wp:attachment":[{"href":"https:\/\/www.novoutils.com\/es\/wp-json\/wp\/v2\/media?parent=2635"}],"curies":[{"name":"wp","href":"https:\/\/api.w.org\/{rel}","templated":true}]}}