{"id":2631,"date":"2021-07-27T16:26:06","date_gmt":"2021-07-27T14:26:06","guid":{"rendered":"https:\/\/www.novoutils.com\/es\/?page_id=2631"},"modified":"2021-07-27T16:26:06","modified_gmt":"2021-07-27T14:26:06","slug":"historia-y-proceso-de-la-soldadura-por-friccion-agitacion","status":"publish","type":"page","link":"https:\/\/www.novoutils.com\/es\/historia-y-proceso-de-la-soldadura-por-friccion-agitacion.html","title":{"rendered":"HISTORIA Y PROCESO DE LA  SOLDADURA POR FRICCI\u00d3N AGITACI\u00d3N"},"content":{"rendered":"<div class=\"wpb-content-wrapper\"><p>[vc_row][vc_column width=&#8221;2\/3&#8243;][vc_column_text]Las aleaciones de aluminio de endurecimiento estructural (series 2000, 6000 y 7000) o endurecimiento por deformaci\u00f3n (series 1000, 3000, 4000, 5000) se utilizan com\u00fanmente para aligerar estructuras en la industria automotriz, construcci\u00f3n, aeroespacial y naval. Aunque estos materiales se utilizan ampliamente, estas aleaciones son dif\u00edciles de soldar mediante t\u00e9cnicas de soldadura por fusi\u00f3n. Por tanto, el remachado sigue siendo la t\u00e9cnica de ensamblaje empleada para este tipo de material a pesar de los m\u00faltiples inconvenientes que conlleva (uni\u00f3n heterog\u00e9nea, aumento de masa, concentraci\u00f3n de tensiones en los taladros, inicio de la corrosi\u00f3n, estanqueidad, etc.). La soldadura por fricci\u00f3n agitaci\u00f3n, m\u00e1s com\u00fanmente conocida como Friction Stir Welding (FSW) en los pa\u00edses anglosajones, fue inventada por el organismo brit\u00e1nico The Welding Institute (TWI) en 1991. Una segunda patente en 1995 extendi\u00f3 la utilizaci\u00f3n a nivel de la herramienta.<\/p>\n<p>El principio de este proceso es producir un cord\u00f3n de soldadura mezclando la materia de las piezas a ensamblar. La uni\u00f3n se forma en caliente, pero por debajo de la temperatura de fusi\u00f3n del material, evitando as\u00ed defectos relacionados con la solidificaci\u00f3n y reduciendo las tensiones residuales en el lugar de la uni\u00f3n. Este proceso se puede utilizar en las denominadas aleaciones de \u201cbajo punto de fusi\u00f3n\u201d (Aluminio, Cobre, Magnesio) y permite realizar soldaduras heterog\u00e9neas. Las piezas a ensamblar se colocan en posici\u00f3n sin juego, sobre un yunque y se sujetan para evitar cualquier movimiento relativo durante la operaci\u00f3n de soldadura.<\/p>\n<p>[\/vc_column_text][\/vc_column][vc_column width=&#8221;1\/3&#8243;][vc_single_image image=&#8221;2632&#8243; img_size=&#8221;medium&#8221;][\/vc_column][\/vc_row][vc_row][vc_column][vc_column_text]La herramienta de soldadura FSW gira y avanza a lo largo de la l\u00ednea de junta. Consta de 2 partes, el hombro (calienta la materia por ficci\u00f3n cuando entra en contacto con la superficie de la pieza) y el pin \u00a0(mezcla el material para crear una uni\u00f3n entre 2 o m\u00e1s partes). El hombro y el pin pueden tener varias formas seg\u00fan la aplicaci\u00f3n. El objetivo sigue siendo mejorar la calidad metal\u00fargica de los cordones de soldadura.[\/vc_column_text][\/vc_column][\/vc_row][vc_row][\/vc_row][vc_column width=&#8221;1\/3&#8243;][\/vc_column][vc_column width=&#8221;1\/3&#8243;][vc_cta h2=&#8221;\u00a1CONT\u00c1CTENOS!&#8221; add_button=&#8221;bottom&#8221; btn_title=&#8221;Contacto&#8221; btn_link=&#8221;url:https%3A%2F%2Fwww.novoutils.com%2Fes%2Fcontact.html|title:Contact||&#8221;]Solicite una cotizaci\u00f3n para sus herramientas FSW.[\/vc_cta][\/vc_column][vc_column width=&#8221;1\/3&#8243;][\/vc_column]<\/p>\n<\/div>","protected":false},"excerpt":{"rendered":"<p>[vc_row][vc_column width=&#8221;2\/3&#8243;][vc_column_text]Las aleaciones de aluminio de endurecimiento estructural (series 2000, 6000 y 7000) o endurecimiento por deformaci\u00f3n (series 1000, 3000, 4000, 5000) se utilizan com\u00fanmente para aligerar estructuras en la industria automotriz, construcci\u00f3n, aeroespacial y naval. Aunque estos materiales se utilizan ampliamente, estas aleaciones son dif\u00edciles de soldar mediante t\u00e9cnicas de soldadura por fusi\u00f3n. Por [&hellip;]<\/p>\n","protected":false},"author":2,"featured_media":0,"parent":0,"menu_order":0,"comment_status":"closed","ping_status":"closed","template":"","meta":{"_monsterinsights_skip_tracking":false,"_monsterinsights_sitenote_active":false,"_monsterinsights_sitenote_note":"","_monsterinsights_sitenote_category":0,"footnotes":""},"yoast_head":"<!-- This site is optimized with the Yoast SEO plugin v23.5 - https:\/\/yoast.com\/wordpress\/plugins\/seo\/ -->\n<title>Soldadura por fricci\u00f3n agitaci\u00f3n<\/title>\n<meta name=\"robots\" content=\"index, follow, max-snippet:-1, max-image-preview:large, max-video-preview:-1\" \/>\n<link rel=\"canonical\" href=\"https:\/\/www.novoutils.com\/es\/historia-y-proceso-de-la-soldadura-por-friccion-agitacion.html\" \/>\n<meta property=\"og:locale\" content=\"es_ES\" \/>\n<meta property=\"og:type\" content=\"article\" \/>\n<meta property=\"og:title\" content=\"Soldadura por fricci\u00f3n agitaci\u00f3n\" \/>\n<meta property=\"og:description\" content=\"[vc_row][vc_column width=&#8221;2\/3&#8243;][vc_column_text]Las aleaciones de aluminio de endurecimiento estructural (series 2000, 6000 y 7000) o endurecimiento por deformaci\u00f3n (series 1000, 3000, 4000, 5000) se utilizan com\u00fanmente para aligerar estructuras en la industria automotriz, construcci\u00f3n, aeroespacial y naval. Aunque estos materiales se utilizan ampliamente, estas aleaciones son dif\u00edciles de soldar mediante t\u00e9cnicas de soldadura por fusi\u00f3n. Por [&hellip;]\" \/>\n<meta property=\"og:url\" content=\"https:\/\/www.novoutils.com\/es\/historia-y-proceso-de-la-soldadura-por-friccion-agitacion.html\" \/>\n<meta property=\"og:site_name\" content=\"Novoutils\" \/>\n<meta name=\"twitter:card\" content=\"summary_large_image\" \/>\n<meta name=\"twitter:label1\" content=\"Est. reading time\" \/>\n\t<meta name=\"twitter:data1\" content=\"2 minutes\" \/>\n<script type=\"application\/ld+json\" class=\"yoast-schema-graph\">{\"@context\":\"https:\/\/schema.org\",\"@graph\":[{\"@type\":\"WebPage\",\"@id\":\"https:\/\/www.novoutils.com\/es\/historia-y-proceso-de-la-soldadura-por-friccion-agitacion.html\",\"url\":\"https:\/\/www.novoutils.com\/es\/historia-y-proceso-de-la-soldadura-por-friccion-agitacion.html\",\"name\":\"Soldadura por fricci\u00f3n agitaci\u00f3n\",\"isPartOf\":{\"@id\":\"https:\/\/www.novoutils.com\/es\/#website\"},\"datePublished\":\"2021-07-27T14:26:06+00:00\",\"dateModified\":\"2021-07-27T14:26:06+00:00\",\"breadcrumb\":{\"@id\":\"https:\/\/www.novoutils.com\/es\/historia-y-proceso-de-la-soldadura-por-friccion-agitacion.html#breadcrumb\"},\"inLanguage\":\"es-ES\",\"potentialAction\":[{\"@type\":\"ReadAction\",\"target\":[\"https:\/\/www.novoutils.com\/es\/historia-y-proceso-de-la-soldadura-por-friccion-agitacion.html\"]}]},{\"@type\":\"BreadcrumbList\",\"@id\":\"https:\/\/www.novoutils.com\/es\/historia-y-proceso-de-la-soldadura-por-friccion-agitacion.html#breadcrumb\",\"itemListElement\":[{\"@type\":\"ListItem\",\"position\":1,\"name\":\"Accueil\",\"item\":\"https:\/\/www.novoutils.com\/es\/\"},{\"@type\":\"ListItem\",\"position\":2,\"name\":\"HISTORIA Y PROCESO DE LA SOLDADURA POR FRICCI\u00d3N AGITACI\u00d3N\"}]},{\"@type\":\"WebSite\",\"@id\":\"https:\/\/www.novoutils.com\/es\/#website\",\"url\":\"https:\/\/www.novoutils.com\/es\/\",\"name\":\"Novoutils\",\"description\":\"Ademva Carburab\",\"potentialAction\":[{\"@type\":\"SearchAction\",\"target\":{\"@type\":\"EntryPoint\",\"urlTemplate\":\"https:\/\/www.novoutils.com\/es\/?s={search_term_string}\"},\"query-input\":{\"@type\":\"PropertyValueSpecification\",\"valueRequired\":true,\"valueName\":\"search_term_string\"}}],\"inLanguage\":\"es-ES\"}]}<\/script>\n<!-- \/ Yoast SEO plugin. -->","yoast_head_json":{"title":"Soldadura por fricci\u00f3n agitaci\u00f3n","robots":{"index":"index","follow":"follow","max-snippet":"max-snippet:-1","max-image-preview":"max-image-preview:large","max-video-preview":"max-video-preview:-1"},"canonical":"https:\/\/www.novoutils.com\/es\/historia-y-proceso-de-la-soldadura-por-friccion-agitacion.html","og_locale":"es_ES","og_type":"article","og_title":"Soldadura por fricci\u00f3n agitaci\u00f3n","og_description":"[vc_row][vc_column width=&#8221;2\/3&#8243;][vc_column_text]Las aleaciones de aluminio de endurecimiento estructural (series 2000, 6000 y 7000) o endurecimiento por deformaci\u00f3n (series 1000, 3000, 4000, 5000) se utilizan com\u00fanmente para aligerar estructuras en la industria automotriz, construcci\u00f3n, aeroespacial y naval. Aunque estos materiales se utilizan ampliamente, estas aleaciones son dif\u00edciles de soldar mediante t\u00e9cnicas de soldadura por fusi\u00f3n. Por [&hellip;]","og_url":"https:\/\/www.novoutils.com\/es\/historia-y-proceso-de-la-soldadura-por-friccion-agitacion.html","og_site_name":"Novoutils","twitter_card":"summary_large_image","twitter_misc":{"Est. reading time":"2 minutes"},"schema":{"@context":"https:\/\/schema.org","@graph":[{"@type":"WebPage","@id":"https:\/\/www.novoutils.com\/es\/historia-y-proceso-de-la-soldadura-por-friccion-agitacion.html","url":"https:\/\/www.novoutils.com\/es\/historia-y-proceso-de-la-soldadura-por-friccion-agitacion.html","name":"Soldadura por fricci\u00f3n agitaci\u00f3n","isPartOf":{"@id":"https:\/\/www.novoutils.com\/es\/#website"},"datePublished":"2021-07-27T14:26:06+00:00","dateModified":"2021-07-27T14:26:06+00:00","breadcrumb":{"@id":"https:\/\/www.novoutils.com\/es\/historia-y-proceso-de-la-soldadura-por-friccion-agitacion.html#breadcrumb"},"inLanguage":"es-ES","potentialAction":[{"@type":"ReadAction","target":["https:\/\/www.novoutils.com\/es\/historia-y-proceso-de-la-soldadura-por-friccion-agitacion.html"]}]},{"@type":"BreadcrumbList","@id":"https:\/\/www.novoutils.com\/es\/historia-y-proceso-de-la-soldadura-por-friccion-agitacion.html#breadcrumb","itemListElement":[{"@type":"ListItem","position":1,"name":"Accueil","item":"https:\/\/www.novoutils.com\/es\/"},{"@type":"ListItem","position":2,"name":"HISTORIA Y PROCESO DE LA SOLDADURA POR FRICCI\u00d3N AGITACI\u00d3N"}]},{"@type":"WebSite","@id":"https:\/\/www.novoutils.com\/es\/#website","url":"https:\/\/www.novoutils.com\/es\/","name":"Novoutils","description":"Ademva Carburab","potentialAction":[{"@type":"SearchAction","target":{"@type":"EntryPoint","urlTemplate":"https:\/\/www.novoutils.com\/es\/?s={search_term_string}"},"query-input":{"@type":"PropertyValueSpecification","valueRequired":true,"valueName":"search_term_string"}}],"inLanguage":"es-ES"}]}},"_links":{"self":[{"href":"https:\/\/www.novoutils.com\/es\/wp-json\/wp\/v2\/pages\/2631"}],"collection":[{"href":"https:\/\/www.novoutils.com\/es\/wp-json\/wp\/v2\/pages"}],"about":[{"href":"https:\/\/www.novoutils.com\/es\/wp-json\/wp\/v2\/types\/page"}],"author":[{"embeddable":true,"href":"https:\/\/www.novoutils.com\/es\/wp-json\/wp\/v2\/users\/2"}],"replies":[{"embeddable":true,"href":"https:\/\/www.novoutils.com\/es\/wp-json\/wp\/v2\/comments?post=2631"}],"version-history":[{"count":1,"href":"https:\/\/www.novoutils.com\/es\/wp-json\/wp\/v2\/pages\/2631\/revisions"}],"predecessor-version":[{"id":2633,"href":"https:\/\/www.novoutils.com\/es\/wp-json\/wp\/v2\/pages\/2631\/revisions\/2633"}],"wp:attachment":[{"href":"https:\/\/www.novoutils.com\/es\/wp-json\/wp\/v2\/media?parent=2631"}],"curies":[{"name":"wp","href":"https:\/\/api.w.org\/{rel}","templated":true}]}}