{"id":2628,"date":"2021-07-27T16:11:05","date_gmt":"2021-07-27T14:11:05","guid":{"rendered":"https:\/\/www.novoutils.com\/es\/?page_id=2628"},"modified":"2023-02-10T14:06:37","modified_gmt":"2023-02-10T13:06:37","slug":"diseno-y-fabricacion-de-herramientas-fsw","status":"publish","type":"page","link":"https:\/\/www.novoutils.com\/es\/diseno-y-fabricacion-de-herramientas-fsw.html","title":{"rendered":"DISE\u00d1O Y FABRICACI\u00d3N DE HERRAMIENTAS FSW"},"content":{"rendered":"<div class=\"wpb-content-wrapper\"><p>[vc_row][vc_column width=&#8221;2\/3&#8243;][vc_column_text]Situada entre Ginebra y Chamonix, Novoutils lleva m\u00e1s de cincuenta a\u00f1os aportando su experiencia y dinamismo a los sectores m\u00e1s exigentes:<\/p>\n<p>Aeron\u00e1utico-Aeroespacial-Automoci\u00f3n-M\u00e9dico<\/p>\n<div class=\"texteh3\">Nuestro lema:\u00a0 dise\u00f1ar la precisi\u00f3n<\/div>\n<p>Nuestro equipo se moviliza con el objetivo de brindarle respuestas t\u00e9cnicas y econ\u00f3micas a sus solicitudes de dise\u00f1o y <strong class=\"d2b\">fabricaci\u00f3n de herramientas FSW<\/strong>.<\/p>\n<p>Gracias a una copia de seguridad de datos detallada y segura (nomenclaturas de art\u00edculos, programas de m\u00e1quina, etc.), garantizamos la repetibilidad de nuestra producci\u00f3n.<\/p>\n<p>A petici\u00f3n del cliente, podemos proporcionarle el certificado de material, certificado de endurecimiento, certificado de inspecci\u00f3n.[\/vc_column_text][\/vc_column][vc_column width=&#8221;1\/3&#8243;][vc_single_image image=&#8221;2795&#8243; img_size=&#8221;medium&#8221;][\/vc_column][\/vc_row][vc_row][vc_column width=&#8221;1\/6&#8243;][vc_column_text]<strong><u>Aeron\u00e1utico<\/u><\/strong><\/p>\n<p><img loading=\"lazy\" decoding=\"async\" class=\"alignnone size-medium wp-image-3121\" src=\"https:\/\/www.novoutils.com\/wp-content\/uploads\/2021\/05\/outil-coupant-deformation-industrie-aeronautique-300x300.jpg\" alt=\"\" width=\"300\" height=\"300\" \/><\/p>\n<p>Reemplazo de remachado para las alas, el fuselaje &#8211; Eliminaci\u00f3n de perforaciones, preparaci\u00f3n para remachado y aumento de masa.<\/p>\n<p>Soldadura de tanques criog\u00e9nicos de queroseno[\/vc_column_text][\/vc_column][vc_column width=&#8221;1\/6&#8243;][vc_column_text]<strong><u>Automoci\u00f3n<\/u><\/strong><\/p>\n<p><img loading=\"lazy\" decoding=\"async\" class=\"alignnone size-medium wp-image-3152\" src=\"https:\/\/www.novoutils.com\/wp-content\/uploads\/2021\/05\/fabricant-outil-coupant-sur-mesure-secteur-automobile-300x300.jpg\" alt=\"\" width=\"300\" height=\"300\" \/><\/p>\n<p>Soldadura FSW: llantas, paneles de carrocer\u00eda, bloques de motor, dep\u00f3sitos.<\/p>\n<p>Veh\u00edculos el\u00e9ctricos: realizaci\u00f3n de cajas de bater\u00edas, placas.[\/vc_column_text][\/vc_column][vc_column width=&#8221;1\/6&#8243;][vc_column_text]<strong><u>Aeroespacial<\/u><\/strong><\/p>\n<p><img loading=\"lazy\" decoding=\"async\" class=\"alignnone size-medium wp-image-3210\" src=\"https:\/\/www.novoutils.com\/wp-content\/uploads\/2021\/07\/banque-d-images-gratuites-et-libres-de-droits20-300x201.jpg\" alt=\"\" width=\"300\" height=\"201\" \/><\/p>\n<p>Fabricaci\u00f3n de tanques de combustible para cohetes.<\/p>\n<p>Uso de aluminio AA2xxx sin agrietarse<\/p>\n<p>Reducci\u00f3n de controles NDT (proceso estable)[\/vc_column_text][\/vc_column][vc_column width=&#8221;1\/6&#8243;][vc_column_text]<strong><u>Ferroviario<\/u><\/strong><\/p>\n<p><img loading=\"lazy\" decoding=\"async\" class=\"alignnone size-full wp-image-3212\" src=\"https:\/\/www.novoutils.com\/wp-content\/uploads\/2021\/07\/ferroviaire.jpg\" alt=\"\" width=\"259\" height=\"194\" \/><\/p>\n<p>Asociaci\u00f3n de perfiles extruidos huecos y anchos para el montaje de paredes laterales, suelos y techos de veh\u00edculos.<\/p>\n<p>Soldadura automatizada continua r\u00e1pida.[\/vc_column_text][\/vc_column][vc_column width=&#8221;1\/6&#8243;][vc_column_text]<strong><u>Naval<\/u><\/strong><\/p>\n<p><img loading=\"lazy\" decoding=\"async\" class=\"alignnone size-medium wp-image-3214\" src=\"https:\/\/www.novoutils.com\/wp-content\/uploads\/2021\/07\/ship-2471965_1920-300x225.jpg\" alt=\"\" width=\"300\" height=\"225\" \/><\/p>\n<p>Construcci\u00f3n de suelos de aluminio para superestructuras<\/p>\n<p>Construcci\u00f3n de cubiertas y tabiques a partir de extrusiones soldadas<\/p>\n<p>Soldadura automatizada continua, estanca y m\u00e1s r\u00e1pida[\/vc_column_text][\/vc_column][vc_column width=&#8221;1\/6&#8243;][vc_column_text]<strong><u>Energ\u00eda<\/u><\/strong><\/p>\n<p><img loading=\"lazy\" decoding=\"async\" class=\"alignnone size-medium wp-image-3215\" src=\"https:\/\/www.novoutils.com\/wp-content\/uploads\/2021\/07\/power-lines-1868352_1920-300x200.jpg\" alt=\"\" width=\"300\" height=\"200\" \/><\/p>\n<p>Fabricaci\u00f3n de intercambiadores lamelares, intercambiadores de placas, difusores de calor<\/p>\n<p>E-Movilidad: tanque de hidr\u00f3geno l\u00edquido, pilas de combustible, electrolizadores[\/vc_column_text][\/vc_column][\/vc_row][vc_row][vc_column width=&#8221;1\/3&#8243;][vc_cta h2=&#8221;SOLICITE UNA COTIZACI\u00d3N PARA SUS HERRAMIENTAS FSW&#8221; add_button=&#8221;bottom&#8221; btn_title=&#8221;Contacto&#8221; btn_link=&#8221;url:https%3A%2F%2Fwww.novoutils.com%2Fes%2Fcontact.html|title:Contact||&#8221;]Cont\u00e1ctenos si desea un presupuesto para sus herramientas FSW y SS-FSW[\/vc_cta][\/vc_column][vc_column width=&#8221;1\/3&#8243;][vc_cta h2=&#8221;SOLDADURA POR FRICCI\u00d3N AGITACI\u00d3N&#8221; color=&#8221;black&#8221; add_button=&#8221;bottom&#8221; btn_title=&#8221;Connaitre l&#8217;histoire du FSW &#8221; btn_color=&#8221;sky&#8221; btn_link=&#8221;url:https%3A%2F%2Fwww.novoutils.com%2Fes%2Fhistoria-y-proceso-de-la-soldadura-por-friccion-agitacion.html|title:HISTOIRE%20ET%20PRINCIPE%20DU%20SOUDAGE%20PAR%20FRICTION%20MALAXAGE||&#8221;]La tecnolog\u00eda de soldadura por fricci\u00f3n agitaci\u00f3n, m\u00e1s com\u00fanmente conocida como Friction Stir Welding\u00a0 (FSW) en los pa\u00edses anglosajones, fue inventada por el organismo brit\u00e1nico The Welding Institute (TWI) en 1991. Una segunda patente en 1995 extendi\u00f3 la utilizaci\u00f3n a nivel de la herramienta.<\/p>\n<p>El principio de este proceso es realizar un cord\u00f3n de soldadura mezclando el material de las piezas a ensamblar.<\/p>\n<p>&nbsp;<\/p>\n<p><img loading=\"lazy\" decoding=\"async\" class=\"alignnone size-medium wp-image-3015\" src=\"https:\/\/www.novoutils.com\/wp-content\/uploads\/2021\/04\/Principe-du-soudage-par-friction-malaxage-300x211.jpg\" alt=\"\" width=\"300\" height=\"211\" \/>[\/vc_cta][\/vc_column][vc_column width=&#8221;1\/3&#8243;][\/vc_column][\/vc_row][vc_row][vc_column width=&#8221;1\/3&#8243;][vc_column_text][\/vc_column_text][\/vc_column][vc_column width=&#8221;1\/3&#8243;][\/vc_column][vc_column width=&#8221;1\/3&#8243;][\/vc_column][\/vc_row][vc_row][vc_column][\/vc_column][\/vc_row]<\/p>\n<\/div>","protected":false},"excerpt":{"rendered":"<p>[vc_row][vc_column width=&#8221;2\/3&#8243;][vc_column_text]Situada entre Ginebra y Chamonix, Novoutils lleva m\u00e1s de cincuenta a\u00f1os aportando su experiencia y dinamismo a los sectores m\u00e1s exigentes: Aeron\u00e1utico-Aeroespacial-Automoci\u00f3n-M\u00e9dico Nuestro lema:\u00a0 dise\u00f1ar la precisi\u00f3n Nuestro equipo se moviliza con el objetivo de brindarle respuestas t\u00e9cnicas y econ\u00f3micas a sus solicitudes de dise\u00f1o y fabricaci\u00f3n de herramientas FSW. Gracias a una copia [&hellip;]<\/p>\n","protected":false},"author":2,"featured_media":0,"parent":0,"menu_order":0,"comment_status":"closed","ping_status":"closed","template":"","meta":{"_monsterinsights_skip_tracking":false,"_monsterinsights_sitenote_active":false,"_monsterinsights_sitenote_note":"","_monsterinsights_sitenote_category":0,"footnotes":""},"yoast_head":"<!-- This site is optimized with the Yoast SEO plugin v23.5 - https:\/\/yoast.com\/wordpress\/plugins\/seo\/ -->\n<title>Fabricante de herramientas FSW, herramientas de soldadura por fricci\u00f3n, SSFSW<\/title>\n<meta name=\"description\" content=\"Novoutils ofrece herramientas de soldadura FSW. Visite nuestro sitio web para obtener m\u00e1s informaci\u00f3n sobre nuestra experiencia en herramientas de soldadura por agitaci\u00f3n de fricci\u00f3n.\" \/>\n<meta name=\"robots\" content=\"index, follow, max-snippet:-1, max-image-preview:large, max-video-preview:-1\" \/>\n<link rel=\"canonical\" href=\"https:\/\/www.novoutils.com\/es\/diseno-y-fabricacion-de-herramientas-fsw.html\" \/>\n<meta property=\"og:locale\" content=\"es_ES\" \/>\n<meta property=\"og:type\" content=\"article\" \/>\n<meta property=\"og:title\" content=\"Fabricante de herramientas FSW, herramientas de soldadura por fricci\u00f3n, SSFSW\" \/>\n<meta property=\"og:description\" content=\"Novoutils ofrece herramientas de soldadura FSW. Visite nuestro sitio web para obtener m\u00e1s informaci\u00f3n sobre nuestra experiencia en herramientas de soldadura por agitaci\u00f3n de fricci\u00f3n.\" \/>\n<meta property=\"og:url\" content=\"https:\/\/www.novoutils.com\/es\/diseno-y-fabricacion-de-herramientas-fsw.html\" \/>\n<meta property=\"og:site_name\" content=\"Novoutils\" \/>\n<meta property=\"article:modified_time\" content=\"2023-02-10T13:06:37+00:00\" \/>\n<meta property=\"og:image\" content=\"https:\/\/www.novoutils.com\/wp-content\/uploads\/2021\/05\/outil-coupant-deformation-industrie-aeronautique-300x300.jpg\" \/>\n<meta name=\"twitter:card\" content=\"summary_large_image\" \/>\n<meta name=\"twitter:label1\" content=\"Est. reading time\" \/>\n\t<meta name=\"twitter:data1\" content=\"3 minutes\" \/>\n<script type=\"application\/ld+json\" class=\"yoast-schema-graph\">{\"@context\":\"https:\/\/schema.org\",\"@graph\":[{\"@type\":\"WebPage\",\"@id\":\"https:\/\/www.novoutils.com\/es\/diseno-y-fabricacion-de-herramientas-fsw.html\",\"url\":\"https:\/\/www.novoutils.com\/es\/diseno-y-fabricacion-de-herramientas-fsw.html\",\"name\":\"Fabricante de herramientas FSW, herramientas de soldadura por fricci\u00f3n, SSFSW\",\"isPartOf\":{\"@id\":\"https:\/\/www.novoutils.com\/es\/#website\"},\"primaryImageOfPage\":{\"@id\":\"https:\/\/www.novoutils.com\/es\/diseno-y-fabricacion-de-herramientas-fsw.html#primaryimage\"},\"image\":{\"@id\":\"https:\/\/www.novoutils.com\/es\/diseno-y-fabricacion-de-herramientas-fsw.html#primaryimage\"},\"thumbnailUrl\":\"https:\/\/www.novoutils.com\/wp-content\/uploads\/2021\/05\/outil-coupant-deformation-industrie-aeronautique-300x300.jpg\",\"datePublished\":\"2021-07-27T14:11:05+00:00\",\"dateModified\":\"2023-02-10T13:06:37+00:00\",\"description\":\"Novoutils ofrece herramientas de soldadura FSW. Visite nuestro sitio web para obtener m\u00e1s informaci\u00f3n sobre nuestra experiencia en herramientas de soldadura por agitaci\u00f3n de fricci\u00f3n.\",\"breadcrumb\":{\"@id\":\"https:\/\/www.novoutils.com\/es\/diseno-y-fabricacion-de-herramientas-fsw.html#breadcrumb\"},\"inLanguage\":\"es-ES\",\"potentialAction\":[{\"@type\":\"ReadAction\",\"target\":[\"https:\/\/www.novoutils.com\/es\/diseno-y-fabricacion-de-herramientas-fsw.html\"]}]},{\"@type\":\"ImageObject\",\"inLanguage\":\"es-ES\",\"@id\":\"https:\/\/www.novoutils.com\/es\/diseno-y-fabricacion-de-herramientas-fsw.html#primaryimage\",\"url\":\"https:\/\/www.novoutils.com\/wp-content\/uploads\/2021\/05\/outil-coupant-deformation-industrie-aeronautique-300x300.jpg\",\"contentUrl\":\"https:\/\/www.novoutils.com\/wp-content\/uploads\/2021\/05\/outil-coupant-deformation-industrie-aeronautique-300x300.jpg\"},{\"@type\":\"BreadcrumbList\",\"@id\":\"https:\/\/www.novoutils.com\/es\/diseno-y-fabricacion-de-herramientas-fsw.html#breadcrumb\",\"itemListElement\":[{\"@type\":\"ListItem\",\"position\":1,\"name\":\"Accueil\",\"item\":\"https:\/\/www.novoutils.com\/es\/\"},{\"@type\":\"ListItem\",\"position\":2,\"name\":\"DISE\u00d1O Y FABRICACI\u00d3N DE HERRAMIENTAS FSW\"}]},{\"@type\":\"WebSite\",\"@id\":\"https:\/\/www.novoutils.com\/es\/#website\",\"url\":\"https:\/\/www.novoutils.com\/es\/\",\"name\":\"Novoutils\",\"description\":\"Ademva Carburab\",\"potentialAction\":[{\"@type\":\"SearchAction\",\"target\":{\"@type\":\"EntryPoint\",\"urlTemplate\":\"https:\/\/www.novoutils.com\/es\/?s={search_term_string}\"},\"query-input\":{\"@type\":\"PropertyValueSpecification\",\"valueRequired\":true,\"valueName\":\"search_term_string\"}}],\"inLanguage\":\"es-ES\"}]}<\/script>\n<!-- \/ Yoast SEO plugin. -->","yoast_head_json":{"title":"Fabricante de herramientas FSW, herramientas de soldadura por fricci\u00f3n, SSFSW","description":"Novoutils ofrece herramientas de soldadura FSW. Visite nuestro sitio web para obtener m\u00e1s informaci\u00f3n sobre nuestra experiencia en herramientas de soldadura por agitaci\u00f3n de fricci\u00f3n.","robots":{"index":"index","follow":"follow","max-snippet":"max-snippet:-1","max-image-preview":"max-image-preview:large","max-video-preview":"max-video-preview:-1"},"canonical":"https:\/\/www.novoutils.com\/es\/diseno-y-fabricacion-de-herramientas-fsw.html","og_locale":"es_ES","og_type":"article","og_title":"Fabricante de herramientas FSW, herramientas de soldadura por fricci\u00f3n, SSFSW","og_description":"Novoutils ofrece herramientas de soldadura FSW. Visite nuestro sitio web para obtener m\u00e1s informaci\u00f3n sobre nuestra experiencia en herramientas de soldadura por agitaci\u00f3n de fricci\u00f3n.","og_url":"https:\/\/www.novoutils.com\/es\/diseno-y-fabricacion-de-herramientas-fsw.html","og_site_name":"Novoutils","article_modified_time":"2023-02-10T13:06:37+00:00","og_image":[{"url":"https:\/\/www.novoutils.com\/wp-content\/uploads\/2021\/05\/outil-coupant-deformation-industrie-aeronautique-300x300.jpg"}],"twitter_card":"summary_large_image","twitter_misc":{"Est. reading time":"3 minutes"},"schema":{"@context":"https:\/\/schema.org","@graph":[{"@type":"WebPage","@id":"https:\/\/www.novoutils.com\/es\/diseno-y-fabricacion-de-herramientas-fsw.html","url":"https:\/\/www.novoutils.com\/es\/diseno-y-fabricacion-de-herramientas-fsw.html","name":"Fabricante de herramientas FSW, herramientas de soldadura por fricci\u00f3n, SSFSW","isPartOf":{"@id":"https:\/\/www.novoutils.com\/es\/#website"},"primaryImageOfPage":{"@id":"https:\/\/www.novoutils.com\/es\/diseno-y-fabricacion-de-herramientas-fsw.html#primaryimage"},"image":{"@id":"https:\/\/www.novoutils.com\/es\/diseno-y-fabricacion-de-herramientas-fsw.html#primaryimage"},"thumbnailUrl":"https:\/\/www.novoutils.com\/wp-content\/uploads\/2021\/05\/outil-coupant-deformation-industrie-aeronautique-300x300.jpg","datePublished":"2021-07-27T14:11:05+00:00","dateModified":"2023-02-10T13:06:37+00:00","description":"Novoutils ofrece herramientas de soldadura FSW. Visite nuestro sitio web para obtener m\u00e1s informaci\u00f3n sobre nuestra experiencia en herramientas de soldadura por agitaci\u00f3n de fricci\u00f3n.","breadcrumb":{"@id":"https:\/\/www.novoutils.com\/es\/diseno-y-fabricacion-de-herramientas-fsw.html#breadcrumb"},"inLanguage":"es-ES","potentialAction":[{"@type":"ReadAction","target":["https:\/\/www.novoutils.com\/es\/diseno-y-fabricacion-de-herramientas-fsw.html"]}]},{"@type":"ImageObject","inLanguage":"es-ES","@id":"https:\/\/www.novoutils.com\/es\/diseno-y-fabricacion-de-herramientas-fsw.html#primaryimage","url":"https:\/\/www.novoutils.com\/wp-content\/uploads\/2021\/05\/outil-coupant-deformation-industrie-aeronautique-300x300.jpg","contentUrl":"https:\/\/www.novoutils.com\/wp-content\/uploads\/2021\/05\/outil-coupant-deformation-industrie-aeronautique-300x300.jpg"},{"@type":"BreadcrumbList","@id":"https:\/\/www.novoutils.com\/es\/diseno-y-fabricacion-de-herramientas-fsw.html#breadcrumb","itemListElement":[{"@type":"ListItem","position":1,"name":"Accueil","item":"https:\/\/www.novoutils.com\/es\/"},{"@type":"ListItem","position":2,"name":"DISE\u00d1O Y FABRICACI\u00d3N DE HERRAMIENTAS FSW"}]},{"@type":"WebSite","@id":"https:\/\/www.novoutils.com\/es\/#website","url":"https:\/\/www.novoutils.com\/es\/","name":"Novoutils","description":"Ademva Carburab","potentialAction":[{"@type":"SearchAction","target":{"@type":"EntryPoint","urlTemplate":"https:\/\/www.novoutils.com\/es\/?s={search_term_string}"},"query-input":{"@type":"PropertyValueSpecification","valueRequired":true,"valueName":"search_term_string"}}],"inLanguage":"es-ES"}]}},"_links":{"self":[{"href":"https:\/\/www.novoutils.com\/es\/wp-json\/wp\/v2\/pages\/2628"}],"collection":[{"href":"https:\/\/www.novoutils.com\/es\/wp-json\/wp\/v2\/pages"}],"about":[{"href":"https:\/\/www.novoutils.com\/es\/wp-json\/wp\/v2\/types\/page"}],"author":[{"embeddable":true,"href":"https:\/\/www.novoutils.com\/es\/wp-json\/wp\/v2\/users\/2"}],"replies":[{"embeddable":true,"href":"https:\/\/www.novoutils.com\/es\/wp-json\/wp\/v2\/comments?post=2628"}],"version-history":[{"count":7,"href":"https:\/\/www.novoutils.com\/es\/wp-json\/wp\/v2\/pages\/2628\/revisions"}],"predecessor-version":[{"id":2796,"href":"https:\/\/www.novoutils.com\/es\/wp-json\/wp\/v2\/pages\/2628\/revisions\/2796"}],"wp:attachment":[{"href":"https:\/\/www.novoutils.com\/es\/wp-json\/wp\/v2\/media?parent=2628"}],"curies":[{"name":"wp","href":"https:\/\/api.w.org\/{rel}","templated":true}]}}