{"id":2571,"date":"2021-05-20T14:40:11","date_gmt":"2021-05-20T12:40:11","guid":{"rendered":"https:\/\/www.novoutils.com\/es\/?page_id=2571"},"modified":"2021-05-28T18:01:20","modified_gmt":"2021-05-28T16:01:20","slug":"herramientas-de-forma-industria-automovil","status":"publish","type":"page","link":"https:\/\/www.novoutils.com\/es\/herramientas-de-forma-industria-automovil.html","title":{"rendered":"Dise\u00f1o y fabricaci\u00f3n de herramientas de forma para la industria autom\u00f3vil"},"content":{"rendered":"<div class=\"wpb-content-wrapper\"><p>[vc_row][vc_column width=&#8221;2\/3&#8243;][vc_column_text]<strong>Dise\u00f1o y fabricaci\u00f3n de herramientas de corte para las empresas del sector autom\u00f3vil<\/strong><\/p>\n<p>Situada entre Ginebra y Chamonix, Novoutils pone desde hace m\u00e1s de cincuenta a\u00f1os, \u00a0su experiencia y dinamismo al servicio de las empresas \u00a0subcontratistas del\u00a0 autom\u00f3vil.<\/p>\n<p>Nuestro lema: Dise\u00f1ar la precisi\u00f3n<\/p>\n<p>Nuestros colaboradores est\u00e1n plenamente comprometidos para \u00a0brindarles las mejores respuestas t\u00e9cnicas y econ\u00f3micas a sus solicitudes en las siguientes aplicaciones:<\/p>\n<ul>\n<li><strong>\u00a0<\/strong><strong>Herramientas de perfilado: monobloque o con plaquitas perfiladas <\/strong><strong>intercambiables<\/strong><\/li>\n<li><strong>Fresa 2 o 3 tama\u00f1os de formas especiales<\/strong><\/li>\n<\/ul>\n<ul>\n<li><strong>Escariadores a medida carburo monobloque, HSS o plaquitas<\/strong><\/li>\n<li><strong>Brocas de forma en carburo monobloque, HSS o de plaquitas intercambiables<\/strong><\/li>\n<li><strong>Buriles para m\u00e1quinas Escomatic<\/strong><\/li>\n<li><strong>Herramientas de corte en PCD, CVD y CBN para sus fresas, brocas, escariadores<\/strong><\/li>\n<li><strong>Brochas y punzones en carburo o en HSS<\/strong><\/li>\n<\/ul>\n<p>Gracias a \u00a0una estrecha colaboraci\u00f3n \u00a0con varios proveedores de recubrimientos, \u00a0perseguimos con usted el objetivo de optimizar y aumentar el rendimiento de nuestras herramientas.<\/p>\n<p>Mediante una copia de seguridad detallada y segura de los datos (nomenclatura de art\u00edculos, programas de m\u00e1quina, etc.), garantizamos la repetibilidad de nuestra fabricaci\u00f3n.<\/p>\n<p><strong>\u00a0<\/strong>[\/vc_column_text][\/vc_column][vc_column width=&#8221;1\/3&#8243;][vc_masonry_media_grid element_width=&#8221;6&#8243; grid_id=&#8221;vc_gid:1621514414613-265a89f7-9438-10&#8243; include=&#8221;2512,1976,2299,2495,2493&#8243;][\/vc_column][\/vc_row][vc_row][vc_column][vc_column_text]<\/p>\n<h2><strong>Reacondicionamiento de herramientas de corte<\/strong><\/h2>\n<p>Un servicio \u00a0a\u00a0 su disposici\u00f3n para reafilar sus herramientas.<\/p>\n<p>[\/vc_column_text][\/vc_column][\/vc_row][vc_row][vc_column width=&#8221;1\/3&#8243;][vc_masonry_media_grid grid_id=&#8221;vc_gid:1621514414614-21416591-3298-4&#8243; include=&#8221;2043,2042,1753,2045&#8243;][\/vc_column][vc_column width=&#8221;2\/3&#8243;][vc_column_text]<\/p>\n<h2><strong>Dise\u00f1o y fabricaci\u00f3n para empresas del sector del autom\u00f3vil<\/strong><\/h2>\n<p>Podemos proporcionarle herramientas de conformado personalizadas, punzones y matrices (calibraci\u00f3n, lisado, etc.).<\/p>\n<p>La programaci\u00f3n CAM nos permite responder a sus proyectos m\u00e1s complejos.<\/p>\n<p>Estas realizaciones son posibles gracias a nuestro taller de mec\u00e1nica de alta precisi\u00f3n, equipado con tornos digitales, centros de mecanizado de 5 ejes, torno de fresado, rectificaci\u00f3n de cilindros (interior y exterior) y plano, as\u00ed como\u00a0 una zona de electroerosi\u00f3n \u00a0con hilo y por penetraci\u00f3n.[\/vc_column_text][\/vc_column][\/vc_row][vc_row][vc_column width=&#8221;1\/4&#8243;][\/vc_column][vc_column width=&#8221;1\/2&#8243;][vc_cta h2=&#8221;\u00a1CONT\u00c1CTENOS!&#8221; color=&#8221;sky&#8221; add_button=&#8221;right&#8221; btn_title=&#8221;Contact&#8221; btn_link=&#8221;url:https%3A%2F%2Fwww.novoutils.com%2Fcontact.html|title:Contact||&#8221;]Solicite un presupuesto para el dise\u00f1o y fabricaci\u00f3n de herramienta para las empresas del sector automovil.[\/vc_cta][\/vc_column][vc_column width=&#8221;1\/4&#8243;][\/vc_column][\/vc_row]<\/p>\n<\/div>","protected":false},"excerpt":{"rendered":"<p>[vc_row][vc_column width=&#8221;2\/3&#8243;][vc_column_text]Dise\u00f1o y fabricaci\u00f3n de herramientas de corte para las empresas del sector autom\u00f3vil Situada entre Ginebra y Chamonix, Novoutils pone desde hace m\u00e1s de cincuenta a\u00f1os, \u00a0su experiencia y dinamismo al servicio de las empresas \u00a0subcontratistas del\u00a0 autom\u00f3vil. Nuestro lema: Dise\u00f1ar la precisi\u00f3n Nuestros colaboradores est\u00e1n plenamente comprometidos para \u00a0brindarles las mejores respuestas t\u00e9cnicas [&hellip;]<\/p>\n","protected":false},"author":2,"featured_media":0,"parent":0,"menu_order":0,"comment_status":"closed","ping_status":"closed","template":"","meta":{"_monsterinsights_skip_tracking":false,"_monsterinsights_sitenote_active":false,"_monsterinsights_sitenote_note":"","_monsterinsights_sitenote_category":0,"footnotes":""},"yoast_head":"<!-- This site is optimized with the Yoast SEO plugin v23.5 - https:\/\/yoast.com\/wordpress\/plugins\/seo\/ -->\n<title>Fabrica herramientas de forma industria automovil<\/title>\n<meta name=\"robots\" content=\"index, follow, max-snippet:-1, max-image-preview:large, max-video-preview:-1\" \/>\n<link rel=\"canonical\" href=\"https:\/\/www.novoutils.com\/es\/herramientas-de-forma-industria-automovil.html\" \/>\n<meta property=\"og:locale\" content=\"es_ES\" \/>\n<meta property=\"og:type\" content=\"article\" \/>\n<meta property=\"og:title\" content=\"Fabrica herramientas de forma industria automovil\" \/>\n<meta property=\"og:description\" content=\"[vc_row][vc_column width=&#8221;2\/3&#8243;][vc_column_text]Dise\u00f1o y fabricaci\u00f3n de herramientas de corte para las empresas del sector autom\u00f3vil Situada entre Ginebra y Chamonix, Novoutils pone desde hace m\u00e1s de cincuenta a\u00f1os, \u00a0su experiencia y dinamismo al servicio de las empresas \u00a0subcontratistas del\u00a0 autom\u00f3vil. Nuestro lema: Dise\u00f1ar la precisi\u00f3n Nuestros colaboradores est\u00e1n plenamente comprometidos para \u00a0brindarles las mejores respuestas t\u00e9cnicas [&hellip;]\" \/>\n<meta property=\"og:url\" content=\"https:\/\/www.novoutils.com\/es\/herramientas-de-forma-industria-automovil.html\" \/>\n<meta property=\"og:site_name\" content=\"Novoutils\" \/>\n<meta property=\"article:modified_time\" content=\"2021-05-28T16:01:20+00:00\" \/>\n<meta name=\"twitter:card\" content=\"summary_large_image\" \/>\n<meta name=\"twitter:label1\" content=\"Est. reading time\" \/>\n\t<meta name=\"twitter:data1\" content=\"2 minutes\" \/>\n<script type=\"application\/ld+json\" class=\"yoast-schema-graph\">{\"@context\":\"https:\/\/schema.org\",\"@graph\":[{\"@type\":\"WebPage\",\"@id\":\"https:\/\/www.novoutils.com\/es\/herramientas-de-forma-industria-automovil.html\",\"url\":\"https:\/\/www.novoutils.com\/es\/herramientas-de-forma-industria-automovil.html\",\"name\":\"Fabrica herramientas de forma industria automovil\",\"isPartOf\":{\"@id\":\"https:\/\/www.novoutils.com\/es\/#website\"},\"datePublished\":\"2021-05-20T12:40:11+00:00\",\"dateModified\":\"2021-05-28T16:01:20+00:00\",\"breadcrumb\":{\"@id\":\"https:\/\/www.novoutils.com\/es\/herramientas-de-forma-industria-automovil.html#breadcrumb\"},\"inLanguage\":\"es-ES\",\"potentialAction\":[{\"@type\":\"ReadAction\",\"target\":[\"https:\/\/www.novoutils.com\/es\/herramientas-de-forma-industria-automovil.html\"]}]},{\"@type\":\"BreadcrumbList\",\"@id\":\"https:\/\/www.novoutils.com\/es\/herramientas-de-forma-industria-automovil.html#breadcrumb\",\"itemListElement\":[{\"@type\":\"ListItem\",\"position\":1,\"name\":\"Accueil\",\"item\":\"https:\/\/www.novoutils.com\/es\/\"},{\"@type\":\"ListItem\",\"position\":2,\"name\":\"Dise\u00f1o y fabricaci\u00f3n de herramientas de forma para la industria autom\u00f3vil\"}]},{\"@type\":\"WebSite\",\"@id\":\"https:\/\/www.novoutils.com\/es\/#website\",\"url\":\"https:\/\/www.novoutils.com\/es\/\",\"name\":\"Novoutils\",\"description\":\"Ademva Carburab\",\"potentialAction\":[{\"@type\":\"SearchAction\",\"target\":{\"@type\":\"EntryPoint\",\"urlTemplate\":\"https:\/\/www.novoutils.com\/es\/?s={search_term_string}\"},\"query-input\":{\"@type\":\"PropertyValueSpecification\",\"valueRequired\":true,\"valueName\":\"search_term_string\"}}],\"inLanguage\":\"es-ES\"}]}<\/script>\n<!-- \/ Yoast SEO plugin. -->","yoast_head_json":{"title":"Fabrica herramientas de forma industria automovil","robots":{"index":"index","follow":"follow","max-snippet":"max-snippet:-1","max-image-preview":"max-image-preview:large","max-video-preview":"max-video-preview:-1"},"canonical":"https:\/\/www.novoutils.com\/es\/herramientas-de-forma-industria-automovil.html","og_locale":"es_ES","og_type":"article","og_title":"Fabrica herramientas de forma industria automovil","og_description":"[vc_row][vc_column width=&#8221;2\/3&#8243;][vc_column_text]Dise\u00f1o y fabricaci\u00f3n de herramientas de corte para las empresas del sector autom\u00f3vil Situada entre Ginebra y Chamonix, Novoutils pone desde hace m\u00e1s de cincuenta a\u00f1os, \u00a0su experiencia y dinamismo al servicio de las empresas \u00a0subcontratistas del\u00a0 autom\u00f3vil. Nuestro lema: Dise\u00f1ar la precisi\u00f3n Nuestros colaboradores est\u00e1n plenamente comprometidos para \u00a0brindarles las mejores respuestas t\u00e9cnicas [&hellip;]","og_url":"https:\/\/www.novoutils.com\/es\/herramientas-de-forma-industria-automovil.html","og_site_name":"Novoutils","article_modified_time":"2021-05-28T16:01:20+00:00","twitter_card":"summary_large_image","twitter_misc":{"Est. reading time":"2 minutes"},"schema":{"@context":"https:\/\/schema.org","@graph":[{"@type":"WebPage","@id":"https:\/\/www.novoutils.com\/es\/herramientas-de-forma-industria-automovil.html","url":"https:\/\/www.novoutils.com\/es\/herramientas-de-forma-industria-automovil.html","name":"Fabrica herramientas de forma industria automovil","isPartOf":{"@id":"https:\/\/www.novoutils.com\/es\/#website"},"datePublished":"2021-05-20T12:40:11+00:00","dateModified":"2021-05-28T16:01:20+00:00","breadcrumb":{"@id":"https:\/\/www.novoutils.com\/es\/herramientas-de-forma-industria-automovil.html#breadcrumb"},"inLanguage":"es-ES","potentialAction":[{"@type":"ReadAction","target":["https:\/\/www.novoutils.com\/es\/herramientas-de-forma-industria-automovil.html"]}]},{"@type":"BreadcrumbList","@id":"https:\/\/www.novoutils.com\/es\/herramientas-de-forma-industria-automovil.html#breadcrumb","itemListElement":[{"@type":"ListItem","position":1,"name":"Accueil","item":"https:\/\/www.novoutils.com\/es\/"},{"@type":"ListItem","position":2,"name":"Dise\u00f1o y fabricaci\u00f3n de herramientas de forma para la industria autom\u00f3vil"}]},{"@type":"WebSite","@id":"https:\/\/www.novoutils.com\/es\/#website","url":"https:\/\/www.novoutils.com\/es\/","name":"Novoutils","description":"Ademva Carburab","potentialAction":[{"@type":"SearchAction","target":{"@type":"EntryPoint","urlTemplate":"https:\/\/www.novoutils.com\/es\/?s={search_term_string}"},"query-input":{"@type":"PropertyValueSpecification","valueRequired":true,"valueName":"search_term_string"}}],"inLanguage":"es-ES"}]}},"_links":{"self":[{"href":"https:\/\/www.novoutils.com\/es\/wp-json\/wp\/v2\/pages\/2571"}],"collection":[{"href":"https:\/\/www.novoutils.com\/es\/wp-json\/wp\/v2\/pages"}],"about":[{"href":"https:\/\/www.novoutils.com\/es\/wp-json\/wp\/v2\/types\/page"}],"author":[{"embeddable":true,"href":"https:\/\/www.novoutils.com\/es\/wp-json\/wp\/v2\/users\/2"}],"replies":[{"embeddable":true,"href":"https:\/\/www.novoutils.com\/es\/wp-json\/wp\/v2\/comments?post=2571"}],"version-history":[{"count":2,"href":"https:\/\/www.novoutils.com\/es\/wp-json\/wp\/v2\/pages\/2571\/revisions"}],"predecessor-version":[{"id":2573,"href":"https:\/\/www.novoutils.com\/es\/wp-json\/wp\/v2\/pages\/2571\/revisions\/2573"}],"wp:attachment":[{"href":"https:\/\/www.novoutils.com\/es\/wp-json\/wp\/v2\/media?parent=2571"}],"curies":[{"name":"wp","href":"https:\/\/api.w.org\/{rel}","templated":true}]}}