{"id":2515,"date":"2021-02-16T11:15:44","date_gmt":"2021-02-16T10:15:44","guid":{"rendered":"https:\/\/www.novoutils.com\/es\/?page_id=2515"},"modified":"2021-05-20T14:16:03","modified_gmt":"2021-05-20T12:16:03","slug":"diseno-y-fabricacion-de-punzones-de-marcado-personalizados","status":"publish","type":"page","link":"https:\/\/www.novoutils.com\/es\/diseno-y-fabricacion-de-punzones-de-marcado-personalizados.html","title":{"rendered":"DISE\u00d1O Y FABRICACI\u00d3N DE PUNZONES DE MARCADO PERSONALIZADOS"},"content":{"rendered":"<div class=\"wpb-content-wrapper\"><p>[vc_row][vc_column][vc_column_text]DISE\u00d1O Y FABRICACI\u00d3N DE PUNZONES DE MARCADO PERSONALIZADOS[\/vc_column_text][\/vc_column][\/vc_row][vc_row][vc_column width=&#8221;1\/3&#8243;][vc_masonry_media_grid element_width=&#8221;6&#8243; grid_id=&#8221;vc_gid:1613468761535-1b7227e4-7b4b-3&#8243; include=&#8221;2517,2518,2519&#8243;][vc_cta h2=&#8221;\u00a1CONT\u00c1CTENOS!&#8221; color=&#8221;sky&#8221; add_button=&#8221;bottom&#8221; btn_title=&#8221;Contacto&#8221; btn_link=&#8221;url:https%3A%2F%2Fwww.novoutils.com%2Fes%2Fcontact.html|title:Contact||&#8221;]Solicite un presupuesto para el dise\u00f1o y fabricaci\u00f3n de sus punzones de marcado[\/vc_cta][\/vc_column][vc_column width=&#8221;2\/3&#8243;][vc_column_text]Gracias a nuestro saber hacer y \u00a0a nuestra dilatada experiencia\u00a0 de m\u00e1s de cincuenta a\u00f1os, respondemos a las necesidades en herramientas de marcado de diversos sectores de actividad:<\/p>\n<ul>\n<li>Industria del decoletaje<\/li>\n<li>Subcontratistas del sector de automoci\u00f3n<\/li>\n<li>Industria aeron\u00e1utica<\/li>\n<li>Fabricantes de robots y m\u00e1quinas especiales.<\/li>\n<li>Relojer\u00eda\u00a0 e industria del lujo.<\/li>\n<\/ul>\n<p>Teniendo en cuenta el material de las piezas que se marcar\u00e1n, sus necesidades de identificaci\u00f3n (logotipo, di\u00e1metros, referencias), nuestra oficina t\u00e9cnica dise\u00f1a los punzones de marcado, a partir \u00a0de sus planos de piezas.<\/p>\n<p>Nuestro taller fabrica:<\/p>\n<ul>\n<li>Sus punzones a medida para grabar en acero<\/li>\n<li>Punzones para marcado rotativo<\/li>\n<li>Punzones para marcar (texto, logotipos, formas y dimensiones a medida)<\/li>\n<li>Herramientas de marcado para prensa, m\u00e1quina de marcado.<\/li>\n<li>Herramientas de marcado por deformaci\u00f3n<\/li>\n<\/ul>\n<p>Dependiendo de sus condiciones de producci\u00f3n, recomendamos los materiales y recubrimientos m\u00e1s adecuados para sus herramientas de marcado.<\/p>\n<p>[\/vc_column_text][\/vc_column][\/vc_row]<\/p>\n<\/div>","protected":false},"excerpt":{"rendered":"<p>[vc_row][vc_column][vc_column_text]DISE\u00d1O Y FABRICACI\u00d3N DE PUNZONES DE MARCADO PERSONALIZADOS[\/vc_column_text][\/vc_column][\/vc_row][vc_row][vc_column width=&#8221;1\/3&#8243;][vc_masonry_media_grid element_width=&#8221;6&#8243; grid_id=&#8221;vc_gid:1613468761535-1b7227e4-7b4b-3&#8243; include=&#8221;2517,2518,2519&#8243;][vc_cta h2=&#8221;\u00a1CONT\u00c1CTENOS!&#8221; color=&#8221;sky&#8221; add_button=&#8221;bottom&#8221; btn_title=&#8221;Contacto&#8221; btn_link=&#8221;url:https%3A%2F%2Fwww.novoutils.com%2Fes%2Fcontact.html|title:Contact||&#8221;]Solicite un presupuesto para el dise\u00f1o y fabricaci\u00f3n de sus punzones de marcado[\/vc_cta][\/vc_column][vc_column width=&#8221;2\/3&#8243;][vc_column_text]Gracias a nuestro saber hacer y \u00a0a nuestra dilatada experiencia\u00a0 de m\u00e1s de cincuenta a\u00f1os, respondemos a las necesidades en herramientas de marcado de diversos sectores [&hellip;]<\/p>\n","protected":false},"author":2,"featured_media":0,"parent":0,"menu_order":0,"comment_status":"closed","ping_status":"closed","template":"","meta":{"_monsterinsights_skip_tracking":false,"_monsterinsights_sitenote_active":false,"_monsterinsights_sitenote_note":"","_monsterinsights_sitenote_category":0,"footnotes":""},"yoast_head":"<!-- This site is optimized with the Yoast SEO plugin v23.5 - https:\/\/yoast.com\/wordpress\/plugins\/seo\/ -->\n<title>Punzones para marcar metal personalizados<\/title>\n<meta name=\"robots\" content=\"index, follow, max-snippet:-1, max-image-preview:large, max-video-preview:-1\" \/>\n<link rel=\"canonical\" href=\"https:\/\/www.novoutils.com\/es\/diseno-y-fabricacion-de-punzones-de-marcado-personalizados.html\" \/>\n<meta property=\"og:locale\" content=\"es_ES\" \/>\n<meta property=\"og:type\" content=\"article\" \/>\n<meta property=\"og:title\" content=\"Punzones para marcar metal personalizados\" \/>\n<meta property=\"og:description\" content=\"[vc_row][vc_column][vc_column_text]DISE\u00d1O Y FABRICACI\u00d3N DE PUNZONES DE MARCADO PERSONALIZADOS[\/vc_column_text][\/vc_column][\/vc_row][vc_row][vc_column width=&#8221;1\/3&#8243;][vc_masonry_media_grid element_width=&#8221;6&#8243; grid_id=&#8221;vc_gid:1613468761535-1b7227e4-7b4b-3&#8243; include=&#8221;2517,2518,2519&#8243;][vc_cta h2=&#8221;\u00a1CONT\u00c1CTENOS!&#8221; color=&#8221;sky&#8221; add_button=&#8221;bottom&#8221; btn_title=&#8221;Contacto&#8221; btn_link=&#8221;url:https%3A%2F%2Fwww.novoutils.com%2Fes%2Fcontact.html|title:Contact||&#8221;]Solicite un presupuesto para el dise\u00f1o y fabricaci\u00f3n de sus punzones de marcado[\/vc_cta][\/vc_column][vc_column width=&#8221;2\/3&#8243;][vc_column_text]Gracias a nuestro saber hacer y \u00a0a nuestra dilatada experiencia\u00a0 de m\u00e1s de cincuenta a\u00f1os, respondemos a las necesidades en herramientas de marcado de diversos sectores [&hellip;]\" \/>\n<meta property=\"og:url\" content=\"https:\/\/www.novoutils.com\/es\/diseno-y-fabricacion-de-punzones-de-marcado-personalizados.html\" \/>\n<meta property=\"og:site_name\" content=\"Novoutils\" \/>\n<meta property=\"article:modified_time\" content=\"2021-05-20T12:16:03+00:00\" \/>\n<meta name=\"twitter:card\" content=\"summary_large_image\" \/>\n<meta name=\"twitter:label1\" content=\"Est. reading time\" \/>\n\t<meta name=\"twitter:data1\" content=\"1 minute\" \/>\n<script type=\"application\/ld+json\" class=\"yoast-schema-graph\">{\"@context\":\"https:\/\/schema.org\",\"@graph\":[{\"@type\":\"WebPage\",\"@id\":\"https:\/\/www.novoutils.com\/es\/diseno-y-fabricacion-de-punzones-de-marcado-personalizados.html\",\"url\":\"https:\/\/www.novoutils.com\/es\/diseno-y-fabricacion-de-punzones-de-marcado-personalizados.html\",\"name\":\"Punzones para marcar metal personalizados\",\"isPartOf\":{\"@id\":\"https:\/\/www.novoutils.com\/es\/#website\"},\"datePublished\":\"2021-02-16T10:15:44+00:00\",\"dateModified\":\"2021-05-20T12:16:03+00:00\",\"breadcrumb\":{\"@id\":\"https:\/\/www.novoutils.com\/es\/diseno-y-fabricacion-de-punzones-de-marcado-personalizados.html#breadcrumb\"},\"inLanguage\":\"es-ES\",\"potentialAction\":[{\"@type\":\"ReadAction\",\"target\":[\"https:\/\/www.novoutils.com\/es\/diseno-y-fabricacion-de-punzones-de-marcado-personalizados.html\"]}]},{\"@type\":\"BreadcrumbList\",\"@id\":\"https:\/\/www.novoutils.com\/es\/diseno-y-fabricacion-de-punzones-de-marcado-personalizados.html#breadcrumb\",\"itemListElement\":[{\"@type\":\"ListItem\",\"position\":1,\"name\":\"Accueil\",\"item\":\"https:\/\/www.novoutils.com\/es\/\"},{\"@type\":\"ListItem\",\"position\":2,\"name\":\"DISE\u00d1O Y FABRICACI\u00d3N DE PUNZONES DE MARCADO PERSONALIZADOS\"}]},{\"@type\":\"WebSite\",\"@id\":\"https:\/\/www.novoutils.com\/es\/#website\",\"url\":\"https:\/\/www.novoutils.com\/es\/\",\"name\":\"Novoutils\",\"description\":\"Ademva Carburab\",\"potentialAction\":[{\"@type\":\"SearchAction\",\"target\":{\"@type\":\"EntryPoint\",\"urlTemplate\":\"https:\/\/www.novoutils.com\/es\/?s={search_term_string}\"},\"query-input\":{\"@type\":\"PropertyValueSpecification\",\"valueRequired\":true,\"valueName\":\"search_term_string\"}}],\"inLanguage\":\"es-ES\"}]}<\/script>\n<!-- \/ Yoast SEO plugin. -->","yoast_head_json":{"title":"Punzones para marcar metal personalizados","robots":{"index":"index","follow":"follow","max-snippet":"max-snippet:-1","max-image-preview":"max-image-preview:large","max-video-preview":"max-video-preview:-1"},"canonical":"https:\/\/www.novoutils.com\/es\/diseno-y-fabricacion-de-punzones-de-marcado-personalizados.html","og_locale":"es_ES","og_type":"article","og_title":"Punzones para marcar metal personalizados","og_description":"[vc_row][vc_column][vc_column_text]DISE\u00d1O Y FABRICACI\u00d3N DE PUNZONES DE MARCADO PERSONALIZADOS[\/vc_column_text][\/vc_column][\/vc_row][vc_row][vc_column width=&#8221;1\/3&#8243;][vc_masonry_media_grid element_width=&#8221;6&#8243; grid_id=&#8221;vc_gid:1613468761535-1b7227e4-7b4b-3&#8243; include=&#8221;2517,2518,2519&#8243;][vc_cta h2=&#8221;\u00a1CONT\u00c1CTENOS!&#8221; color=&#8221;sky&#8221; add_button=&#8221;bottom&#8221; btn_title=&#8221;Contacto&#8221; btn_link=&#8221;url:https%3A%2F%2Fwww.novoutils.com%2Fes%2Fcontact.html|title:Contact||&#8221;]Solicite un presupuesto para el dise\u00f1o y fabricaci\u00f3n de sus punzones de marcado[\/vc_cta][\/vc_column][vc_column width=&#8221;2\/3&#8243;][vc_column_text]Gracias a nuestro saber hacer y \u00a0a nuestra dilatada experiencia\u00a0 de m\u00e1s de cincuenta a\u00f1os, respondemos a las necesidades en herramientas de marcado de diversos sectores [&hellip;]","og_url":"https:\/\/www.novoutils.com\/es\/diseno-y-fabricacion-de-punzones-de-marcado-personalizados.html","og_site_name":"Novoutils","article_modified_time":"2021-05-20T12:16:03+00:00","twitter_card":"summary_large_image","twitter_misc":{"Est. reading time":"1 minute"},"schema":{"@context":"https:\/\/schema.org","@graph":[{"@type":"WebPage","@id":"https:\/\/www.novoutils.com\/es\/diseno-y-fabricacion-de-punzones-de-marcado-personalizados.html","url":"https:\/\/www.novoutils.com\/es\/diseno-y-fabricacion-de-punzones-de-marcado-personalizados.html","name":"Punzones para marcar metal personalizados","isPartOf":{"@id":"https:\/\/www.novoutils.com\/es\/#website"},"datePublished":"2021-02-16T10:15:44+00:00","dateModified":"2021-05-20T12:16:03+00:00","breadcrumb":{"@id":"https:\/\/www.novoutils.com\/es\/diseno-y-fabricacion-de-punzones-de-marcado-personalizados.html#breadcrumb"},"inLanguage":"es-ES","potentialAction":[{"@type":"ReadAction","target":["https:\/\/www.novoutils.com\/es\/diseno-y-fabricacion-de-punzones-de-marcado-personalizados.html"]}]},{"@type":"BreadcrumbList","@id":"https:\/\/www.novoutils.com\/es\/diseno-y-fabricacion-de-punzones-de-marcado-personalizados.html#breadcrumb","itemListElement":[{"@type":"ListItem","position":1,"name":"Accueil","item":"https:\/\/www.novoutils.com\/es\/"},{"@type":"ListItem","position":2,"name":"DISE\u00d1O Y FABRICACI\u00d3N DE PUNZONES DE MARCADO PERSONALIZADOS"}]},{"@type":"WebSite","@id":"https:\/\/www.novoutils.com\/es\/#website","url":"https:\/\/www.novoutils.com\/es\/","name":"Novoutils","description":"Ademva Carburab","potentialAction":[{"@type":"SearchAction","target":{"@type":"EntryPoint","urlTemplate":"https:\/\/www.novoutils.com\/es\/?s={search_term_string}"},"query-input":{"@type":"PropertyValueSpecification","valueRequired":true,"valueName":"search_term_string"}}],"inLanguage":"es-ES"}]}},"_links":{"self":[{"href":"https:\/\/www.novoutils.com\/es\/wp-json\/wp\/v2\/pages\/2515"}],"collection":[{"href":"https:\/\/www.novoutils.com\/es\/wp-json\/wp\/v2\/pages"}],"about":[{"href":"https:\/\/www.novoutils.com\/es\/wp-json\/wp\/v2\/types\/page"}],"author":[{"embeddable":true,"href":"https:\/\/www.novoutils.com\/es\/wp-json\/wp\/v2\/users\/2"}],"replies":[{"embeddable":true,"href":"https:\/\/www.novoutils.com\/es\/wp-json\/wp\/v2\/comments?post=2515"}],"version-history":[{"count":2,"href":"https:\/\/www.novoutils.com\/es\/wp-json\/wp\/v2\/pages\/2515\/revisions"}],"predecessor-version":[{"id":2521,"href":"https:\/\/www.novoutils.com\/es\/wp-json\/wp\/v2\/pages\/2515\/revisions\/2521"}],"wp:attachment":[{"href":"https:\/\/www.novoutils.com\/es\/wp-json\/wp\/v2\/media?parent=2515"}],"curies":[{"name":"wp","href":"https:\/\/api.w.org\/{rel}","templated":true}]}}