{"id":2502,"date":"2021-02-16T09:56:51","date_gmt":"2021-02-16T08:56:51","guid":{"rendered":"https:\/\/www.novoutils.com\/es\/?page_id=2502"},"modified":"2021-02-16T09:58:11","modified_gmt":"2021-02-16T08:58:11","slug":"diseno-y-fabricacion-a-medida-de-rodillos-moletas-y-segmentos-de-marcaje","status":"publish","type":"page","link":"https:\/\/www.novoutils.com\/es\/diseno-y-fabricacion-a-medida-de-rodillos-moletas-y-segmentos-de-marcaje.html","title":{"rendered":"DISE\u00d1O Y FABRICACI\u00d3N A MEDIDA DE RODILLOS,  MOLETAS y SEGMENTOS DE MARCAJE"},"content":{"rendered":"<div class=\"wpb-content-wrapper\"><p>[vc_row][vc_column][vc_column_text]Gracias a nuestro know-how y experiencia de m\u00e1s de cincuenta a\u00f1os, \u00a0podemos responder a las necesidades en \u00a0herramientas de marcado de varios sectores de actividad:<\/p>\n<p>&nbsp;<\/p>\n<ul>\n<li>Empresas de decoletaje<\/li>\n<li>Subcontratistas del sector de automoci\u00f3n<\/li>\n<li>Industria aeron\u00e1utica<\/li>\n<li>Fabricantes de robots y m\u00e1quinas especiales.<\/li>\n<li>Relojer\u00eda e\u00a0 industria del lujo.<\/li>\n<\/ul>\n<p>&nbsp;<\/p>\n<p>A partir del plano de sus piezas, nuestra oficina t\u00e9cnica dise\u00f1a sus moletas, rodillos \u00a0y\u00a0 segmentos de marcaje adaptados a sus condiciones de fabricaci\u00f3n. Nuestro taller dotado de los mejores equipamientos y m\u00e1quinas, \u00a0fabrica :<\/p>\n<p>&nbsp;<\/p>\n<ul>\n<li>Porta moletas y moletas de marcaje \u00a0(marcado en uno o varios pases)<img loading=\"lazy\" decoding=\"async\" class=\"size-medium wp-image-2503 alignright\" src=\"https:\/\/www.novoutils.com\/es\/wp-content\/uploads\/sites\/3\/2021\/02\/Assemblage-eclate-300x187.jpg\" alt=\"\" width=\"300\" height=\"187\" srcset=\"https:\/\/www.novoutils.com\/es\/wp-content\/uploads\/sites\/3\/2021\/02\/Assemblage-eclate-300x187.jpg 300w, https:\/\/www.novoutils.com\/es\/wp-content\/uploads\/sites\/3\/2021\/02\/Assemblage-eclate-1024x638.jpg 1024w, https:\/\/www.novoutils.com\/es\/wp-content\/uploads\/sites\/3\/2021\/02\/Assemblage-eclate-768x478.jpg 768w, https:\/\/www.novoutils.com\/es\/wp-content\/uploads\/sites\/3\/2021\/02\/Assemblage-eclate-800x500.jpg 800w, https:\/\/www.novoutils.com\/es\/wp-content\/uploads\/sites\/3\/2021\/02\/Assemblage-eclate-360x225.jpg 360w, https:\/\/www.novoutils.com\/es\/wp-content\/uploads\/sites\/3\/2021\/02\/Assemblage-eclate-555x347.jpg 555w, https:\/\/www.novoutils.com\/es\/wp-content\/uploads\/sites\/3\/2021\/02\/Assemblage-eclate-265x165.jpg 265w, https:\/\/www.novoutils.com\/es\/wp-content\/uploads\/sites\/3\/2021\/02\/Assemblage-eclate.jpg 1460w\" sizes=\"(max-width: 300px) 100vw, 300px\" \/><\/li>\n<li>Sus herramientas de marcaje por revoluci\u00f3n<\/li>\n<li>Sus moletas y rodillos de marcado monobloque<\/li>\n<li>Sus segmentos de marcaje intercambiables<\/li>\n<li>Para permitirle identificar sus piezas con referencias, logotipos, n\u00fameros de lote.<\/li>\n<\/ul>\n<p>&nbsp;<\/p>\n<p>Recomendamos los materiales y recubrimientos m\u00e1s adecuados para su uso en m\u00e1quinas tradicionales o m\u00e1quinas de control num\u00e9rico[\/vc_column_text][vc_empty_space height=&#8221;40px&#8221;][\/vc_column][\/vc_row][vc_row][vc_column width=&#8221;1\/3&#8243;][vc_single_image image=&#8221;2024&#8243; img_size=&#8221;medium&#8221;][\/vc_column][vc_column width=&#8221;1\/3&#8243;][vc_single_image image=&#8221;2505&#8243; img_size=&#8221;medium&#8221;][\/vc_column][vc_column width=&#8221;1\/3&#8243;][vc_single_image image=&#8221;2506&#8243; img_size=&#8221;medium&#8221;][\/vc_column][\/vc_row][vc_row][vc_column width=&#8221;1\/3&#8243;][\/vc_column][vc_column width=&#8221;1\/3&#8243;][\/vc_column][vc_column width=&#8221;1\/3&#8243;][vc_cta h2=&#8221;\u00a1CONT\u00c1CTENOS!&#8221; add_button=&#8221;bottom&#8221; btn_title=&#8221;Contacto&#8221; btn_link=&#8221;url:https%3A%2F%2Fwww.novoutils.com%2Fes%2Fcontact.html|title:Contact||&#8221;]Solicite un presupuesto para el dise\u00f1o\u00a0 y fabricaci\u00f3n de moletas, rodillos \u00a0o segmentos de marcaje[\/vc_cta][\/vc_column][\/vc_row]<\/p>\n<\/div>","protected":false},"excerpt":{"rendered":"<p>[vc_row][vc_column][vc_column_text]Gracias a nuestro know-how y experiencia de m\u00e1s de cincuenta a\u00f1os, \u00a0podemos responder a las necesidades en \u00a0herramientas de marcado de varios sectores de actividad: &nbsp; Empresas de decoletaje Subcontratistas del sector de automoci\u00f3n Industria aeron\u00e1utica Fabricantes de robots y m\u00e1quinas especiales. Relojer\u00eda e\u00a0 industria del lujo. &nbsp; A partir del plano de sus piezas, [&hellip;]<\/p>\n","protected":false},"author":2,"featured_media":0,"parent":0,"menu_order":0,"comment_status":"closed","ping_status":"closed","template":"","meta":{"_monsterinsights_skip_tracking":false,"_monsterinsights_sitenote_active":false,"_monsterinsights_sitenote_note":"","_monsterinsights_sitenote_category":0,"footnotes":""},"yoast_head":"<!-- This site is optimized with the Yoast SEO plugin v23.5 - https:\/\/yoast.com\/wordpress\/plugins\/seo\/ -->\n<title>F\u00e1brica herramienta de marcado, dise\u00f1o moletas y rodillos de marcado, segmentos de marcaje<\/title>\n<meta name=\"robots\" content=\"index, follow, max-snippet:-1, max-image-preview:large, max-video-preview:-1\" \/>\n<link rel=\"canonical\" href=\"https:\/\/www.novoutils.com\/es\/diseno-y-fabricacion-a-medida-de-rodillos-moletas-y-segmentos-de-marcaje.html\" \/>\n<meta property=\"og:locale\" content=\"es_ES\" \/>\n<meta property=\"og:type\" content=\"article\" \/>\n<meta property=\"og:title\" content=\"F\u00e1brica herramienta de marcado, dise\u00f1o moletas y rodillos de marcado, segmentos de marcaje\" \/>\n<meta property=\"og:description\" content=\"[vc_row][vc_column][vc_column_text]Gracias a nuestro know-how y experiencia de m\u00e1s de cincuenta a\u00f1os, \u00a0podemos responder a las necesidades en \u00a0herramientas de marcado de varios sectores de actividad: &nbsp; Empresas de decoletaje Subcontratistas del sector de automoci\u00f3n Industria aeron\u00e1utica Fabricantes de robots y m\u00e1quinas especiales. Relojer\u00eda e\u00a0 industria del lujo. &nbsp; A partir del plano de sus piezas, [&hellip;]\" \/>\n<meta property=\"og:url\" content=\"https:\/\/www.novoutils.com\/es\/diseno-y-fabricacion-a-medida-de-rodillos-moletas-y-segmentos-de-marcaje.html\" \/>\n<meta property=\"og:site_name\" content=\"Novoutils\" \/>\n<meta property=\"article:modified_time\" content=\"2021-02-16T08:58:11+00:00\" \/>\n<meta property=\"og:image\" content=\"https:\/\/www.novoutils.com\/es\/wp-content\/uploads\/sites\/3\/2021\/02\/Assemblage-eclate-300x187.jpg\" \/>\n<meta name=\"twitter:card\" content=\"summary_large_image\" \/>\n<meta name=\"twitter:label1\" content=\"Est. reading time\" \/>\n\t<meta name=\"twitter:data1\" content=\"1 minute\" \/>\n<script type=\"application\/ld+json\" class=\"yoast-schema-graph\">{\"@context\":\"https:\/\/schema.org\",\"@graph\":[{\"@type\":\"WebPage\",\"@id\":\"https:\/\/www.novoutils.com\/es\/diseno-y-fabricacion-a-medida-de-rodillos-moletas-y-segmentos-de-marcaje.html\",\"url\":\"https:\/\/www.novoutils.com\/es\/diseno-y-fabricacion-a-medida-de-rodillos-moletas-y-segmentos-de-marcaje.html\",\"name\":\"F\u00e1brica herramienta de marcado, dise\u00f1o moletas y rodillos de marcado, segmentos de marcaje\",\"isPartOf\":{\"@id\":\"https:\/\/www.novoutils.com\/es\/#website\"},\"primaryImageOfPage\":{\"@id\":\"https:\/\/www.novoutils.com\/es\/diseno-y-fabricacion-a-medida-de-rodillos-moletas-y-segmentos-de-marcaje.html#primaryimage\"},\"image\":{\"@id\":\"https:\/\/www.novoutils.com\/es\/diseno-y-fabricacion-a-medida-de-rodillos-moletas-y-segmentos-de-marcaje.html#primaryimage\"},\"thumbnailUrl\":\"https:\/\/www.novoutils.com\/es\/wp-content\/uploads\/sites\/3\/2021\/02\/Assemblage-eclate-300x187.jpg\",\"datePublished\":\"2021-02-16T08:56:51+00:00\",\"dateModified\":\"2021-02-16T08:58:11+00:00\",\"breadcrumb\":{\"@id\":\"https:\/\/www.novoutils.com\/es\/diseno-y-fabricacion-a-medida-de-rodillos-moletas-y-segmentos-de-marcaje.html#breadcrumb\"},\"inLanguage\":\"es-ES\",\"potentialAction\":[{\"@type\":\"ReadAction\",\"target\":[\"https:\/\/www.novoutils.com\/es\/diseno-y-fabricacion-a-medida-de-rodillos-moletas-y-segmentos-de-marcaje.html\"]}]},{\"@type\":\"ImageObject\",\"inLanguage\":\"es-ES\",\"@id\":\"https:\/\/www.novoutils.com\/es\/diseno-y-fabricacion-a-medida-de-rodillos-moletas-y-segmentos-de-marcaje.html#primaryimage\",\"url\":\"https:\/\/www.novoutils.com\/es\/wp-content\/uploads\/sites\/3\/2021\/02\/Assemblage-eclate.jpg\",\"contentUrl\":\"https:\/\/www.novoutils.com\/es\/wp-content\/uploads\/sites\/3\/2021\/02\/Assemblage-eclate.jpg\",\"width\":1460,\"height\":909},{\"@type\":\"BreadcrumbList\",\"@id\":\"https:\/\/www.novoutils.com\/es\/diseno-y-fabricacion-a-medida-de-rodillos-moletas-y-segmentos-de-marcaje.html#breadcrumb\",\"itemListElement\":[{\"@type\":\"ListItem\",\"position\":1,\"name\":\"Accueil\",\"item\":\"https:\/\/www.novoutils.com\/es\/\"},{\"@type\":\"ListItem\",\"position\":2,\"name\":\"DISE\u00d1O Y FABRICACI\u00d3N A MEDIDA DE RODILLOS, MOLETAS y SEGMENTOS DE MARCAJE\"}]},{\"@type\":\"WebSite\",\"@id\":\"https:\/\/www.novoutils.com\/es\/#website\",\"url\":\"https:\/\/www.novoutils.com\/es\/\",\"name\":\"Novoutils\",\"description\":\"Ademva Carburab\",\"potentialAction\":[{\"@type\":\"SearchAction\",\"target\":{\"@type\":\"EntryPoint\",\"urlTemplate\":\"https:\/\/www.novoutils.com\/es\/?s={search_term_string}\"},\"query-input\":{\"@type\":\"PropertyValueSpecification\",\"valueRequired\":true,\"valueName\":\"search_term_string\"}}],\"inLanguage\":\"es-ES\"}]}<\/script>\n<!-- \/ Yoast SEO plugin. -->","yoast_head_json":{"title":"F\u00e1brica herramienta de marcado, dise\u00f1o moletas y rodillos de marcado, segmentos de marcaje","robots":{"index":"index","follow":"follow","max-snippet":"max-snippet:-1","max-image-preview":"max-image-preview:large","max-video-preview":"max-video-preview:-1"},"canonical":"https:\/\/www.novoutils.com\/es\/diseno-y-fabricacion-a-medida-de-rodillos-moletas-y-segmentos-de-marcaje.html","og_locale":"es_ES","og_type":"article","og_title":"F\u00e1brica herramienta de marcado, dise\u00f1o moletas y rodillos de marcado, segmentos de marcaje","og_description":"[vc_row][vc_column][vc_column_text]Gracias a nuestro know-how y experiencia de m\u00e1s de cincuenta a\u00f1os, \u00a0podemos responder a las necesidades en \u00a0herramientas de marcado de varios sectores de actividad: &nbsp; Empresas de decoletaje Subcontratistas del sector de automoci\u00f3n Industria aeron\u00e1utica Fabricantes de robots y m\u00e1quinas especiales. Relojer\u00eda e\u00a0 industria del lujo. &nbsp; A partir del plano de sus piezas, [&hellip;]","og_url":"https:\/\/www.novoutils.com\/es\/diseno-y-fabricacion-a-medida-de-rodillos-moletas-y-segmentos-de-marcaje.html","og_site_name":"Novoutils","article_modified_time":"2021-02-16T08:58:11+00:00","og_image":[{"url":"https:\/\/www.novoutils.com\/es\/wp-content\/uploads\/sites\/3\/2021\/02\/Assemblage-eclate-300x187.jpg"}],"twitter_card":"summary_large_image","twitter_misc":{"Est. reading time":"1 minute"},"schema":{"@context":"https:\/\/schema.org","@graph":[{"@type":"WebPage","@id":"https:\/\/www.novoutils.com\/es\/diseno-y-fabricacion-a-medida-de-rodillos-moletas-y-segmentos-de-marcaje.html","url":"https:\/\/www.novoutils.com\/es\/diseno-y-fabricacion-a-medida-de-rodillos-moletas-y-segmentos-de-marcaje.html","name":"F\u00e1brica herramienta de marcado, dise\u00f1o moletas y rodillos de marcado, segmentos de marcaje","isPartOf":{"@id":"https:\/\/www.novoutils.com\/es\/#website"},"primaryImageOfPage":{"@id":"https:\/\/www.novoutils.com\/es\/diseno-y-fabricacion-a-medida-de-rodillos-moletas-y-segmentos-de-marcaje.html#primaryimage"},"image":{"@id":"https:\/\/www.novoutils.com\/es\/diseno-y-fabricacion-a-medida-de-rodillos-moletas-y-segmentos-de-marcaje.html#primaryimage"},"thumbnailUrl":"https:\/\/www.novoutils.com\/es\/wp-content\/uploads\/sites\/3\/2021\/02\/Assemblage-eclate-300x187.jpg","datePublished":"2021-02-16T08:56:51+00:00","dateModified":"2021-02-16T08:58:11+00:00","breadcrumb":{"@id":"https:\/\/www.novoutils.com\/es\/diseno-y-fabricacion-a-medida-de-rodillos-moletas-y-segmentos-de-marcaje.html#breadcrumb"},"inLanguage":"es-ES","potentialAction":[{"@type":"ReadAction","target":["https:\/\/www.novoutils.com\/es\/diseno-y-fabricacion-a-medida-de-rodillos-moletas-y-segmentos-de-marcaje.html"]}]},{"@type":"ImageObject","inLanguage":"es-ES","@id":"https:\/\/www.novoutils.com\/es\/diseno-y-fabricacion-a-medida-de-rodillos-moletas-y-segmentos-de-marcaje.html#primaryimage","url":"https:\/\/www.novoutils.com\/es\/wp-content\/uploads\/sites\/3\/2021\/02\/Assemblage-eclate.jpg","contentUrl":"https:\/\/www.novoutils.com\/es\/wp-content\/uploads\/sites\/3\/2021\/02\/Assemblage-eclate.jpg","width":1460,"height":909},{"@type":"BreadcrumbList","@id":"https:\/\/www.novoutils.com\/es\/diseno-y-fabricacion-a-medida-de-rodillos-moletas-y-segmentos-de-marcaje.html#breadcrumb","itemListElement":[{"@type":"ListItem","position":1,"name":"Accueil","item":"https:\/\/www.novoutils.com\/es\/"},{"@type":"ListItem","position":2,"name":"DISE\u00d1O Y FABRICACI\u00d3N A MEDIDA DE RODILLOS, MOLETAS y SEGMENTOS DE MARCAJE"}]},{"@type":"WebSite","@id":"https:\/\/www.novoutils.com\/es\/#website","url":"https:\/\/www.novoutils.com\/es\/","name":"Novoutils","description":"Ademva Carburab","potentialAction":[{"@type":"SearchAction","target":{"@type":"EntryPoint","urlTemplate":"https:\/\/www.novoutils.com\/es\/?s={search_term_string}"},"query-input":{"@type":"PropertyValueSpecification","valueRequired":true,"valueName":"search_term_string"}}],"inLanguage":"es-ES"}]}},"_links":{"self":[{"href":"https:\/\/www.novoutils.com\/es\/wp-json\/wp\/v2\/pages\/2502"}],"collection":[{"href":"https:\/\/www.novoutils.com\/es\/wp-json\/wp\/v2\/pages"}],"about":[{"href":"https:\/\/www.novoutils.com\/es\/wp-json\/wp\/v2\/types\/page"}],"author":[{"embeddable":true,"href":"https:\/\/www.novoutils.com\/es\/wp-json\/wp\/v2\/users\/2"}],"replies":[{"embeddable":true,"href":"https:\/\/www.novoutils.com\/es\/wp-json\/wp\/v2\/comments?post=2502"}],"version-history":[{"count":3,"href":"https:\/\/www.novoutils.com\/es\/wp-json\/wp\/v2\/pages\/2502\/revisions"}],"predecessor-version":[{"id":2508,"href":"https:\/\/www.novoutils.com\/es\/wp-json\/wp\/v2\/pages\/2502\/revisions\/2508"}],"wp:attachment":[{"href":"https:\/\/www.novoutils.com\/es\/wp-json\/wp\/v2\/media?parent=2502"}],"curies":[{"name":"wp","href":"https:\/\/api.w.org\/{rel}","templated":true}]}}