{"id":2453,"date":"2020-07-21T17:31:43","date_gmt":"2020-07-21T15:31:43","guid":{"rendered":"https:\/\/www.novoutils.com\/es\/?page_id=2453"},"modified":"2020-07-21T17:33:05","modified_gmt":"2020-07-21T15:33:05","slug":"diseno-y-fabricacion-de-herramientas-de-corte-pcd-y-cbn","status":"publish","type":"page","link":"https:\/\/www.novoutils.com\/es\/diseno-y-fabricacion-de-herramientas-de-corte-pcd-y-cbn.html","title":{"rendered":"DISE\u00d1O Y FABRICACI\u00d3N DE HERRAMIENTAS DE CORTE PCD Y CBN"},"content":{"rendered":"<div class=\"wpb-content-wrapper\"><p>[vc_row][vc_column width=&#8221;1\/3&#8243;][vc_masonry_media_grid initial_loading_animation=&#8221;none&#8221; grid_id=&#8221;vc_gid:1595345375856-4c1765d9-f18e-8&#8243; include=&#8221;2470,2468,2467,2464,2463,2458,2454,2472&#8243;][\/vc_column][vc_column width=&#8221;2\/3&#8243;][vc_column_text]Para cubrir las necesidades de mecanizado, mediante la eliminaci\u00f3n de materia, de las industrias m\u00e1s exigentes (automoci\u00f3n, decoletaje, sector m\u00e9dico, subcontratistas del sector aeron\u00e1utico, etc.), producimos:<\/p>\n<ul>\n<li>Sus herramientas a medida en PCD<\/li>\n<li>Sus herramientas a medida en CBN<\/li>\n<\/ul>\n<p>Teniendo en cuenta sus condiciones de mecanizado y sus planos de piezas, nuestra oficina t\u00e9cnica dise\u00f1a sus herramientas de corte PCD y CBN conforme a sus especificaciones.[\/vc_column_text][vc_column_text]Nuestro know-how y nuestra experiencia de m\u00e1s de cincuenta a\u00f1os, nos permiten abarcar todas las necesidades industriales \u00a0en :<\/p>\n<ul>\n<li>Brocas PCD y CBN<\/li>\n<li>Escariadores PCD y CBN<\/li>\n<li>Fresas de PCD y CBN<\/li>\n<li>Herramientas de torneado PCD y CBN<\/li>\n<li>Herramientas de roscado PCD y CBN<\/li>\n<li>Plaquitas intercambiables de PCD y CBN<\/li>\n<li>Herramientas de plaquitas de PCD en cuerpo acero y carburo<\/li>\n<li>Reglas de rectificaci\u00f3n<\/li>\n<\/ul>\n<p>[\/vc_column_text][\/vc_column][\/vc_row][vc_row][vc_column][vc_images_carousel images=&#8221;2469,2466,2465,2462,2461,2460,2459,2457,2456,2455&#8243; img_size=&#8221;large&#8221; slides_per_view=&#8221;5&#8243;][\/vc_column][\/vc_row][vc_row][vc_column][vc_column_text]<strong>HERRAMIENTAS DE CORTE EN PCD Y CBN PARA APLICACIONES DIVERSAS<\/strong><\/p>\n<p>[\/vc_column_text][\/vc_column][\/vc_row][vc_row][vc_column width=&#8221;2\/3&#8243;][vc_column_text]Fabricamos herramientas adaptables a tornos multihusillos autom\u00e1ticos de levas y tornos multihusillos autom\u00e1ticos CN:<\/p>\n<p>Garantizamos la fabricaci\u00f3n de herramientas de corte PCD y CBN de alta calidad para la producci\u00f3n de sus piezas en:<\/p>\n<ul>\n<li>Aceros templados<\/li>\n<li>Hierro fundido<\/li>\n<li>Titanio<\/li>\n<li>Cobre<\/li>\n<li>Lat\u00f3n<\/li>\n<li>Bronce<\/li>\n<li>Aluminio<\/li>\n<li>Metales preciosos.<\/li>\n<\/ul>\n<p>[\/vc_column_text][\/vc_column][vc_column width=&#8221;1\/3&#8243;][vc_cta h2=&#8221;\u00a1CONT\u00c1CTENOS!&#8221; color=&#8221;sky&#8221; add_button=&#8221;bottom&#8221; btn_title=&#8221;Contacto&#8221; btn_color=&#8221;sky&#8221; btn_link=&#8221;url:https%3A%2F%2Fwww.novoutils.com%2Fes%2Fcontact.html|||&#8221;]Solicite un presupuesto para el dise\u00f1o y fabricaci\u00f3n de herramientas PCD y CBN.[\/vc_cta][\/vc_column][\/vc_row]<\/p>\n<\/div>","protected":false},"excerpt":{"rendered":"<p>[vc_row][vc_column width=&#8221;1\/3&#8243;][vc_masonry_media_grid initial_loading_animation=&#8221;none&#8221; grid_id=&#8221;vc_gid:1595345375856-4c1765d9-f18e-8&#8243; include=&#8221;2470,2468,2467,2464,2463,2458,2454,2472&#8243;][\/vc_column][vc_column width=&#8221;2\/3&#8243;][vc_column_text]Para cubrir las necesidades de mecanizado, mediante la eliminaci\u00f3n de materia, de las industrias m\u00e1s exigentes (automoci\u00f3n, decoletaje, sector m\u00e9dico, subcontratistas del sector aeron\u00e1utico, etc.), producimos: Sus herramientas a medida en PCD Sus herramientas a medida en CBN Teniendo en cuenta sus condiciones de mecanizado y sus planos de piezas, [&hellip;]<\/p>\n","protected":false},"author":2,"featured_media":0,"parent":0,"menu_order":0,"comment_status":"closed","ping_status":"closed","template":"","meta":{"_monsterinsights_skip_tracking":false,"_monsterinsights_sitenote_active":false,"_monsterinsights_sitenote_note":"","_monsterinsights_sitenote_category":0,"footnotes":""},"yoast_head":"<!-- This site is optimized with the Yoast SEO plugin v23.5 - https:\/\/yoast.com\/wordpress\/plugins\/seo\/ -->\n<title>Herramientas de diamante PCD, herramientas de corte CBN<\/title>\n<meta name=\"robots\" content=\"index, follow, max-snippet:-1, max-image-preview:large, max-video-preview:-1\" \/>\n<link rel=\"canonical\" href=\"https:\/\/www.novoutils.com\/es\/diseno-y-fabricacion-de-herramientas-de-corte-pcd-y-cbn.html\" \/>\n<meta property=\"og:locale\" content=\"es_ES\" \/>\n<meta property=\"og:type\" content=\"article\" \/>\n<meta property=\"og:title\" content=\"Herramientas de diamante PCD, herramientas de corte CBN\" \/>\n<meta property=\"og:description\" content=\"[vc_row][vc_column width=&#8221;1\/3&#8243;][vc_masonry_media_grid initial_loading_animation=&#8221;none&#8221; grid_id=&#8221;vc_gid:1595345375856-4c1765d9-f18e-8&#8243; include=&#8221;2470,2468,2467,2464,2463,2458,2454,2472&#8243;][\/vc_column][vc_column width=&#8221;2\/3&#8243;][vc_column_text]Para cubrir las necesidades de mecanizado, mediante la eliminaci\u00f3n de materia, de las industrias m\u00e1s exigentes (automoci\u00f3n, decoletaje, sector m\u00e9dico, subcontratistas del sector aeron\u00e1utico, etc.), producimos: Sus herramientas a medida en PCD Sus herramientas a medida en CBN Teniendo en cuenta sus condiciones de mecanizado y sus planos de piezas, [&hellip;]\" \/>\n<meta property=\"og:url\" content=\"https:\/\/www.novoutils.com\/es\/diseno-y-fabricacion-de-herramientas-de-corte-pcd-y-cbn.html\" \/>\n<meta property=\"og:site_name\" content=\"Novoutils\" \/>\n<meta property=\"article:modified_time\" content=\"2020-07-21T15:33:05+00:00\" \/>\n<meta name=\"twitter:card\" content=\"summary_large_image\" \/>\n<meta name=\"twitter:label1\" content=\"Est. reading time\" \/>\n\t<meta name=\"twitter:data1\" content=\"2 minutes\" \/>\n<script type=\"application\/ld+json\" class=\"yoast-schema-graph\">{\"@context\":\"https:\/\/schema.org\",\"@graph\":[{\"@type\":\"WebPage\",\"@id\":\"https:\/\/www.novoutils.com\/es\/diseno-y-fabricacion-de-herramientas-de-corte-pcd-y-cbn.html\",\"url\":\"https:\/\/www.novoutils.com\/es\/diseno-y-fabricacion-de-herramientas-de-corte-pcd-y-cbn.html\",\"name\":\"Herramientas de diamante PCD, herramientas de corte CBN\",\"isPartOf\":{\"@id\":\"https:\/\/www.novoutils.com\/es\/#website\"},\"datePublished\":\"2020-07-21T15:31:43+00:00\",\"dateModified\":\"2020-07-21T15:33:05+00:00\",\"breadcrumb\":{\"@id\":\"https:\/\/www.novoutils.com\/es\/diseno-y-fabricacion-de-herramientas-de-corte-pcd-y-cbn.html#breadcrumb\"},\"inLanguage\":\"es-ES\",\"potentialAction\":[{\"@type\":\"ReadAction\",\"target\":[\"https:\/\/www.novoutils.com\/es\/diseno-y-fabricacion-de-herramientas-de-corte-pcd-y-cbn.html\"]}]},{\"@type\":\"BreadcrumbList\",\"@id\":\"https:\/\/www.novoutils.com\/es\/diseno-y-fabricacion-de-herramientas-de-corte-pcd-y-cbn.html#breadcrumb\",\"itemListElement\":[{\"@type\":\"ListItem\",\"position\":1,\"name\":\"Accueil\",\"item\":\"https:\/\/www.novoutils.com\/es\/\"},{\"@type\":\"ListItem\",\"position\":2,\"name\":\"DISE\u00d1O Y FABRICACI\u00d3N DE HERRAMIENTAS DE CORTE PCD Y CBN\"}]},{\"@type\":\"WebSite\",\"@id\":\"https:\/\/www.novoutils.com\/es\/#website\",\"url\":\"https:\/\/www.novoutils.com\/es\/\",\"name\":\"Novoutils\",\"description\":\"Ademva Carburab\",\"potentialAction\":[{\"@type\":\"SearchAction\",\"target\":{\"@type\":\"EntryPoint\",\"urlTemplate\":\"https:\/\/www.novoutils.com\/es\/?s={search_term_string}\"},\"query-input\":{\"@type\":\"PropertyValueSpecification\",\"valueRequired\":true,\"valueName\":\"search_term_string\"}}],\"inLanguage\":\"es-ES\"}]}<\/script>\n<!-- \/ Yoast SEO plugin. -->","yoast_head_json":{"title":"Herramientas de diamante PCD, herramientas de corte CBN","robots":{"index":"index","follow":"follow","max-snippet":"max-snippet:-1","max-image-preview":"max-image-preview:large","max-video-preview":"max-video-preview:-1"},"canonical":"https:\/\/www.novoutils.com\/es\/diseno-y-fabricacion-de-herramientas-de-corte-pcd-y-cbn.html","og_locale":"es_ES","og_type":"article","og_title":"Herramientas de diamante PCD, herramientas de corte CBN","og_description":"[vc_row][vc_column width=&#8221;1\/3&#8243;][vc_masonry_media_grid initial_loading_animation=&#8221;none&#8221; grid_id=&#8221;vc_gid:1595345375856-4c1765d9-f18e-8&#8243; include=&#8221;2470,2468,2467,2464,2463,2458,2454,2472&#8243;][\/vc_column][vc_column width=&#8221;2\/3&#8243;][vc_column_text]Para cubrir las necesidades de mecanizado, mediante la eliminaci\u00f3n de materia, de las industrias m\u00e1s exigentes (automoci\u00f3n, decoletaje, sector m\u00e9dico, subcontratistas del sector aeron\u00e1utico, etc.), producimos: Sus herramientas a medida en PCD Sus herramientas a medida en CBN Teniendo en cuenta sus condiciones de mecanizado y sus planos de piezas, [&hellip;]","og_url":"https:\/\/www.novoutils.com\/es\/diseno-y-fabricacion-de-herramientas-de-corte-pcd-y-cbn.html","og_site_name":"Novoutils","article_modified_time":"2020-07-21T15:33:05+00:00","twitter_card":"summary_large_image","twitter_misc":{"Est. reading time":"2 minutes"},"schema":{"@context":"https:\/\/schema.org","@graph":[{"@type":"WebPage","@id":"https:\/\/www.novoutils.com\/es\/diseno-y-fabricacion-de-herramientas-de-corte-pcd-y-cbn.html","url":"https:\/\/www.novoutils.com\/es\/diseno-y-fabricacion-de-herramientas-de-corte-pcd-y-cbn.html","name":"Herramientas de diamante PCD, herramientas de corte CBN","isPartOf":{"@id":"https:\/\/www.novoutils.com\/es\/#website"},"datePublished":"2020-07-21T15:31:43+00:00","dateModified":"2020-07-21T15:33:05+00:00","breadcrumb":{"@id":"https:\/\/www.novoutils.com\/es\/diseno-y-fabricacion-de-herramientas-de-corte-pcd-y-cbn.html#breadcrumb"},"inLanguage":"es-ES","potentialAction":[{"@type":"ReadAction","target":["https:\/\/www.novoutils.com\/es\/diseno-y-fabricacion-de-herramientas-de-corte-pcd-y-cbn.html"]}]},{"@type":"BreadcrumbList","@id":"https:\/\/www.novoutils.com\/es\/diseno-y-fabricacion-de-herramientas-de-corte-pcd-y-cbn.html#breadcrumb","itemListElement":[{"@type":"ListItem","position":1,"name":"Accueil","item":"https:\/\/www.novoutils.com\/es\/"},{"@type":"ListItem","position":2,"name":"DISE\u00d1O Y FABRICACI\u00d3N DE HERRAMIENTAS DE CORTE PCD Y CBN"}]},{"@type":"WebSite","@id":"https:\/\/www.novoutils.com\/es\/#website","url":"https:\/\/www.novoutils.com\/es\/","name":"Novoutils","description":"Ademva Carburab","potentialAction":[{"@type":"SearchAction","target":{"@type":"EntryPoint","urlTemplate":"https:\/\/www.novoutils.com\/es\/?s={search_term_string}"},"query-input":{"@type":"PropertyValueSpecification","valueRequired":true,"valueName":"search_term_string"}}],"inLanguage":"es-ES"}]}},"_links":{"self":[{"href":"https:\/\/www.novoutils.com\/es\/wp-json\/wp\/v2\/pages\/2453"}],"collection":[{"href":"https:\/\/www.novoutils.com\/es\/wp-json\/wp\/v2\/pages"}],"about":[{"href":"https:\/\/www.novoutils.com\/es\/wp-json\/wp\/v2\/types\/page"}],"author":[{"embeddable":true,"href":"https:\/\/www.novoutils.com\/es\/wp-json\/wp\/v2\/users\/2"}],"replies":[{"embeddable":true,"href":"https:\/\/www.novoutils.com\/es\/wp-json\/wp\/v2\/comments?post=2453"}],"version-history":[{"count":2,"href":"https:\/\/www.novoutils.com\/es\/wp-json\/wp\/v2\/pages\/2453\/revisions"}],"predecessor-version":[{"id":2473,"href":"https:\/\/www.novoutils.com\/es\/wp-json\/wp\/v2\/pages\/2453\/revisions\/2473"}],"wp:attachment":[{"href":"https:\/\/www.novoutils.com\/es\/wp-json\/wp\/v2\/media?parent=2453"}],"curies":[{"name":"wp","href":"https:\/\/api.w.org\/{rel}","templated":true}]}}