{"id":2429,"date":"2020-07-16T16:26:28","date_gmt":"2020-07-16T14:26:28","guid":{"rendered":"https:\/\/www.novoutils.com\/es\/?page_id=2429"},"modified":"2020-07-21T16:36:16","modified_gmt":"2020-07-21T14:36:16","slug":"diseno-y-fabricacion-de-herramientas-para-maquinas-escomatic","status":"publish","type":"page","link":"https:\/\/www.novoutils.com\/es\/diseno-y-fabricacion-de-herramientas-para-maquinas-escomatic.html","title":{"rendered":"DISE\u00d1O Y FABRICACI\u00d3N DE HERRAMIENTAS PARA M\u00c1QUINAS ESCOMATIC"},"content":{"rendered":"<div class=\"wpb-content-wrapper\"><p>[vc_row][vc_column width=&#8221;1\/4&#8243;][vc_masonry_media_grid element_width=&#8221;6&#8243; grid_id=&#8221;vc_gid:1595341303618-bc89762e-845e-1&#8243; include=&#8221;2438,2437,2436,2435&#8243;][\/vc_column][vc_column width=&#8221;1\/2&#8243;][vc_column_text]<strong>DISE\u00d1O Y FABRICACI\u00d3N DE HERRAMIENTAS PARA M\u00c1QUINAS ESCOMATIC<\/strong><\/p>\n<p>Especializados, desde hace m\u00e1s de 50 a\u00f1os, \u00a0en el dise\u00f1o y fabricaci\u00f3n de herramientas de corte especiales, estamos plenamente comprometidos en\u00a0 cubrir las necesidades de nuestros clientes tanto a nivel de control de coste de las herramientas como en la reducci\u00f3n de los tiempos de mecanizado.<\/p>\n<p>Nuestra dilatada experiencia nos permite producir \u00a0unitariamente y en peque\u00f1as series sus herramientas y buriles de carburo para m\u00e1quinas Escomatic.<\/p>\n<p>Las m\u00e1quinas y herramientas\u00a0 Escomatic funcionan \u00a0en torno a un\u00a0 \u00a0concepto \u00fanico &#8211; \u00a0la herramienta gira alrededor de la materia para su mecanizado &#8211; ofreciendo \u00a0grandes y apreciadas ventajas para \u00a0las empresas de decoletaje, los subcontratistas de la industria relojera \u00a0y los proveedores del sector m\u00e9dico:<\/p>\n<ul>\n<li>Reducci\u00f3n de los costes de producci\u00f3n.<\/li>\n<li>Reducci\u00f3n del tiempo de cada ciclo gracias a la proximidad permitida entre la herramienta y el material a mecanizar.<\/li>\n<li>Limitaci\u00f3n de sobrantes de material.<\/li>\n<li>Fabricaci\u00f3n de piezas de muy alta precisi\u00f3n.<\/li>\n<\/ul>\n<p>[\/vc_column_text][\/vc_column][vc_column width=&#8221;1\/4&#8243;][vc_masonry_media_grid element_width=&#8221;6&#8243; grid_id=&#8221;vc_gid:1595341303634-2933c95c-c51c-7&#8243; include=&#8221;2434,2433,2432,2431,2430&#8243;][\/vc_column][\/vc_row][vc_row][vc_column width=&#8221;2\/3&#8243;][vc_column_text]<strong>PRODUCCI\u00d3N DE SUS HERRAMIENTAS ESCOMATIC NO EST\u00c1NDAR<\/strong><\/p>\n<p>Teniendo en cuenta la materia\u00a0 que se tiene que mecanizar y la geometr\u00eda de corte lateral que desea obtener, Novoutils desarrolla y produce sus herramientas Escomatic para:<\/p>\n<ul>\n<li>M\u00e1quinas D2-D4<\/li>\n<li>Tornos D6<\/li>\n<li>New mach<\/li>\n<li>Tornos CNC Escomatic<\/li>\n<\/ul>\n<p>Nuestras herramientas Escomatic de alta precisi\u00f3n le permitir\u00e1n producir a partir de hilos\u00a0 y coronas de 0.5 a 9 mm, en series grandes o muy grandes, sus piezas sencillas o complejas en:<\/p>\n<ul>\n<li>Lat\u00f3n<\/li>\n<li>Acero<\/li>\n<li>Acero inoxidable<\/li>\n<li>Aluminio<\/li>\n<li>Titanio<\/li>\n<\/ul>\n<p>[\/vc_column_text][\/vc_column][vc_column width=&#8221;1\/3&#8243;][vc_cta h2=&#8221;\u00a1CONT\u00c1CTENOS!&#8221; add_button=&#8221;bottom&#8221; btn_title=&#8221;Contacto&#8221; btn_color=&#8221;sky&#8221; btn_link=&#8221;url:https%3A%2F%2Fwww.novoutils.com%2Fes%2Fcontact.html|||&#8221;]Solicite un presupuesto para el dise\u00f1o y fabricaci\u00f3n de sus herramientas Escomatic[\/vc_cta][\/vc_column][\/vc_row]<\/p>\n<\/div>","protected":false},"excerpt":{"rendered":"<p>[vc_row][vc_column width=&#8221;1\/4&#8243;][vc_masonry_media_grid element_width=&#8221;6&#8243; grid_id=&#8221;vc_gid:1595341303618-bc89762e-845e-1&#8243; include=&#8221;2438,2437,2436,2435&#8243;][\/vc_column][vc_column width=&#8221;1\/2&#8243;][vc_column_text]DISE\u00d1O Y FABRICACI\u00d3N DE HERRAMIENTAS PARA M\u00c1QUINAS ESCOMATIC Especializados, desde hace m\u00e1s de 50 a\u00f1os, \u00a0en el dise\u00f1o y fabricaci\u00f3n de herramientas de corte especiales, estamos plenamente comprometidos en\u00a0 cubrir las necesidades de nuestros clientes tanto a nivel de control de coste de las herramientas como en la reducci\u00f3n de [&hellip;]<\/p>\n","protected":false},"author":2,"featured_media":0,"parent":0,"menu_order":0,"comment_status":"closed","ping_status":"closed","template":"","meta":{"_monsterinsights_skip_tracking":false,"_monsterinsights_sitenote_active":false,"_monsterinsights_sitenote_note":"","_monsterinsights_sitenote_category":0,"footnotes":""},"yoast_head":"<!-- This site is optimized with the Yoast SEO plugin v23.5 - https:\/\/yoast.com\/wordpress\/plugins\/seo\/ -->\n<title>Herramientas de corte para m\u00e1quinas Escomatic<\/title>\n<meta name=\"robots\" content=\"index, follow, max-snippet:-1, max-image-preview:large, max-video-preview:-1\" \/>\n<link rel=\"canonical\" href=\"https:\/\/www.novoutils.com\/es\/diseno-y-fabricacion-de-herramientas-para-maquinas-escomatic.html\" \/>\n<meta property=\"og:locale\" content=\"es_ES\" \/>\n<meta property=\"og:type\" content=\"article\" \/>\n<meta property=\"og:title\" content=\"Herramientas de corte para m\u00e1quinas Escomatic\" \/>\n<meta property=\"og:description\" content=\"[vc_row][vc_column width=&#8221;1\/4&#8243;][vc_masonry_media_grid element_width=&#8221;6&#8243; grid_id=&#8221;vc_gid:1595341303618-bc89762e-845e-1&#8243; include=&#8221;2438,2437,2436,2435&#8243;][\/vc_column][vc_column width=&#8221;1\/2&#8243;][vc_column_text]DISE\u00d1O Y FABRICACI\u00d3N DE HERRAMIENTAS PARA M\u00c1QUINAS ESCOMATIC Especializados, desde hace m\u00e1s de 50 a\u00f1os, \u00a0en el dise\u00f1o y fabricaci\u00f3n de herramientas de corte especiales, estamos plenamente comprometidos en\u00a0 cubrir las necesidades de nuestros clientes tanto a nivel de control de coste de las herramientas como en la reducci\u00f3n de [&hellip;]\" \/>\n<meta property=\"og:url\" content=\"https:\/\/www.novoutils.com\/es\/diseno-y-fabricacion-de-herramientas-para-maquinas-escomatic.html\" \/>\n<meta property=\"og:site_name\" content=\"Novoutils\" \/>\n<meta property=\"article:modified_time\" content=\"2020-07-21T14:36:16+00:00\" \/>\n<meta name=\"twitter:card\" content=\"summary_large_image\" \/>\n<meta name=\"twitter:label1\" content=\"Est. reading time\" \/>\n\t<meta name=\"twitter:data1\" content=\"2 minutes\" \/>\n<script type=\"application\/ld+json\" class=\"yoast-schema-graph\">{\"@context\":\"https:\/\/schema.org\",\"@graph\":[{\"@type\":\"WebPage\",\"@id\":\"https:\/\/www.novoutils.com\/es\/diseno-y-fabricacion-de-herramientas-para-maquinas-escomatic.html\",\"url\":\"https:\/\/www.novoutils.com\/es\/diseno-y-fabricacion-de-herramientas-para-maquinas-escomatic.html\",\"name\":\"Herramientas de corte para m\u00e1quinas Escomatic\",\"isPartOf\":{\"@id\":\"https:\/\/www.novoutils.com\/es\/#website\"},\"datePublished\":\"2020-07-16T14:26:28+00:00\",\"dateModified\":\"2020-07-21T14:36:16+00:00\",\"breadcrumb\":{\"@id\":\"https:\/\/www.novoutils.com\/es\/diseno-y-fabricacion-de-herramientas-para-maquinas-escomatic.html#breadcrumb\"},\"inLanguage\":\"es-ES\",\"potentialAction\":[{\"@type\":\"ReadAction\",\"target\":[\"https:\/\/www.novoutils.com\/es\/diseno-y-fabricacion-de-herramientas-para-maquinas-escomatic.html\"]}]},{\"@type\":\"BreadcrumbList\",\"@id\":\"https:\/\/www.novoutils.com\/es\/diseno-y-fabricacion-de-herramientas-para-maquinas-escomatic.html#breadcrumb\",\"itemListElement\":[{\"@type\":\"ListItem\",\"position\":1,\"name\":\"Accueil\",\"item\":\"https:\/\/www.novoutils.com\/es\/\"},{\"@type\":\"ListItem\",\"position\":2,\"name\":\"DISE\u00d1O Y FABRICACI\u00d3N DE HERRAMIENTAS PARA M\u00c1QUINAS ESCOMATIC\"}]},{\"@type\":\"WebSite\",\"@id\":\"https:\/\/www.novoutils.com\/es\/#website\",\"url\":\"https:\/\/www.novoutils.com\/es\/\",\"name\":\"Novoutils\",\"description\":\"Ademva Carburab\",\"potentialAction\":[{\"@type\":\"SearchAction\",\"target\":{\"@type\":\"EntryPoint\",\"urlTemplate\":\"https:\/\/www.novoutils.com\/es\/?s={search_term_string}\"},\"query-input\":{\"@type\":\"PropertyValueSpecification\",\"valueRequired\":true,\"valueName\":\"search_term_string\"}}],\"inLanguage\":\"es-ES\"}]}<\/script>\n<!-- \/ Yoast SEO plugin. -->","yoast_head_json":{"title":"Herramientas de corte para m\u00e1quinas Escomatic","robots":{"index":"index","follow":"follow","max-snippet":"max-snippet:-1","max-image-preview":"max-image-preview:large","max-video-preview":"max-video-preview:-1"},"canonical":"https:\/\/www.novoutils.com\/es\/diseno-y-fabricacion-de-herramientas-para-maquinas-escomatic.html","og_locale":"es_ES","og_type":"article","og_title":"Herramientas de corte para m\u00e1quinas Escomatic","og_description":"[vc_row][vc_column width=&#8221;1\/4&#8243;][vc_masonry_media_grid element_width=&#8221;6&#8243; grid_id=&#8221;vc_gid:1595341303618-bc89762e-845e-1&#8243; include=&#8221;2438,2437,2436,2435&#8243;][\/vc_column][vc_column width=&#8221;1\/2&#8243;][vc_column_text]DISE\u00d1O Y FABRICACI\u00d3N DE HERRAMIENTAS PARA M\u00c1QUINAS ESCOMATIC Especializados, desde hace m\u00e1s de 50 a\u00f1os, \u00a0en el dise\u00f1o y fabricaci\u00f3n de herramientas de corte especiales, estamos plenamente comprometidos en\u00a0 cubrir las necesidades de nuestros clientes tanto a nivel de control de coste de las herramientas como en la reducci\u00f3n de [&hellip;]","og_url":"https:\/\/www.novoutils.com\/es\/diseno-y-fabricacion-de-herramientas-para-maquinas-escomatic.html","og_site_name":"Novoutils","article_modified_time":"2020-07-21T14:36:16+00:00","twitter_card":"summary_large_image","twitter_misc":{"Est. reading time":"2 minutes"},"schema":{"@context":"https:\/\/schema.org","@graph":[{"@type":"WebPage","@id":"https:\/\/www.novoutils.com\/es\/diseno-y-fabricacion-de-herramientas-para-maquinas-escomatic.html","url":"https:\/\/www.novoutils.com\/es\/diseno-y-fabricacion-de-herramientas-para-maquinas-escomatic.html","name":"Herramientas de corte para m\u00e1quinas Escomatic","isPartOf":{"@id":"https:\/\/www.novoutils.com\/es\/#website"},"datePublished":"2020-07-16T14:26:28+00:00","dateModified":"2020-07-21T14:36:16+00:00","breadcrumb":{"@id":"https:\/\/www.novoutils.com\/es\/diseno-y-fabricacion-de-herramientas-para-maquinas-escomatic.html#breadcrumb"},"inLanguage":"es-ES","potentialAction":[{"@type":"ReadAction","target":["https:\/\/www.novoutils.com\/es\/diseno-y-fabricacion-de-herramientas-para-maquinas-escomatic.html"]}]},{"@type":"BreadcrumbList","@id":"https:\/\/www.novoutils.com\/es\/diseno-y-fabricacion-de-herramientas-para-maquinas-escomatic.html#breadcrumb","itemListElement":[{"@type":"ListItem","position":1,"name":"Accueil","item":"https:\/\/www.novoutils.com\/es\/"},{"@type":"ListItem","position":2,"name":"DISE\u00d1O Y FABRICACI\u00d3N DE HERRAMIENTAS PARA M\u00c1QUINAS ESCOMATIC"}]},{"@type":"WebSite","@id":"https:\/\/www.novoutils.com\/es\/#website","url":"https:\/\/www.novoutils.com\/es\/","name":"Novoutils","description":"Ademva Carburab","potentialAction":[{"@type":"SearchAction","target":{"@type":"EntryPoint","urlTemplate":"https:\/\/www.novoutils.com\/es\/?s={search_term_string}"},"query-input":{"@type":"PropertyValueSpecification","valueRequired":true,"valueName":"search_term_string"}}],"inLanguage":"es-ES"}]}},"_links":{"self":[{"href":"https:\/\/www.novoutils.com\/es\/wp-json\/wp\/v2\/pages\/2429"}],"collection":[{"href":"https:\/\/www.novoutils.com\/es\/wp-json\/wp\/v2\/pages"}],"about":[{"href":"https:\/\/www.novoutils.com\/es\/wp-json\/wp\/v2\/types\/page"}],"author":[{"embeddable":true,"href":"https:\/\/www.novoutils.com\/es\/wp-json\/wp\/v2\/users\/2"}],"replies":[{"embeddable":true,"href":"https:\/\/www.novoutils.com\/es\/wp-json\/wp\/v2\/comments?post=2429"}],"version-history":[{"count":10,"href":"https:\/\/www.novoutils.com\/es\/wp-json\/wp\/v2\/pages\/2429\/revisions"}],"predecessor-version":[{"id":2449,"href":"https:\/\/www.novoutils.com\/es\/wp-json\/wp\/v2\/pages\/2429\/revisions\/2449"}],"wp:attachment":[{"href":"https:\/\/www.novoutils.com\/es\/wp-json\/wp\/v2\/media?parent=2429"}],"curies":[{"name":"wp","href":"https:\/\/api.w.org\/{rel}","templated":true}]}}