{"id":2377,"date":"2020-01-27T17:00:30","date_gmt":"2020-01-27T16:00:30","guid":{"rendered":"https:\/\/www.novoutils.com\/es\/?page_id=2377"},"modified":"2020-01-31T17:15:10","modified_gmt":"2020-01-31T16:15:10","slug":"diseno-y-fabricacion-de-herramientas-a-medida-para-la-industria-del-lujo-y-de-la-relojeria","status":"publish","type":"page","link":"https:\/\/www.novoutils.com\/es\/diseno-y-fabricacion-de-herramientas-a-medida-para-la-industria-del-lujo-y-de-la-relojeria.html","title":{"rendered":"DISE\u00d1O Y FABRICACI\u00d3N DE HERRAMIENTAS A MEDIDA PARA LA INDUSTRIA DEL LUJO Y DE LA RELOJER\u00cdA"},"content":{"rendered":"<div class=\"wpb-content-wrapper\"><p>[vc_row][vc_column width=&#8221;1\/4&#8243;][vc_single_image image=&#8221;2379&#8243; img_size=&#8221;large&#8221;][vc_single_image image=&#8221;2378&#8243; img_size=&#8221;large&#8221;][\/vc_column][vc_column width=&#8221;3\/4&#8243;][vc_column_text]Desde hace m\u00e1s de 50 a\u00f1os, estamos especializados en el <strong class=\"d2b\">dise\u00f1o<\/strong> y en la <strong class=\"d2b\">fabricaci\u00f3n a medid<\/strong>a, de <strong class=\"d2b\">herramientas de corte de alta precisi\u00f3n<\/strong> para el mecanizado de componentes de <strong class=\"d2b\">relojer\u00eda<\/strong> de m\u00e1xima calidad.<\/p>\n<p>A partir de sus planos y respetando sus condiciones de producci\u00f3n, nuestra oficina t\u00e9cnica y nuestro taller, equipados con m\u00e1quinas de \u00faltima generaci\u00f3n, dise\u00f1an y fabrican:<\/p>\n<ul>\n<li><strong class=\"d2b\">Herramientas de corte<\/strong> para la fabricaci\u00f3n de cierres, piezas y componentes de pulseras, sujeciones<\/li>\n<li>Herramientas para la fabricaci\u00f3n de hebillas.<\/li>\n<li><strong class=\"d2b\">Micro brocas<\/strong> para el taladrado \u201ctipo chaton\u201d o boquilla.<\/li>\n<li>Herramientas para el <strong class=\"d2b\">taladrado de acabado<\/strong><\/li>\n<li><strong class=\"d2b\">Herramientas de corte<\/strong> para el mecanizado de las cajas<\/li>\n<li>Herramientas para la fabricaci\u00f3n de coronas<\/li>\n<li><strong class=\"d2b\">Estampados<\/strong><\/li>\n<li><strong class=\"d2b\">Herramientas de engaste<\/strong><\/li>\n<\/ul>\n<p>[\/vc_column_text][\/vc_column][\/vc_row][vc_row][vc_column width=&#8221;2\/3&#8243;][vc_column_text]Conforme a las exigencias de su pliego de condiciones, fabricamos herramientas para el trabajo\u00a0:<\/p>\n<ul>\n<li>Del <strong class=\"d2b\">oro<\/strong><\/li>\n<li>Del <strong class=\"d2b\">lat\u00f3n<\/strong>, lat\u00f3n sin plomo<\/li>\n<li>Del <strong class=\"d2b\">inox<\/strong><\/li>\n<li>Del <strong class=\"d2b\">titanio<\/strong><\/li>\n<\/ul>\n<h2><strong>NUESTRA EXPERIENCIA Y SABER HACER EN LA FABRICACI\u00d3N DE HERRAMIENTAS, AL SERVICIO DE APLICACIONES DIVERSAS EN LA INDUSTRIA DEL LUJO Y DE LA RELOJER\u00cdA \u00a0<\/strong><\/h2>\n<p>Nuestra experiencia y nuestro saber hacer \u00a0en la <strong>fabricaci\u00f3n de herramientas en metal duro,\u00a0 HSS, diamante a medida<\/strong>, nos \u00a0permiten \u00a0responder a todas \u00a0sus necesidades\u00a0 en\u00a0 <strong>torneado, roscado, brochado, marcado : <\/strong><\/p>\n<ul>\n<li><strong class=\"d2b\">Micro brocas<\/strong>, <strong class=\"d2b\">brocas helicoidales<\/strong><\/li>\n<li><strong class=\"d2b\">Fresas hemisf\u00e9ricas<\/strong>, fresas bolas, fresas forma de T<\/li>\n<li><strong class=\"d2b\">Plaquitas de roscado<\/strong><\/li>\n<li><strong class=\"d2b\">Matrices de punzonado<\/strong><\/li>\n<li><strong class=\"d2b\">Escariadores<\/strong><\/li>\n<li><strong class=\"d2b\">Cuchillas<\/strong><\/li>\n<li>Punzones, Estampas<\/li>\n<\/ul>\n<p>Teniendo integradas las operaciones de torneado, fresado, electroerosi\u00f3n y rectificaci\u00f3n, podemos igualmente responder a sus demandas en subconjuntos de posado, soluciones de reglaje, pinzas de pulido, mordazas en acero, inox, aceros especiales, aleaciones acero, aleaciones especiales no f\u00e9rreas, aluminio, bronce, cobre\u2026[\/vc_column_text][\/vc_column][vc_column width=&#8221;1\/3&#8243;][vc_single_image image=&#8221;2381&#8243; img_size=&#8221;large&#8221;][vc_single_image image=&#8221;2380&#8243; img_size=&#8221;large&#8221;][\/vc_column][\/vc_row][vc_row][vc_column width=&#8221;1\/3&#8243;][\/vc_column][vc_column width=&#8221;1\/3&#8243;][vc_cta h2=&#8221;CONT\u00c1CTENOS &#8221; color=&#8221;sky&#8221;]Solicite un presupuesto para la fabricaci\u00f3n de sus herramientas de forma\u00a0: brocas, fresas, plaquitas de fileteado para el sector de la relojer\u00eda[\/vc_cta][\/vc_column][vc_column width=&#8221;1\/3&#8243;][\/vc_column][\/vc_row]<\/p>\n<\/div>","protected":false},"excerpt":{"rendered":"<p>[vc_row][vc_column width=&#8221;1\/4&#8243;][vc_single_image image=&#8221;2379&#8243; img_size=&#8221;large&#8221;][vc_single_image image=&#8221;2378&#8243; img_size=&#8221;large&#8221;][\/vc_column][vc_column width=&#8221;3\/4&#8243;][vc_column_text]Desde hace m\u00e1s de 50 a\u00f1os, estamos especializados en el dise\u00f1o y en la fabricaci\u00f3n a medida, de herramientas de corte de alta precisi\u00f3n para el mecanizado de componentes de relojer\u00eda de m\u00e1xima calidad. A partir de sus planos y respetando sus condiciones de producci\u00f3n, nuestra oficina t\u00e9cnica y [&hellip;]<\/p>\n","protected":false},"author":2,"featured_media":0,"parent":0,"menu_order":0,"comment_status":"closed","ping_status":"closed","template":"","meta":{"_monsterinsights_skip_tracking":false,"_monsterinsights_sitenote_active":false,"_monsterinsights_sitenote_note":"","_monsterinsights_sitenote_category":0,"footnotes":""},"yoast_head":"<!-- This site is optimized with the Yoast SEO plugin v23.5 - https:\/\/yoast.com\/wordpress\/plugins\/seo\/ -->\n<title>Herramientas industria relojera, lujo, dise\u00f1o herramientas de corte<\/title>\n<meta name=\"description\" content=\"Novoutils dise\u00f1a y fabrica herramientas a medida. Fabricamos herramientas para la industria del lujo y la relojer\u00eda. P\u00f3ngase en contacto con nosotros.\" \/>\n<meta name=\"robots\" content=\"index, follow, max-snippet:-1, max-image-preview:large, max-video-preview:-1\" \/>\n<link rel=\"canonical\" href=\"https:\/\/www.novoutils.com\/es\/diseno-y-fabricacion-de-herramientas-a-medida-para-la-industria-del-lujo-y-de-la-relojeria.html\" \/>\n<meta property=\"og:locale\" content=\"es_ES\" \/>\n<meta property=\"og:type\" content=\"article\" \/>\n<meta property=\"og:title\" content=\"Herramientas industria relojera, lujo, dise\u00f1o herramientas de corte\" \/>\n<meta property=\"og:description\" content=\"Novoutils dise\u00f1a y fabrica herramientas a medida. Fabricamos herramientas para la industria del lujo y la relojer\u00eda. P\u00f3ngase en contacto con nosotros.\" \/>\n<meta property=\"og:url\" content=\"https:\/\/www.novoutils.com\/es\/diseno-y-fabricacion-de-herramientas-a-medida-para-la-industria-del-lujo-y-de-la-relojeria.html\" \/>\n<meta property=\"og:site_name\" content=\"Novoutils\" \/>\n<meta property=\"article:modified_time\" content=\"2020-01-31T16:15:10+00:00\" \/>\n<meta name=\"twitter:card\" content=\"summary_large_image\" \/>\n<meta name=\"twitter:label1\" content=\"Est. reading time\" \/>\n\t<meta name=\"twitter:data1\" content=\"2 minutes\" \/>\n<script type=\"application\/ld+json\" class=\"yoast-schema-graph\">{\"@context\":\"https:\/\/schema.org\",\"@graph\":[{\"@type\":\"WebPage\",\"@id\":\"https:\/\/www.novoutils.com\/es\/diseno-y-fabricacion-de-herramientas-a-medida-para-la-industria-del-lujo-y-de-la-relojeria.html\",\"url\":\"https:\/\/www.novoutils.com\/es\/diseno-y-fabricacion-de-herramientas-a-medida-para-la-industria-del-lujo-y-de-la-relojeria.html\",\"name\":\"Herramientas industria relojera, lujo, dise\u00f1o herramientas de corte\",\"isPartOf\":{\"@id\":\"https:\/\/www.novoutils.com\/es\/#website\"},\"datePublished\":\"2020-01-27T16:00:30+00:00\",\"dateModified\":\"2020-01-31T16:15:10+00:00\",\"description\":\"Novoutils dise\u00f1a y fabrica herramientas a medida. Fabricamos herramientas para la industria del lujo y la relojer\u00eda. P\u00f3ngase en contacto con nosotros.\",\"breadcrumb\":{\"@id\":\"https:\/\/www.novoutils.com\/es\/diseno-y-fabricacion-de-herramientas-a-medida-para-la-industria-del-lujo-y-de-la-relojeria.html#breadcrumb\"},\"inLanguage\":\"es-ES\",\"potentialAction\":[{\"@type\":\"ReadAction\",\"target\":[\"https:\/\/www.novoutils.com\/es\/diseno-y-fabricacion-de-herramientas-a-medida-para-la-industria-del-lujo-y-de-la-relojeria.html\"]}]},{\"@type\":\"BreadcrumbList\",\"@id\":\"https:\/\/www.novoutils.com\/es\/diseno-y-fabricacion-de-herramientas-a-medida-para-la-industria-del-lujo-y-de-la-relojeria.html#breadcrumb\",\"itemListElement\":[{\"@type\":\"ListItem\",\"position\":1,\"name\":\"Accueil\",\"item\":\"https:\/\/www.novoutils.com\/es\/\"},{\"@type\":\"ListItem\",\"position\":2,\"name\":\"DISE\u00d1O Y FABRICACI\u00d3N DE HERRAMIENTAS A MEDIDA PARA LA INDUSTRIA DEL LUJO Y DE LA RELOJER\u00cdA\"}]},{\"@type\":\"WebSite\",\"@id\":\"https:\/\/www.novoutils.com\/es\/#website\",\"url\":\"https:\/\/www.novoutils.com\/es\/\",\"name\":\"Novoutils\",\"description\":\"Ademva Carburab\",\"potentialAction\":[{\"@type\":\"SearchAction\",\"target\":{\"@type\":\"EntryPoint\",\"urlTemplate\":\"https:\/\/www.novoutils.com\/es\/?s={search_term_string}\"},\"query-input\":{\"@type\":\"PropertyValueSpecification\",\"valueRequired\":true,\"valueName\":\"search_term_string\"}}],\"inLanguage\":\"es-ES\"}]}<\/script>\n<!-- \/ Yoast SEO plugin. -->","yoast_head_json":{"title":"Herramientas industria relojera, lujo, dise\u00f1o herramientas de corte","description":"Novoutils dise\u00f1a y fabrica herramientas a medida. Fabricamos herramientas para la industria del lujo y la relojer\u00eda. P\u00f3ngase en contacto con nosotros.","robots":{"index":"index","follow":"follow","max-snippet":"max-snippet:-1","max-image-preview":"max-image-preview:large","max-video-preview":"max-video-preview:-1"},"canonical":"https:\/\/www.novoutils.com\/es\/diseno-y-fabricacion-de-herramientas-a-medida-para-la-industria-del-lujo-y-de-la-relojeria.html","og_locale":"es_ES","og_type":"article","og_title":"Herramientas industria relojera, lujo, dise\u00f1o herramientas de corte","og_description":"Novoutils dise\u00f1a y fabrica herramientas a medida. Fabricamos herramientas para la industria del lujo y la relojer\u00eda. P\u00f3ngase en contacto con nosotros.","og_url":"https:\/\/www.novoutils.com\/es\/diseno-y-fabricacion-de-herramientas-a-medida-para-la-industria-del-lujo-y-de-la-relojeria.html","og_site_name":"Novoutils","article_modified_time":"2020-01-31T16:15:10+00:00","twitter_card":"summary_large_image","twitter_misc":{"Est. reading time":"2 minutes"},"schema":{"@context":"https:\/\/schema.org","@graph":[{"@type":"WebPage","@id":"https:\/\/www.novoutils.com\/es\/diseno-y-fabricacion-de-herramientas-a-medida-para-la-industria-del-lujo-y-de-la-relojeria.html","url":"https:\/\/www.novoutils.com\/es\/diseno-y-fabricacion-de-herramientas-a-medida-para-la-industria-del-lujo-y-de-la-relojeria.html","name":"Herramientas industria relojera, lujo, dise\u00f1o herramientas de corte","isPartOf":{"@id":"https:\/\/www.novoutils.com\/es\/#website"},"datePublished":"2020-01-27T16:00:30+00:00","dateModified":"2020-01-31T16:15:10+00:00","description":"Novoutils dise\u00f1a y fabrica herramientas a medida. Fabricamos herramientas para la industria del lujo y la relojer\u00eda. P\u00f3ngase en contacto con nosotros.","breadcrumb":{"@id":"https:\/\/www.novoutils.com\/es\/diseno-y-fabricacion-de-herramientas-a-medida-para-la-industria-del-lujo-y-de-la-relojeria.html#breadcrumb"},"inLanguage":"es-ES","potentialAction":[{"@type":"ReadAction","target":["https:\/\/www.novoutils.com\/es\/diseno-y-fabricacion-de-herramientas-a-medida-para-la-industria-del-lujo-y-de-la-relojeria.html"]}]},{"@type":"BreadcrumbList","@id":"https:\/\/www.novoutils.com\/es\/diseno-y-fabricacion-de-herramientas-a-medida-para-la-industria-del-lujo-y-de-la-relojeria.html#breadcrumb","itemListElement":[{"@type":"ListItem","position":1,"name":"Accueil","item":"https:\/\/www.novoutils.com\/es\/"},{"@type":"ListItem","position":2,"name":"DISE\u00d1O Y FABRICACI\u00d3N DE HERRAMIENTAS A MEDIDA PARA LA INDUSTRIA DEL LUJO Y DE LA RELOJER\u00cdA"}]},{"@type":"WebSite","@id":"https:\/\/www.novoutils.com\/es\/#website","url":"https:\/\/www.novoutils.com\/es\/","name":"Novoutils","description":"Ademva Carburab","potentialAction":[{"@type":"SearchAction","target":{"@type":"EntryPoint","urlTemplate":"https:\/\/www.novoutils.com\/es\/?s={search_term_string}"},"query-input":{"@type":"PropertyValueSpecification","valueRequired":true,"valueName":"search_term_string"}}],"inLanguage":"es-ES"}]}},"_links":{"self":[{"href":"https:\/\/www.novoutils.com\/es\/wp-json\/wp\/v2\/pages\/2377"}],"collection":[{"href":"https:\/\/www.novoutils.com\/es\/wp-json\/wp\/v2\/pages"}],"about":[{"href":"https:\/\/www.novoutils.com\/es\/wp-json\/wp\/v2\/types\/page"}],"author":[{"embeddable":true,"href":"https:\/\/www.novoutils.com\/es\/wp-json\/wp\/v2\/users\/2"}],"replies":[{"embeddable":true,"href":"https:\/\/www.novoutils.com\/es\/wp-json\/wp\/v2\/comments?post=2377"}],"version-history":[{"count":3,"href":"https:\/\/www.novoutils.com\/es\/wp-json\/wp\/v2\/pages\/2377\/revisions"}],"predecessor-version":[{"id":2406,"href":"https:\/\/www.novoutils.com\/es\/wp-json\/wp\/v2\/pages\/2377\/revisions\/2406"}],"wp:attachment":[{"href":"https:\/\/www.novoutils.com\/es\/wp-json\/wp\/v2\/media?parent=2377"}],"curies":[{"name":"wp","href":"https:\/\/api.w.org\/{rel}","templated":true}]}}