{"id":2363,"date":"2020-01-27T16:46:49","date_gmt":"2020-01-27T15:46:49","guid":{"rendered":"https:\/\/www.novoutils.com\/es\/?page_id=2363"},"modified":"2020-02-17T17:13:04","modified_gmt":"2020-02-17T16:13:04","slug":"diseno-y-fabricacion-de-herramientas-para-la-industria-aeronautica","status":"publish","type":"page","link":"https:\/\/www.novoutils.com\/es\/diseno-y-fabricacion-de-herramientas-para-la-industria-aeronautica.html","title":{"rendered":"DISE\u00d1O Y FABRICACI\u00d3N DE HERRAMIENTAS PARA LA INDUSTRIA AERON\u00c1UTICA"},"content":{"rendered":"<div class=\"wpb-content-wrapper\"><p>[vc_row][vc_column][vc_column_text]DISE\u00d1AMOS Y FABRICAMOS HERRAMIENTAS DE CORTE PARA EL SECTOR AERON\u00c1UTICO[\/vc_column_text][\/vc_column][\/vc_row][vc_row][vc_column width=&#8221;2\/3&#8243;][vc_column_text]Avalados por nuestra experiencia de m\u00e1s de 50 a\u00f1os en la fabricaci\u00f3n de herramientas de corte de alta precisi\u00f3n, y gracias a nuestro parque de m\u00e1quinas continuamente actualizado, respondemos a las necesidades m\u00e1s exigentes en herramientas espec\u00edficas para el sector aeron\u00e1utico.<\/p>\n<p>Nuestra oficina t\u00e9cnica, partiendo de sus planos y de sus necesidades, concibe sus herramientas de corte espec\u00edficas para el mecanizado de sus aceros, aceros tratados, aluminio, titanio e\u00a0 Inconel :<\/p>\n<ul>\n<li>Broca en metal duro o HSS\u00a0: Brocas escalonadas, brocas pilotos<\/li>\n<li>Escariadores especiales, escariadores rectos, escariadores c\u00f3nicos<\/li>\n<li>Fresa en metal duro o HSS\u00a0: Fresas 2 cortes, fresas hemisf\u00e9ricas<\/li>\n<li>Herramientas de mandrinado aeron\u00e1uticas<\/li>\n<li>Plaquitas de corte para el sector aeron\u00e1utico\u00a0\u00a0(torneado,roscado, ranurado)<\/li>\n<li>Punzones de corte (rosan, aster, torx, hex\u00e1gono, keenserts\u2026)<\/li>\n<\/ul>\n<p>[\/vc_column_text][\/vc_column][vc_column width=&#8221;1\/3&#8243;][vc_masonry_media_grid grid_id=&#8221;vc_gid:1581955925994-6240108d-9fba-3&#8243; include=&#8221;2365,2364,2374,2373,2372,2371,2370&#8243;][\/vc_column][\/vc_row][vc_row css=&#8221;.vc_custom_1569509916390{background-position: center !important;background-repeat: no-repeat !important;background-size: contain !important;}&#8221;][vc_column][vc_column_text]<\/p>\n<h2>AFILADO DE HERRAMIENTAS DE CORTE PARA EL SECTOR AERON\u00c1UTICO<\/h2>\n<p>Respondemos en plazos muy cortos, a sus necesidades de tallado y\u00a0 reafilado\u00a0 de herramientas de corte para el sector aeron\u00e1utico.<\/p>\n<p>Nos encargamos de :<\/p>\n<ul>\n<li>Sus herramientas de corte est\u00e1ndares<\/li>\n<li>Sus herramientas de corte espec\u00edficas<\/li>\n<\/ul>\n<p>[\/vc_column_text][vc_empty_space][\/vc_column][\/vc_row][vc_row][vc_column width=&#8221;2\/3&#8243;][vc_column_text]<\/p>\n<h2>DISE\u00d1O Y FABRICACI\u00d3N DE HERRAMIENTAS DE DEFORMACI\u00d3N PARA EL SECTOR AERON\u00c1UTICO<\/h2>\n<p>Novoutils tambi\u00e9n responde a las necesidades del sector aeron\u00e1utico, en herramientas de deformaci\u00f3n:<\/p>\n<ul>\n<li>Herramientas de crimpado \/herramientas de remachado\n<ul>\n<li>Herramientas de galeteado<\/li>\n<li>Punzones y matrices<\/li>\n<\/ul>\n<\/li>\n<\/ul>\n<p><strong>Acorde con las exigencias y las necesidades de la industria aeron\u00e1utica, nuestra oficina t\u00e9cnica dise\u00f1a : <\/strong><\/p>\n<ul>\n<li>Sus moletas de galeteado (galeteado de forma cil\u00edndrica, galeteado de radio transitorio\u2026) \u00a0para el mecanizado de acabado<\/li>\n<li>Sus moletas de galeteado para el refuerzo de piezas fabricadas \u00a0 (resistencias a las vibraciones de los componentes, aumento de la duraci\u00f3n de vida)<\/li>\n<\/ul>\n<p>[\/vc_column_text][\/vc_column][vc_column width=&#8221;1\/3&#8243;][vc_single_image image=&#8221;2366&#8243; img_size=&#8221;medium&#8221;][vc_single_image image=&#8221;2367&#8243; img_size=&#8221;medium&#8221;][\/vc_column][\/vc_row][vc_row][vc_column width=&#8221;1\/3&#8243;][\/vc_column][vc_column width=&#8221;1\/3&#8243;][vc_cta h2=&#8221;CONT\u00c1CTENOS&#8221; color=&#8221;sky&#8221; add_button=&#8221;bottom&#8221; btn_title=&#8221;Contact&#8221; btn_color=&#8221;sky&#8221; btn_link=&#8221;url:https%3A%2F%2Fwww.novoutils.com%2Fcontact.html|title:Contact||&#8221;]Solicite su presupuesto para el dise\u00f1o y la fabricaci\u00f3n de punzones, fresas, brocas, herramientas de deformaci\u00f3n para el sector aeron\u00e1utico[\/vc_cta][\/vc_column][vc_column width=&#8221;1\/3&#8243;][\/vc_column][\/vc_row]<\/p>\n<\/div>","protected":false},"excerpt":{"rendered":"<p>[vc_row][vc_column][vc_column_text]DISE\u00d1AMOS Y FABRICAMOS HERRAMIENTAS DE CORTE PARA EL SECTOR AERON\u00c1UTICO[\/vc_column_text][\/vc_column][\/vc_row][vc_row][vc_column width=&#8221;2\/3&#8243;][vc_column_text]Avalados por nuestra experiencia de m\u00e1s de 50 a\u00f1os en la fabricaci\u00f3n de herramientas de corte de alta precisi\u00f3n, y gracias a nuestro parque de m\u00e1quinas continuamente actualizado, respondemos a las necesidades m\u00e1s exigentes en herramientas espec\u00edficas para el sector aeron\u00e1utico. Nuestra oficina t\u00e9cnica, partiendo [&hellip;]<\/p>\n","protected":false},"author":2,"featured_media":0,"parent":0,"menu_order":0,"comment_status":"closed","ping_status":"closed","template":"","meta":{"_monsterinsights_skip_tracking":false,"_monsterinsights_sitenote_active":false,"_monsterinsights_sitenote_note":"","_monsterinsights_sitenote_category":0,"footnotes":""},"yoast_head":"<!-- This site is optimized with the Yoast SEO plugin v23.5 - https:\/\/yoast.com\/wordpress\/plugins\/seo\/ -->\n<title>Fabricacion de herramientas de corte industria aeronautica<\/title>\n<meta name=\"robots\" content=\"index, follow, max-snippet:-1, max-image-preview:large, max-video-preview:-1\" \/>\n<link rel=\"canonical\" href=\"https:\/\/www.novoutils.com\/es\/diseno-y-fabricacion-de-herramientas-para-la-industria-aeronautica.html\" \/>\n<meta property=\"og:locale\" content=\"es_ES\" \/>\n<meta property=\"og:type\" content=\"article\" \/>\n<meta property=\"og:title\" content=\"Fabricacion de herramientas de corte industria aeronautica\" \/>\n<meta property=\"og:description\" content=\"[vc_row][vc_column][vc_column_text]DISE\u00d1AMOS Y FABRICAMOS HERRAMIENTAS DE CORTE PARA EL SECTOR AERON\u00c1UTICO[\/vc_column_text][\/vc_column][\/vc_row][vc_row][vc_column width=&#8221;2\/3&#8243;][vc_column_text]Avalados por nuestra experiencia de m\u00e1s de 50 a\u00f1os en la fabricaci\u00f3n de herramientas de corte de alta precisi\u00f3n, y gracias a nuestro parque de m\u00e1quinas continuamente actualizado, respondemos a las necesidades m\u00e1s exigentes en herramientas espec\u00edficas para el sector aeron\u00e1utico. Nuestra oficina t\u00e9cnica, partiendo [&hellip;]\" \/>\n<meta property=\"og:url\" content=\"https:\/\/www.novoutils.com\/es\/diseno-y-fabricacion-de-herramientas-para-la-industria-aeronautica.html\" \/>\n<meta property=\"og:site_name\" content=\"Novoutils\" \/>\n<meta property=\"article:modified_time\" content=\"2020-02-17T16:13:04+00:00\" \/>\n<meta name=\"twitter:card\" content=\"summary_large_image\" \/>\n<meta name=\"twitter:label1\" content=\"Est. reading time\" \/>\n\t<meta name=\"twitter:data1\" content=\"2 minutes\" \/>\n<script type=\"application\/ld+json\" class=\"yoast-schema-graph\">{\"@context\":\"https:\/\/schema.org\",\"@graph\":[{\"@type\":\"WebPage\",\"@id\":\"https:\/\/www.novoutils.com\/es\/diseno-y-fabricacion-de-herramientas-para-la-industria-aeronautica.html\",\"url\":\"https:\/\/www.novoutils.com\/es\/diseno-y-fabricacion-de-herramientas-para-la-industria-aeronautica.html\",\"name\":\"Fabricacion de herramientas de corte industria aeronautica\",\"isPartOf\":{\"@id\":\"https:\/\/www.novoutils.com\/es\/#website\"},\"datePublished\":\"2020-01-27T15:46:49+00:00\",\"dateModified\":\"2020-02-17T16:13:04+00:00\",\"breadcrumb\":{\"@id\":\"https:\/\/www.novoutils.com\/es\/diseno-y-fabricacion-de-herramientas-para-la-industria-aeronautica.html#breadcrumb\"},\"inLanguage\":\"es-ES\",\"potentialAction\":[{\"@type\":\"ReadAction\",\"target\":[\"https:\/\/www.novoutils.com\/es\/diseno-y-fabricacion-de-herramientas-para-la-industria-aeronautica.html\"]}]},{\"@type\":\"BreadcrumbList\",\"@id\":\"https:\/\/www.novoutils.com\/es\/diseno-y-fabricacion-de-herramientas-para-la-industria-aeronautica.html#breadcrumb\",\"itemListElement\":[{\"@type\":\"ListItem\",\"position\":1,\"name\":\"Accueil\",\"item\":\"https:\/\/www.novoutils.com\/es\/\"},{\"@type\":\"ListItem\",\"position\":2,\"name\":\"DISE\u00d1O Y FABRICACI\u00d3N DE HERRAMIENTAS PARA LA INDUSTRIA AERON\u00c1UTICA\"}]},{\"@type\":\"WebSite\",\"@id\":\"https:\/\/www.novoutils.com\/es\/#website\",\"url\":\"https:\/\/www.novoutils.com\/es\/\",\"name\":\"Novoutils\",\"description\":\"Ademva Carburab\",\"potentialAction\":[{\"@type\":\"SearchAction\",\"target\":{\"@type\":\"EntryPoint\",\"urlTemplate\":\"https:\/\/www.novoutils.com\/es\/?s={search_term_string}\"},\"query-input\":{\"@type\":\"PropertyValueSpecification\",\"valueRequired\":true,\"valueName\":\"search_term_string\"}}],\"inLanguage\":\"es-ES\"}]}<\/script>\n<!-- \/ Yoast SEO plugin. -->","yoast_head_json":{"title":"Fabricacion de herramientas de corte industria aeronautica","robots":{"index":"index","follow":"follow","max-snippet":"max-snippet:-1","max-image-preview":"max-image-preview:large","max-video-preview":"max-video-preview:-1"},"canonical":"https:\/\/www.novoutils.com\/es\/diseno-y-fabricacion-de-herramientas-para-la-industria-aeronautica.html","og_locale":"es_ES","og_type":"article","og_title":"Fabricacion de herramientas de corte industria aeronautica","og_description":"[vc_row][vc_column][vc_column_text]DISE\u00d1AMOS Y FABRICAMOS HERRAMIENTAS DE CORTE PARA EL SECTOR AERON\u00c1UTICO[\/vc_column_text][\/vc_column][\/vc_row][vc_row][vc_column width=&#8221;2\/3&#8243;][vc_column_text]Avalados por nuestra experiencia de m\u00e1s de 50 a\u00f1os en la fabricaci\u00f3n de herramientas de corte de alta precisi\u00f3n, y gracias a nuestro parque de m\u00e1quinas continuamente actualizado, respondemos a las necesidades m\u00e1s exigentes en herramientas espec\u00edficas para el sector aeron\u00e1utico. Nuestra oficina t\u00e9cnica, partiendo [&hellip;]","og_url":"https:\/\/www.novoutils.com\/es\/diseno-y-fabricacion-de-herramientas-para-la-industria-aeronautica.html","og_site_name":"Novoutils","article_modified_time":"2020-02-17T16:13:04+00:00","twitter_card":"summary_large_image","twitter_misc":{"Est. reading time":"2 minutes"},"schema":{"@context":"https:\/\/schema.org","@graph":[{"@type":"WebPage","@id":"https:\/\/www.novoutils.com\/es\/diseno-y-fabricacion-de-herramientas-para-la-industria-aeronautica.html","url":"https:\/\/www.novoutils.com\/es\/diseno-y-fabricacion-de-herramientas-para-la-industria-aeronautica.html","name":"Fabricacion de herramientas de corte industria aeronautica","isPartOf":{"@id":"https:\/\/www.novoutils.com\/es\/#website"},"datePublished":"2020-01-27T15:46:49+00:00","dateModified":"2020-02-17T16:13:04+00:00","breadcrumb":{"@id":"https:\/\/www.novoutils.com\/es\/diseno-y-fabricacion-de-herramientas-para-la-industria-aeronautica.html#breadcrumb"},"inLanguage":"es-ES","potentialAction":[{"@type":"ReadAction","target":["https:\/\/www.novoutils.com\/es\/diseno-y-fabricacion-de-herramientas-para-la-industria-aeronautica.html"]}]},{"@type":"BreadcrumbList","@id":"https:\/\/www.novoutils.com\/es\/diseno-y-fabricacion-de-herramientas-para-la-industria-aeronautica.html#breadcrumb","itemListElement":[{"@type":"ListItem","position":1,"name":"Accueil","item":"https:\/\/www.novoutils.com\/es\/"},{"@type":"ListItem","position":2,"name":"DISE\u00d1O Y FABRICACI\u00d3N DE HERRAMIENTAS PARA LA INDUSTRIA AERON\u00c1UTICA"}]},{"@type":"WebSite","@id":"https:\/\/www.novoutils.com\/es\/#website","url":"https:\/\/www.novoutils.com\/es\/","name":"Novoutils","description":"Ademva Carburab","potentialAction":[{"@type":"SearchAction","target":{"@type":"EntryPoint","urlTemplate":"https:\/\/www.novoutils.com\/es\/?s={search_term_string}"},"query-input":{"@type":"PropertyValueSpecification","valueRequired":true,"valueName":"search_term_string"}}],"inLanguage":"es-ES"}]}},"_links":{"self":[{"href":"https:\/\/www.novoutils.com\/es\/wp-json\/wp\/v2\/pages\/2363"}],"collection":[{"href":"https:\/\/www.novoutils.com\/es\/wp-json\/wp\/v2\/pages"}],"about":[{"href":"https:\/\/www.novoutils.com\/es\/wp-json\/wp\/v2\/types\/page"}],"author":[{"embeddable":true,"href":"https:\/\/www.novoutils.com\/es\/wp-json\/wp\/v2\/users\/2"}],"replies":[{"embeddable":true,"href":"https:\/\/www.novoutils.com\/es\/wp-json\/wp\/v2\/comments?post=2363"}],"version-history":[{"count":3,"href":"https:\/\/www.novoutils.com\/es\/wp-json\/wp\/v2\/pages\/2363\/revisions"}],"predecessor-version":[{"id":2409,"href":"https:\/\/www.novoutils.com\/es\/wp-json\/wp\/v2\/pages\/2363\/revisions\/2409"}],"wp:attachment":[{"href":"https:\/\/www.novoutils.com\/es\/wp-json\/wp\/v2\/media?parent=2363"}],"curies":[{"name":"wp","href":"https:\/\/api.w.org\/{rel}","templated":true}]}}