{"id":2309,"date":"2019-09-02T14:17:56","date_gmt":"2019-09-02T12:17:56","guid":{"rendered":"https:\/\/www.novoutils.com\/es\/?page_id=2309"},"modified":"2019-09-03T17:33:07","modified_gmt":"2019-09-03T15:33:07","slug":"matrices-y-punzones-de-corte","status":"publish","type":"page","link":"https:\/\/www.novoutils.com\/es\/matrices-y-punzones-de-corte.html","title":{"rendered":"MATRICES Y PUNZONES DE CORTE"},"content":{"rendered":"<div class=\"wpb-content-wrapper\"><p>[vc_row][vc_column width=&#8221;2\/3&#8243;][vc_column_text]<\/p>\n<h2>DISE\u00d1O Y FABRICACI\u00d3N DE PUNZONES INDUSTRIALES Y MATRICES DE CORTE, FABRICACI\u00d3N DE HERRAMIENTAS DE PRENSADO<\/h2>\n<p>Avalados por nuestra experiencia de m\u00e1s de 50 a\u00f1os en la fabricaci\u00f3n de herramientas de corte a medida, Novoutils dise\u00f1a y fabrica <strong class=\"d2b\">punzones industriales<\/strong>\u00a0y <strong class=\"d2b\">matrices especiales<\/strong>.<\/p>\n<ul>\n<li><strong>Matrices<\/strong> y <strong class=\"d2b\">punzones de corte<\/strong><\/li>\n<li>Utillaje de\u00a0<strong>matricer\u00eda<\/strong><\/li>\n<li><strong>Matriz de recanteado o recortado<\/strong><\/li>\n<li><strong>Herramientas de corte de prensa<\/strong>\u00a0(cu\u00f1a de corte, cu\u00f1a para matriz, lama de corte, soporte\u2026)<\/li>\n<li>Herramientas de corte (lama de corte, matriz de corte etc.)<\/li>\n<\/ul>\n<p>Nuestras herramientas est\u00e1n disponibles en <strong class=\"d2b\">aceros<\/strong> o en <strong class=\"d2b\">carburo<\/strong>. Recomendamos los recubrimientos m\u00e1s adaptados a sus condiciones de fabricaci\u00f3n.[\/vc_column_text][\/vc_column][vc_column width=&#8221;1\/3&#8243;][vc_single_image image=&#8221;2313&#8243; img_size=&#8221;medium&#8221;][\/vc_column][\/vc_row][vc_row][vc_column][vc_gallery type=&#8221;image_grid&#8221; images=&#8221;2314,2312,2311&#8243; img_size=&#8221;medium&#8221; onclick=&#8221;&#8221;][\/vc_column][\/vc_row][vc_row][vc_column][vc_column_text]Nuestra oficina t\u00e9cnica <strong class=\"d2b\">dise\u00f1a herramientas<\/strong> a medida resistentes y adaptadas a las necesidades de todo tipo de industrias. Nuestro taller experto en diferentes operaciones (torneado, fresado, electroerosi\u00f3n, rectificaci\u00f3n), nos permite fabricar :<\/p>\n<ul>\n<li><strong class=\"d2b\">Herramientas de corte<\/strong> para la industria de <strong class=\"d2b\">automoci\u00f3n<\/strong><\/li>\n<li><strong class=\"d2b\">Herramientas de corte<\/strong> para la industria <strong class=\"d2b\">electr\u00f3nica<\/strong><\/li>\n<li><strong class=\"d2b\">Herramientas de corte<\/strong> para la industria <strong class=\"d2b\">relojera<\/strong><\/li>\n<li><strong class=\"d2b\">Herramientas de corte<\/strong> para la industria <strong class=\"d2b\">aeron\u00e1utica<\/strong><\/li>\n<\/ul>\n<p>[\/vc_column_text][\/vc_column][\/vc_row][vc_row][vc_column][vc_cta h2=&#8221;CONT\u00c1CTENOS&#8221; el_width=&#8221;sm&#8221; add_button=&#8221;right&#8221; btn_title=&#8221;Contacto&#8221; css=&#8221;.vc_custom_1567424736319{background-color: #70afd8 !important;}&#8221; btn_link=&#8221;url:https%3A%2F%2Fwww.novoutils.com%2Fes%2Fcontact.html|title:Contactarnos||&#8221;]Solicite un presupuesto para la fabricaci\u00f3n de sus herramientas de corte a medida.[\/vc_cta][\/vc_column][\/vc_row]<\/p>\n<\/div>","protected":false},"excerpt":{"rendered":"<p>[vc_row][vc_column width=&#8221;2\/3&#8243;][vc_column_text] DISE\u00d1O Y FABRICACI\u00d3N DE PUNZONES INDUSTRIALES Y MATRICES DE CORTE, FABRICACI\u00d3N DE HERRAMIENTAS DE PRENSADO Avalados por nuestra experiencia de m\u00e1s de 50 a\u00f1os en la fabricaci\u00f3n de herramientas de corte a medida, Novoutils dise\u00f1a y fabrica punzones industriales\u00a0y matrices especiales. Matrices y punzones de corte Utillaje de\u00a0matricer\u00eda Matriz de recanteado o recortado [&hellip;]<\/p>\n","protected":false},"author":2,"featured_media":0,"parent":0,"menu_order":0,"comment_status":"closed","ping_status":"closed","template":"","meta":{"_monsterinsights_skip_tracking":false,"_monsterinsights_sitenote_active":false,"_monsterinsights_sitenote_note":"","_monsterinsights_sitenote_category":0,"footnotes":""},"yoast_head":"<!-- This site is optimized with the Yoast SEO plugin v23.5 - https:\/\/yoast.com\/wordpress\/plugins\/seo\/ -->\n<title>Matrices de corte, punzones de corte industriales, fabricaci\u00f3n y dise\u00f1o<\/title>\n<meta name=\"description\" content=\"Novoutils es un fabricante de matrices de corte y punzones industriales. Cont\u00e1ctanos para m\u00e1s detalles sobra nuestras herramientas de corte.\" \/>\n<meta name=\"robots\" content=\"index, follow, max-snippet:-1, max-image-preview:large, max-video-preview:-1\" \/>\n<link rel=\"canonical\" href=\"https:\/\/www.novoutils.com\/es\/matrices-y-punzones-de-corte.html\" \/>\n<meta property=\"og:locale\" content=\"es_ES\" \/>\n<meta property=\"og:type\" content=\"article\" \/>\n<meta property=\"og:title\" content=\"Matrices de corte, punzones de corte industriales, fabricaci\u00f3n y dise\u00f1o\" \/>\n<meta property=\"og:description\" content=\"Novoutils es un fabricante de matrices de corte y punzones industriales. Cont\u00e1ctanos para m\u00e1s detalles sobra nuestras herramientas de corte.\" \/>\n<meta property=\"og:url\" content=\"https:\/\/www.novoutils.com\/es\/matrices-y-punzones-de-corte.html\" \/>\n<meta property=\"og:site_name\" content=\"Novoutils\" \/>\n<meta property=\"article:modified_time\" content=\"2019-09-03T15:33:07+00:00\" \/>\n<meta name=\"twitter:card\" content=\"summary_large_image\" \/>\n<meta name=\"twitter:label1\" content=\"Est. reading time\" \/>\n\t<meta name=\"twitter:data1\" content=\"1 minute\" \/>\n<script type=\"application\/ld+json\" class=\"yoast-schema-graph\">{\"@context\":\"https:\/\/schema.org\",\"@graph\":[{\"@type\":\"WebPage\",\"@id\":\"https:\/\/www.novoutils.com\/es\/matrices-y-punzones-de-corte.html\",\"url\":\"https:\/\/www.novoutils.com\/es\/matrices-y-punzones-de-corte.html\",\"name\":\"Matrices de corte, punzones de corte industriales, fabricaci\u00f3n y dise\u00f1o\",\"isPartOf\":{\"@id\":\"https:\/\/www.novoutils.com\/es\/#website\"},\"datePublished\":\"2019-09-02T12:17:56+00:00\",\"dateModified\":\"2019-09-03T15:33:07+00:00\",\"description\":\"Novoutils es un fabricante de matrices de corte y punzones industriales. Cont\u00e1ctanos para m\u00e1s detalles sobra nuestras herramientas de corte.\",\"breadcrumb\":{\"@id\":\"https:\/\/www.novoutils.com\/es\/matrices-y-punzones-de-corte.html#breadcrumb\"},\"inLanguage\":\"es-ES\",\"potentialAction\":[{\"@type\":\"ReadAction\",\"target\":[\"https:\/\/www.novoutils.com\/es\/matrices-y-punzones-de-corte.html\"]}]},{\"@type\":\"BreadcrumbList\",\"@id\":\"https:\/\/www.novoutils.com\/es\/matrices-y-punzones-de-corte.html#breadcrumb\",\"itemListElement\":[{\"@type\":\"ListItem\",\"position\":1,\"name\":\"Accueil\",\"item\":\"https:\/\/www.novoutils.com\/es\/\"},{\"@type\":\"ListItem\",\"position\":2,\"name\":\"MATRICES Y PUNZONES DE CORTE\"}]},{\"@type\":\"WebSite\",\"@id\":\"https:\/\/www.novoutils.com\/es\/#website\",\"url\":\"https:\/\/www.novoutils.com\/es\/\",\"name\":\"Novoutils\",\"description\":\"Ademva Carburab\",\"potentialAction\":[{\"@type\":\"SearchAction\",\"target\":{\"@type\":\"EntryPoint\",\"urlTemplate\":\"https:\/\/www.novoutils.com\/es\/?s={search_term_string}\"},\"query-input\":{\"@type\":\"PropertyValueSpecification\",\"valueRequired\":true,\"valueName\":\"search_term_string\"}}],\"inLanguage\":\"es-ES\"}]}<\/script>\n<!-- \/ Yoast SEO plugin. -->","yoast_head_json":{"title":"Matrices de corte, punzones de corte industriales, fabricaci\u00f3n y dise\u00f1o","description":"Novoutils es un fabricante de matrices de corte y punzones industriales. Cont\u00e1ctanos para m\u00e1s detalles sobra nuestras herramientas de corte.","robots":{"index":"index","follow":"follow","max-snippet":"max-snippet:-1","max-image-preview":"max-image-preview:large","max-video-preview":"max-video-preview:-1"},"canonical":"https:\/\/www.novoutils.com\/es\/matrices-y-punzones-de-corte.html","og_locale":"es_ES","og_type":"article","og_title":"Matrices de corte, punzones de corte industriales, fabricaci\u00f3n y dise\u00f1o","og_description":"Novoutils es un fabricante de matrices de corte y punzones industriales. Cont\u00e1ctanos para m\u00e1s detalles sobra nuestras herramientas de corte.","og_url":"https:\/\/www.novoutils.com\/es\/matrices-y-punzones-de-corte.html","og_site_name":"Novoutils","article_modified_time":"2019-09-03T15:33:07+00:00","twitter_card":"summary_large_image","twitter_misc":{"Est. reading time":"1 minute"},"schema":{"@context":"https:\/\/schema.org","@graph":[{"@type":"WebPage","@id":"https:\/\/www.novoutils.com\/es\/matrices-y-punzones-de-corte.html","url":"https:\/\/www.novoutils.com\/es\/matrices-y-punzones-de-corte.html","name":"Matrices de corte, punzones de corte industriales, fabricaci\u00f3n y dise\u00f1o","isPartOf":{"@id":"https:\/\/www.novoutils.com\/es\/#website"},"datePublished":"2019-09-02T12:17:56+00:00","dateModified":"2019-09-03T15:33:07+00:00","description":"Novoutils es un fabricante de matrices de corte y punzones industriales. Cont\u00e1ctanos para m\u00e1s detalles sobra nuestras herramientas de corte.","breadcrumb":{"@id":"https:\/\/www.novoutils.com\/es\/matrices-y-punzones-de-corte.html#breadcrumb"},"inLanguage":"es-ES","potentialAction":[{"@type":"ReadAction","target":["https:\/\/www.novoutils.com\/es\/matrices-y-punzones-de-corte.html"]}]},{"@type":"BreadcrumbList","@id":"https:\/\/www.novoutils.com\/es\/matrices-y-punzones-de-corte.html#breadcrumb","itemListElement":[{"@type":"ListItem","position":1,"name":"Accueil","item":"https:\/\/www.novoutils.com\/es\/"},{"@type":"ListItem","position":2,"name":"MATRICES Y PUNZONES DE CORTE"}]},{"@type":"WebSite","@id":"https:\/\/www.novoutils.com\/es\/#website","url":"https:\/\/www.novoutils.com\/es\/","name":"Novoutils","description":"Ademva Carburab","potentialAction":[{"@type":"SearchAction","target":{"@type":"EntryPoint","urlTemplate":"https:\/\/www.novoutils.com\/es\/?s={search_term_string}"},"query-input":{"@type":"PropertyValueSpecification","valueRequired":true,"valueName":"search_term_string"}}],"inLanguage":"es-ES"}]}},"_links":{"self":[{"href":"https:\/\/www.novoutils.com\/es\/wp-json\/wp\/v2\/pages\/2309"}],"collection":[{"href":"https:\/\/www.novoutils.com\/es\/wp-json\/wp\/v2\/pages"}],"about":[{"href":"https:\/\/www.novoutils.com\/es\/wp-json\/wp\/v2\/types\/page"}],"author":[{"embeddable":true,"href":"https:\/\/www.novoutils.com\/es\/wp-json\/wp\/v2\/users\/2"}],"replies":[{"embeddable":true,"href":"https:\/\/www.novoutils.com\/es\/wp-json\/wp\/v2\/comments?post=2309"}],"version-history":[{"count":5,"href":"https:\/\/www.novoutils.com\/es\/wp-json\/wp\/v2\/pages\/2309\/revisions"}],"predecessor-version":[{"id":2324,"href":"https:\/\/www.novoutils.com\/es\/wp-json\/wp\/v2\/pages\/2309\/revisions\/2324"}],"wp:attachment":[{"href":"https:\/\/www.novoutils.com\/es\/wp-json\/wp\/v2\/media?parent=2309"}],"curies":[{"name":"wp","href":"https:\/\/api.w.org\/{rel}","templated":true}]}}