{"id":2241,"date":"2019-08-01T09:25:50","date_gmt":"2019-08-01T07:25:50","guid":{"rendered":"https:\/\/www.novoutils.com\/es\/?page_id=2241"},"modified":"2023-09-08T17:56:54","modified_gmt":"2023-09-08T15:56:54","slug":"tampones-calibres-de-control","status":"publish","type":"page","link":"https:\/\/www.novoutils.com\/es\/tampones-calibres-de-control.html","title":{"rendered":"TAMPONES, CALIBRES DE CONTROL"},"content":{"rendered":"<div class=\"wpb-content-wrapper\"><p>[vc_row][vc_column width=&#8221;2\/3&#8243;][vc_column_text]<\/p>\n<h2>DISE\u00d1O Y FABRICACI\u00d3N DE TAMPONES Y CALIBRES DE CONTROL<\/h2>\n<p>Especializada, desde hace m\u00e1s de 50 a\u00f1os, en la <a href=\"https:\/\/www.novoutils.com\/es\/diseno-y-fabricacion-de-herramientas-de-corte-pcd-y-cbn.html\"><strong class=\"d2b\">fabricaci\u00f3n de herramientas de corte de alta precisi\u00f3n<\/strong><\/a>, Novoutils responde igualmente a las necesidades de <strong class=\"d2b\">herramientas de control dimensional<\/strong> de las industrias m\u00e1s exigentes:<\/p>\n<ul>\n<li>Decoletaje<\/li>\n<li>Aeron\u00e1utica<\/li>\n<li>M\u00e9dica<\/li>\n<li>Autom\u00f3vil<\/li>\n<li>Relojer\u00eda<\/li>\n<\/ul>\n<p>Acorde con sus requisitos, nuestra oficina t\u00e9cnica dise\u00f1a y fabrica sus <strong class=\"d2b\">herramientas de control a medida<\/strong>.<\/p>\n<p>La capacidad de nuestro taller de fabricaci\u00f3n (experto en torneado, fresado, electroerosi\u00f3n por \u00a0hilo y por penetraci\u00f3n,\u00a0rectificaci\u00f3n plana y cil\u00edndrica de alta precisi\u00f3n) y nuestra experiencia en el sector\u00a0(respondiendo a las exigencias de fabricaci\u00f3n de las herramientas de corte en carburo y en HSS) nos permiten <strong class=\"d2b\">fabricar herramientas de control<\/strong> de alta calidad.<\/p>\n<p>Respondiendo a sus necesidades espec\u00edficas en <strong class=\"d2b\">herramientas de metrolog\u00eda<\/strong>, fabricamos:<img loading=\"lazy\" decoding=\"async\" class=\"size-medium wp-image-2807 alignright\" src=\"https:\/\/www.novoutils.com\/es\/wp-content\/uploads\/sites\/3\/2023\/09\/tampon-calibre-de-control.png\" alt=\"Fabricante\" width=\"300\" height=\"225\" \/><\/p>\n<ul>\n<li><strong>Calibres de control en carburo<\/strong>, acero templado\u2026.<\/li>\n<li><strong>Tamp\u00f3n liso, <\/strong><strong>tamp\u00f3n pasa\/no pasa<\/strong>\u00a0: forma cuadrada, c\u00f3nica ,\u00a0 6 caras, torx<\/li>\n<li><strong>Utiles de control de fabricaci\u00f3n especial \u2013 Validaci\u00f3n sobre plano<\/strong><\/li>\n<li>Calibres una micra<\/li>\n<li><strong>Anillo de control para forma cuadrada, c\u00f3nica, 6 caras, <\/strong>\u00a0huellas tipo \u00a0torx<\/li>\n<li>Patrones de calibraci\u00f3n<\/li>\n<li>Galgas, cu\u00f1as<\/li>\n<li>Teclas de medida para comparador<\/li>\n<\/ul>\n<p>Certificado de calibraci\u00f3n con indicaci\u00f3n de medida, a la demanda.[\/vc_column_text][vc_empty_space][\/vc_column][vc_column width=&#8221;1\/3&#8243;][vc_empty_space height=&#8221;40px&#8221;][vc_masonry_media_grid grid_id=&#8221;vc_gid:1694188050110-9d55b9d2-ee4f-3&#8243; include=&#8221;2265,2263,2334,2529,2261,2335,2528,2267,2336,2264,2259,2246,2342,2531,2344,2356,2530,2532&#8243;][\/vc_column][\/vc_row][vc_row][vc_column width=&#8221;1\/3&#8243;][\/vc_column][vc_column width=&#8221;1\/3&#8243;][vc_cta h2=&#8221;Cont\u00e1ctenos&#8221; color=&#8221;sky&#8221; add_button=&#8221;bottom&#8221; btn_title=&#8221;Contacto&#8221; btn_color=&#8221;sky&#8221; btn_link=&#8221;url:https%3A%2F%2Fwww.novoutils.com%2Fes%2Fcontact.html|title:Contactarnos||&#8221;]Solicite un presupuesto para la fabricaci\u00f3n de sus calibres y utiles de control a medida[\/vc_cta][\/vc_column][vc_column width=&#8221;1\/3&#8243;][\/vc_column][\/vc_row]<\/p>\n<\/div>","protected":false},"excerpt":{"rendered":"<p>[vc_row][vc_column width=&#8221;2\/3&#8243;][vc_column_text] DISE\u00d1O Y FABRICACI\u00d3N DE TAMPONES Y CALIBRES DE CONTROL Especializada, desde hace m\u00e1s de 50 a\u00f1os, en la fabricaci\u00f3n de herramientas de corte de alta precisi\u00f3n, Novoutils responde igualmente a las necesidades de herramientas de control dimensional de las industrias m\u00e1s exigentes: Decoletaje Aeron\u00e1utica M\u00e9dica Autom\u00f3vil Relojer\u00eda Acorde con sus requisitos, nuestra oficina [&hellip;]<\/p>\n","protected":false},"author":2,"featured_media":0,"parent":0,"menu_order":0,"comment_status":"closed","ping_status":"closed","template":"","meta":{"_monsterinsights_skip_tracking":false,"_monsterinsights_sitenote_active":false,"_monsterinsights_sitenote_note":"","_monsterinsights_sitenote_category":0,"footnotes":""},"yoast_head":"<!-- This site is optimized with the Yoast SEO plugin v23.5 - https:\/\/yoast.com\/wordpress\/plugins\/seo\/ -->\n<title>fabricaci\u00f3n tampones, calibres de control, herramientas control dimensional<\/title>\n<meta name=\"description\" content=\"NOVOUTILS dise\u00f1a y fabrica herramientas, tampones y calibres de control. Cont\u00e1ctenos para mas detalles sobre nuestras producciones.\" \/>\n<meta name=\"robots\" content=\"index, follow, max-snippet:-1, max-image-preview:large, max-video-preview:-1\" \/>\n<link rel=\"canonical\" href=\"https:\/\/www.novoutils.com\/es\/tampones-calibres-de-control.html\" \/>\n<meta property=\"og:locale\" content=\"es_ES\" \/>\n<meta property=\"og:type\" content=\"article\" \/>\n<meta property=\"og:title\" content=\"fabricaci\u00f3n tampones, calibres de control, herramientas control dimensional\" \/>\n<meta property=\"og:description\" content=\"NOVOUTILS dise\u00f1a y fabrica herramientas, tampones y calibres de control. Cont\u00e1ctenos para mas detalles sobre nuestras producciones.\" \/>\n<meta property=\"og:url\" content=\"https:\/\/www.novoutils.com\/es\/tampones-calibres-de-control.html\" \/>\n<meta property=\"og:site_name\" content=\"Novoutils\" \/>\n<meta property=\"article:modified_time\" content=\"2023-09-08T15:56:54+00:00\" \/>\n<meta property=\"og:image\" content=\"https:\/\/www.novoutils.com\/es\/wp-content\/uploads\/sites\/3\/2023\/09\/tampon-calibre-de-control.png\" \/>\n<meta name=\"twitter:card\" content=\"summary_large_image\" \/>\n<meta name=\"twitter:label1\" content=\"Est. reading time\" \/>\n\t<meta name=\"twitter:data1\" content=\"2 minutes\" \/>\n<script type=\"application\/ld+json\" class=\"yoast-schema-graph\">{\"@context\":\"https:\/\/schema.org\",\"@graph\":[{\"@type\":\"WebPage\",\"@id\":\"https:\/\/www.novoutils.com\/es\/tampones-calibres-de-control.html\",\"url\":\"https:\/\/www.novoutils.com\/es\/tampones-calibres-de-control.html\",\"name\":\"fabricaci\u00f3n tampones, calibres de control, herramientas control dimensional\",\"isPartOf\":{\"@id\":\"https:\/\/www.novoutils.com\/es\/#website\"},\"primaryImageOfPage\":{\"@id\":\"https:\/\/www.novoutils.com\/es\/tampones-calibres-de-control.html#primaryimage\"},\"image\":{\"@id\":\"https:\/\/www.novoutils.com\/es\/tampones-calibres-de-control.html#primaryimage\"},\"thumbnailUrl\":\"https:\/\/www.novoutils.com\/es\/wp-content\/uploads\/sites\/3\/2023\/09\/tampon-calibre-de-control.png\",\"datePublished\":\"2019-08-01T07:25:50+00:00\",\"dateModified\":\"2023-09-08T15:56:54+00:00\",\"description\":\"NOVOUTILS dise\u00f1a y fabrica herramientas, tampones y calibres de control. Cont\u00e1ctenos para mas detalles sobre nuestras producciones.\",\"breadcrumb\":{\"@id\":\"https:\/\/www.novoutils.com\/es\/tampones-calibres-de-control.html#breadcrumb\"},\"inLanguage\":\"es-ES\",\"potentialAction\":[{\"@type\":\"ReadAction\",\"target\":[\"https:\/\/www.novoutils.com\/es\/tampones-calibres-de-control.html\"]}]},{\"@type\":\"ImageObject\",\"inLanguage\":\"es-ES\",\"@id\":\"https:\/\/www.novoutils.com\/es\/tampones-calibres-de-control.html#primaryimage\",\"url\":\"https:\/\/www.novoutils.com\/es\/wp-content\/uploads\/sites\/3\/2023\/09\/tampon-calibre-de-control.png\",\"contentUrl\":\"https:\/\/www.novoutils.com\/es\/wp-content\/uploads\/sites\/3\/2023\/09\/tampon-calibre-de-control.png\",\"width\":300,\"height\":225},{\"@type\":\"BreadcrumbList\",\"@id\":\"https:\/\/www.novoutils.com\/es\/tampones-calibres-de-control.html#breadcrumb\",\"itemListElement\":[{\"@type\":\"ListItem\",\"position\":1,\"name\":\"Accueil\",\"item\":\"https:\/\/www.novoutils.com\/es\/\"},{\"@type\":\"ListItem\",\"position\":2,\"name\":\"TAMPONES, CALIBRES DE CONTROL\"}]},{\"@type\":\"WebSite\",\"@id\":\"https:\/\/www.novoutils.com\/es\/#website\",\"url\":\"https:\/\/www.novoutils.com\/es\/\",\"name\":\"Novoutils\",\"description\":\"Ademva Carburab\",\"potentialAction\":[{\"@type\":\"SearchAction\",\"target\":{\"@type\":\"EntryPoint\",\"urlTemplate\":\"https:\/\/www.novoutils.com\/es\/?s={search_term_string}\"},\"query-input\":{\"@type\":\"PropertyValueSpecification\",\"valueRequired\":true,\"valueName\":\"search_term_string\"}}],\"inLanguage\":\"es-ES\"}]}<\/script>\n<!-- \/ Yoast SEO plugin. -->","yoast_head_json":{"title":"fabricaci\u00f3n tampones, calibres de control, herramientas control dimensional","description":"NOVOUTILS dise\u00f1a y fabrica herramientas, tampones y calibres de control. Cont\u00e1ctenos para mas detalles sobre nuestras producciones.","robots":{"index":"index","follow":"follow","max-snippet":"max-snippet:-1","max-image-preview":"max-image-preview:large","max-video-preview":"max-video-preview:-1"},"canonical":"https:\/\/www.novoutils.com\/es\/tampones-calibres-de-control.html","og_locale":"es_ES","og_type":"article","og_title":"fabricaci\u00f3n tampones, calibres de control, herramientas control dimensional","og_description":"NOVOUTILS dise\u00f1a y fabrica herramientas, tampones y calibres de control. Cont\u00e1ctenos para mas detalles sobre nuestras producciones.","og_url":"https:\/\/www.novoutils.com\/es\/tampones-calibres-de-control.html","og_site_name":"Novoutils","article_modified_time":"2023-09-08T15:56:54+00:00","og_image":[{"url":"https:\/\/www.novoutils.com\/es\/wp-content\/uploads\/sites\/3\/2023\/09\/tampon-calibre-de-control.png"}],"twitter_card":"summary_large_image","twitter_misc":{"Est. reading time":"2 minutes"},"schema":{"@context":"https:\/\/schema.org","@graph":[{"@type":"WebPage","@id":"https:\/\/www.novoutils.com\/es\/tampones-calibres-de-control.html","url":"https:\/\/www.novoutils.com\/es\/tampones-calibres-de-control.html","name":"fabricaci\u00f3n tampones, calibres de control, herramientas control dimensional","isPartOf":{"@id":"https:\/\/www.novoutils.com\/es\/#website"},"primaryImageOfPage":{"@id":"https:\/\/www.novoutils.com\/es\/tampones-calibres-de-control.html#primaryimage"},"image":{"@id":"https:\/\/www.novoutils.com\/es\/tampones-calibres-de-control.html#primaryimage"},"thumbnailUrl":"https:\/\/www.novoutils.com\/es\/wp-content\/uploads\/sites\/3\/2023\/09\/tampon-calibre-de-control.png","datePublished":"2019-08-01T07:25:50+00:00","dateModified":"2023-09-08T15:56:54+00:00","description":"NOVOUTILS dise\u00f1a y fabrica herramientas, tampones y calibres de control. Cont\u00e1ctenos para mas detalles sobre nuestras producciones.","breadcrumb":{"@id":"https:\/\/www.novoutils.com\/es\/tampones-calibres-de-control.html#breadcrumb"},"inLanguage":"es-ES","potentialAction":[{"@type":"ReadAction","target":["https:\/\/www.novoutils.com\/es\/tampones-calibres-de-control.html"]}]},{"@type":"ImageObject","inLanguage":"es-ES","@id":"https:\/\/www.novoutils.com\/es\/tampones-calibres-de-control.html#primaryimage","url":"https:\/\/www.novoutils.com\/es\/wp-content\/uploads\/sites\/3\/2023\/09\/tampon-calibre-de-control.png","contentUrl":"https:\/\/www.novoutils.com\/es\/wp-content\/uploads\/sites\/3\/2023\/09\/tampon-calibre-de-control.png","width":300,"height":225},{"@type":"BreadcrumbList","@id":"https:\/\/www.novoutils.com\/es\/tampones-calibres-de-control.html#breadcrumb","itemListElement":[{"@type":"ListItem","position":1,"name":"Accueil","item":"https:\/\/www.novoutils.com\/es\/"},{"@type":"ListItem","position":2,"name":"TAMPONES, CALIBRES DE CONTROL"}]},{"@type":"WebSite","@id":"https:\/\/www.novoutils.com\/es\/#website","url":"https:\/\/www.novoutils.com\/es\/","name":"Novoutils","description":"Ademva Carburab","potentialAction":[{"@type":"SearchAction","target":{"@type":"EntryPoint","urlTemplate":"https:\/\/www.novoutils.com\/es\/?s={search_term_string}"},"query-input":{"@type":"PropertyValueSpecification","valueRequired":true,"valueName":"search_term_string"}}],"inLanguage":"es-ES"}]}},"_links":{"self":[{"href":"https:\/\/www.novoutils.com\/es\/wp-json\/wp\/v2\/pages\/2241"}],"collection":[{"href":"https:\/\/www.novoutils.com\/es\/wp-json\/wp\/v2\/pages"}],"about":[{"href":"https:\/\/www.novoutils.com\/es\/wp-json\/wp\/v2\/types\/page"}],"author":[{"embeddable":true,"href":"https:\/\/www.novoutils.com\/es\/wp-json\/wp\/v2\/users\/2"}],"replies":[{"embeddable":true,"href":"https:\/\/www.novoutils.com\/es\/wp-json\/wp\/v2\/comments?post=2241"}],"version-history":[{"count":14,"href":"https:\/\/www.novoutils.com\/es\/wp-json\/wp\/v2\/pages\/2241\/revisions"}],"predecessor-version":[{"id":2877,"href":"https:\/\/www.novoutils.com\/es\/wp-json\/wp\/v2\/pages\/2241\/revisions\/2877"}],"wp:attachment":[{"href":"https:\/\/www.novoutils.com\/es\/wp-json\/wp\/v2\/media?parent=2241"}],"curies":[{"name":"wp","href":"https:\/\/api.w.org\/{rel}","templated":true}]}}