{"id":2201,"date":"2019-07-31T14:17:19","date_gmt":"2019-07-31T12:17:19","guid":{"rendered":"https:\/\/www.novoutils.com\/es\/?page_id=2201"},"modified":"2020-01-14T09:29:23","modified_gmt":"2020-01-14T08:29:23","slug":"herramientas-de-corte-tangencial","status":"publish","type":"page","link":"https:\/\/www.novoutils.com\/es\/herramientas-de-corte-tangencial.html","title":{"rendered":"Herramientas de Corte Tangencial"},"content":{"rendered":"<div class=\"wpb-content-wrapper\"><p>[vc_row][vc_column width=&#8221;2\/3&#8243;][vc_column_text]<\/p>\n<h2>Dise\u00f1o y fabricaci\u00f3n de peines de corte tangencial<\/h2>\n<p>Especializada, desde hace m\u00e1s de 50 a\u00f1os, en el <strong class=\"d2b\">dise\u00f1o y fabricaci\u00f3n de herramientas<\/strong>, Novoutils fabrica <strong class=\"d2b\">peines de corte tangencial a medida<\/strong>, adaptados a sus operaciones de roscado, de pelado y de torneado a gran velocidad.<\/p>\n<p>Partiendo del plano de sus piezas y de su pliego de condiciones (capacidad y dimensiones de las lamas, materia para mecanizar, \u00e1ngulo de corte, \u00e1ngulo de entrada), nuestra oficina t\u00e9cnica dise\u00f1a y concibe sus peines de roscar a medida.<\/p>\n<p>Nuestra f\u00e1brica que cuenta con un parque de m\u00e1quinas completo y actualizado, realiza sus <strong class=\"d2b\">peines de rosca m\u00e9trica<\/strong> y <strong class=\"d2b\">peines de rosca especiales<\/strong>:<\/p>\n<ul>\n<li>Sistema de roscado Iso<\/li>\n<li>Peines de roscar SI<\/li>\n<li>Peines de roscar para paso <strong>Withworth<\/strong><\/li>\n<li>Sistema para roscado redondo<\/li>\n<li>Sistema para roscado trapezoidal<\/li>\n<li>Lamas de pelado en acero o en carburo para preparaci\u00f3n de la pieza antes de roscado por deformaci\u00f3n<\/li>\n<\/ul>\n<p>[\/vc_column_text][\/vc_column][vc_column width=&#8221;1\/3&#8243;][vc_row_inner][vc_column_inner][vc_empty_space height=&#8221;50&#8243;][\/vc_column_inner][\/vc_row_inner][vc_single_image image=&#8221;1706&#8243; img_size=&#8221;full&#8221;][\/vc_column][\/vc_row][vc_row][vc_column][vc_images_carousel images=&#8221;2280,2277,2273,2272,2276,2274,2278,2279,2275&#8243; img_size=&#8221;large&#8221; slides_per_view=&#8221;3&#8243;][vc_empty_space][\/vc_column][\/vc_row][vc_row][vc_column width=&#8221;2\/3&#8243;][vc_column_text]<\/p>\n<h2>Herramientas de roscado adaptadas a sus condiciones de mecanizado<\/h2>\n<p>&nbsp;<\/p>\n<p>Nuestros servicios incluyen la recomendaci\u00f3n y la aplicaci\u00f3n de los recubrimientos m\u00e1s adaptados a sus condiciones de mecanizado, \u00a0para sus <strong class=\"d2b\">herramientas de\u00a0 roscado exteriores<\/strong>.<\/p>\n<p>Gracias a nuestro know-how, les asesoramos en la realizaci\u00f3n de sus <strong class=\"d2b\">perfiles de roscado<\/strong> en todo tipo de metales y pl\u00e1sticos.<\/p>\n<p>Nuestros <strong class=\"d2b\">peines tangenciales de roscar<\/strong> se adaptan a cabezales de roscado (Wagner, Landis,\u00a0 \u2026), a m\u00e1quinas de decoletaje, a m\u00e1quinas de roscar\u00a0 especiales y les permitir\u00e1n realizar :<\/p>\n<p>Roscado grueso o fino<\/p>\n<p>Roscado c\u00f3nico<\/p>\n<p>Roscado trapezoidal<\/p>\n<p>Roscado de tubos<\/p>\n<p>Etc[\/vc_column_text][\/vc_column][vc_column width=&#8221;1\/3&#8243;][vc_column_text]<\/p>\n<p style=\"line-height: 14.4pt; background: white; margin: 0cm 0cm 7.5pt 0cm;\"><span style=\"font-size: 13.5pt; font-family: 'Function Regular', serif;\">Para solicitar oferta para la fabricaci\u00f3n de peines de roscar<\/span><\/p>\n<p><img loading=\"lazy\" decoding=\"async\" class=\"alignnone size-medium wp-image-2360\" src=\"https:\/\/www.novoutils.com\/es\/wp-content\/uploads\/sites\/3\/2020\/01\/encombrement-peignes-300x211.jpg\" alt=\"\" width=\"300\" height=\"211\" srcset=\"https:\/\/www.novoutils.com\/es\/wp-content\/uploads\/sites\/3\/2020\/01\/encombrement-peignes-300x211.jpg 300w, https:\/\/www.novoutils.com\/es\/wp-content\/uploads\/sites\/3\/2020\/01\/encombrement-peignes-768x540.jpg 768w, https:\/\/www.novoutils.com\/es\/wp-content\/uploads\/sites\/3\/2020\/01\/encombrement-peignes-1024x721.jpg 1024w, https:\/\/www.novoutils.com\/es\/wp-content\/uploads\/sites\/3\/2020\/01\/encombrement-peignes.jpg 1289w\" sizes=\"(max-width: 300px) 100vw, 300px\" \/><\/p>\n<p>Descargue el plano, \u00a0arriba mencionado, \u00a0y env\u00edenos sus informaciones \u00a0(dimensi\u00f3n, paso, marca\u2026.)[\/vc_column_text][\/vc_column][\/vc_row][vc_row][vc_column][vc_empty_space height=&#8221;50px&#8221;][\/vc_column][\/vc_row][vc_row][vc_column width=&#8221;2\/3&#8243;][vc_column_text]<\/p>\n<h2>Dise\u00f1o y fabricaci\u00f3n de cabezales \u00a0de roscado con plaquitas<\/h2>\n<p>&nbsp;<\/p>\n<p>Tambi\u00e9n dise\u00f1amos y fabricamos\u00a0<strong class=\"d2b\"> cabezales de roscado<\/strong> y <strong class=\"d2b\">plaquitas<\/strong> adaptables sobre <strong class=\"d2b\">brochas de roscado<\/strong>.<\/p>\n<p>Igual que para sus <strong class=\"d2b\">herramientas de roscado exteriores<\/strong>, les asesoramos en sus perfiles de roscado.<\/p>\n<p>En funci\u00f3n de su pliego de condiciones, fabricamos sus <strong class=\"d2b\">herramientas de roscado en HSS<\/strong>.<\/p>\n<p>Nuestros cabezales de roscado especiales permiten, al final del roscado , el retorno de la herramienta a\u00a0 una velocidad r\u00e1pida, sin invertir la rotaci\u00f3n.\u00a0 Nuestras herramientas de roscado con 4 plaquitas son ajustables en di\u00e1metro y se pueden reafilar.<\/p>\n<p>Nuestras herramientas de m\u00e1xima calidad, les permitir\u00e1n realizar sus roscados interiores en di\u00e1metros grandes \u00a0(roscas est\u00e1ndares, roscas m\u00e9tricas de paso grueso, roscas de tubos\u2026)[\/vc_column_text][\/vc_column][vc_column width=&#8221;1\/3&#8243;][vc_empty_space][vc_single_image image=&#8221;2282&#8243; img_size=&#8221;medium&#8221;][vc_single_image image=&#8221;2283&#8243; img_size=&#8221;medium&#8221;][\/vc_column][\/vc_row][vc_row][vc_column][vc_empty_space][vc_cta h2=&#8221;CONT\u00c1CTENOS &#8221; el_width=&#8221;xs&#8221; add_button=&#8221;bottom&#8221; btn_title=&#8221;Contacto&#8221; btn_link=&#8221;url:https%3A%2F%2Fwww.novoutils.com%2Fes%2Fcontact.html|title:Contactarnos||&#8221; css=&#8221;.vc_custom_1564575427806{background-color: #3498db !important;}&#8221;]Solicite un presupuesto para la fabricaci\u00f3n de herramientas de corte tangencial[\/vc_cta][\/vc_column][\/vc_row]<\/p>\n<\/div>","protected":false},"excerpt":{"rendered":"<p>[vc_row][vc_column width=&#8221;2\/3&#8243;][vc_column_text] Dise\u00f1o y fabricaci\u00f3n de peines de corte tangencial Especializada, desde hace m\u00e1s de 50 a\u00f1os, en el dise\u00f1o y fabricaci\u00f3n de herramientas, Novoutils fabrica peines de corte tangencial a medida, adaptados a sus operaciones de roscado, de pelado y de torneado a gran velocidad. Partiendo del plano de sus piezas y de su [&hellip;]<\/p>\n","protected":false},"author":2,"featured_media":0,"parent":0,"menu_order":0,"comment_status":"closed","ping_status":"closed","template":"","meta":{"_monsterinsights_skip_tracking":false,"_monsterinsights_sitenote_active":false,"_monsterinsights_sitenote_note":"","_monsterinsights_sitenote_category":0,"footnotes":""},"yoast_head":"<!-- This site is optimized with the Yoast SEO plugin v23.5 - https:\/\/yoast.com\/wordpress\/plugins\/seo\/ -->\n<title>Peines de corte tangencial a medida, peines tangenciales de roscar<\/title>\n<meta name=\"description\" content=\"Novoutils fabrica peines de corte tangencial a medida, peines tangenciales de roscar, herramientas de roscado, .... Contactenos para mas detalles.\" \/>\n<meta name=\"robots\" content=\"index, follow, max-snippet:-1, max-image-preview:large, max-video-preview:-1\" \/>\n<link rel=\"canonical\" href=\"https:\/\/www.novoutils.com\/es\/herramientas-de-corte-tangencial.html\" \/>\n<meta property=\"og:locale\" content=\"es_ES\" \/>\n<meta property=\"og:type\" content=\"article\" \/>\n<meta property=\"og:title\" content=\"Peines de corte tangencial a medida, peines tangenciales de roscar\" \/>\n<meta property=\"og:description\" content=\"Novoutils fabrica peines de corte tangencial a medida, peines tangenciales de roscar, herramientas de roscado, .... Contactenos para mas detalles.\" \/>\n<meta property=\"og:url\" content=\"https:\/\/www.novoutils.com\/es\/herramientas-de-corte-tangencial.html\" \/>\n<meta property=\"og:site_name\" content=\"Novoutils\" \/>\n<meta property=\"article:modified_time\" content=\"2020-01-14T08:29:23+00:00\" \/>\n<meta property=\"og:image\" content=\"https:\/\/www.novoutils.com\/es\/wp-content\/uploads\/sites\/3\/2020\/01\/encombrement-peignes-300x211.jpg\" \/>\n<meta name=\"twitter:card\" content=\"summary_large_image\" \/>\n<meta name=\"twitter:label1\" content=\"Est. reading time\" \/>\n\t<meta name=\"twitter:data1\" content=\"3 minutes\" \/>\n<script type=\"application\/ld+json\" class=\"yoast-schema-graph\">{\"@context\":\"https:\/\/schema.org\",\"@graph\":[{\"@type\":\"WebPage\",\"@id\":\"https:\/\/www.novoutils.com\/es\/herramientas-de-corte-tangencial.html\",\"url\":\"https:\/\/www.novoutils.com\/es\/herramientas-de-corte-tangencial.html\",\"name\":\"Peines de corte tangencial a medida, peines tangenciales de roscar\",\"isPartOf\":{\"@id\":\"https:\/\/www.novoutils.com\/es\/#website\"},\"primaryImageOfPage\":{\"@id\":\"https:\/\/www.novoutils.com\/es\/herramientas-de-corte-tangencial.html#primaryimage\"},\"image\":{\"@id\":\"https:\/\/www.novoutils.com\/es\/herramientas-de-corte-tangencial.html#primaryimage\"},\"thumbnailUrl\":\"https:\/\/www.novoutils.com\/es\/wp-content\/uploads\/sites\/3\/2020\/01\/encombrement-peignes-300x211.jpg\",\"datePublished\":\"2019-07-31T12:17:19+00:00\",\"dateModified\":\"2020-01-14T08:29:23+00:00\",\"description\":\"Novoutils fabrica peines de corte tangencial a medida, peines tangenciales de roscar, herramientas de roscado, .... Contactenos para mas detalles.\",\"breadcrumb\":{\"@id\":\"https:\/\/www.novoutils.com\/es\/herramientas-de-corte-tangencial.html#breadcrumb\"},\"inLanguage\":\"es-ES\",\"potentialAction\":[{\"@type\":\"ReadAction\",\"target\":[\"https:\/\/www.novoutils.com\/es\/herramientas-de-corte-tangencial.html\"]}]},{\"@type\":\"ImageObject\",\"inLanguage\":\"es-ES\",\"@id\":\"https:\/\/www.novoutils.com\/es\/herramientas-de-corte-tangencial.html#primaryimage\",\"url\":\"https:\/\/www.novoutils.com\/es\/wp-content\/uploads\/sites\/3\/2020\/01\/encombrement-peignes.jpg\",\"contentUrl\":\"https:\/\/www.novoutils.com\/es\/wp-content\/uploads\/sites\/3\/2020\/01\/encombrement-peignes.jpg\",\"width\":1289,\"height\":907},{\"@type\":\"BreadcrumbList\",\"@id\":\"https:\/\/www.novoutils.com\/es\/herramientas-de-corte-tangencial.html#breadcrumb\",\"itemListElement\":[{\"@type\":\"ListItem\",\"position\":1,\"name\":\"Accueil\",\"item\":\"https:\/\/www.novoutils.com\/es\/\"},{\"@type\":\"ListItem\",\"position\":2,\"name\":\"Herramientas de Corte Tangencial\"}]},{\"@type\":\"WebSite\",\"@id\":\"https:\/\/www.novoutils.com\/es\/#website\",\"url\":\"https:\/\/www.novoutils.com\/es\/\",\"name\":\"Novoutils\",\"description\":\"Ademva Carburab\",\"potentialAction\":[{\"@type\":\"SearchAction\",\"target\":{\"@type\":\"EntryPoint\",\"urlTemplate\":\"https:\/\/www.novoutils.com\/es\/?s={search_term_string}\"},\"query-input\":{\"@type\":\"PropertyValueSpecification\",\"valueRequired\":true,\"valueName\":\"search_term_string\"}}],\"inLanguage\":\"es-ES\"}]}<\/script>\n<!-- \/ Yoast SEO plugin. -->","yoast_head_json":{"title":"Peines de corte tangencial a medida, peines tangenciales de roscar","description":"Novoutils fabrica peines de corte tangencial a medida, peines tangenciales de roscar, herramientas de roscado, .... Contactenos para mas detalles.","robots":{"index":"index","follow":"follow","max-snippet":"max-snippet:-1","max-image-preview":"max-image-preview:large","max-video-preview":"max-video-preview:-1"},"canonical":"https:\/\/www.novoutils.com\/es\/herramientas-de-corte-tangencial.html","og_locale":"es_ES","og_type":"article","og_title":"Peines de corte tangencial a medida, peines tangenciales de roscar","og_description":"Novoutils fabrica peines de corte tangencial a medida, peines tangenciales de roscar, herramientas de roscado, .... Contactenos para mas detalles.","og_url":"https:\/\/www.novoutils.com\/es\/herramientas-de-corte-tangencial.html","og_site_name":"Novoutils","article_modified_time":"2020-01-14T08:29:23+00:00","og_image":[{"url":"https:\/\/www.novoutils.com\/es\/wp-content\/uploads\/sites\/3\/2020\/01\/encombrement-peignes-300x211.jpg"}],"twitter_card":"summary_large_image","twitter_misc":{"Est. reading time":"3 minutes"},"schema":{"@context":"https:\/\/schema.org","@graph":[{"@type":"WebPage","@id":"https:\/\/www.novoutils.com\/es\/herramientas-de-corte-tangencial.html","url":"https:\/\/www.novoutils.com\/es\/herramientas-de-corte-tangencial.html","name":"Peines de corte tangencial a medida, peines tangenciales de roscar","isPartOf":{"@id":"https:\/\/www.novoutils.com\/es\/#website"},"primaryImageOfPage":{"@id":"https:\/\/www.novoutils.com\/es\/herramientas-de-corte-tangencial.html#primaryimage"},"image":{"@id":"https:\/\/www.novoutils.com\/es\/herramientas-de-corte-tangencial.html#primaryimage"},"thumbnailUrl":"https:\/\/www.novoutils.com\/es\/wp-content\/uploads\/sites\/3\/2020\/01\/encombrement-peignes-300x211.jpg","datePublished":"2019-07-31T12:17:19+00:00","dateModified":"2020-01-14T08:29:23+00:00","description":"Novoutils fabrica peines de corte tangencial a medida, peines tangenciales de roscar, herramientas de roscado, .... Contactenos para mas detalles.","breadcrumb":{"@id":"https:\/\/www.novoutils.com\/es\/herramientas-de-corte-tangencial.html#breadcrumb"},"inLanguage":"es-ES","potentialAction":[{"@type":"ReadAction","target":["https:\/\/www.novoutils.com\/es\/herramientas-de-corte-tangencial.html"]}]},{"@type":"ImageObject","inLanguage":"es-ES","@id":"https:\/\/www.novoutils.com\/es\/herramientas-de-corte-tangencial.html#primaryimage","url":"https:\/\/www.novoutils.com\/es\/wp-content\/uploads\/sites\/3\/2020\/01\/encombrement-peignes.jpg","contentUrl":"https:\/\/www.novoutils.com\/es\/wp-content\/uploads\/sites\/3\/2020\/01\/encombrement-peignes.jpg","width":1289,"height":907},{"@type":"BreadcrumbList","@id":"https:\/\/www.novoutils.com\/es\/herramientas-de-corte-tangencial.html#breadcrumb","itemListElement":[{"@type":"ListItem","position":1,"name":"Accueil","item":"https:\/\/www.novoutils.com\/es\/"},{"@type":"ListItem","position":2,"name":"Herramientas de Corte Tangencial"}]},{"@type":"WebSite","@id":"https:\/\/www.novoutils.com\/es\/#website","url":"https:\/\/www.novoutils.com\/es\/","name":"Novoutils","description":"Ademva Carburab","potentialAction":[{"@type":"SearchAction","target":{"@type":"EntryPoint","urlTemplate":"https:\/\/www.novoutils.com\/es\/?s={search_term_string}"},"query-input":{"@type":"PropertyValueSpecification","valueRequired":true,"valueName":"search_term_string"}}],"inLanguage":"es-ES"}]}},"_links":{"self":[{"href":"https:\/\/www.novoutils.com\/es\/wp-json\/wp\/v2\/pages\/2201"}],"collection":[{"href":"https:\/\/www.novoutils.com\/es\/wp-json\/wp\/v2\/pages"}],"about":[{"href":"https:\/\/www.novoutils.com\/es\/wp-json\/wp\/v2\/types\/page"}],"author":[{"embeddable":true,"href":"https:\/\/www.novoutils.com\/es\/wp-json\/wp\/v2\/users\/2"}],"replies":[{"embeddable":true,"href":"https:\/\/www.novoutils.com\/es\/wp-json\/wp\/v2\/comments?post=2201"}],"version-history":[{"count":7,"href":"https:\/\/www.novoutils.com\/es\/wp-json\/wp\/v2\/pages\/2201\/revisions"}],"predecessor-version":[{"id":2352,"href":"https:\/\/www.novoutils.com\/es\/wp-json\/wp\/v2\/pages\/2201\/revisions\/2352"}],"wp:attachment":[{"href":"https:\/\/www.novoutils.com\/es\/wp-json\/wp\/v2\/media?parent=2201"}],"curies":[{"name":"wp","href":"https:\/\/api.w.org\/{rel}","templated":true}]}}