{"id":2172,"date":"2019-06-14T10:25:51","date_gmt":"2019-06-14T08:25:51","guid":{"rendered":"https:\/\/www.novoutils.com\/es\/?page_id=2172"},"modified":"2019-07-07T19:06:46","modified_gmt":"2019-07-07T17:06:46","slug":"herramienta-de-conformado-moleta-de-galeteado","status":"publish","type":"page","link":"https:\/\/www.novoutils.com\/es\/herramienta-de-conformado-moleta-de-galeteado.html","title":{"rendered":"Herramienta de conformado: moleta de galeteado"},"content":{"rendered":"<div class=\"wpb-content-wrapper\"><p>[vc_row][vc_column width=&#8221;2\/3&#8243;][vc_column_text]<\/p>\n<h2>Fabricaci\u00f3n de moletas de galeteado a medida<\/h2>\n<p>&nbsp;<\/p>\n<p>Especializada en el dise\u00f1o y la <strong>fabricaci\u00f3n de herramientas de conformado especiales<\/strong>, Novoutils fabrica\u00a0 moletas de galeteado, a medida, \u00a0para las industrias m\u00e1s exigentes.\u00a0 Nuestro parque de m\u00e1quinas, nos permite fabricar <strong>herramientas de galeteado<\/strong> para:<\/p>\n<ul>\n<li>Empresas de mec\u00e1nica de precisi\u00f3n<\/li>\n<li>Empresas subcontratistas del sector aeron\u00e1utico<\/li>\n<li>La industria del autom\u00f3vil<\/li>\n<\/ul>\n<p>Nuestra oficina t\u00e9cnica, respetando sus especificaciones t\u00e9cnicas (acabado de superficies, resistencia de la pieza), dise\u00f1a:<\/p>\n<ul>\n<li>Sus herramientas de <strong>galeteado<\/strong>, a medida, para un mecanizado de acabado. Las cuales, permitir\u00e1n obtener una rugosidad definida y un estado de superficie, de calidad superior.<\/li>\n<li>Sus herramientas de<strong> galeteado de refuerzo<\/strong>, para aumentar la duraci\u00f3n de vida de las piezas fabricadas (mediante el incremento de la resistencia a las vibraciones de los materiales mecanizados)<\/li>\n<\/ul>\n<p>[\/vc_column_text][\/vc_column][vc_column width=&#8221;1\/3&#8243;][vc_masonry_media_grid style=&#8221;load-more&#8221; element_width=&#8221;6&#8243; btn_color=&#8221;default&#8221; grid_id=&#8221;vc_gid:1562517956662-f8544d12-0638-9&#8243; include=&#8221;2174,2177,2178,908&#8243;][vc_cta h2=&#8221;CONT\u00c1CTENOS&#8221; add_button=&#8221;bottom&#8221; btn_title=&#8221;Contacto&#8221; btn_color=&#8221;primary&#8221; btn_link=&#8221;url:https%3A%2F%2Fwww.novoutils.com%2Fcontact.html|||&#8221;]Solicite su presupuesto para una moleta de galeteado[\/vc_cta][\/vc_column][\/vc_row][vc_row][vc_column width=&#8221;1\/3&#8243;][vc_single_image image=&#8221;2176&#8243; img_size=&#8221;medium&#8221;][vc_single_image image=&#8221;2175&#8243; img_size=&#8221;medium&#8221;][\/vc_column][vc_column width=&#8221;2\/3&#8243;][vc_column_text]<\/p>\n<h2>Herramientas de deformaci\u00f3n<\/h2>\n<p>&nbsp;<\/p>\n<p>&nbsp;<\/p>\n<p>Nuestro parque de m\u00e1quinas constantemente actualizado, nos permite responder a sus necesidades en herramientas de deformaci\u00f3n para :<\/p>\n<ul>\n<li>El galeteado de los escariados y de las formas cil\u00edndricas<\/li>\n<li>El galeteado de los contornos exteriores cil\u00edndricos de sus piezas<\/li>\n<li>El galeteado del fondo de ranuras o fondos de muescas<\/li>\n<li>El galeteado de di\u00e1metros exteriores con radio de transici\u00f3n<\/li>\n<li>El galeteado de las superficies planas<\/li>\n<li>El galeteado de los radios de transici\u00f3n<\/li>\n<li>El galeteado de fondo de rosca en roscado externo<\/li>\n<li>El galeteado de ranuras huecas exteriores<\/li>\n<li>El galeteado de roscas en roscado interno<\/li>\n<li>El galeteado de formas esf\u00e9ricas<\/li>\n<li>Etc<\/li>\n<\/ul>\n<p>Nuestras moletas de conformado se adaptan perfectamente a sus m\u00e1quinas convencionales, a sus tornos de mandos num\u00e9ricos y centros de mecanizado.[\/vc_column_text][\/vc_column][\/vc_row]<\/p>\n<\/div>","protected":false},"excerpt":{"rendered":"<p>[vc_row][vc_column width=&#8221;2\/3&#8243;][vc_column_text] Fabricaci\u00f3n de moletas de galeteado a medida &nbsp; Especializada en el dise\u00f1o y la fabricaci\u00f3n de herramientas de conformado especiales, Novoutils fabrica\u00a0 moletas de galeteado, a medida, \u00a0para las industrias m\u00e1s exigentes.\u00a0 Nuestro parque de m\u00e1quinas, nos permite fabricar herramientas de galeteado para: Empresas de mec\u00e1nica de precisi\u00f3n Empresas subcontratistas del sector aeron\u00e1utico [&hellip;]<\/p>\n","protected":false},"author":2,"featured_media":0,"parent":0,"menu_order":0,"comment_status":"closed","ping_status":"closed","template":"","meta":{"_monsterinsights_skip_tracking":false,"_monsterinsights_sitenote_active":false,"_monsterinsights_sitenote_note":"","_monsterinsights_sitenote_category":0,"footnotes":""},"yoast_head":"<!-- This site is optimized with the Yoast SEO plugin v23.5 - https:\/\/yoast.com\/wordpress\/plugins\/seo\/ -->\n<title>Herramienta de conformado, fabricaci\u00f3n de moleta de galeteado<\/title>\n<meta name=\"description\" content=\"Novoutils fabrica moleta de galeteado y herramienas de conformado. Cont\u00e1ctenos para mas informaciones sobre nuestras herramientas a medida.\" \/>\n<meta name=\"robots\" content=\"index, follow, max-snippet:-1, max-image-preview:large, max-video-preview:-1\" \/>\n<link rel=\"canonical\" href=\"https:\/\/www.novoutils.com\/es\/herramienta-de-conformado-moleta-de-galeteado.html\" \/>\n<meta property=\"og:locale\" content=\"es_ES\" \/>\n<meta property=\"og:type\" content=\"article\" \/>\n<meta property=\"og:title\" content=\"Herramienta de conformado, fabricaci\u00f3n de moleta de galeteado\" \/>\n<meta property=\"og:description\" content=\"Novoutils fabrica moleta de galeteado y herramienas de conformado. Cont\u00e1ctenos para mas informaciones sobre nuestras herramientas a medida.\" \/>\n<meta property=\"og:url\" content=\"https:\/\/www.novoutils.com\/es\/herramienta-de-conformado-moleta-de-galeteado.html\" \/>\n<meta property=\"og:site_name\" content=\"Novoutils\" \/>\n<meta property=\"article:modified_time\" content=\"2019-07-07T17:06:46+00:00\" \/>\n<meta name=\"twitter:card\" content=\"summary_large_image\" \/>\n<meta name=\"twitter:label1\" content=\"Est. reading time\" \/>\n\t<meta name=\"twitter:data1\" content=\"2 minutes\" \/>\n<script type=\"application\/ld+json\" class=\"yoast-schema-graph\">{\"@context\":\"https:\/\/schema.org\",\"@graph\":[{\"@type\":\"WebPage\",\"@id\":\"https:\/\/www.novoutils.com\/es\/herramienta-de-conformado-moleta-de-galeteado.html\",\"url\":\"https:\/\/www.novoutils.com\/es\/herramienta-de-conformado-moleta-de-galeteado.html\",\"name\":\"Herramienta de conformado, fabricaci\u00f3n de moleta de galeteado\",\"isPartOf\":{\"@id\":\"https:\/\/www.novoutils.com\/es\/#website\"},\"datePublished\":\"2019-06-14T08:25:51+00:00\",\"dateModified\":\"2019-07-07T17:06:46+00:00\",\"description\":\"Novoutils fabrica moleta de galeteado y herramienas de conformado. Cont\u00e1ctenos para mas informaciones sobre nuestras herramientas a medida.\",\"breadcrumb\":{\"@id\":\"https:\/\/www.novoutils.com\/es\/herramienta-de-conformado-moleta-de-galeteado.html#breadcrumb\"},\"inLanguage\":\"es-ES\",\"potentialAction\":[{\"@type\":\"ReadAction\",\"target\":[\"https:\/\/www.novoutils.com\/es\/herramienta-de-conformado-moleta-de-galeteado.html\"]}]},{\"@type\":\"BreadcrumbList\",\"@id\":\"https:\/\/www.novoutils.com\/es\/herramienta-de-conformado-moleta-de-galeteado.html#breadcrumb\",\"itemListElement\":[{\"@type\":\"ListItem\",\"position\":1,\"name\":\"Accueil\",\"item\":\"https:\/\/www.novoutils.com\/es\/\"},{\"@type\":\"ListItem\",\"position\":2,\"name\":\"Herramienta de conformado: moleta de galeteado\"}]},{\"@type\":\"WebSite\",\"@id\":\"https:\/\/www.novoutils.com\/es\/#website\",\"url\":\"https:\/\/www.novoutils.com\/es\/\",\"name\":\"Novoutils\",\"description\":\"Ademva Carburab\",\"potentialAction\":[{\"@type\":\"SearchAction\",\"target\":{\"@type\":\"EntryPoint\",\"urlTemplate\":\"https:\/\/www.novoutils.com\/es\/?s={search_term_string}\"},\"query-input\":{\"@type\":\"PropertyValueSpecification\",\"valueRequired\":true,\"valueName\":\"search_term_string\"}}],\"inLanguage\":\"es-ES\"}]}<\/script>\n<!-- \/ Yoast SEO plugin. -->","yoast_head_json":{"title":"Herramienta de conformado, fabricaci\u00f3n de moleta de galeteado","description":"Novoutils fabrica moleta de galeteado y herramienas de conformado. Cont\u00e1ctenos para mas informaciones sobre nuestras herramientas a medida.","robots":{"index":"index","follow":"follow","max-snippet":"max-snippet:-1","max-image-preview":"max-image-preview:large","max-video-preview":"max-video-preview:-1"},"canonical":"https:\/\/www.novoutils.com\/es\/herramienta-de-conformado-moleta-de-galeteado.html","og_locale":"es_ES","og_type":"article","og_title":"Herramienta de conformado, fabricaci\u00f3n de moleta de galeteado","og_description":"Novoutils fabrica moleta de galeteado y herramienas de conformado. Cont\u00e1ctenos para mas informaciones sobre nuestras herramientas a medida.","og_url":"https:\/\/www.novoutils.com\/es\/herramienta-de-conformado-moleta-de-galeteado.html","og_site_name":"Novoutils","article_modified_time":"2019-07-07T17:06:46+00:00","twitter_card":"summary_large_image","twitter_misc":{"Est. reading time":"2 minutes"},"schema":{"@context":"https:\/\/schema.org","@graph":[{"@type":"WebPage","@id":"https:\/\/www.novoutils.com\/es\/herramienta-de-conformado-moleta-de-galeteado.html","url":"https:\/\/www.novoutils.com\/es\/herramienta-de-conformado-moleta-de-galeteado.html","name":"Herramienta de conformado, fabricaci\u00f3n de moleta de galeteado","isPartOf":{"@id":"https:\/\/www.novoutils.com\/es\/#website"},"datePublished":"2019-06-14T08:25:51+00:00","dateModified":"2019-07-07T17:06:46+00:00","description":"Novoutils fabrica moleta de galeteado y herramienas de conformado. Cont\u00e1ctenos para mas informaciones sobre nuestras herramientas a medida.","breadcrumb":{"@id":"https:\/\/www.novoutils.com\/es\/herramienta-de-conformado-moleta-de-galeteado.html#breadcrumb"},"inLanguage":"es-ES","potentialAction":[{"@type":"ReadAction","target":["https:\/\/www.novoutils.com\/es\/herramienta-de-conformado-moleta-de-galeteado.html"]}]},{"@type":"BreadcrumbList","@id":"https:\/\/www.novoutils.com\/es\/herramienta-de-conformado-moleta-de-galeteado.html#breadcrumb","itemListElement":[{"@type":"ListItem","position":1,"name":"Accueil","item":"https:\/\/www.novoutils.com\/es\/"},{"@type":"ListItem","position":2,"name":"Herramienta de conformado: moleta de galeteado"}]},{"@type":"WebSite","@id":"https:\/\/www.novoutils.com\/es\/#website","url":"https:\/\/www.novoutils.com\/es\/","name":"Novoutils","description":"Ademva Carburab","potentialAction":[{"@type":"SearchAction","target":{"@type":"EntryPoint","urlTemplate":"https:\/\/www.novoutils.com\/es\/?s={search_term_string}"},"query-input":{"@type":"PropertyValueSpecification","valueRequired":true,"valueName":"search_term_string"}}],"inLanguage":"es-ES"}]}},"_links":{"self":[{"href":"https:\/\/www.novoutils.com\/es\/wp-json\/wp\/v2\/pages\/2172"}],"collection":[{"href":"https:\/\/www.novoutils.com\/es\/wp-json\/wp\/v2\/pages"}],"about":[{"href":"https:\/\/www.novoutils.com\/es\/wp-json\/wp\/v2\/types\/page"}],"author":[{"embeddable":true,"href":"https:\/\/www.novoutils.com\/es\/wp-json\/wp\/v2\/users\/2"}],"replies":[{"embeddable":true,"href":"https:\/\/www.novoutils.com\/es\/wp-json\/wp\/v2\/comments?post=2172"}],"version-history":[{"count":8,"href":"https:\/\/www.novoutils.com\/es\/wp-json\/wp\/v2\/pages\/2172\/revisions"}],"predecessor-version":[{"id":2187,"href":"https:\/\/www.novoutils.com\/es\/wp-json\/wp\/v2\/pages\/2172\/revisions\/2187"}],"wp:attachment":[{"href":"https:\/\/www.novoutils.com\/es\/wp-json\/wp\/v2\/media?parent=2172"}],"curies":[{"name":"wp","href":"https:\/\/api.w.org\/{rel}","templated":true}]}}