{"id":2036,"date":"2018-06-27T14:36:20","date_gmt":"2018-06-27T12:36:20","guid":{"rendered":"https:\/\/www.novoutils.com\/es\/?page_id=2036"},"modified":"2019-01-03T13:38:16","modified_gmt":"2019-01-03T12:38:16","slug":"herramientas-de-conformado-a-medida","status":"publish","type":"page","link":"https:\/\/www.novoutils.com\/es\/herramientas-de-conformado-a-medida.html","title":{"rendered":"Herramientas de conformado a medida"},"content":{"rendered":"<div class=\"wpb-content-wrapper\"><p>[vc_row][vc_column][vc_column_text]<\/p>\n<h2><strong>Dise\u00f1o y fabricaci\u00f3n de herramientas de conformado a medida <\/strong><\/h2>\n<p>[\/vc_column_text][vc_empty_space][\/vc_column][\/vc_row][vc_row][vc_column width=&#8221;2\/3&#8243; css=&#8221;.vc_custom_1498206748856{margin-right: 10px !important;}&#8221;][vc_column_text]<\/p>\n<ul>\n<li>Matriz de calibrado<\/li>\n<li>Punz\u00f3n de calibrado<\/li>\n<li>Punz\u00f3n de lisado<\/li>\n<li>Matriz de lisado<\/li>\n<li>Punz\u00f3n para enderezar<\/li>\n<li>Matriz para enderezar<\/li>\n<li>Punz\u00f3n de biselado<\/li>\n<li>Punz\u00f3n mechado<\/li>\n<li>Punz\u00f3n de plegado<\/li>\n<li>Buterolas (metal duro o carburo soldado sobre cuerpo de acero)<\/li>\n<li>Plaquita de crimpado \/ punzones de crimpado<\/li>\n<\/ul>\n<p>[\/vc_column_text][vc_btn title=&#8221;rectificaci\u00f3n cil\u00edndrica de punzones de deformaci\u00f3n &#8221; link=&#8221;url:https%3A%2F%2Fwww.novoutils.com%2Fes%2Frectificacion-cilindrica-de-utillaje-en-carburo-y-de-utillaje-en-acero.html|||&#8221;][\/vc_column][vc_column width=&#8221;1\/3&#8243;][vc_masonry_media_grid element_width=&#8221;6&#8243; grid_id=&#8221;vc_gid:1546518894323-2ae30b61-193a-4&#8243; include=&#8221;2043,2042,2041,2040&#8243;][\/vc_column][\/vc_row][vc_row][vc_column width=&#8221;1\/3&#8243;][vc_empty_space][vc_masonry_media_grid element_width=&#8221;6&#8243; grid_id=&#8221;vc_gid:1546518894324-b66b8b7c-42bd-9&#8243; include=&#8221;2045,2046,2044&#8243;][\/vc_column][vc_column width=&#8221;2\/3&#8243;][vc_empty_space][vc_column_text]Dise\u00f1amos y fabricamos herramientas de deformaci\u00f3n adaptadas a sus condiciones de producci\u00f3n:<\/p>\n<p>Metal duro, acero. Recomendamos los revestimientos m\u00e1s adaptados.<\/p>\n<p>&nbsp;<\/p>\n<p>Nuestras <strong>herramientas de deformaci\u00f3n<\/strong> concebidas a partir de sus planos de piezas, permitir\u00e1n realizar sus operaciones de embutici\u00f3n, matricer\u00eda, punzonado, plegado, lisado, engastado sobre chapa de acero, aluminio, inox.<\/p>\n<p>Avalados por una experiencia de m\u00e1s de 50 a\u00f1os en el dise\u00f1o de <strong>herramientas de medida<\/strong>, respondemos a las necesidades m\u00e1s exigentes. Dise\u00f1amos y fabricamos:<\/p>\n<ul>\n<li>Herramientas de forma para la industria autom\u00f3vil<\/li>\n<li>Herramientas de forma para la industria aeron\u00e1utica<\/li>\n<li>Herramientas de forma para la industria relojera<\/li>\n<li>Herramientas de forma para la industria electr\u00f3nica<\/li>\n<\/ul>\n<p>[\/vc_column_text][vc_empty_space][\/vc_column][\/vc_row][vc_row][vc_column][vc_column_text]<\/p>\n<h2><strong>Dise\u00f1o de herramientas de forma a medida, una oferta completa<\/strong><\/h2>\n<p>A partir de sus planos, nuestra oficina t\u00e9cnica dise\u00f1a <strong>herramientas de deformaci\u00f3n a medida<\/strong> adaptadas a sus necesidades de producci\u00f3n:<\/p>\n<ul>\n<li><strong>Matrices redondas<\/strong> (matrices redondas con agujeros alargados, con agujeros cuadrados, formas a la demanda\u2026)<\/li>\n<li><strong>Punzones<\/strong> a la demanda (cuadrados, hexagonales, formas a la demanda)<\/li>\n<\/ul>\n<p>[\/vc_column_text][\/vc_column][\/vc_row][vc_row][vc_column][vc_cta h2=&#8221;CONT\u00c1CTENOS&#8221; color=&#8221;black&#8221; el_width=&#8221;xs&#8221; add_button=&#8221;right&#8221; btn_title=&#8221;Contacto&#8221; btn_link=&#8221;url:https%3A%2F%2Fwww.novoutils.com%2Fes%2Fcontact.html|||&#8221; css=&#8221;.vc_custom_1530101647076{background-color: #18a7f9 !important;}&#8221;]Solicite su presupuesto para una herramienta de\u00a0<strong>conformado<\/strong>[\/vc_cta][\/vc_column][\/vc_row]<\/p>\n<\/div>","protected":false},"excerpt":{"rendered":"<p>[vc_row][vc_column][vc_column_text] Dise\u00f1o y fabricaci\u00f3n de herramientas de conformado a medida [\/vc_column_text][vc_empty_space][\/vc_column][\/vc_row][vc_row][vc_column width=&#8221;2\/3&#8243; css=&#8221;.vc_custom_1498206748856{margin-right: 10px !important;}&#8221;][vc_column_text] Matriz de calibrado Punz\u00f3n de calibrado Punz\u00f3n de lisado Matriz de lisado Punz\u00f3n para enderezar Matriz para enderezar Punz\u00f3n de biselado Punz\u00f3n mechado Punz\u00f3n de plegado Buterolas (metal duro o carburo soldado sobre cuerpo de acero) Plaquita de crimpado \/ [&hellip;]<\/p>\n","protected":false},"author":2,"featured_media":0,"parent":0,"menu_order":0,"comment_status":"closed","ping_status":"closed","template":"","meta":{"_monsterinsights_skip_tracking":false,"_monsterinsights_sitenote_active":false,"_monsterinsights_sitenote_note":"","_monsterinsights_sitenote_category":0,"footnotes":""},"yoast_head":"<!-- This site is optimized with the Yoast SEO plugin v23.5 - https:\/\/yoast.com\/wordpress\/plugins\/seo\/ -->\n<title>Herramientas de conformado a medida, herramienta de forma<\/title>\n<meta name=\"description\" content=\"Novoutils dise\u00f1a y fabrica herramientas de conformado a medida. Cont\u00e1ctenos para mas informaciones sobre las herramientas de forma que fabricamos.\" \/>\n<meta name=\"robots\" content=\"index, follow, max-snippet:-1, max-image-preview:large, max-video-preview:-1\" \/>\n<link rel=\"canonical\" href=\"https:\/\/www.novoutils.com\/es\/herramientas-de-conformado-a-medida.html\" \/>\n<meta property=\"og:locale\" content=\"es_ES\" \/>\n<meta property=\"og:type\" content=\"article\" \/>\n<meta property=\"og:title\" content=\"Herramientas de conformado a medida, herramienta de forma\" \/>\n<meta property=\"og:description\" content=\"Novoutils dise\u00f1a y fabrica herramientas de conformado a medida. Cont\u00e1ctenos para mas informaciones sobre las herramientas de forma que fabricamos.\" \/>\n<meta property=\"og:url\" content=\"https:\/\/www.novoutils.com\/es\/herramientas-de-conformado-a-medida.html\" \/>\n<meta property=\"og:site_name\" content=\"Novoutils\" \/>\n<meta property=\"article:modified_time\" content=\"2019-01-03T12:38:16+00:00\" \/>\n<meta name=\"twitter:card\" content=\"summary_large_image\" \/>\n<meta name=\"twitter:label1\" content=\"Est. reading time\" \/>\n\t<meta name=\"twitter:data1\" content=\"2 minutes\" \/>\n<script type=\"application\/ld+json\" class=\"yoast-schema-graph\">{\"@context\":\"https:\/\/schema.org\",\"@graph\":[{\"@type\":\"WebPage\",\"@id\":\"https:\/\/www.novoutils.com\/es\/herramientas-de-conformado-a-medida.html\",\"url\":\"https:\/\/www.novoutils.com\/es\/herramientas-de-conformado-a-medida.html\",\"name\":\"Herramientas de conformado a medida, herramienta de forma\",\"isPartOf\":{\"@id\":\"https:\/\/www.novoutils.com\/es\/#website\"},\"datePublished\":\"2018-06-27T12:36:20+00:00\",\"dateModified\":\"2019-01-03T12:38:16+00:00\",\"description\":\"Novoutils dise\u00f1a y fabrica herramientas de conformado a medida. Cont\u00e1ctenos para mas informaciones sobre las herramientas de forma que fabricamos.\",\"breadcrumb\":{\"@id\":\"https:\/\/www.novoutils.com\/es\/herramientas-de-conformado-a-medida.html#breadcrumb\"},\"inLanguage\":\"es-ES\",\"potentialAction\":[{\"@type\":\"ReadAction\",\"target\":[\"https:\/\/www.novoutils.com\/es\/herramientas-de-conformado-a-medida.html\"]}]},{\"@type\":\"BreadcrumbList\",\"@id\":\"https:\/\/www.novoutils.com\/es\/herramientas-de-conformado-a-medida.html#breadcrumb\",\"itemListElement\":[{\"@type\":\"ListItem\",\"position\":1,\"name\":\"Accueil\",\"item\":\"https:\/\/www.novoutils.com\/es\/\"},{\"@type\":\"ListItem\",\"position\":2,\"name\":\"Herramientas de conformado a medida\"}]},{\"@type\":\"WebSite\",\"@id\":\"https:\/\/www.novoutils.com\/es\/#website\",\"url\":\"https:\/\/www.novoutils.com\/es\/\",\"name\":\"Novoutils\",\"description\":\"Ademva Carburab\",\"potentialAction\":[{\"@type\":\"SearchAction\",\"target\":{\"@type\":\"EntryPoint\",\"urlTemplate\":\"https:\/\/www.novoutils.com\/es\/?s={search_term_string}\"},\"query-input\":{\"@type\":\"PropertyValueSpecification\",\"valueRequired\":true,\"valueName\":\"search_term_string\"}}],\"inLanguage\":\"es-ES\"}]}<\/script>\n<!-- \/ Yoast SEO plugin. -->","yoast_head_json":{"title":"Herramientas de conformado a medida, herramienta de forma","description":"Novoutils dise\u00f1a y fabrica herramientas de conformado a medida. Cont\u00e1ctenos para mas informaciones sobre las herramientas de forma que fabricamos.","robots":{"index":"index","follow":"follow","max-snippet":"max-snippet:-1","max-image-preview":"max-image-preview:large","max-video-preview":"max-video-preview:-1"},"canonical":"https:\/\/www.novoutils.com\/es\/herramientas-de-conformado-a-medida.html","og_locale":"es_ES","og_type":"article","og_title":"Herramientas de conformado a medida, herramienta de forma","og_description":"Novoutils dise\u00f1a y fabrica herramientas de conformado a medida. Cont\u00e1ctenos para mas informaciones sobre las herramientas de forma que fabricamos.","og_url":"https:\/\/www.novoutils.com\/es\/herramientas-de-conformado-a-medida.html","og_site_name":"Novoutils","article_modified_time":"2019-01-03T12:38:16+00:00","twitter_card":"summary_large_image","twitter_misc":{"Est. reading time":"2 minutes"},"schema":{"@context":"https:\/\/schema.org","@graph":[{"@type":"WebPage","@id":"https:\/\/www.novoutils.com\/es\/herramientas-de-conformado-a-medida.html","url":"https:\/\/www.novoutils.com\/es\/herramientas-de-conformado-a-medida.html","name":"Herramientas de conformado a medida, herramienta de forma","isPartOf":{"@id":"https:\/\/www.novoutils.com\/es\/#website"},"datePublished":"2018-06-27T12:36:20+00:00","dateModified":"2019-01-03T12:38:16+00:00","description":"Novoutils dise\u00f1a y fabrica herramientas de conformado a medida. Cont\u00e1ctenos para mas informaciones sobre las herramientas de forma que fabricamos.","breadcrumb":{"@id":"https:\/\/www.novoutils.com\/es\/herramientas-de-conformado-a-medida.html#breadcrumb"},"inLanguage":"es-ES","potentialAction":[{"@type":"ReadAction","target":["https:\/\/www.novoutils.com\/es\/herramientas-de-conformado-a-medida.html"]}]},{"@type":"BreadcrumbList","@id":"https:\/\/www.novoutils.com\/es\/herramientas-de-conformado-a-medida.html#breadcrumb","itemListElement":[{"@type":"ListItem","position":1,"name":"Accueil","item":"https:\/\/www.novoutils.com\/es\/"},{"@type":"ListItem","position":2,"name":"Herramientas de conformado a medida"}]},{"@type":"WebSite","@id":"https:\/\/www.novoutils.com\/es\/#website","url":"https:\/\/www.novoutils.com\/es\/","name":"Novoutils","description":"Ademva Carburab","potentialAction":[{"@type":"SearchAction","target":{"@type":"EntryPoint","urlTemplate":"https:\/\/www.novoutils.com\/es\/?s={search_term_string}"},"query-input":{"@type":"PropertyValueSpecification","valueRequired":true,"valueName":"search_term_string"}}],"inLanguage":"es-ES"}]}},"_links":{"self":[{"href":"https:\/\/www.novoutils.com\/es\/wp-json\/wp\/v2\/pages\/2036"}],"collection":[{"href":"https:\/\/www.novoutils.com\/es\/wp-json\/wp\/v2\/pages"}],"about":[{"href":"https:\/\/www.novoutils.com\/es\/wp-json\/wp\/v2\/types\/page"}],"author":[{"embeddable":true,"href":"https:\/\/www.novoutils.com\/es\/wp-json\/wp\/v2\/users\/2"}],"replies":[{"embeddable":true,"href":"https:\/\/www.novoutils.com\/es\/wp-json\/wp\/v2\/comments?post=2036"}],"version-history":[{"count":8,"href":"https:\/\/www.novoutils.com\/es\/wp-json\/wp\/v2\/pages\/2036\/revisions"}],"predecessor-version":[{"id":2145,"href":"https:\/\/www.novoutils.com\/es\/wp-json\/wp\/v2\/pages\/2036\/revisions\/2145"}],"wp:attachment":[{"href":"https:\/\/www.novoutils.com\/es\/wp-json\/wp\/v2\/media?parent=2036"}],"curies":[{"name":"wp","href":"https:\/\/api.w.org\/{rel}","templated":true}]}}