{"id":1896,"date":"2018-01-29T16:45:12","date_gmt":"2018-01-29T15:45:12","guid":{"rendered":"https:\/\/www.novoutils.com\/es\/?page_id=1896"},"modified":"2018-01-30T21:47:33","modified_gmt":"2018-01-30T20:47:33","slug":"brocas","status":"publish","type":"page","link":"https:\/\/www.novoutils.com\/es\/brocas.html","title":{"rendered":"BROCAS"},"content":{"rendered":"<div class=\"wpb-content-wrapper\"><p>[vc_row][vc_column width=&#8221;2\/3&#8243;][vc_column_text]<\/p>\n<h2>Dise\u00f1o y fabricaci\u00f3n de brocas<\/h2>\n<p>A partir de sus planos y teniendo en cuenta sus condiciones de mecanizado, dise\u00f1amos y fabricamos sus <strong>herramientas de taladrado<\/strong> adaptadas a sus necesidades.<\/p>\n<ul>\n<li><strong>Brocas corte<\/strong> derecha<\/li>\n<li><strong>Brocas helicoidales<\/strong><\/li>\n<li><strong>Brocas ca\u00f1\u00f3n<\/strong><\/li>\n<li>Palas de lanza<\/li>\n<li><strong>Brocas escalonadas<\/strong><\/li>\n<li><strong>Brocas cuadradas<\/strong><\/li>\n<li><strong>Brocas en metal duro<\/strong>, brocas en metal duro soldado, <strong>brocas HSS<\/strong><\/li>\n<li>Brocas con o sin refrigeraci\u00f3n central<\/li>\n<li>Brocas a la izquierda o brocas a la derecha<\/li>\n<\/ul>\n<p>Fabricamos sus <strong>brocas<\/strong> con el mango m\u00e1s adaptado<\/p>\n<p>Teniendo en cuenta sus condiciones de mecanizado recomendamos los revestimientos m\u00e1s adaptados : ALTIN, Alcrona, TICN, Vectral \u2026<\/p>\n<p>Nuestro parque de m\u00e1quinas continuamente actualizado, nos permite fabricar sus brocas de forma unitaria, en peque\u00f1as, medianas y grandes series.[\/vc_column_text][\/vc_column][vc_column width=&#8221;1\/3&#8243;][vc_masonry_media_grid element_width=&#8221;6&#8243; initial_loading_animation=&#8221;fadeIn&#8221; grid_id=&#8221;vc_gid:1517344956696-83fbe82b-83c7-9&#8243; include=&#8221;1897,1898,1899,1900&#8243;][\/vc_column][\/vc_row][vc_row][vc_column][vc_column_text]<\/p>\n<h2><strong>Brocas en metal duro y \u00a0HSS adaptadas a todas las industrias<\/strong><\/h2>\n<p>[\/vc_column_text][\/vc_column][\/vc_row][vc_row][vc_column][vc_column_text]Especialistas en herramientas de corte desde hace m\u00e1s de 50 a\u00f1os, dise\u00f1amos y fabricamos brocas adaptadas a las industrias m\u00e1s exigentes :<\/p>\n<ul>\n<li>Automoci\u00f3n<\/li>\n<li>Decoletaje<\/li>\n<li>Mec\u00e1nica Industrial<img loading=\"lazy\" decoding=\"async\" class=\"size-medium wp-image-1901 alignright\" src=\"https:\/\/www.novoutils.com\/es\/wp-content\/uploads\/sites\/3\/2018\/01\/broca-metal-duro-hss-300x226.png\" alt=\"\" width=\"300\" height=\"226\" srcset=\"https:\/\/www.novoutils.com\/es\/wp-content\/uploads\/sites\/3\/2018\/01\/broca-metal-duro-hss-300x226.png 300w, https:\/\/www.novoutils.com\/es\/wp-content\/uploads\/sites\/3\/2018\/01\/broca-metal-duro-hss.png 500w\" sizes=\"(max-width: 300px) 100vw, 300px\" \/><\/li>\n<li>M\u00e9dica<\/li>\n<li>Subcontratistas aeron\u00e1uticos<\/li>\n<\/ul>\n<p>&nbsp;<\/p>\n<p>Nuestras brocas \u00a0fabricadas a medida, se adaptan a todo tipo de m\u00e1quinas (m\u00e1quinas multihusillos o m\u00e1quinas CN) \u00a0y permiten realizar sus taladrados en :<\/p>\n<p>&nbsp;<\/p>\n<ul>\n<li>Titanio<\/li>\n<li>Aluminio<\/li>\n<li>Inox<\/li>\n<li>Aceros pretratados<\/li>\n<li>Lat\u00f3n<\/li>\n<li>Materias pl\u00e1sticas<\/li>\n<\/ul>\n<p>[\/vc_column_text][vc_empty_space][vc_cta h2=&#8221;CONT\u00c1CTENOS&#8221; add_button=&#8221;right&#8221; btn_title=&#8221;Contact&#8221; btn_i_icon_fontawesome=&#8221;fa fa-envelope&#8221; btn_add_icon=&#8221;true&#8221; btn_link=&#8221;url:http%3A%2F%2Fwww.novoutils.com%2Fcontact.html|||&#8221; css=&#8221;.vc_custom_1517242842675{background-color: #3498db !important;}&#8221;]Solicite su presupuesto para el fabricaci\u00f3n de brocas metal duro y HSS[\/vc_cta][\/vc_column][\/vc_row]<\/p>\n<\/div>","protected":false},"excerpt":{"rendered":"<p>[vc_row][vc_column width=&#8221;2\/3&#8243;][vc_column_text] Dise\u00f1o y fabricaci\u00f3n de brocas A partir de sus planos y teniendo en cuenta sus condiciones de mecanizado, dise\u00f1amos y fabricamos sus herramientas de taladrado adaptadas a sus necesidades. Brocas corte derecha Brocas helicoidales Brocas ca\u00f1\u00f3n Palas de lanza Brocas escalonadas Brocas cuadradas Brocas en metal duro, brocas en metal duro soldado, brocas [&hellip;]<\/p>\n","protected":false},"author":2,"featured_media":0,"parent":0,"menu_order":0,"comment_status":"closed","ping_status":"closed","template":"","meta":{"_monsterinsights_skip_tracking":false,"_monsterinsights_sitenote_active":false,"_monsterinsights_sitenote_note":"","_monsterinsights_sitenote_category":0,"footnotes":""},"yoast_head":"<!-- This site is optimized with the Yoast SEO plugin v23.5 - https:\/\/yoast.com\/wordpress\/plugins\/seo\/ -->\n<title>Fabricaci\u00f3n brocas industriales, dise\u00f1o brocas corte, brocas HSS Broca de carburo, Broca HSS, Broca con forma personalizada, Herramienta de corte<\/title>\n<meta name=\"description\" content=\"Novoutils dise\u00f1a y fabrica herramientas de corte personalizadas tales como broca de carburo, broca, taladro HSS, ... Cont\u00e1ctenos para obtener m\u00e1s informaci\u00f3n.\" \/>\n<meta name=\"robots\" content=\"index, follow, max-snippet:-1, max-image-preview:large, max-video-preview:-1\" \/>\n<link rel=\"canonical\" href=\"https:\/\/www.novoutils.com\/es\/brocas.html\" \/>\n<meta property=\"og:locale\" content=\"es_ES\" \/>\n<meta property=\"og:type\" content=\"article\" \/>\n<meta property=\"og:title\" content=\"Fabricaci\u00f3n brocas industriales, dise\u00f1o brocas corte, brocas HSS Broca de carburo, Broca HSS, Broca con forma personalizada, Herramienta de corte\" \/>\n<meta property=\"og:description\" content=\"Novoutils dise\u00f1a y fabrica herramientas de corte personalizadas tales como broca de carburo, broca, taladro HSS, ... Cont\u00e1ctenos para obtener m\u00e1s informaci\u00f3n.\" \/>\n<meta property=\"og:url\" content=\"https:\/\/www.novoutils.com\/es\/brocas.html\" \/>\n<meta property=\"og:site_name\" content=\"Novoutils\" \/>\n<meta property=\"article:modified_time\" content=\"2018-01-30T20:47:33+00:00\" \/>\n<meta property=\"og:image\" content=\"https:\/\/www.novoutils.com\/es\/wp-content\/uploads\/sites\/3\/2018\/01\/broca-metal-duro-hss-300x226.png\" \/>\n<meta name=\"twitter:card\" content=\"summary_large_image\" \/>\n<meta name=\"twitter:label1\" content=\"Est. reading time\" \/>\n\t<meta name=\"twitter:data1\" content=\"2 minutes\" \/>\n<script type=\"application\/ld+json\" class=\"yoast-schema-graph\">{\"@context\":\"https:\/\/schema.org\",\"@graph\":[{\"@type\":\"WebPage\",\"@id\":\"https:\/\/www.novoutils.com\/es\/brocas.html\",\"url\":\"https:\/\/www.novoutils.com\/es\/brocas.html\",\"name\":\"Fabricaci\u00f3n brocas industriales, dise\u00f1o brocas corte, brocas HSS Broca de carburo, Broca HSS, Broca con forma personalizada, Herramienta de corte\",\"isPartOf\":{\"@id\":\"https:\/\/www.novoutils.com\/es\/#website\"},\"primaryImageOfPage\":{\"@id\":\"https:\/\/www.novoutils.com\/es\/brocas.html#primaryimage\"},\"image\":{\"@id\":\"https:\/\/www.novoutils.com\/es\/brocas.html#primaryimage\"},\"thumbnailUrl\":\"https:\/\/www.novoutils.com\/es\/wp-content\/uploads\/sites\/3\/2018\/01\/broca-metal-duro-hss-300x226.png\",\"datePublished\":\"2018-01-29T15:45:12+00:00\",\"dateModified\":\"2018-01-30T20:47:33+00:00\",\"description\":\"Novoutils dise\u00f1a y fabrica herramientas de corte personalizadas tales como broca de carburo, broca, taladro HSS, ... Cont\u00e1ctenos para obtener m\u00e1s informaci\u00f3n.\",\"breadcrumb\":{\"@id\":\"https:\/\/www.novoutils.com\/es\/brocas.html#breadcrumb\"},\"inLanguage\":\"es-ES\",\"potentialAction\":[{\"@type\":\"ReadAction\",\"target\":[\"https:\/\/www.novoutils.com\/es\/brocas.html\"]}]},{\"@type\":\"ImageObject\",\"inLanguage\":\"es-ES\",\"@id\":\"https:\/\/www.novoutils.com\/es\/brocas.html#primaryimage\",\"url\":\"https:\/\/www.novoutils.com\/es\/wp-content\/uploads\/sites\/3\/2018\/01\/broca-metal-duro-hss.png\",\"contentUrl\":\"https:\/\/www.novoutils.com\/es\/wp-content\/uploads\/sites\/3\/2018\/01\/broca-metal-duro-hss.png\",\"width\":500,\"height\":376,\"caption\":\"broca metal duro hss\"},{\"@type\":\"BreadcrumbList\",\"@id\":\"https:\/\/www.novoutils.com\/es\/brocas.html#breadcrumb\",\"itemListElement\":[{\"@type\":\"ListItem\",\"position\":1,\"name\":\"Accueil\",\"item\":\"https:\/\/www.novoutils.com\/es\/\"},{\"@type\":\"ListItem\",\"position\":2,\"name\":\"BROCAS\"}]},{\"@type\":\"WebSite\",\"@id\":\"https:\/\/www.novoutils.com\/es\/#website\",\"url\":\"https:\/\/www.novoutils.com\/es\/\",\"name\":\"Novoutils\",\"description\":\"Ademva Carburab\",\"potentialAction\":[{\"@type\":\"SearchAction\",\"target\":{\"@type\":\"EntryPoint\",\"urlTemplate\":\"https:\/\/www.novoutils.com\/es\/?s={search_term_string}\"},\"query-input\":{\"@type\":\"PropertyValueSpecification\",\"valueRequired\":true,\"valueName\":\"search_term_string\"}}],\"inLanguage\":\"es-ES\"}]}<\/script>\n<!-- \/ Yoast SEO plugin. -->","yoast_head_json":{"title":"Fabricaci\u00f3n brocas industriales, dise\u00f1o brocas corte, brocas HSS Broca de carburo, Broca HSS, Broca con forma personalizada, Herramienta de corte","description":"Novoutils dise\u00f1a y fabrica herramientas de corte personalizadas tales como broca de carburo, broca, taladro HSS, ... Cont\u00e1ctenos para obtener m\u00e1s informaci\u00f3n.","robots":{"index":"index","follow":"follow","max-snippet":"max-snippet:-1","max-image-preview":"max-image-preview:large","max-video-preview":"max-video-preview:-1"},"canonical":"https:\/\/www.novoutils.com\/es\/brocas.html","og_locale":"es_ES","og_type":"article","og_title":"Fabricaci\u00f3n brocas industriales, dise\u00f1o brocas corte, brocas HSS Broca de carburo, Broca HSS, Broca con forma personalizada, Herramienta de corte","og_description":"Novoutils dise\u00f1a y fabrica herramientas de corte personalizadas tales como broca de carburo, broca, taladro HSS, ... Cont\u00e1ctenos para obtener m\u00e1s informaci\u00f3n.","og_url":"https:\/\/www.novoutils.com\/es\/brocas.html","og_site_name":"Novoutils","article_modified_time":"2018-01-30T20:47:33+00:00","og_image":[{"url":"https:\/\/www.novoutils.com\/es\/wp-content\/uploads\/sites\/3\/2018\/01\/broca-metal-duro-hss-300x226.png"}],"twitter_card":"summary_large_image","twitter_misc":{"Est. reading time":"2 minutes"},"schema":{"@context":"https:\/\/schema.org","@graph":[{"@type":"WebPage","@id":"https:\/\/www.novoutils.com\/es\/brocas.html","url":"https:\/\/www.novoutils.com\/es\/brocas.html","name":"Fabricaci\u00f3n brocas industriales, dise\u00f1o brocas corte, brocas HSS Broca de carburo, Broca HSS, Broca con forma personalizada, Herramienta de corte","isPartOf":{"@id":"https:\/\/www.novoutils.com\/es\/#website"},"primaryImageOfPage":{"@id":"https:\/\/www.novoutils.com\/es\/brocas.html#primaryimage"},"image":{"@id":"https:\/\/www.novoutils.com\/es\/brocas.html#primaryimage"},"thumbnailUrl":"https:\/\/www.novoutils.com\/es\/wp-content\/uploads\/sites\/3\/2018\/01\/broca-metal-duro-hss-300x226.png","datePublished":"2018-01-29T15:45:12+00:00","dateModified":"2018-01-30T20:47:33+00:00","description":"Novoutils dise\u00f1a y fabrica herramientas de corte personalizadas tales como broca de carburo, broca, taladro HSS, ... Cont\u00e1ctenos para obtener m\u00e1s informaci\u00f3n.","breadcrumb":{"@id":"https:\/\/www.novoutils.com\/es\/brocas.html#breadcrumb"},"inLanguage":"es-ES","potentialAction":[{"@type":"ReadAction","target":["https:\/\/www.novoutils.com\/es\/brocas.html"]}]},{"@type":"ImageObject","inLanguage":"es-ES","@id":"https:\/\/www.novoutils.com\/es\/brocas.html#primaryimage","url":"https:\/\/www.novoutils.com\/es\/wp-content\/uploads\/sites\/3\/2018\/01\/broca-metal-duro-hss.png","contentUrl":"https:\/\/www.novoutils.com\/es\/wp-content\/uploads\/sites\/3\/2018\/01\/broca-metal-duro-hss.png","width":500,"height":376,"caption":"broca metal duro hss"},{"@type":"BreadcrumbList","@id":"https:\/\/www.novoutils.com\/es\/brocas.html#breadcrumb","itemListElement":[{"@type":"ListItem","position":1,"name":"Accueil","item":"https:\/\/www.novoutils.com\/es\/"},{"@type":"ListItem","position":2,"name":"BROCAS"}]},{"@type":"WebSite","@id":"https:\/\/www.novoutils.com\/es\/#website","url":"https:\/\/www.novoutils.com\/es\/","name":"Novoutils","description":"Ademva Carburab","potentialAction":[{"@type":"SearchAction","target":{"@type":"EntryPoint","urlTemplate":"https:\/\/www.novoutils.com\/es\/?s={search_term_string}"},"query-input":{"@type":"PropertyValueSpecification","valueRequired":true,"valueName":"search_term_string"}}],"inLanguage":"es-ES"}]}},"_links":{"self":[{"href":"https:\/\/www.novoutils.com\/es\/wp-json\/wp\/v2\/pages\/1896"}],"collection":[{"href":"https:\/\/www.novoutils.com\/es\/wp-json\/wp\/v2\/pages"}],"about":[{"href":"https:\/\/www.novoutils.com\/es\/wp-json\/wp\/v2\/types\/page"}],"author":[{"embeddable":true,"href":"https:\/\/www.novoutils.com\/es\/wp-json\/wp\/v2\/users\/2"}],"replies":[{"embeddable":true,"href":"https:\/\/www.novoutils.com\/es\/wp-json\/wp\/v2\/comments?post=1896"}],"version-history":[{"count":7,"href":"https:\/\/www.novoutils.com\/es\/wp-json\/wp\/v2\/pages\/1896\/revisions"}],"predecessor-version":[{"id":1919,"href":"https:\/\/www.novoutils.com\/es\/wp-json\/wp\/v2\/pages\/1896\/revisions\/1919"}],"wp:attachment":[{"href":"https:\/\/www.novoutils.com\/es\/wp-json\/wp\/v2\/media?parent=1896"}],"curies":[{"name":"wp","href":"https:\/\/api.w.org\/{rel}","templated":true}]}}