{"id":1581,"date":"2017-09-14T14:33:40","date_gmt":"2017-09-14T12:33:40","guid":{"rendered":"https:\/\/www.novoutils.com\/?page_id=1581"},"modified":"2023-07-18T17:02:27","modified_gmt":"2023-07-18T15:02:27","slug":"calidad","status":"publish","type":"page","link":"https:\/\/www.novoutils.com\/es\/calidad.html","title":{"rendered":"Calidad"},"content":{"rendered":"<div class=\"wpb-content-wrapper\"><p>[vc_row][vc_column width=&#8221;1\/2&#8243;][vc_column_text]Disponemos de la certificaci\u00f3n ISO 9001\u00a0: 2015<\/p>\n<p>Novoutils ha sido auditada y certificada conforme a las exigencias de la norma, sobre cada una de sus actividades :<\/p>\n<ul>\n<li><a href=\"https:\/\/www.novoutils.com\/es\/herramienta-corte-rotativa.html\">Dise\u00f1o y fabricaci\u00f3n de herramientas de corte a medida<\/a><\/li>\n<li>D<a href=\"https:\/\/www.novoutils.com\/es\/herramienta-deformacion.html\">ise\u00f1o y fabricaci\u00f3n de herramientas de deformaci\u00f3n a medida<\/a><\/li>\n<li><a href=\"https:\/\/www.novoutils.com\/es\/investigacion-desarrollo.html\">Dise\u00f1o y fabricaci\u00f3n de subconjuntos<\/a><\/li>\n<li><a href=\"https:\/\/www.novoutils.com\/es\/herramientas-corte-estandares.html\">Distribuci\u00f3n de herramientas de corte y de deformaci\u00f3n est\u00e1ndares<\/a><\/li>\n<li>Fabricaci\u00f3n y venta de <a href=\"https:\/\/www.novoutils.com\/es\/dinamometros.html\">dinam\u00f3metros<\/a> y <a href=\"https:\/\/www.novoutils.com\/es\/torquimetro.html\">torqu\u00edmetros<\/a> mec\u00e1nicos<\/li>\n<\/ul>\n<p>[\/vc_column_text][\/vc_column][vc_column width=&#8221;1\/2&#8243;][vc_single_image image=&#8221;2856&#8243; img_size=&#8221;full&#8221; alignment=&#8221;center&#8221; onclick=&#8221;custom_link&#8221; img_link_target=&#8221;_blank&#8221; css_animation=&#8221;flipInX&#8221;][\/vc_column][\/vc_row][vc_row][vc_column width=&#8221;1\/3&#8243;][\/vc_column][vc_column width=&#8221;1\/3&#8243;][vc_empty_space][vc_cta h2=&#8221;Cont\u00e1ctenos&#8221; add_button=&#8221;bottom&#8221; btn_title=&#8221;Cont\u00e1ctenos&#8221; btn_size=&#8221;lg&#8221; btn_i_icon_fontawesome=&#8221;fa fa-envelope&#8221; btn_add_icon=&#8221;true&#8221; btn_link=&#8221;url:http%3A%2F%2Fwww.novoutils.com%2Fcontact.html|||&#8221; css=&#8221;.vc_custom_1517573465333{background-color: #3498db !important;}&#8221;]Consulte sus necesidades en herramientas a medida.[\/vc_cta][\/vc_column][vc_column width=&#8221;1\/3&#8243;][\/vc_column][\/vc_row]<\/p>\n<\/div>","protected":false},"excerpt":{"rendered":"<p>[vc_row][vc_column width=&#8221;1\/2&#8243;][vc_column_text]Disponemos de la certificaci\u00f3n ISO 9001\u00a0: 2015 Novoutils ha sido auditada y certificada conforme a las exigencias de la norma, sobre cada una de sus actividades : Dise\u00f1o y fabricaci\u00f3n de herramientas de corte a medida Dise\u00f1o y fabricaci\u00f3n de herramientas de deformaci\u00f3n a medida Dise\u00f1o y fabricaci\u00f3n de subconjuntos Distribuci\u00f3n de herramientas de [&hellip;]<\/p>\n","protected":false},"author":1,"featured_media":0,"parent":0,"menu_order":0,"comment_status":"closed","ping_status":"closed","template":"","meta":{"_monsterinsights_skip_tracking":false,"_monsterinsights_sitenote_active":false,"_monsterinsights_sitenote_note":"","_monsterinsights_sitenote_category":0,"footnotes":""},"yoast_head":"<!-- This site is optimized with the Yoast SEO plugin v23.5 - https:\/\/yoast.com\/wordpress\/plugins\/seo\/ -->\n<title>Certificaci\u00f3n fabricaci\u00f3n herramientas de corte a medida, herramientas de deformaci\u00f3n<\/title>\n<meta name=\"description\" content=\"Novoutils dise\u00f1a y fabrica herramientas de corte y conformaci\u00f3n a medida. Consulte nuestro certificado de calidad.\" \/>\n<meta name=\"robots\" content=\"index, follow, max-snippet:-1, max-image-preview:large, max-video-preview:-1\" \/>\n<link rel=\"canonical\" href=\"https:\/\/www.novoutils.com\/es\/calidad.html\" \/>\n<meta property=\"og:locale\" content=\"es_ES\" \/>\n<meta property=\"og:type\" content=\"article\" \/>\n<meta property=\"og:title\" content=\"Certificaci\u00f3n fabricaci\u00f3n herramientas de corte a medida, herramientas de deformaci\u00f3n\" \/>\n<meta property=\"og:description\" content=\"Novoutils dise\u00f1a y fabrica herramientas de corte y conformaci\u00f3n a medida. Consulte nuestro certificado de calidad.\" \/>\n<meta property=\"og:url\" content=\"https:\/\/www.novoutils.com\/es\/calidad.html\" \/>\n<meta property=\"og:site_name\" content=\"Novoutils\" \/>\n<meta property=\"article:modified_time\" content=\"2023-07-18T15:02:27+00:00\" \/>\n<meta name=\"twitter:card\" content=\"summary_large_image\" \/>\n<meta name=\"twitter:label1\" content=\"Est. reading time\" \/>\n\t<meta name=\"twitter:data1\" content=\"1 minute\" \/>\n<script type=\"application\/ld+json\" class=\"yoast-schema-graph\">{\"@context\":\"https:\/\/schema.org\",\"@graph\":[{\"@type\":\"WebPage\",\"@id\":\"https:\/\/www.novoutils.com\/es\/calidad.html\",\"url\":\"https:\/\/www.novoutils.com\/es\/calidad.html\",\"name\":\"Certificaci\u00f3n fabricaci\u00f3n herramientas de corte a medida, herramientas de deformaci\u00f3n\",\"isPartOf\":{\"@id\":\"https:\/\/www.novoutils.com\/es\/#website\"},\"datePublished\":\"2017-09-14T12:33:40+00:00\",\"dateModified\":\"2023-07-18T15:02:27+00:00\",\"description\":\"Novoutils dise\u00f1a y fabrica herramientas de corte y conformaci\u00f3n a medida. Consulte nuestro certificado de calidad.\",\"breadcrumb\":{\"@id\":\"https:\/\/www.novoutils.com\/es\/calidad.html#breadcrumb\"},\"inLanguage\":\"es-ES\",\"potentialAction\":[{\"@type\":\"ReadAction\",\"target\":[\"https:\/\/www.novoutils.com\/es\/calidad.html\"]}]},{\"@type\":\"BreadcrumbList\",\"@id\":\"https:\/\/www.novoutils.com\/es\/calidad.html#breadcrumb\",\"itemListElement\":[{\"@type\":\"ListItem\",\"position\":1,\"name\":\"Accueil\",\"item\":\"https:\/\/www.novoutils.com\/es\/\"},{\"@type\":\"ListItem\",\"position\":2,\"name\":\"Calidad\"}]},{\"@type\":\"WebSite\",\"@id\":\"https:\/\/www.novoutils.com\/es\/#website\",\"url\":\"https:\/\/www.novoutils.com\/es\/\",\"name\":\"Novoutils\",\"description\":\"Ademva Carburab\",\"potentialAction\":[{\"@type\":\"SearchAction\",\"target\":{\"@type\":\"EntryPoint\",\"urlTemplate\":\"https:\/\/www.novoutils.com\/es\/?s={search_term_string}\"},\"query-input\":{\"@type\":\"PropertyValueSpecification\",\"valueRequired\":true,\"valueName\":\"search_term_string\"}}],\"inLanguage\":\"es-ES\"}]}<\/script>\n<!-- \/ Yoast SEO plugin. -->","yoast_head_json":{"title":"Certificaci\u00f3n fabricaci\u00f3n herramientas de corte a medida, herramientas de deformaci\u00f3n","description":"Novoutils dise\u00f1a y fabrica herramientas de corte y conformaci\u00f3n a medida. Consulte nuestro certificado de calidad.","robots":{"index":"index","follow":"follow","max-snippet":"max-snippet:-1","max-image-preview":"max-image-preview:large","max-video-preview":"max-video-preview:-1"},"canonical":"https:\/\/www.novoutils.com\/es\/calidad.html","og_locale":"es_ES","og_type":"article","og_title":"Certificaci\u00f3n fabricaci\u00f3n herramientas de corte a medida, herramientas de deformaci\u00f3n","og_description":"Novoutils dise\u00f1a y fabrica herramientas de corte y conformaci\u00f3n a medida. Consulte nuestro certificado de calidad.","og_url":"https:\/\/www.novoutils.com\/es\/calidad.html","og_site_name":"Novoutils","article_modified_time":"2023-07-18T15:02:27+00:00","twitter_card":"summary_large_image","twitter_misc":{"Est. reading time":"1 minute"},"schema":{"@context":"https:\/\/schema.org","@graph":[{"@type":"WebPage","@id":"https:\/\/www.novoutils.com\/es\/calidad.html","url":"https:\/\/www.novoutils.com\/es\/calidad.html","name":"Certificaci\u00f3n fabricaci\u00f3n herramientas de corte a medida, herramientas de deformaci\u00f3n","isPartOf":{"@id":"https:\/\/www.novoutils.com\/es\/#website"},"datePublished":"2017-09-14T12:33:40+00:00","dateModified":"2023-07-18T15:02:27+00:00","description":"Novoutils dise\u00f1a y fabrica herramientas de corte y conformaci\u00f3n a medida. Consulte nuestro certificado de calidad.","breadcrumb":{"@id":"https:\/\/www.novoutils.com\/es\/calidad.html#breadcrumb"},"inLanguage":"es-ES","potentialAction":[{"@type":"ReadAction","target":["https:\/\/www.novoutils.com\/es\/calidad.html"]}]},{"@type":"BreadcrumbList","@id":"https:\/\/www.novoutils.com\/es\/calidad.html#breadcrumb","itemListElement":[{"@type":"ListItem","position":1,"name":"Accueil","item":"https:\/\/www.novoutils.com\/es\/"},{"@type":"ListItem","position":2,"name":"Calidad"}]},{"@type":"WebSite","@id":"https:\/\/www.novoutils.com\/es\/#website","url":"https:\/\/www.novoutils.com\/es\/","name":"Novoutils","description":"Ademva Carburab","potentialAction":[{"@type":"SearchAction","target":{"@type":"EntryPoint","urlTemplate":"https:\/\/www.novoutils.com\/es\/?s={search_term_string}"},"query-input":{"@type":"PropertyValueSpecification","valueRequired":true,"valueName":"search_term_string"}}],"inLanguage":"es-ES"}]}},"_links":{"self":[{"href":"https:\/\/www.novoutils.com\/es\/wp-json\/wp\/v2\/pages\/1581"}],"collection":[{"href":"https:\/\/www.novoutils.com\/es\/wp-json\/wp\/v2\/pages"}],"about":[{"href":"https:\/\/www.novoutils.com\/es\/wp-json\/wp\/v2\/types\/page"}],"author":[{"embeddable":true,"href":"https:\/\/www.novoutils.com\/es\/wp-json\/wp\/v2\/users\/1"}],"replies":[{"embeddable":true,"href":"https:\/\/www.novoutils.com\/es\/wp-json\/wp\/v2\/comments?post=1581"}],"version-history":[{"count":13,"href":"https:\/\/www.novoutils.com\/es\/wp-json\/wp\/v2\/pages\/1581\/revisions"}],"predecessor-version":[{"id":1951,"href":"https:\/\/www.novoutils.com\/es\/wp-json\/wp\/v2\/pages\/1581\/revisions\/1951"}],"wp:attachment":[{"href":"https:\/\/www.novoutils.com\/es\/wp-json\/wp\/v2\/media?parent=1581"}],"curies":[{"name":"wp","href":"https:\/\/api.w.org\/{rel}","templated":true}]}}