{"id":1380,"date":"2017-08-24T22:00:09","date_gmt":"2017-08-24T20:00:09","guid":{"rendered":"https:\/\/www.novoutils.com\/?page_id=1380"},"modified":"2018-12-10T11:06:59","modified_gmt":"2018-12-10T10:06:59","slug":"herramienta-soldada-decoletaje-carburab","status":"publish","type":"page","link":"https:\/\/www.novoutils.com\/es\/herramienta-soldada-decoletaje-carburab.html","title":{"rendered":"HERRAMIENTAS SOLDADAS DE DECOLETAJE CARBURAB"},"content":{"rendered":"<div class=\"wpb-content-wrapper\"><p>[vc_row][vc_column][vc_column_text]<\/p>\n<h2>HERRAMIENTAS SOLDADAS DE DECOLETAJE<\/h2>\n<p>[\/vc_column_text][vc_empty_space][\/vc_column][\/vc_row][vc_row][vc_column width=&#8221;2\/3&#8243; css=&#8221;.vc_custom_1498206748856{margin-right: 10px !important;}&#8221;][vc_column_text]Fabricamos en nuestros talleres, <strong>herramientas en carburo soldado<\/strong> llamadas \u201cburins de d\u00e9colletage\u201d<\/p>\n<p>Calidad Ramet o K10<\/p>\n<ul>\n<li>Herramientas para tronzonar\n<p><figure id=\"attachment_2119\" aria-describedby=\"caption-attachment-2119\" style=\"width: 212px\" class=\"wp-caption alignright\"><a href=\"https:\/\/www.novoutils.com\/wp-content\/uploads\/2018\/12\/tarif-carburab_oct2018.pdf\"><img loading=\"lazy\" decoding=\"async\" class=\"wp-image-2119 size-medium\" src=\"https:\/\/www.novoutils.com\/es\/wp-content\/uploads\/sites\/3\/2018\/12\/herramienta-en-carburo-soldado-212x300.jpg\" alt=\"\" width=\"212\" height=\"300\" srcset=\"https:\/\/www.novoutils.com\/es\/wp-content\/uploads\/sites\/3\/2018\/12\/herramienta-en-carburo-soldado-212x300.jpg 212w, https:\/\/www.novoutils.com\/es\/wp-content\/uploads\/sites\/3\/2018\/12\/herramienta-en-carburo-soldado.jpg 635w\" sizes=\"(max-width: 212px) 100vw, 212px\" \/><\/a><figcaption id=\"caption-attachment-2119\" class=\"wp-caption-text\"><a href=\"https:\/\/www.novoutils.com\/wp-content\/uploads\/2018\/12\/tarif-carburab_oct2018.pdf\">Descargue el cataloguo Carburab<\/a><\/figcaption><\/figure><\/li>\n<li>Herramientas para torneado<\/li>\n<li>Herramientas palas<\/li>\n<li>Herramientas m\u00e9plats o planas<\/li>\n<li>Herramientas para mandrinar<\/li>\n<li>Herramientas para avellanado<\/li>\n<\/ul>\n<p>&nbsp;<\/p>\n<p>[\/vc_column_text][\/vc_column][vc_column width=&#8221;1\/3&#8243;][vc_masonry_media_grid element_width=&#8221;6&#8243; grid_id=&#8221;vc_gid:1544435852187-e31eab66-4ecb-5&#8243; include=&#8221;1772,1771,1770,1769,1768,1767&#8243;][\/vc_column][\/vc_row][vc_row][vc_column width=&#8221;2\/3&#8243;][vc_empty_space][\/vc_column][vc_column width=&#8221;1\/3&#8243;][\/vc_column][\/vc_row][vc_row][vc_column width=&#8221;1\/2&#8243;][vc_cta h2=&#8221;CONT\u00c1CTENOS&#8221; add_button=&#8221;right&#8221; btn_title=&#8221;Contacto&#8221; btn_i_icon_fontawesome=&#8221;fa fa-envelope&#8221; btn_add_icon=&#8221;true&#8221; btn_link=&#8221;url:https%3A%2F%2Fwww.novoutils.com%2Fes%2Fcontact.html|||&#8221; css=&#8221;.vc_custom_1519131953861{background-color: #3498db !important;}&#8221;]Solicite su presupuesto para herramientas soldadas de decoletaje.[\/vc_cta][\/vc_column][vc_column width=&#8221;1\/2&#8243;][\/vc_column][\/vc_row]<\/p>\n<\/div>","protected":false},"excerpt":{"rendered":"<p>[vc_row][vc_column][vc_column_text] HERRAMIENTAS SOLDADAS DE DECOLETAJE [\/vc_column_text][vc_empty_space][\/vc_column][\/vc_row][vc_row][vc_column width=&#8221;2\/3&#8243; css=&#8221;.vc_custom_1498206748856{margin-right: 10px !important;}&#8221;][vc_column_text]Fabricamos en nuestros talleres, herramientas en carburo soldado llamadas \u201cburins de d\u00e9colletage\u201d Calidad Ramet o K10 Herramientas para tronzonar Herramientas para torneado Herramientas palas Herramientas m\u00e9plats o planas Herramientas para mandrinar Herramientas para avellanado &nbsp; [\/vc_column_text][\/vc_column][vc_column width=&#8221;1\/3&#8243;][vc_masonry_media_grid element_width=&#8221;6&#8243; grid_id=&#8221;vc_gid:1544435852187-e31eab66-4ecb-5&#8243; include=&#8221;1772,1771,1770,1769,1768,1767&#8243;][\/vc_column][\/vc_row][vc_row][vc_column width=&#8221;2\/3&#8243;][vc_empty_space][\/vc_column][vc_column width=&#8221;1\/3&#8243;][\/vc_column][\/vc_row][vc_row][vc_column width=&#8221;1\/2&#8243;][vc_cta h2=&#8221;CONT\u00c1CTENOS&#8221; add_button=&#8221;right&#8221; btn_title=&#8221;Contacto&#8221; [&hellip;]<\/p>\n","protected":false},"author":1,"featured_media":0,"parent":0,"menu_order":0,"comment_status":"closed","ping_status":"closed","template":"","meta":{"_monsterinsights_skip_tracking":false,"_monsterinsights_sitenote_active":false,"_monsterinsights_sitenote_note":"","_monsterinsights_sitenote_category":0,"footnotes":""},"yoast_head":"<!-- This site is optimized with the Yoast SEO plugin v23.5 - https:\/\/yoast.com\/wordpress\/plugins\/seo\/ -->\n<title>Herramienta de torneado de barra de herramienta soldada, herramienta de c\u00e1mara, herramienta de perforaci\u00f3n, pisos, palas<\/title>\n<meta name=\"description\" content=\"NOVOUTILS dise\u00f1a y fabrica herramientas soldadas de torneado de barras: planchas de herramientas, herramientas para perforar, c\u00e1maras, oscurecer, ... Cont\u00e1ctenos para encontrar las suyas.\" \/>\n<meta name=\"robots\" content=\"index, follow, max-snippet:-1, max-image-preview:large, max-video-preview:-1\" \/>\n<link rel=\"canonical\" href=\"https:\/\/www.novoutils.com\/es\/herramienta-soldada-decoletaje-carburab.html\" \/>\n<meta property=\"og:locale\" content=\"es_ES\" \/>\n<meta property=\"og:type\" content=\"article\" \/>\n<meta property=\"og:title\" content=\"Herramienta de torneado de barra de herramienta soldada, herramienta de c\u00e1mara, herramienta de perforaci\u00f3n, pisos, palas\" \/>\n<meta property=\"og:description\" content=\"NOVOUTILS dise\u00f1a y fabrica herramientas soldadas de torneado de barras: planchas de herramientas, herramientas para perforar, c\u00e1maras, oscurecer, ... Cont\u00e1ctenos para encontrar las suyas.\" \/>\n<meta property=\"og:url\" content=\"https:\/\/www.novoutils.com\/es\/herramienta-soldada-decoletaje-carburab.html\" \/>\n<meta property=\"og:site_name\" content=\"Novoutils\" \/>\n<meta property=\"article:modified_time\" content=\"2018-12-10T10:06:59+00:00\" \/>\n<meta property=\"og:image\" content=\"https:\/\/www.novoutils.com\/es\/wp-content\/uploads\/sites\/3\/2018\/12\/herramienta-en-carburo-soldado-212x300.jpg\" \/>\n<meta name=\"twitter:card\" content=\"summary_large_image\" \/>\n<meta name=\"twitter:label1\" content=\"Est. reading time\" \/>\n\t<meta name=\"twitter:data1\" content=\"1 minute\" \/>\n<script type=\"application\/ld+json\" class=\"yoast-schema-graph\">{\"@context\":\"https:\/\/schema.org\",\"@graph\":[{\"@type\":\"WebPage\",\"@id\":\"https:\/\/www.novoutils.com\/es\/herramienta-soldada-decoletaje-carburab.html\",\"url\":\"https:\/\/www.novoutils.com\/es\/herramienta-soldada-decoletaje-carburab.html\",\"name\":\"Herramienta de torneado de barra de herramienta soldada, herramienta de c\u00e1mara, herramienta de perforaci\u00f3n, pisos, palas\",\"isPartOf\":{\"@id\":\"https:\/\/www.novoutils.com\/es\/#website\"},\"primaryImageOfPage\":{\"@id\":\"https:\/\/www.novoutils.com\/es\/herramienta-soldada-decoletaje-carburab.html#primaryimage\"},\"image\":{\"@id\":\"https:\/\/www.novoutils.com\/es\/herramienta-soldada-decoletaje-carburab.html#primaryimage\"},\"thumbnailUrl\":\"https:\/\/www.novoutils.com\/es\/wp-content\/uploads\/sites\/3\/2018\/12\/herramienta-en-carburo-soldado-212x300.jpg\",\"datePublished\":\"2017-08-24T20:00:09+00:00\",\"dateModified\":\"2018-12-10T10:06:59+00:00\",\"description\":\"NOVOUTILS dise\u00f1a y fabrica herramientas soldadas de torneado de barras: planchas de herramientas, herramientas para perforar, c\u00e1maras, oscurecer, ... Cont\u00e1ctenos para encontrar las suyas.\",\"breadcrumb\":{\"@id\":\"https:\/\/www.novoutils.com\/es\/herramienta-soldada-decoletaje-carburab.html#breadcrumb\"},\"inLanguage\":\"es-ES\",\"potentialAction\":[{\"@type\":\"ReadAction\",\"target\":[\"https:\/\/www.novoutils.com\/es\/herramienta-soldada-decoletaje-carburab.html\"]}]},{\"@type\":\"ImageObject\",\"inLanguage\":\"es-ES\",\"@id\":\"https:\/\/www.novoutils.com\/es\/herramienta-soldada-decoletaje-carburab.html#primaryimage\",\"url\":\"https:\/\/www.novoutils.com\/es\/wp-content\/uploads\/sites\/3\/2018\/12\/herramienta-en-carburo-soldado.jpg\",\"contentUrl\":\"https:\/\/www.novoutils.com\/es\/wp-content\/uploads\/sites\/3\/2018\/12\/herramienta-en-carburo-soldado.jpg\",\"width\":635,\"height\":899},{\"@type\":\"BreadcrumbList\",\"@id\":\"https:\/\/www.novoutils.com\/es\/herramienta-soldada-decoletaje-carburab.html#breadcrumb\",\"itemListElement\":[{\"@type\":\"ListItem\",\"position\":1,\"name\":\"Accueil\",\"item\":\"https:\/\/www.novoutils.com\/es\/\"},{\"@type\":\"ListItem\",\"position\":2,\"name\":\"HERRAMIENTAS SOLDADAS DE DECOLETAJE CARBURAB\"}]},{\"@type\":\"WebSite\",\"@id\":\"https:\/\/www.novoutils.com\/es\/#website\",\"url\":\"https:\/\/www.novoutils.com\/es\/\",\"name\":\"Novoutils\",\"description\":\"Ademva Carburab\",\"potentialAction\":[{\"@type\":\"SearchAction\",\"target\":{\"@type\":\"EntryPoint\",\"urlTemplate\":\"https:\/\/www.novoutils.com\/es\/?s={search_term_string}\"},\"query-input\":{\"@type\":\"PropertyValueSpecification\",\"valueRequired\":true,\"valueName\":\"search_term_string\"}}],\"inLanguage\":\"es-ES\"}]}<\/script>\n<!-- \/ Yoast SEO plugin. -->","yoast_head_json":{"title":"Herramienta de torneado de barra de herramienta soldada, herramienta de c\u00e1mara, herramienta de perforaci\u00f3n, pisos, palas","description":"NOVOUTILS dise\u00f1a y fabrica herramientas soldadas de torneado de barras: planchas de herramientas, herramientas para perforar, c\u00e1maras, oscurecer, ... Cont\u00e1ctenos para encontrar las suyas.","robots":{"index":"index","follow":"follow","max-snippet":"max-snippet:-1","max-image-preview":"max-image-preview:large","max-video-preview":"max-video-preview:-1"},"canonical":"https:\/\/www.novoutils.com\/es\/herramienta-soldada-decoletaje-carburab.html","og_locale":"es_ES","og_type":"article","og_title":"Herramienta de torneado de barra de herramienta soldada, herramienta de c\u00e1mara, herramienta de perforaci\u00f3n, pisos, palas","og_description":"NOVOUTILS dise\u00f1a y fabrica herramientas soldadas de torneado de barras: planchas de herramientas, herramientas para perforar, c\u00e1maras, oscurecer, ... Cont\u00e1ctenos para encontrar las suyas.","og_url":"https:\/\/www.novoutils.com\/es\/herramienta-soldada-decoletaje-carburab.html","og_site_name":"Novoutils","article_modified_time":"2018-12-10T10:06:59+00:00","og_image":[{"url":"https:\/\/www.novoutils.com\/es\/wp-content\/uploads\/sites\/3\/2018\/12\/herramienta-en-carburo-soldado-212x300.jpg"}],"twitter_card":"summary_large_image","twitter_misc":{"Est. reading time":"1 minute"},"schema":{"@context":"https:\/\/schema.org","@graph":[{"@type":"WebPage","@id":"https:\/\/www.novoutils.com\/es\/herramienta-soldada-decoletaje-carburab.html","url":"https:\/\/www.novoutils.com\/es\/herramienta-soldada-decoletaje-carburab.html","name":"Herramienta de torneado de barra de herramienta soldada, herramienta de c\u00e1mara, herramienta de perforaci\u00f3n, pisos, palas","isPartOf":{"@id":"https:\/\/www.novoutils.com\/es\/#website"},"primaryImageOfPage":{"@id":"https:\/\/www.novoutils.com\/es\/herramienta-soldada-decoletaje-carburab.html#primaryimage"},"image":{"@id":"https:\/\/www.novoutils.com\/es\/herramienta-soldada-decoletaje-carburab.html#primaryimage"},"thumbnailUrl":"https:\/\/www.novoutils.com\/es\/wp-content\/uploads\/sites\/3\/2018\/12\/herramienta-en-carburo-soldado-212x300.jpg","datePublished":"2017-08-24T20:00:09+00:00","dateModified":"2018-12-10T10:06:59+00:00","description":"NOVOUTILS dise\u00f1a y fabrica herramientas soldadas de torneado de barras: planchas de herramientas, herramientas para perforar, c\u00e1maras, oscurecer, ... Cont\u00e1ctenos para encontrar las suyas.","breadcrumb":{"@id":"https:\/\/www.novoutils.com\/es\/herramienta-soldada-decoletaje-carburab.html#breadcrumb"},"inLanguage":"es-ES","potentialAction":[{"@type":"ReadAction","target":["https:\/\/www.novoutils.com\/es\/herramienta-soldada-decoletaje-carburab.html"]}]},{"@type":"ImageObject","inLanguage":"es-ES","@id":"https:\/\/www.novoutils.com\/es\/herramienta-soldada-decoletaje-carburab.html#primaryimage","url":"https:\/\/www.novoutils.com\/es\/wp-content\/uploads\/sites\/3\/2018\/12\/herramienta-en-carburo-soldado.jpg","contentUrl":"https:\/\/www.novoutils.com\/es\/wp-content\/uploads\/sites\/3\/2018\/12\/herramienta-en-carburo-soldado.jpg","width":635,"height":899},{"@type":"BreadcrumbList","@id":"https:\/\/www.novoutils.com\/es\/herramienta-soldada-decoletaje-carburab.html#breadcrumb","itemListElement":[{"@type":"ListItem","position":1,"name":"Accueil","item":"https:\/\/www.novoutils.com\/es\/"},{"@type":"ListItem","position":2,"name":"HERRAMIENTAS SOLDADAS DE DECOLETAJE CARBURAB"}]},{"@type":"WebSite","@id":"https:\/\/www.novoutils.com\/es\/#website","url":"https:\/\/www.novoutils.com\/es\/","name":"Novoutils","description":"Ademva Carburab","potentialAction":[{"@type":"SearchAction","target":{"@type":"EntryPoint","urlTemplate":"https:\/\/www.novoutils.com\/es\/?s={search_term_string}"},"query-input":{"@type":"PropertyValueSpecification","valueRequired":true,"valueName":"search_term_string"}}],"inLanguage":"es-ES"}]}},"_links":{"self":[{"href":"https:\/\/www.novoutils.com\/es\/wp-json\/wp\/v2\/pages\/1380"}],"collection":[{"href":"https:\/\/www.novoutils.com\/es\/wp-json\/wp\/v2\/pages"}],"about":[{"href":"https:\/\/www.novoutils.com\/es\/wp-json\/wp\/v2\/types\/page"}],"author":[{"embeddable":true,"href":"https:\/\/www.novoutils.com\/es\/wp-json\/wp\/v2\/users\/1"}],"replies":[{"embeddable":true,"href":"https:\/\/www.novoutils.com\/es\/wp-json\/wp\/v2\/comments?post=1380"}],"version-history":[{"count":11,"href":"https:\/\/www.novoutils.com\/es\/wp-json\/wp\/v2\/pages\/1380\/revisions"}],"predecessor-version":[{"id":2120,"href":"https:\/\/www.novoutils.com\/es\/wp-json\/wp\/v2\/pages\/1380\/revisions\/2120"}],"wp:attachment":[{"href":"https:\/\/www.novoutils.com\/es\/wp-json\/wp\/v2\/media?parent=1380"}],"curies":[{"name":"wp","href":"https:\/\/api.w.org\/{rel}","templated":true}]}}