{"id":1159,"date":"2017-07-01T11:51:54","date_gmt":"2017-07-01T09:51:54","guid":{"rendered":"https:\/\/www.novoutils.com\/?page_id=1159"},"modified":"2018-02-20T14:03:12","modified_gmt":"2018-02-20T13:03:12","slug":"diseno-herramientas-a-medida","status":"publish","type":"page","link":"https:\/\/www.novoutils.com\/es\/diseno-herramientas-a-medida.html","title":{"rendered":"Dise\u00f1o de Herramientas a medida"},"content":{"rendered":"<div class=\"wpb-content-wrapper\"><p>[vc_row][vc_column][vc_custom_heading text=&#8221;Dise\u00f1ar la precisi\u00f3n&#8221; font_container=&#8221;tag:h3|font_size:28px|text_align:left|color:%231e73be|line_height:32px&#8221; use_theme_fonts=&#8221;yes&#8221; css_animation=&#8221;fadeIn&#8221; el_class=&#8221;h3spe&#8221;][vc_empty_space][vc_column_text]<img loading=\"lazy\" decoding=\"async\" class=\"alignright wp-image-1924 size-full\" src=\"https:\/\/www.novoutils.com\/es\/wp-content\/uploads\/sites\/3\/2018\/01\/fabricacion-herramientas-medida.jpg\" alt=\"fabricaci\u00f3n\u00a0de herramientas\u00a0 a medida\" width=\"300\" height=\"200\" \/>Nuestro equipo t\u00e9cnico comercial, teniendo en cuenta sus condiciones y probl\u00e9maticas de mecanizado, les asesora y\u00a0 les apoya \u00a0para el dise\u00f1o de herramientas a medida.<\/p>\n<p>Gestionamos la complejidad y la tecnicidad de sus necesidades de mecanizado<\/p>\n<p>Avalados por una experiencia de m\u00e1s de 50 a\u00f1os en la <strong>fabricaci\u00f3n\u00a0de herramientas\u00a0 a medida<\/strong>, respondemos a las necesidades de las industrias m\u00e1s exigentes :<\/p>\n<ul>\n<li>Autom\u00f3vil<\/li>\n<li>Aeron\u00e1utica\u00a0y Aerospacial<\/li>\n<li>Decoletaje\u00a0 y mec\u00e1nica de precisi\u00f3n<\/li>\n<li>Electr\u00f3nica<\/li>\n<li>Fabricaci\u00f3n de implantes<\/li>\n<li>Relojer\u00eda<\/li>\n<li>Nuclear<\/li>\n<\/ul>\n<p>[\/vc_column_text][vc_empty_space][\/vc_column][\/vc_row][vc_row][vc_column width=&#8221;1\/2&#8243;][vc_column_text]<\/p>\n<h2><span lang=\"ES\" style=\"font-size: 14.0pt; color: #333333;\">Estudio, dise\u00f1o y fabricaci\u00d3n de herramientas<\/span><\/h2>\n<p>Disponemos de softwares eficientes:<\/p>\n<ul>\n<li>Software 2D \u2013 Design Cad<\/li>\n<li>Software DAO-CAO TOP Solid 7.11<\/li>\n<li>FAO Goelan<\/li>\n<\/ul>\n<p>A partir de sus planos de piezas y de sus condiciones de fabricaci\u00f3n, nuestro departamento t\u00e9cnico dise\u00f1a sus:<\/p>\n<ul>\n<li><strong>herramientas de corte<\/strong>: escariadores, brocas, moletas de perfil constante, punzones, afeitadores y plaquitas<\/li>\n<li><strong>Herramientas de deformaci\u00f3n<\/strong> : matrices, punzones, moletas<\/li>\n<li><strong>Herramientas de marcado<\/strong> : punzones, moletas<\/li>\n<\/ul>\n<p>Nuestro parque de m\u00e1quinas, continuamente actualizado, nos permite fabricar en peque\u00f1as, medianas y grandes series, sus herramientas en metal duro, acero r\u00e1pido, ASP, Cermet, <strong>Nitruro de boro c\u00fabico<\/strong>, Policristalino.<\/p>\n<p>Les asesoramos y nos encargamos de realizar los revestimientos m\u00e1s adaptados a sus condiciones de mecanizado.[\/vc_column_text][\/vc_column][vc_column width=&#8221;1\/2&#8243;][vc_column_text]<\/p>\n<h2><span lang=\"ES\" style=\"font-size: 14.0pt; color: #333333;\">CERTIFICACI<\/span><span lang=\"ES\" style=\"font-size: 14.0pt; color: #333333;\">\u00d3<\/span><span lang=\"ES\" style=\"font-size: 14.0pt; color: #333333;\">N Y CALIDAD PARA HERRAMIENTAS DE CORTE, DE DEFORMACI\u00d3N Y DE MARCADO<\/span><\/h2>\n<p>Disponemos de la certificaci\u00f3n ISO 9001 versi\u00f3n 2015.<\/p>\n<p><u>Nuestro departamento de metrolog\u00eda<\/u><\/p>\n<p>Equipos de medida tradicionales<\/p>\n<ul>\n<li>Proyectores de perfil x20, x50 y x100<\/li>\n<li>M\u00e1quina de medici\u00f3n Tridimensional ZEISS Tipo CONTURA<\/li>\n<li>Banco de medida con 2 c\u00e1maras y sensor 3D GALLILEO<\/li>\n<li>Aparato de control por c\u00e1mara Marcel Aubert<\/li>\n<\/ul>\n<p>[\/vc_column_text][vc_single_image image=&#8221;1706&#8243; img_size=&#8221;medium&#8221; alignment=&#8221;center&#8221; onclick=&#8221;link_image&#8221; css_animation=&#8221;bounceInUp&#8221;][\/vc_column][\/vc_row][vc_row][vc_column][vc_empty_space][\/vc_column][\/vc_row][vc_row][vc_column width=&#8221;1\/2&#8243;][vc_cta h2=&#8221;CONT\u00c1CTENOS&#8221; color=&#8221;sky&#8221; add_button=&#8221;right&#8221; btn_title=&#8221;Contacto&#8221; btn_color=&#8221;mulled-wine&#8221; btn_i_icon_fontawesome=&#8221;fa fa-envelope-o&#8221; btn_add_icon=&#8221;true&#8221; btn_link=&#8221;url:https%3A%2F%2Fwww.novoutils.com%2Fes%2Fcontact.html|||&#8221;]Cons\u00faltenos sus necesidades en herramientas a medida: herramienta de corte, herramienta de deformaci\u00f3n, herramienta de marcado: nuestro equipo responde a sus necesidades y a sus preguntas[\/vc_cta][\/vc_column][vc_column width=&#8221;1\/2&#8243;][\/vc_column][\/vc_row]<\/p>\n<\/div>","protected":false},"excerpt":{"rendered":"<p>[vc_row][vc_column][vc_custom_heading text=&#8221;Dise\u00f1ar la precisi\u00f3n&#8221; font_container=&#8221;tag:h3|font_size:28px|text_align:left|color:%231e73be|line_height:32px&#8221; use_theme_fonts=&#8221;yes&#8221; css_animation=&#8221;fadeIn&#8221; el_class=&#8221;h3spe&#8221;][vc_empty_space][vc_column_text]Nuestro equipo t\u00e9cnico comercial, teniendo en cuenta sus condiciones y probl\u00e9maticas de mecanizado, les asesora y\u00a0 les apoya \u00a0para el dise\u00f1o de herramientas a medida. Gestionamos la complejidad y la tecnicidad de sus necesidades de mecanizado Avalados por una experiencia de m\u00e1s de 50 a\u00f1os en la fabricaci\u00f3n\u00a0de [&hellip;]<\/p>\n","protected":false},"author":1,"featured_media":0,"parent":0,"menu_order":0,"comment_status":"closed","ping_status":"closed","template":"","meta":{"_monsterinsights_skip_tracking":false,"_monsterinsights_sitenote_active":false,"_monsterinsights_sitenote_note":"","_monsterinsights_sitenote_category":0,"footnotes":""},"yoast_head":"<!-- This site is optimized with the Yoast SEO plugin v23.5 - https:\/\/yoast.com\/wordpress\/plugins\/seo\/ -->\n<title>Dise\u00f1o de herramienta de corte, oficina de dise\u00f1o para herramienta de corte<\/title>\n<meta name=\"description\" content=\"Novoutils dise\u00f1a sus herramientas de corte y deformaci\u00f3n personalizada. \u00a1Consulte nuestra oficina de dise\u00f1o!\" \/>\n<meta name=\"robots\" content=\"index, follow, max-snippet:-1, max-image-preview:large, max-video-preview:-1\" \/>\n<link rel=\"canonical\" href=\"https:\/\/www.novoutils.com\/es\/diseno-herramientas-a-medida.html\" \/>\n<meta property=\"og:locale\" content=\"es_ES\" \/>\n<meta property=\"og:type\" content=\"article\" \/>\n<meta property=\"og:title\" content=\"Dise\u00f1o de herramienta de corte, oficina de dise\u00f1o para herramienta de corte\" \/>\n<meta property=\"og:description\" content=\"Novoutils dise\u00f1a sus herramientas de corte y deformaci\u00f3n personalizada. \u00a1Consulte nuestra oficina de dise\u00f1o!\" \/>\n<meta property=\"og:url\" content=\"https:\/\/www.novoutils.com\/es\/diseno-herramientas-a-medida.html\" \/>\n<meta property=\"og:site_name\" content=\"Novoutils\" \/>\n<meta property=\"article:modified_time\" content=\"2018-02-20T13:03:12+00:00\" \/>\n<meta property=\"og:image\" content=\"https:\/\/www.novoutils.com\/es\/wp-content\/uploads\/sites\/3\/2018\/01\/fabricacion-herramientas-medida.jpg\" \/>\n<meta name=\"twitter:card\" content=\"summary_large_image\" \/>\n<meta name=\"twitter:label1\" content=\"Est. reading time\" \/>\n\t<meta name=\"twitter:data1\" content=\"2 minutes\" \/>\n<script type=\"application\/ld+json\" class=\"yoast-schema-graph\">{\"@context\":\"https:\/\/schema.org\",\"@graph\":[{\"@type\":\"WebPage\",\"@id\":\"https:\/\/www.novoutils.com\/es\/diseno-herramientas-a-medida.html\",\"url\":\"https:\/\/www.novoutils.com\/es\/diseno-herramientas-a-medida.html\",\"name\":\"Dise\u00f1o de herramienta de corte, oficina de dise\u00f1o para herramienta de corte\",\"isPartOf\":{\"@id\":\"https:\/\/www.novoutils.com\/es\/#website\"},\"primaryImageOfPage\":{\"@id\":\"https:\/\/www.novoutils.com\/es\/diseno-herramientas-a-medida.html#primaryimage\"},\"image\":{\"@id\":\"https:\/\/www.novoutils.com\/es\/diseno-herramientas-a-medida.html#primaryimage\"},\"thumbnailUrl\":\"https:\/\/www.novoutils.com\/es\/wp-content\/uploads\/sites\/3\/2018\/01\/fabricacion-herramientas-medida.jpg\",\"datePublished\":\"2017-07-01T09:51:54+00:00\",\"dateModified\":\"2018-02-20T13:03:12+00:00\",\"description\":\"Novoutils dise\u00f1a sus herramientas de corte y deformaci\u00f3n personalizada. \u00a1Consulte nuestra oficina de dise\u00f1o!\",\"breadcrumb\":{\"@id\":\"https:\/\/www.novoutils.com\/es\/diseno-herramientas-a-medida.html#breadcrumb\"},\"inLanguage\":\"es-ES\",\"potentialAction\":[{\"@type\":\"ReadAction\",\"target\":[\"https:\/\/www.novoutils.com\/es\/diseno-herramientas-a-medida.html\"]}]},{\"@type\":\"ImageObject\",\"inLanguage\":\"es-ES\",\"@id\":\"https:\/\/www.novoutils.com\/es\/diseno-herramientas-a-medida.html#primaryimage\",\"url\":\"https:\/\/www.novoutils.com\/es\/wp-content\/uploads\/sites\/3\/2018\/01\/fabricacion-herramientas-medida.jpg\",\"contentUrl\":\"https:\/\/www.novoutils.com\/es\/wp-content\/uploads\/sites\/3\/2018\/01\/fabricacion-herramientas-medida.jpg\",\"width\":300,\"height\":200,\"caption\":\"fabricaci\u00f3n\u00a0de herramientas\u00a0 a medida\"},{\"@type\":\"BreadcrumbList\",\"@id\":\"https:\/\/www.novoutils.com\/es\/diseno-herramientas-a-medida.html#breadcrumb\",\"itemListElement\":[{\"@type\":\"ListItem\",\"position\":1,\"name\":\"Accueil\",\"item\":\"https:\/\/www.novoutils.com\/es\/\"},{\"@type\":\"ListItem\",\"position\":2,\"name\":\"Dise\u00f1o de Herramientas a medida\"}]},{\"@type\":\"WebSite\",\"@id\":\"https:\/\/www.novoutils.com\/es\/#website\",\"url\":\"https:\/\/www.novoutils.com\/es\/\",\"name\":\"Novoutils\",\"description\":\"Ademva Carburab\",\"potentialAction\":[{\"@type\":\"SearchAction\",\"target\":{\"@type\":\"EntryPoint\",\"urlTemplate\":\"https:\/\/www.novoutils.com\/es\/?s={search_term_string}\"},\"query-input\":{\"@type\":\"PropertyValueSpecification\",\"valueRequired\":true,\"valueName\":\"search_term_string\"}}],\"inLanguage\":\"es-ES\"}]}<\/script>\n<!-- \/ Yoast SEO plugin. -->","yoast_head_json":{"title":"Dise\u00f1o de herramienta de corte, oficina de dise\u00f1o para herramienta de corte","description":"Novoutils dise\u00f1a sus herramientas de corte y deformaci\u00f3n personalizada. \u00a1Consulte nuestra oficina de dise\u00f1o!","robots":{"index":"index","follow":"follow","max-snippet":"max-snippet:-1","max-image-preview":"max-image-preview:large","max-video-preview":"max-video-preview:-1"},"canonical":"https:\/\/www.novoutils.com\/es\/diseno-herramientas-a-medida.html","og_locale":"es_ES","og_type":"article","og_title":"Dise\u00f1o de herramienta de corte, oficina de dise\u00f1o para herramienta de corte","og_description":"Novoutils dise\u00f1a sus herramientas de corte y deformaci\u00f3n personalizada. \u00a1Consulte nuestra oficina de dise\u00f1o!","og_url":"https:\/\/www.novoutils.com\/es\/diseno-herramientas-a-medida.html","og_site_name":"Novoutils","article_modified_time":"2018-02-20T13:03:12+00:00","og_image":[{"url":"https:\/\/www.novoutils.com\/es\/wp-content\/uploads\/sites\/3\/2018\/01\/fabricacion-herramientas-medida.jpg"}],"twitter_card":"summary_large_image","twitter_misc":{"Est. reading time":"2 minutes"},"schema":{"@context":"https:\/\/schema.org","@graph":[{"@type":"WebPage","@id":"https:\/\/www.novoutils.com\/es\/diseno-herramientas-a-medida.html","url":"https:\/\/www.novoutils.com\/es\/diseno-herramientas-a-medida.html","name":"Dise\u00f1o de herramienta de corte, oficina de dise\u00f1o para herramienta de corte","isPartOf":{"@id":"https:\/\/www.novoutils.com\/es\/#website"},"primaryImageOfPage":{"@id":"https:\/\/www.novoutils.com\/es\/diseno-herramientas-a-medida.html#primaryimage"},"image":{"@id":"https:\/\/www.novoutils.com\/es\/diseno-herramientas-a-medida.html#primaryimage"},"thumbnailUrl":"https:\/\/www.novoutils.com\/es\/wp-content\/uploads\/sites\/3\/2018\/01\/fabricacion-herramientas-medida.jpg","datePublished":"2017-07-01T09:51:54+00:00","dateModified":"2018-02-20T13:03:12+00:00","description":"Novoutils dise\u00f1a sus herramientas de corte y deformaci\u00f3n personalizada. \u00a1Consulte nuestra oficina de dise\u00f1o!","breadcrumb":{"@id":"https:\/\/www.novoutils.com\/es\/diseno-herramientas-a-medida.html#breadcrumb"},"inLanguage":"es-ES","potentialAction":[{"@type":"ReadAction","target":["https:\/\/www.novoutils.com\/es\/diseno-herramientas-a-medida.html"]}]},{"@type":"ImageObject","inLanguage":"es-ES","@id":"https:\/\/www.novoutils.com\/es\/diseno-herramientas-a-medida.html#primaryimage","url":"https:\/\/www.novoutils.com\/es\/wp-content\/uploads\/sites\/3\/2018\/01\/fabricacion-herramientas-medida.jpg","contentUrl":"https:\/\/www.novoutils.com\/es\/wp-content\/uploads\/sites\/3\/2018\/01\/fabricacion-herramientas-medida.jpg","width":300,"height":200,"caption":"fabricaci\u00f3n\u00a0de herramientas\u00a0 a medida"},{"@type":"BreadcrumbList","@id":"https:\/\/www.novoutils.com\/es\/diseno-herramientas-a-medida.html#breadcrumb","itemListElement":[{"@type":"ListItem","position":1,"name":"Accueil","item":"https:\/\/www.novoutils.com\/es\/"},{"@type":"ListItem","position":2,"name":"Dise\u00f1o de Herramientas a medida"}]},{"@type":"WebSite","@id":"https:\/\/www.novoutils.com\/es\/#website","url":"https:\/\/www.novoutils.com\/es\/","name":"Novoutils","description":"Ademva Carburab","potentialAction":[{"@type":"SearchAction","target":{"@type":"EntryPoint","urlTemplate":"https:\/\/www.novoutils.com\/es\/?s={search_term_string}"},"query-input":{"@type":"PropertyValueSpecification","valueRequired":true,"valueName":"search_term_string"}}],"inLanguage":"es-ES"}]}},"_links":{"self":[{"href":"https:\/\/www.novoutils.com\/es\/wp-json\/wp\/v2\/pages\/1159"}],"collection":[{"href":"https:\/\/www.novoutils.com\/es\/wp-json\/wp\/v2\/pages"}],"about":[{"href":"https:\/\/www.novoutils.com\/es\/wp-json\/wp\/v2\/types\/page"}],"author":[{"embeddable":true,"href":"https:\/\/www.novoutils.com\/es\/wp-json\/wp\/v2\/users\/1"}],"replies":[{"embeddable":true,"href":"https:\/\/www.novoutils.com\/es\/wp-json\/wp\/v2\/comments?post=1159"}],"version-history":[{"count":10,"href":"https:\/\/www.novoutils.com\/es\/wp-json\/wp\/v2\/pages\/1159\/revisions"}],"predecessor-version":[{"id":1991,"href":"https:\/\/www.novoutils.com\/es\/wp-json\/wp\/v2\/pages\/1159\/revisions\/1991"}],"wp:attachment":[{"href":"https:\/\/www.novoutils.com\/es\/wp-json\/wp\/v2\/media?parent=1159"}],"curies":[{"name":"wp","href":"https:\/\/api.w.org\/{rel}","templated":true}]}}