{"id":678,"date":"2017-03-16T11:09:36","date_gmt":"2017-03-16T10:09:36","guid":{"rendered":"http:\/\/novoutils.d2bconsulting.fr\/?page_id=678"},"modified":"2017-03-16T11:09:36","modified_gmt":"2017-03-16T10:09:36","slug":"outils-divers","status":"publish","type":"page","link":"https:\/\/www.novoutils.com\/en\/outils-divers.html","title":{"rendered":"Outils divers"},"content":{"rendered":"<div class=\"wpb-content-wrapper\"><p>[vc_row][vc_column][vc_column_text]Fabrication \u00e0 la demande de vos outils de contr\u00f4le et de vos galets de soutien<\/p>\n<p>&nbsp;<\/p>\n<h2>Tampons et calibres de contr\u00f4le (en carbure)<\/h2>\n<p>&nbsp;<\/p>\n<p>En tenant compte des exigences de votre service \u00ab\u00a0m\u00e9trologie\u00a0\u00bb, nous fabriquons vos tampons et calibres de contr\u00f4le.<\/p>\n<ul>\n<li>Bagues mini\/maxi<\/li>\n<li>Tampons de formes<\/li>\n<li>Calibres<\/li>\n<\/ul>\n<p>&nbsp;<\/p>\n<h2><em>Galets de soutien <\/em><\/h2>\n<p>[\/vc_column_text][\/vc_column][\/vc_row][vc_row][vc_column width=&#8221;1\/2&#8243;][vc_cta h2=&#8221;Contactez-nous&#8221; add_button=&#8221;right&#8221; btn_title=&#8221;Contact&#8221; btn_i_icon_fontawesome=&#8221;fa fa-envelope&#8221; btn_add_icon=&#8221;true&#8221; btn_link=&#8221;url:http%3A%2F%2Fnovoutils.d2bconsulting.fr%2Fcontact.html|||&#8221; css=&#8221;.vc_custom_1498220911204{background-color: #3498db !important;}&#8221;]Demandez un devis pour la fabrication d&#8217;outils divers[\/vc_cta][\/vc_column][vc_column width=&#8221;1\/2&#8243;][\/vc_column][\/vc_row]<\/p>\n<\/div>","protected":false},"excerpt":{"rendered":"<p>[vc_row][vc_column][vc_column_text]Fabrication \u00e0 la demande de vos outils de contr\u00f4le et de vos galets de soutien &nbsp; Tampons et calibres de contr\u00f4le (en carbure) &nbsp; En tenant compte des exigences de votre service \u00ab\u00a0m\u00e9trologie\u00a0\u00bb, nous fabriquons vos tampons et calibres de contr\u00f4le. Bagues mini\/maxi Tampons de formes Calibres &nbsp; Galets de soutien [\/vc_column_text][\/vc_column][\/vc_row][vc_row][vc_column width=&#8221;1\/2&#8243;][vc_cta h2=&#8221;Contactez-nous&#8221; add_button=&#8221;right&#8221; [&hellip;]<\/p>\n","protected":false},"author":1,"featured_media":0,"parent":0,"menu_order":0,"comment_status":"closed","ping_status":"closed","template":"","meta":{"_monsterinsights_skip_tracking":false,"_monsterinsights_sitenote_active":false,"_monsterinsights_sitenote_note":"","_monsterinsights_sitenote_category":0,"footnotes":""},"yoast_head":"<!-- This site is optimized with the Yoast SEO plugin v23.5 - https:\/\/yoast.com\/wordpress\/plugins\/seo\/ -->\n<title>Outils divers - Novoutils<\/title>\n<meta name=\"robots\" content=\"index, follow, max-snippet:-1, max-image-preview:large, max-video-preview:-1\" \/>\n<link rel=\"canonical\" href=\"https:\/\/www.novoutils.com\/en\/outils-divers.html\" \/>\n<meta property=\"og:locale\" content=\"en_GB\" \/>\n<meta property=\"og:type\" content=\"article\" \/>\n<meta property=\"og:title\" content=\"Outils divers - Novoutils\" \/>\n<meta property=\"og:description\" content=\"[vc_row][vc_column][vc_column_text]Fabrication \u00e0 la demande de vos outils de contr\u00f4le et de vos galets de soutien &nbsp; Tampons et calibres de contr\u00f4le (en carbure) &nbsp; En tenant compte des exigences de votre service \u00ab\u00a0m\u00e9trologie\u00a0\u00bb, nous fabriquons vos tampons et calibres de contr\u00f4le. Bagues mini\/maxi Tampons de formes Calibres &nbsp; Galets de soutien [\/vc_column_text][\/vc_column][\/vc_row][vc_row][vc_column width=&#8221;1\/2&#8243;][vc_cta h2=&#8221;Contactez-nous&#8221; add_button=&#8221;right&#8221; [&hellip;]\" \/>\n<meta property=\"og:url\" content=\"https:\/\/www.novoutils.com\/en\/outils-divers.html\" \/>\n<meta property=\"og:site_name\" content=\"Novoutils\" \/>\n<meta name=\"twitter:card\" content=\"summary_large_image\" \/>\n<meta name=\"twitter:label1\" content=\"Est. reading time\" \/>\n\t<meta name=\"twitter:data1\" content=\"1 minute\" \/>\n<script type=\"application\/ld+json\" class=\"yoast-schema-graph\">{\"@context\":\"https:\/\/schema.org\",\"@graph\":[{\"@type\":\"WebPage\",\"@id\":\"https:\/\/www.novoutils.com\/en\/outils-divers.html\",\"url\":\"https:\/\/www.novoutils.com\/en\/outils-divers.html\",\"name\":\"Outils divers - Novoutils\",\"isPartOf\":{\"@id\":\"https:\/\/www.novoutils.com\/en\/#website\"},\"datePublished\":\"2017-03-16T10:09:36+00:00\",\"dateModified\":\"2017-03-16T10:09:36+00:00\",\"breadcrumb\":{\"@id\":\"https:\/\/www.novoutils.com\/en\/outils-divers.html#breadcrumb\"},\"inLanguage\":\"en-GB\",\"potentialAction\":[{\"@type\":\"ReadAction\",\"target\":[\"https:\/\/www.novoutils.com\/en\/outils-divers.html\"]}]},{\"@type\":\"BreadcrumbList\",\"@id\":\"https:\/\/www.novoutils.com\/en\/outils-divers.html#breadcrumb\",\"itemListElement\":[{\"@type\":\"ListItem\",\"position\":1,\"name\":\"Accueil\",\"item\":\"https:\/\/www.novoutils.com\/en\/\"},{\"@type\":\"ListItem\",\"position\":2,\"name\":\"Outils divers\"}]},{\"@type\":\"WebSite\",\"@id\":\"https:\/\/www.novoutils.com\/en\/#website\",\"url\":\"https:\/\/www.novoutils.com\/en\/\",\"name\":\"Novoutils\",\"description\":\"Ademva Carburab\",\"potentialAction\":[{\"@type\":\"SearchAction\",\"target\":{\"@type\":\"EntryPoint\",\"urlTemplate\":\"https:\/\/www.novoutils.com\/en\/?s={search_term_string}\"},\"query-input\":{\"@type\":\"PropertyValueSpecification\",\"valueRequired\":true,\"valueName\":\"search_term_string\"}}],\"inLanguage\":\"en-GB\"}]}<\/script>\n<!-- \/ Yoast SEO plugin. -->","yoast_head_json":{"title":"Outils divers - Novoutils","robots":{"index":"index","follow":"follow","max-snippet":"max-snippet:-1","max-image-preview":"max-image-preview:large","max-video-preview":"max-video-preview:-1"},"canonical":"https:\/\/www.novoutils.com\/en\/outils-divers.html","og_locale":"en_GB","og_type":"article","og_title":"Outils divers - Novoutils","og_description":"[vc_row][vc_column][vc_column_text]Fabrication \u00e0 la demande de vos outils de contr\u00f4le et de vos galets de soutien &nbsp; Tampons et calibres de contr\u00f4le (en carbure) &nbsp; En tenant compte des exigences de votre service \u00ab\u00a0m\u00e9trologie\u00a0\u00bb, nous fabriquons vos tampons et calibres de contr\u00f4le. Bagues mini\/maxi Tampons de formes Calibres &nbsp; Galets de soutien [\/vc_column_text][\/vc_column][\/vc_row][vc_row][vc_column width=&#8221;1\/2&#8243;][vc_cta h2=&#8221;Contactez-nous&#8221; add_button=&#8221;right&#8221; [&hellip;]","og_url":"https:\/\/www.novoutils.com\/en\/outils-divers.html","og_site_name":"Novoutils","twitter_card":"summary_large_image","twitter_misc":{"Est. reading time":"1 minute"},"schema":{"@context":"https:\/\/schema.org","@graph":[{"@type":"WebPage","@id":"https:\/\/www.novoutils.com\/en\/outils-divers.html","url":"https:\/\/www.novoutils.com\/en\/outils-divers.html","name":"Outils divers - Novoutils","isPartOf":{"@id":"https:\/\/www.novoutils.com\/en\/#website"},"datePublished":"2017-03-16T10:09:36+00:00","dateModified":"2017-03-16T10:09:36+00:00","breadcrumb":{"@id":"https:\/\/www.novoutils.com\/en\/outils-divers.html#breadcrumb"},"inLanguage":"en-GB","potentialAction":[{"@type":"ReadAction","target":["https:\/\/www.novoutils.com\/en\/outils-divers.html"]}]},{"@type":"BreadcrumbList","@id":"https:\/\/www.novoutils.com\/en\/outils-divers.html#breadcrumb","itemListElement":[{"@type":"ListItem","position":1,"name":"Accueil","item":"https:\/\/www.novoutils.com\/en\/"},{"@type":"ListItem","position":2,"name":"Outils divers"}]},{"@type":"WebSite","@id":"https:\/\/www.novoutils.com\/en\/#website","url":"https:\/\/www.novoutils.com\/en\/","name":"Novoutils","description":"Ademva Carburab","potentialAction":[{"@type":"SearchAction","target":{"@type":"EntryPoint","urlTemplate":"https:\/\/www.novoutils.com\/en\/?s={search_term_string}"},"query-input":{"@type":"PropertyValueSpecification","valueRequired":true,"valueName":"search_term_string"}}],"inLanguage":"en-GB"}]}},"_links":{"self":[{"href":"https:\/\/www.novoutils.com\/en\/wp-json\/wp\/v2\/pages\/678"}],"collection":[{"href":"https:\/\/www.novoutils.com\/en\/wp-json\/wp\/v2\/pages"}],"about":[{"href":"https:\/\/www.novoutils.com\/en\/wp-json\/wp\/v2\/types\/page"}],"author":[{"embeddable":true,"href":"https:\/\/www.novoutils.com\/en\/wp-json\/wp\/v2\/users\/1"}],"replies":[{"embeddable":true,"href":"https:\/\/www.novoutils.com\/en\/wp-json\/wp\/v2\/comments?post=678"}],"version-history":[{"count":0,"href":"https:\/\/www.novoutils.com\/en\/wp-json\/wp\/v2\/pages\/678\/revisions"}],"wp:attachment":[{"href":"https:\/\/www.novoutils.com\/en\/wp-json\/wp\/v2\/media?parent=678"}],"curies":[{"name":"wp","href":"https:\/\/api.w.org\/{rel}","templated":true}]}}