{"id":2829,"date":"2021-08-24T11:03:58","date_gmt":"2021-08-24T09:03:58","guid":{"rendered":"https:\/\/www.novoutils.com\/en\/?page_id=2829"},"modified":"2021-08-24T15:15:24","modified_gmt":"2021-08-24T13:15:24","slug":"development-of-stationary-shoulder-friction-stir-welding","status":"publish","type":"page","link":"https:\/\/www.novoutils.com\/en\/development-of-stationary-shoulder-friction-stir-welding.html","title":{"rendered":"Development of Stationary Shoulder Friction Stir Welding"},"content":{"rendered":"<div class=\"wpb-content-wrapper\"><p>[vc_row][vc_column][vc_row_inner][vc_column_inner][vc_column_text]<\/p>\n<h2>The alliance Maupertuis Institute\/Novoutils : your partner for the integration of the SSFSW technology<\/h2>\n<p>[\/vc_column_text][\/vc_column_inner][\/vc_row_inner][\/vc_column][\/vc_row][vc_row][vc_column width=&#8221;1\/2&#8243;][vc_column_text]<\/p>\n<h2><img loading=\"lazy\" decoding=\"async\" class=\"alignnone size-medium wp-image-3190\" src=\"https:\/\/www.novoutils.com\/wp-content\/uploads\/2021\/07\/maupertuis-inside-300x50.png\" alt=\"\" width=\"300\" height=\"50\" \/><\/h2>\n<h2>The Maupertuis Institute<\/h2>\n<p>The Maupertuis Institute, technical research center since 2003, works since more than 10 years on the Friction Stir Welding.<\/p>\n<p>It is an expert in definition and design of Friction Stir Welding \/ Static Shoulder Friction Stir Welding in the aim to obtain an optimum seal quality. It is recognized today in France for its expertise in the field of Friction Stir Welding, at the national scale and also at the European scale.<\/p>\n<p><b>STATIONARY SHOULDER FRICTION STIR WELDING\u00a0 (SSFSW)<\/b><\/p>\n<p>The Friction Stir Welding tool has 2 fonctionnal parts, the shoulder and the pin. In 1997, the ESAB company has filed a patent by separating the Friction Stir Weldind tool in 2 parts :\u00a0 the pin is able to rotate at a defined rotating speed, and the shoulder stays fixed. This process is called SSFSW for Stationary Shoulder FSW.<\/p>\n<p><strong>The process of Stationary Shoulder Friction Stir Welding has more advantages than the FSW, a better welding surface quality, an increased robustness especially on complex 3D trajectories.\u00a0<\/strong><\/p>\n<p>The integration of this technology requires supports ( design and production of tools). The role of\u00a0 the researchers and engineers of the Maupertuis Institute is to support you in the implementation ot the technologies of the future.[\/vc_column_text][\/vc_column][vc_column width=&#8221;1\/2&#8243;][vc_column_text]<img loading=\"lazy\" decoding=\"async\" class=\"alignnone size-medium wp-image-3013\" src=\"https:\/\/www.novoutils.com\/wp-content\/uploads\/2021\/04\/Novoutils-300x75.jpg\" alt=\"\" width=\"300\" height=\"75\" \/><\/p>\n<p>Novoutils is the specialist in the conception and the production of custom cutting tools and custom forming tools. Thank to it high technicity machinery associated with CAM-CAD, and to its control of the production process, Novoutils answers to the technical requirements for the realization of FSW\/SSFSW tools.<\/p>\n<p>Our studies deparment working in close collaboration with the engineers of the Maupertuis Institute designs your SSFSW tools.<\/p>\n<p>Our regularly renewed workshop allows us to assure the production in a concern of high quality and respect of deadlines.[\/vc_column_text][vc_masonry_media_grid grid_id=&#8221;vc_gid:1629795841539-5bb4fcf8-1d42-3&#8243; include=&#8221;2810,2834,2777&#8243;][\/vc_column][\/vc_row][vc_row][vc_column][vc_text_separator title=&#8221;The fields of application of the SSFSW&#8221;][\/vc_column][\/vc_row][vc_row][vc_column width=&#8221;1\/6&#8243;][vc_column_text]<\/p>\n<p style=\"text-align: left;\">Aeronautic<\/p>\n<p><img loading=\"lazy\" decoding=\"async\" class=\"alignnone size-medium wp-image-3121\" src=\"https:\/\/www.novoutils.com\/wp-content\/uploads\/2021\/05\/outil-coupant-deformation-industrie-aeronautique-300x300.jpg\" alt=\"\" width=\"300\" height=\"300\" \/><\/p>\n<p>Replacement of riveting op\u00e9rations for aircraft wings, aircraft body &#8211; Elimination of drilling , elimination of riveting\u00a0 preparing and mass gain<\/p>\n<p>Welding of cryogenic kerosene tanks.[\/vc_column_text][\/vc_column][vc_column width=&#8221;1\/6&#8243;][vc_column_text]<\/p>\n<p style=\"text-align: left;\">Automotive<\/p>\n<p><img loading=\"lazy\" decoding=\"async\" class=\"alignnone size-medium wp-image-3152\" src=\"https:\/\/www.novoutils.com\/wp-content\/uploads\/2021\/05\/fabricant-outil-coupant-sur-mesure-secteur-automobile-300x300.jpg\" alt=\"\" width=\"300\" height=\"300\" \/><\/p>\n<p><strong class=\"d2b\">Friction stir welding<\/strong> : rims, body panels, engine blocks, tanks.<\/p>\n<p>Electric vehicles : realization of battery boxes, plates[\/vc_column_text][\/vc_column][vc_column width=&#8221;1\/6&#8243;][vc_column_text]Aerospace<\/p>\n<p><img loading=\"lazy\" decoding=\"async\" class=\"alignnone size-medium wp-image-3210\" src=\"https:\/\/www.novoutils.com\/wp-content\/uploads\/2021\/07\/banque-d-images-gratuites-et-libres-de-droits20-300x201.jpg\" alt=\"\" width=\"300\" height=\"201\" \/><\/p>\n<p>Manufacture of rocket fuel tanks<\/p>\n<p>Use of AA2xxx aluminum without cracking<\/p>\n<p>Reduction of NDT controls (stable process)[\/vc_column_text][\/vc_column][vc_column width=&#8221;1\/6&#8243;][vc_column_text]Railway<\/p>\n<p><img loading=\"lazy\" decoding=\"async\" class=\"alignnone size-full wp-image-3212\" src=\"https:\/\/www.novoutils.com\/wp-content\/uploads\/2021\/07\/ferroviaire.jpg\" alt=\"\" width=\"259\" height=\"194\" \/><\/p>\n<p>Combination of hollow and wide extruded profiles for the assembly of sidewalls, floors and vehicle roofs.<\/p>\n<p>Fast continuous automated welding[\/vc_column_text][\/vc_column][vc_column width=&#8221;1\/6&#8243;][vc_column_text]Shipbuilding industry<\/p>\n<p><img loading=\"lazy\" decoding=\"async\" class=\"alignnone size-medium wp-image-3214\" src=\"https:\/\/www.novoutils.com\/wp-content\/uploads\/2021\/07\/ship-2471965_1920-300x225.jpg\" alt=\"\" width=\"300\" height=\"225\" \/><\/p>\n<p>Realization of aluminum floor of superstructures<\/p>\n<p>Creation of bridges and partitions from welded extrusions<\/p>\n<p>Continuous, tight, faster automated welding.[\/vc_column_text][\/vc_column][vc_column width=&#8221;1\/6&#8243;][vc_column_text]Energy<\/p>\n<p><img loading=\"lazy\" decoding=\"async\" class=\"alignnone size-medium wp-image-3215\" src=\"https:\/\/www.novoutils.com\/wp-content\/uploads\/2021\/07\/power-lines-1868352_1920-300x200.jpg\" alt=\"\" width=\"300\" height=\"200\" \/><\/p>\n<p>Realizations of lamellar exchangers, plate heat exchangers, heat diffusers<\/p>\n<p>E-mobility: liquid hydrogen tanks, fuel cells, electrolysers[\/vc_column_text][\/vc_column][\/vc_row][vc_row][vc_column][vc_column_text]<\/p>\n<h2>SSFSW advantages<\/h2>\n<p>The SSFSW technologie allows to bypass the problems associated with conventional assembly techniques used for aluminium structures and other low melting point alloys. Although a lot of research for FSW of materials with a higher melting point (steel, titanium,&#8230;) exist, it is almost only used for welding aluminium, at least industrially.<\/p>\n<p>There are many advantages in using SSFSW advantages :<\/p>\n<ul>\n<li>Avoid hot cracking issues commonly seen in aluminium welding ;<\/li>\n<li>Metallurgical quality ( no porosities)<\/li>\n<li>Waterproofing<\/li>\n<li>Resistance<\/li>\n<li>Possibility of heterogeneous welfing ( 2000 series with 7000 series)Soudage h\u00e9t\u00e9rog\u00e8ne possible (s\u00e9rie 2000 avec s\u00e9rie 7000) ;<\/li>\n<li>No need for gaseous protection( no passage through fusion) ;<\/li>\n<li>No gaz or smoke emission.<\/li>\n<\/ul>\n<p>[\/vc_column_text][\/vc_column][\/vc_row][vc_row][vc_column width=&#8221;1\/3&#8243;][\/vc_column][vc_column width=&#8221;1\/3&#8243;][vc_cta h2=&#8221;Contact Us ! &#8221; shape=&#8221;square&#8221; style=&#8221;flat&#8221; color=&#8221;black&#8221; add_button=&#8221;bottom&#8221; btn_title=&#8221;Contactez l&#8217;institut Maupertuis&#8221; btn_link=&#8221;url:https%3A%2F%2Fwww.institutmaupertuis.fr%2Fgb%2Finstitut%2Findex.php|title:Contact||&#8221;]You are interested in integration of SSFSW technology.[\/vc_cta][\/vc_column][vc_column width=&#8221;1\/3&#8243;][\/vc_column][\/vc_row]<\/p>\n<\/div>","protected":false},"excerpt":{"rendered":"<p>[vc_row][vc_column][vc_row_inner][vc_column_inner][vc_column_text] The alliance Maupertuis Institute\/Novoutils : your partner for the integration of the SSFSW technology [\/vc_column_text][\/vc_column_inner][\/vc_row_inner][\/vc_column][\/vc_row][vc_row][vc_column width=&#8221;1\/2&#8243;][vc_column_text] The Maupertuis Institute The Maupertuis Institute, technical research center since 2003, works since more than 10 years on the Friction Stir Welding. It is an expert in definition and design of Friction Stir Welding \/ Static Shoulder Friction [&hellip;]<\/p>\n","protected":false},"author":2,"featured_media":0,"parent":0,"menu_order":0,"comment_status":"closed","ping_status":"closed","template":"","meta":{"_monsterinsights_skip_tracking":false,"_monsterinsights_sitenote_active":false,"_monsterinsights_sitenote_note":"","_monsterinsights_sitenote_category":0,"footnotes":""},"yoast_head":"<!-- This site is optimized with the Yoast SEO plugin v23.5 - https:\/\/yoast.com\/wordpress\/plugins\/seo\/ -->\n<title>Development of Stationary Shoulder Friction Stir Welding - Novoutils<\/title>\n<meta name=\"robots\" content=\"index, follow, max-snippet:-1, max-image-preview:large, max-video-preview:-1\" \/>\n<link rel=\"canonical\" href=\"https:\/\/www.novoutils.com\/en\/development-of-stationary-shoulder-friction-stir-welding.html\" \/>\n<meta property=\"og:locale\" content=\"en_GB\" \/>\n<meta property=\"og:type\" content=\"article\" \/>\n<meta property=\"og:title\" content=\"Development of Stationary Shoulder Friction Stir Welding - Novoutils\" \/>\n<meta property=\"og:description\" content=\"[vc_row][vc_column][vc_row_inner][vc_column_inner][vc_column_text] The alliance Maupertuis Institute\/Novoutils : your partner for the integration of the SSFSW technology [\/vc_column_text][\/vc_column_inner][\/vc_row_inner][\/vc_column][\/vc_row][vc_row][vc_column width=&#8221;1\/2&#8243;][vc_column_text] The Maupertuis Institute The Maupertuis Institute, technical research center since 2003, works since more than 10 years on the Friction Stir Welding. It is an expert in definition and design of Friction Stir Welding \/ Static Shoulder Friction [&hellip;]\" \/>\n<meta property=\"og:url\" content=\"https:\/\/www.novoutils.com\/en\/development-of-stationary-shoulder-friction-stir-welding.html\" \/>\n<meta property=\"og:site_name\" content=\"Novoutils\" \/>\n<meta property=\"article:modified_time\" content=\"2021-08-24T13:15:24+00:00\" \/>\n<meta property=\"og:image\" content=\"https:\/\/www.novoutils.com\/wp-content\/uploads\/2021\/07\/maupertuis-inside-300x50.png\" \/>\n<meta name=\"twitter:card\" content=\"summary_large_image\" \/>\n<meta name=\"twitter:label1\" content=\"Est. reading time\" \/>\n\t<meta name=\"twitter:data1\" content=\"5 minutes\" \/>\n<script type=\"application\/ld+json\" class=\"yoast-schema-graph\">{\"@context\":\"https:\/\/schema.org\",\"@graph\":[{\"@type\":\"WebPage\",\"@id\":\"https:\/\/www.novoutils.com\/en\/development-of-stationary-shoulder-friction-stir-welding.html\",\"url\":\"https:\/\/www.novoutils.com\/en\/development-of-stationary-shoulder-friction-stir-welding.html\",\"name\":\"Development of Stationary Shoulder Friction Stir Welding - Novoutils\",\"isPartOf\":{\"@id\":\"https:\/\/www.novoutils.com\/en\/#website\"},\"primaryImageOfPage\":{\"@id\":\"https:\/\/www.novoutils.com\/en\/development-of-stationary-shoulder-friction-stir-welding.html#primaryimage\"},\"image\":{\"@id\":\"https:\/\/www.novoutils.com\/en\/development-of-stationary-shoulder-friction-stir-welding.html#primaryimage\"},\"thumbnailUrl\":\"https:\/\/www.novoutils.com\/wp-content\/uploads\/2021\/07\/maupertuis-inside-300x50.png\",\"datePublished\":\"2021-08-24T09:03:58+00:00\",\"dateModified\":\"2021-08-24T13:15:24+00:00\",\"breadcrumb\":{\"@id\":\"https:\/\/www.novoutils.com\/en\/development-of-stationary-shoulder-friction-stir-welding.html#breadcrumb\"},\"inLanguage\":\"en-GB\",\"potentialAction\":[{\"@type\":\"ReadAction\",\"target\":[\"https:\/\/www.novoutils.com\/en\/development-of-stationary-shoulder-friction-stir-welding.html\"]}]},{\"@type\":\"ImageObject\",\"inLanguage\":\"en-GB\",\"@id\":\"https:\/\/www.novoutils.com\/en\/development-of-stationary-shoulder-friction-stir-welding.html#primaryimage\",\"url\":\"https:\/\/www.novoutils.com\/wp-content\/uploads\/2021\/07\/maupertuis-inside-300x50.png\",\"contentUrl\":\"https:\/\/www.novoutils.com\/wp-content\/uploads\/2021\/07\/maupertuis-inside-300x50.png\"},{\"@type\":\"BreadcrumbList\",\"@id\":\"https:\/\/www.novoutils.com\/en\/development-of-stationary-shoulder-friction-stir-welding.html#breadcrumb\",\"itemListElement\":[{\"@type\":\"ListItem\",\"position\":1,\"name\":\"Accueil\",\"item\":\"https:\/\/www.novoutils.com\/en\/\"},{\"@type\":\"ListItem\",\"position\":2,\"name\":\"Development of Stationary Shoulder Friction Stir Welding\"}]},{\"@type\":\"WebSite\",\"@id\":\"https:\/\/www.novoutils.com\/en\/#website\",\"url\":\"https:\/\/www.novoutils.com\/en\/\",\"name\":\"Novoutils\",\"description\":\"Ademva Carburab\",\"potentialAction\":[{\"@type\":\"SearchAction\",\"target\":{\"@type\":\"EntryPoint\",\"urlTemplate\":\"https:\/\/www.novoutils.com\/en\/?s={search_term_string}\"},\"query-input\":{\"@type\":\"PropertyValueSpecification\",\"valueRequired\":true,\"valueName\":\"search_term_string\"}}],\"inLanguage\":\"en-GB\"}]}<\/script>\n<!-- \/ Yoast SEO plugin. -->","yoast_head_json":{"title":"Development of Stationary Shoulder Friction Stir Welding - Novoutils","robots":{"index":"index","follow":"follow","max-snippet":"max-snippet:-1","max-image-preview":"max-image-preview:large","max-video-preview":"max-video-preview:-1"},"canonical":"https:\/\/www.novoutils.com\/en\/development-of-stationary-shoulder-friction-stir-welding.html","og_locale":"en_GB","og_type":"article","og_title":"Development of Stationary Shoulder Friction Stir Welding - Novoutils","og_description":"[vc_row][vc_column][vc_row_inner][vc_column_inner][vc_column_text] The alliance Maupertuis Institute\/Novoutils : your partner for the integration of the SSFSW technology [\/vc_column_text][\/vc_column_inner][\/vc_row_inner][\/vc_column][\/vc_row][vc_row][vc_column width=&#8221;1\/2&#8243;][vc_column_text] The Maupertuis Institute The Maupertuis Institute, technical research center since 2003, works since more than 10 years on the Friction Stir Welding. It is an expert in definition and design of Friction Stir Welding \/ Static Shoulder Friction [&hellip;]","og_url":"https:\/\/www.novoutils.com\/en\/development-of-stationary-shoulder-friction-stir-welding.html","og_site_name":"Novoutils","article_modified_time":"2021-08-24T13:15:24+00:00","og_image":[{"url":"https:\/\/www.novoutils.com\/wp-content\/uploads\/2021\/07\/maupertuis-inside-300x50.png"}],"twitter_card":"summary_large_image","twitter_misc":{"Est. reading time":"5 minutes"},"schema":{"@context":"https:\/\/schema.org","@graph":[{"@type":"WebPage","@id":"https:\/\/www.novoutils.com\/en\/development-of-stationary-shoulder-friction-stir-welding.html","url":"https:\/\/www.novoutils.com\/en\/development-of-stationary-shoulder-friction-stir-welding.html","name":"Development of Stationary Shoulder Friction Stir Welding - Novoutils","isPartOf":{"@id":"https:\/\/www.novoutils.com\/en\/#website"},"primaryImageOfPage":{"@id":"https:\/\/www.novoutils.com\/en\/development-of-stationary-shoulder-friction-stir-welding.html#primaryimage"},"image":{"@id":"https:\/\/www.novoutils.com\/en\/development-of-stationary-shoulder-friction-stir-welding.html#primaryimage"},"thumbnailUrl":"https:\/\/www.novoutils.com\/wp-content\/uploads\/2021\/07\/maupertuis-inside-300x50.png","datePublished":"2021-08-24T09:03:58+00:00","dateModified":"2021-08-24T13:15:24+00:00","breadcrumb":{"@id":"https:\/\/www.novoutils.com\/en\/development-of-stationary-shoulder-friction-stir-welding.html#breadcrumb"},"inLanguage":"en-GB","potentialAction":[{"@type":"ReadAction","target":["https:\/\/www.novoutils.com\/en\/development-of-stationary-shoulder-friction-stir-welding.html"]}]},{"@type":"ImageObject","inLanguage":"en-GB","@id":"https:\/\/www.novoutils.com\/en\/development-of-stationary-shoulder-friction-stir-welding.html#primaryimage","url":"https:\/\/www.novoutils.com\/wp-content\/uploads\/2021\/07\/maupertuis-inside-300x50.png","contentUrl":"https:\/\/www.novoutils.com\/wp-content\/uploads\/2021\/07\/maupertuis-inside-300x50.png"},{"@type":"BreadcrumbList","@id":"https:\/\/www.novoutils.com\/en\/development-of-stationary-shoulder-friction-stir-welding.html#breadcrumb","itemListElement":[{"@type":"ListItem","position":1,"name":"Accueil","item":"https:\/\/www.novoutils.com\/en\/"},{"@type":"ListItem","position":2,"name":"Development of Stationary Shoulder Friction Stir Welding"}]},{"@type":"WebSite","@id":"https:\/\/www.novoutils.com\/en\/#website","url":"https:\/\/www.novoutils.com\/en\/","name":"Novoutils","description":"Ademva Carburab","potentialAction":[{"@type":"SearchAction","target":{"@type":"EntryPoint","urlTemplate":"https:\/\/www.novoutils.com\/en\/?s={search_term_string}"},"query-input":{"@type":"PropertyValueSpecification","valueRequired":true,"valueName":"search_term_string"}}],"inLanguage":"en-GB"}]}},"_links":{"self":[{"href":"https:\/\/www.novoutils.com\/en\/wp-json\/wp\/v2\/pages\/2829"}],"collection":[{"href":"https:\/\/www.novoutils.com\/en\/wp-json\/wp\/v2\/pages"}],"about":[{"href":"https:\/\/www.novoutils.com\/en\/wp-json\/wp\/v2\/types\/page"}],"author":[{"embeddable":true,"href":"https:\/\/www.novoutils.com\/en\/wp-json\/wp\/v2\/users\/2"}],"replies":[{"embeddable":true,"href":"https:\/\/www.novoutils.com\/en\/wp-json\/wp\/v2\/comments?post=2829"}],"version-history":[{"count":5,"href":"https:\/\/www.novoutils.com\/en\/wp-json\/wp\/v2\/pages\/2829\/revisions"}],"predecessor-version":[{"id":2835,"href":"https:\/\/www.novoutils.com\/en\/wp-json\/wp\/v2\/pages\/2829\/revisions\/2835"}],"wp:attachment":[{"href":"https:\/\/www.novoutils.com\/en\/wp-json\/wp\/v2\/media?parent=2829"}],"curies":[{"name":"wp","href":"https:\/\/api.w.org\/{rel}","templated":true}]}}