{"id":2683,"date":"2021-06-17T14:08:57","date_gmt":"2021-06-17T12:08:57","guid":{"rendered":"https:\/\/www.novoutils.com\/en\/?page_id=2683"},"modified":"2023-09-01T14:05:09","modified_gmt":"2023-09-01T12:05:09","slug":"design-and-production-of-custom-inserts","status":"publish","type":"page","link":"https:\/\/www.novoutils.com\/en\/design-and-production-of-custom-inserts.html","title":{"rendered":"Design and production of custom inserts"},"content":{"rendered":"<div class=\"wpb-content-wrapper\"><p>[vc_row][vc_column][vc_row_inner][vc_column_inner][vc_column_text]Located between Geneva and Chamonix , Novoutils thanks to its experience in design and production of custom cutting tools answers the needs of the most demanding sectors:<\/p>\n<ul>\n<li>Bar turning<\/li>\n<li>Mechanic<\/li>\n<li>Watch industry and luxury<\/li>\n<li>Medical subcontractor<\/li>\n<li>Aerospace<\/li>\n<\/ul>\n<p>Design the accuracy<\/p>\n<p>Nos collaborateurs se mobilisent dans l\u2019objectif de vous apporter les r\u00e9ponses techniques et \u00e9conomiques \u00e0 vos demandes dans les applications suivantes\u00a0:<\/p>\n<p>Our employees answer your technical and econonimal needs for:<\/p>\n<ul>\n<li>Custom inserts (carbide, PCD tipping)<\/li>\n<li>Design and production of profiled plates with different blanks (carbide, PCD tipping)<\/li>\n<li>Design and production of custom holders.<\/li>\n<\/ul>\n<p>Thank to detailled and securised backup of our data ( drawings, machines programs) , we garantee the repetability of our productions.<\/p>\n<p>Our regurlarly renewed machine park allows us to produce custom reaming tools per unit; small, medium and big series.[\/vc_column_text][vc_images_carousel images=&#8221;2019,2687,2689,1704,2021,2688,2686,2020&#8243; img_size=&#8221;large&#8221; slides_per_view=&#8221;4&#8243;][\/vc_column_inner][\/vc_row_inner][vc_column_text]<\/p>\n<h2>Profiling tool NovCut\u00ae<\/h2>\n<p>&nbsp;<\/p>\n<p><img loading=\"lazy\" decoding=\"async\" class=\"size-medium wp-image-2092 aligncenter\" src=\"https:\/\/www.novoutils.com\/en\/wp-content\/uploads\/sites\/2\/2018\/04\/MG_2765-300x200.jpg\" alt=\"\" width=\"300\" height=\"200\" srcset=\"https:\/\/www.novoutils.com\/en\/wp-content\/uploads\/sites\/2\/2018\/04\/MG_2765-300x200.jpg 300w, https:\/\/www.novoutils.com\/en\/wp-content\/uploads\/sites\/2\/2018\/04\/MG_2765-768x512.jpg 768w, https:\/\/www.novoutils.com\/en\/wp-content\/uploads\/sites\/2\/2018\/04\/MG_2765-570x382.jpg 570w, https:\/\/www.novoutils.com\/en\/wp-content\/uploads\/sites\/2\/2018\/04\/MG_2765-352x235.jpg 352w, https:\/\/www.novoutils.com\/en\/wp-content\/uploads\/sites\/2\/2018\/04\/MG_2765-360x240.jpg 360w, https:\/\/www.novoutils.com\/en\/wp-content\/uploads\/sites\/2\/2018\/04\/MG_2765.jpg 972w\" sizes=\"(max-width: 300px) 100vw, 300px\" \/><\/p>\n<p>&nbsp;<\/p>\n<p>In 2011, to complete its catalogue in high precision cutting tools, Novoutils decided to develop its own <strong>own\u00a0 interchangeable profiling system:\u00a0<\/strong><\/p>\n<p><strong><u>The brand NOVCUT\u00ae<\/u><\/strong> comprises :<\/p>\n<ul>\n<li style=\"list-style-type: none;\">\n<ul>\n<li>Holders designed and produced in demand\n<ul>\n<li>Square holders<\/li>\n<li>Cylindrical holders<\/li>\n<li>Dovetail holders<\/li>\n<\/ul>\n<\/li>\n<\/ul>\n<\/li>\n<\/ul>\n<p><a href=\"https:\/\/www.novoutils.com\/wp-content\/uploads\/2023\/08\/55950_1_Novoutils_A4_Novcut_BAT.pdf\"><img loading=\"lazy\" decoding=\"async\" class=\"size-medium wp-image-1287 alignleft\" src=\"https:\/\/www.novoutils.com\/wp-content\/uploads\/2017\/03\/NOVCUT-profilage-plaquette-216x300.jpg\" alt=\"Syst\u00e8me profilage plaquette\" width=\"216\" height=\"300\" \/><\/a>\u00a0 \u00a0 \u00a0 <a href=\"https:\/\/www.novoutils.com\/wp-content\/uploads\/2023\/08\/55950_1_Novoutils_A4_Novcut_BAT.pdf\"><img loading=\"lazy\" decoding=\"async\" class=\"size-medium wp-image-1288 alignleft\" src=\"https:\/\/www.novoutils.com\/wp-content\/uploads\/2017\/03\/systeme-profilage-plaquette-216x300.jpg\" alt=\"syst\u00e8me profilage plaquette Novcut\" width=\"216\" height=\"300\" \/><\/a>[\/vc_column_text][\/vc_column][\/vc_row][vc_row][vc_column width=&#8221;1\/3&#8243;][\/vc_column][vc_column width=&#8221;1\/3&#8243;][vc_cta h2=&#8221;Contact us !&#8221; color=&#8221;sky&#8221; add_button=&#8221;bottom&#8221; btn_title=&#8221;Contact&#8221; btn_link=&#8221;url:https%3A%2F%2Fwww.novoutils.com%2Fcontact.html|title:Contact||&#8221;]Contact-us to request a quotation custom inserts.[\/vc_cta][\/vc_column][vc_column width=&#8221;1\/3&#8243;][\/vc_column][\/vc_row]<\/p>\n<\/div>","protected":false},"excerpt":{"rendered":"<p>[vc_row][vc_column][vc_row_inner][vc_column_inner][vc_column_text]Located between Geneva and Chamonix , Novoutils thanks to its experience in design and production of custom cutting tools answers the needs of the most demanding sectors: Bar turning Mechanic Watch industry and luxury Medical subcontractor Aerospace Design the accuracy Nos collaborateurs se mobilisent dans l\u2019objectif de vous apporter les r\u00e9ponses techniques et \u00e9conomiques \u00e0 [&hellip;]<\/p>\n","protected":false},"author":2,"featured_media":0,"parent":0,"menu_order":0,"comment_status":"closed","ping_status":"closed","template":"","meta":{"_monsterinsights_skip_tracking":false,"_monsterinsights_sitenote_active":false,"_monsterinsights_sitenote_note":"","_monsterinsights_sitenote_category":0,"footnotes":""},"yoast_head":"<!-- This site is optimized with the Yoast SEO plugin v23.5 - https:\/\/yoast.com\/wordpress\/plugins\/seo\/ -->\n<title>Design and production of custom inserts - Novoutils<\/title>\n<meta name=\"robots\" content=\"index, follow, max-snippet:-1, max-image-preview:large, max-video-preview:-1\" \/>\n<link rel=\"canonical\" href=\"https:\/\/www.novoutils.com\/en\/design-and-production-of-custom-inserts.html\" \/>\n<meta property=\"og:locale\" content=\"en_GB\" \/>\n<meta property=\"og:type\" content=\"article\" \/>\n<meta property=\"og:title\" content=\"Design and production of custom inserts - Novoutils\" \/>\n<meta property=\"og:description\" content=\"[vc_row][vc_column][vc_row_inner][vc_column_inner][vc_column_text]Located between Geneva and Chamonix , Novoutils thanks to its experience in design and production of custom cutting tools answers the needs of the most demanding sectors: Bar turning Mechanic Watch industry and luxury Medical subcontractor Aerospace Design the accuracy Nos collaborateurs se mobilisent dans l\u2019objectif de vous apporter les r\u00e9ponses techniques et \u00e9conomiques \u00e0 [&hellip;]\" \/>\n<meta property=\"og:url\" content=\"https:\/\/www.novoutils.com\/en\/design-and-production-of-custom-inserts.html\" \/>\n<meta property=\"og:site_name\" content=\"Novoutils\" \/>\n<meta property=\"article:modified_time\" content=\"2023-09-01T12:05:09+00:00\" \/>\n<meta property=\"og:image\" content=\"https:\/\/www.novoutils.com\/en\/wp-content\/uploads\/sites\/2\/2018\/04\/MG_2765-300x200.jpg\" \/>\n<meta name=\"twitter:card\" content=\"summary_large_image\" \/>\n<meta name=\"twitter:label1\" content=\"Est. reading time\" \/>\n\t<meta name=\"twitter:data1\" content=\"2 minutes\" \/>\n<script type=\"application\/ld+json\" class=\"yoast-schema-graph\">{\"@context\":\"https:\/\/schema.org\",\"@graph\":[{\"@type\":\"WebPage\",\"@id\":\"https:\/\/www.novoutils.com\/en\/design-and-production-of-custom-inserts.html\",\"url\":\"https:\/\/www.novoutils.com\/en\/design-and-production-of-custom-inserts.html\",\"name\":\"Design and production of custom inserts - Novoutils\",\"isPartOf\":{\"@id\":\"https:\/\/www.novoutils.com\/en\/#website\"},\"primaryImageOfPage\":{\"@id\":\"https:\/\/www.novoutils.com\/en\/design-and-production-of-custom-inserts.html#primaryimage\"},\"image\":{\"@id\":\"https:\/\/www.novoutils.com\/en\/design-and-production-of-custom-inserts.html#primaryimage\"},\"thumbnailUrl\":\"https:\/\/www.novoutils.com\/en\/wp-content\/uploads\/sites\/2\/2018\/04\/MG_2765-300x200.jpg\",\"datePublished\":\"2021-06-17T12:08:57+00:00\",\"dateModified\":\"2023-09-01T12:05:09+00:00\",\"breadcrumb\":{\"@id\":\"https:\/\/www.novoutils.com\/en\/design-and-production-of-custom-inserts.html#breadcrumb\"},\"inLanguage\":\"en-GB\",\"potentialAction\":[{\"@type\":\"ReadAction\",\"target\":[\"https:\/\/www.novoutils.com\/en\/design-and-production-of-custom-inserts.html\"]}]},{\"@type\":\"ImageObject\",\"inLanguage\":\"en-GB\",\"@id\":\"https:\/\/www.novoutils.com\/en\/design-and-production-of-custom-inserts.html#primaryimage\",\"url\":\"https:\/\/www.novoutils.com\/en\/wp-content\/uploads\/sites\/2\/2018\/04\/MG_2765.jpg\",\"contentUrl\":\"https:\/\/www.novoutils.com\/en\/wp-content\/uploads\/sites\/2\/2018\/04\/MG_2765.jpg\",\"width\":972,\"height\":648},{\"@type\":\"BreadcrumbList\",\"@id\":\"https:\/\/www.novoutils.com\/en\/design-and-production-of-custom-inserts.html#breadcrumb\",\"itemListElement\":[{\"@type\":\"ListItem\",\"position\":1,\"name\":\"Accueil\",\"item\":\"https:\/\/www.novoutils.com\/en\/\"},{\"@type\":\"ListItem\",\"position\":2,\"name\":\"Design and production of custom inserts\"}]},{\"@type\":\"WebSite\",\"@id\":\"https:\/\/www.novoutils.com\/en\/#website\",\"url\":\"https:\/\/www.novoutils.com\/en\/\",\"name\":\"Novoutils\",\"description\":\"Ademva Carburab\",\"potentialAction\":[{\"@type\":\"SearchAction\",\"target\":{\"@type\":\"EntryPoint\",\"urlTemplate\":\"https:\/\/www.novoutils.com\/en\/?s={search_term_string}\"},\"query-input\":{\"@type\":\"PropertyValueSpecification\",\"valueRequired\":true,\"valueName\":\"search_term_string\"}}],\"inLanguage\":\"en-GB\"}]}<\/script>\n<!-- \/ Yoast SEO plugin. -->","yoast_head_json":{"title":"Design and production of custom inserts - Novoutils","robots":{"index":"index","follow":"follow","max-snippet":"max-snippet:-1","max-image-preview":"max-image-preview:large","max-video-preview":"max-video-preview:-1"},"canonical":"https:\/\/www.novoutils.com\/en\/design-and-production-of-custom-inserts.html","og_locale":"en_GB","og_type":"article","og_title":"Design and production of custom inserts - Novoutils","og_description":"[vc_row][vc_column][vc_row_inner][vc_column_inner][vc_column_text]Located between Geneva and Chamonix , Novoutils thanks to its experience in design and production of custom cutting tools answers the needs of the most demanding sectors: Bar turning Mechanic Watch industry and luxury Medical subcontractor Aerospace Design the accuracy Nos collaborateurs se mobilisent dans l\u2019objectif de vous apporter les r\u00e9ponses techniques et \u00e9conomiques \u00e0 [&hellip;]","og_url":"https:\/\/www.novoutils.com\/en\/design-and-production-of-custom-inserts.html","og_site_name":"Novoutils","article_modified_time":"2023-09-01T12:05:09+00:00","og_image":[{"url":"https:\/\/www.novoutils.com\/en\/wp-content\/uploads\/sites\/2\/2018\/04\/MG_2765-300x200.jpg"}],"twitter_card":"summary_large_image","twitter_misc":{"Est. reading time":"2 minutes"},"schema":{"@context":"https:\/\/schema.org","@graph":[{"@type":"WebPage","@id":"https:\/\/www.novoutils.com\/en\/design-and-production-of-custom-inserts.html","url":"https:\/\/www.novoutils.com\/en\/design-and-production-of-custom-inserts.html","name":"Design and production of custom inserts - Novoutils","isPartOf":{"@id":"https:\/\/www.novoutils.com\/en\/#website"},"primaryImageOfPage":{"@id":"https:\/\/www.novoutils.com\/en\/design-and-production-of-custom-inserts.html#primaryimage"},"image":{"@id":"https:\/\/www.novoutils.com\/en\/design-and-production-of-custom-inserts.html#primaryimage"},"thumbnailUrl":"https:\/\/www.novoutils.com\/en\/wp-content\/uploads\/sites\/2\/2018\/04\/MG_2765-300x200.jpg","datePublished":"2021-06-17T12:08:57+00:00","dateModified":"2023-09-01T12:05:09+00:00","breadcrumb":{"@id":"https:\/\/www.novoutils.com\/en\/design-and-production-of-custom-inserts.html#breadcrumb"},"inLanguage":"en-GB","potentialAction":[{"@type":"ReadAction","target":["https:\/\/www.novoutils.com\/en\/design-and-production-of-custom-inserts.html"]}]},{"@type":"ImageObject","inLanguage":"en-GB","@id":"https:\/\/www.novoutils.com\/en\/design-and-production-of-custom-inserts.html#primaryimage","url":"https:\/\/www.novoutils.com\/en\/wp-content\/uploads\/sites\/2\/2018\/04\/MG_2765.jpg","contentUrl":"https:\/\/www.novoutils.com\/en\/wp-content\/uploads\/sites\/2\/2018\/04\/MG_2765.jpg","width":972,"height":648},{"@type":"BreadcrumbList","@id":"https:\/\/www.novoutils.com\/en\/design-and-production-of-custom-inserts.html#breadcrumb","itemListElement":[{"@type":"ListItem","position":1,"name":"Accueil","item":"https:\/\/www.novoutils.com\/en\/"},{"@type":"ListItem","position":2,"name":"Design and production of custom inserts"}]},{"@type":"WebSite","@id":"https:\/\/www.novoutils.com\/en\/#website","url":"https:\/\/www.novoutils.com\/en\/","name":"Novoutils","description":"Ademva Carburab","potentialAction":[{"@type":"SearchAction","target":{"@type":"EntryPoint","urlTemplate":"https:\/\/www.novoutils.com\/en\/?s={search_term_string}"},"query-input":{"@type":"PropertyValueSpecification","valueRequired":true,"valueName":"search_term_string"}}],"inLanguage":"en-GB"}]}},"_links":{"self":[{"href":"https:\/\/www.novoutils.com\/en\/wp-json\/wp\/v2\/pages\/2683"}],"collection":[{"href":"https:\/\/www.novoutils.com\/en\/wp-json\/wp\/v2\/pages"}],"about":[{"href":"https:\/\/www.novoutils.com\/en\/wp-json\/wp\/v2\/types\/page"}],"author":[{"embeddable":true,"href":"https:\/\/www.novoutils.com\/en\/wp-json\/wp\/v2\/users\/2"}],"replies":[{"embeddable":true,"href":"https:\/\/www.novoutils.com\/en\/wp-json\/wp\/v2\/comments?post=2683"}],"version-history":[{"count":4,"href":"https:\/\/www.novoutils.com\/en\/wp-json\/wp\/v2\/pages\/2683\/revisions"}],"predecessor-version":[{"id":3147,"href":"https:\/\/www.novoutils.com\/en\/wp-json\/wp\/v2\/pages\/2683\/revisions\/3147"}],"wp:attachment":[{"href":"https:\/\/www.novoutils.com\/en\/wp-json\/wp\/v2\/media?parent=2683"}],"curies":[{"name":"wp","href":"https:\/\/api.w.org\/{rel}","templated":true}]}}