{"id":1159,"date":"2017-07-01T11:51:54","date_gmt":"2017-07-01T09:51:54","guid":{"rendered":"http:\/\/novoutils.d2bconsulting.fr\/?page_id=1159"},"modified":"2017-12-21T17:46:48","modified_gmt":"2017-12-21T16:46:48","slug":"custom-tool-design","status":"publish","type":"page","link":"https:\/\/www.novoutils.com\/en\/custom-tool-design.html","title":{"rendered":"Design of custom tools"},"content":{"rendered":"<div class=\"wpb-content-wrapper\"><p>[vc_row][vc_column][vc_custom_heading text=&#8221;CONCEPT OF ACCURACY&#8221; font_container=&#8221;tag:h3|font_size:28px|text_align:left|color:%231e73be|line_height:32px&#8221; use_theme_fonts=&#8221;yes&#8221; css_animation=&#8221;fadeIn&#8221; el_class=&#8221;h3spe&#8221;][vc_empty_space][vc_column_text]Our technical salesmen, based on your needs and demands, create the best <strong>custom tools<\/strong> for you.<\/p>\n<p><img loading=\"lazy\" decoding=\"async\" class=\"size-medium wp-image-1695 alignright\" src=\"https:\/\/www.novoutils.com\/en\/wp-content\/uploads\/sites\/2\/2017\/07\/producer-rotative-cutting-tool-300x200-300x200.jpg\" alt=\"Rotative cutting tool manufacturer\" width=\"300\" height=\"200\" \/><\/p>\n<p>We manage the complexity of your machining needs, thanks to 50 years experience. We answer the needs of the most demanding industries:<\/p>\n<ul>\n<li>Automotive<\/li>\n<li>Aeronautic and aerospace<\/li>\n<li>Electronics<\/li>\n<li>Mechanics<\/li>\n<li>Medical<\/li>\n<li>Precision turning and machining<\/li>\n<li>Watch industry<\/li>\n<\/ul>\n<p>[\/vc_column_text][vc_empty_space][\/vc_column][\/vc_row][vc_row][vc_column width=&#8221;1\/2&#8243;][vc_column_text]<\/p>\n<h2>STUDY, CONCEPTION AND PRODUCTION OF TOOLS<\/h2>\n<p>&nbsp;<\/p>\n<ul>\n<li>Software\u00a0 2D \u2013 Design Cad<\/li>\n<li>Software CAD-CAM TOP Solid 7.11<\/li>\n<li>CAM Goelan<\/li>\n<\/ul>\n<p>&nbsp;<\/p>\n<p>According to the drawing of your parts, and according to your machining conditions, we design:<\/p>\n<ul>\n<li>your <b>cutting tools<\/b>: reamer, drill, stamping tools, prismatics tools, inserts, spindles<\/li>\n<li>your <strong>forming tools<\/strong>: forming punches, forming dies, bending wheels<\/li>\n<li>your <strong>marking tools<\/strong>: punches , marking wheels.<\/li>\n<\/ul>\n<p>&nbsp;<\/p>\n<p>We regularly renew our machine park. This allows us to produce per unit, or in small, medium and large series your tools in carbide, high speed steel, Cermet, PCD, specific steel used for tooling.<\/p>\n<p>&nbsp;<\/p>\n<p>We can suggest coating adapted to your needs.[\/vc_column_text][\/vc_column][vc_column width=&#8221;1\/2&#8243;][vc_column_text]<\/p>\n<h2>CERTIFICATION AND QUALITY FOR CUSTOM CUTTING TOOLS, FORMING TOOLS AND MARKING TOOLS<\/h2>\n<p>We are certified ISO 9001:2015.<\/p>\n<p><u>Metrology<\/u><\/p>\n<ul>\n<li>Traditionnal equipment of measure<\/li>\n<li>Profile projectors with lenses 20, 50 and 100<\/li>\n<li>Three-dimensional measuring machines ZEISS (CONTURA)<\/li>\n<li>Measuring bench with 2 cameras et 3D sensor GALLILEO<\/li>\n<li>Control device with camera &#8211; Marcel Aubert<\/li>\n<\/ul>\n<p>[\/vc_column_text][vc_single_image image=&#8221;1697&#8243; img_size=&#8221;medium&#8221; alignment=&#8221;center&#8221; onclick=&#8221;link_image&#8221; css_animation=&#8221;bounceInUp&#8221;][\/vc_column][\/vc_row][vc_row][vc_column][vc_empty_space][\/vc_column][\/vc_row][vc_row][vc_column width=&#8221;1\/2&#8243;][vc_cta h2=&#8221;Need information about our products?&#8221; color=&#8221;sky&#8221; add_button=&#8221;right&#8221; btn_title=&#8221;Contact&#8221; btn_color=&#8221;mulled-wine&#8221; btn_i_icon_fontawesome=&#8221;fa fa-envelope-o&#8221; btn_add_icon=&#8221;true&#8221; btn_link=&#8221;url:https%3A%2F%2Fwww.novoutils.com%2Fen%2Fcontact.html|||&#8221;]If you need information about our custom tools: cutting tools, forming tools, marking tools, please contact us by e-mail.[\/vc_cta][\/vc_column][vc_column width=&#8221;1\/2&#8243;][\/vc_column][\/vc_row]<\/p>\n<\/div>","protected":false},"excerpt":{"rendered":"<p>[vc_row][vc_column][vc_custom_heading text=&#8221;CONCEPT OF ACCURACY&#8221; font_container=&#8221;tag:h3|font_size:28px|text_align:left|color:%231e73be|line_height:32px&#8221; use_theme_fonts=&#8221;yes&#8221; css_animation=&#8221;fadeIn&#8221; el_class=&#8221;h3spe&#8221;][vc_empty_space][vc_column_text]Our technical salesmen, based on your needs and demands, create the best custom tools for you. We manage the complexity of your machining needs, thanks to 50 years experience. We answer the needs of the most demanding industries: Automotive Aeronautic and aerospace Electronics Mechanics Medical Precision turning and [&hellip;]<\/p>\n","protected":false},"author":1,"featured_media":0,"parent":0,"menu_order":0,"comment_status":"closed","ping_status":"closed","template":"","meta":{"_monsterinsights_skip_tracking":false,"_monsterinsights_sitenote_active":false,"_monsterinsights_sitenote_note":"","_monsterinsights_sitenote_category":0,"footnotes":""},"yoast_head":"<!-- This site is optimized with the Yoast SEO plugin v23.5 - https:\/\/yoast.com\/wordpress\/plugins\/seo\/ -->\n<title>Conception outil coupant, BE outil coupant d\u00e9colletage<\/title>\n<meta name=\"description\" content=\"Novoutils con\u00e7oit vos outils coupants et de d\u00e9formation sur mesure. Consultez notre BE !\" \/>\n<meta name=\"robots\" content=\"index, follow, max-snippet:-1, max-image-preview:large, max-video-preview:-1\" \/>\n<link rel=\"canonical\" href=\"https:\/\/www.novoutils.com\/en\/custom-tool-design.html\" \/>\n<meta property=\"og:locale\" content=\"en_GB\" \/>\n<meta property=\"og:type\" content=\"article\" \/>\n<meta property=\"og:title\" content=\"Conception outil coupant, BE outil coupant d\u00e9colletage\" \/>\n<meta property=\"og:description\" content=\"Novoutils con\u00e7oit vos outils coupants et de d\u00e9formation sur mesure. Consultez notre BE !\" \/>\n<meta property=\"og:url\" content=\"https:\/\/www.novoutils.com\/en\/custom-tool-design.html\" \/>\n<meta property=\"og:site_name\" content=\"Novoutils\" \/>\n<meta property=\"article:modified_time\" content=\"2017-12-21T16:46:48+00:00\" \/>\n<meta property=\"og:image\" content=\"https:\/\/www.novoutils.com\/en\/wp-content\/uploads\/sites\/2\/2017\/07\/producer-rotative-cutting-tool-300x200-300x200.jpg\" \/>\n<meta name=\"twitter:card\" content=\"summary_large_image\" \/>\n<meta name=\"twitter:label1\" content=\"Est. reading time\" \/>\n\t<meta name=\"twitter:data1\" content=\"2 minutes\" \/>\n<script type=\"application\/ld+json\" class=\"yoast-schema-graph\">{\"@context\":\"https:\/\/schema.org\",\"@graph\":[{\"@type\":\"WebPage\",\"@id\":\"https:\/\/www.novoutils.com\/en\/custom-tool-design.html\",\"url\":\"https:\/\/www.novoutils.com\/en\/custom-tool-design.html\",\"name\":\"Conception outil coupant, BE outil coupant d\u00e9colletage\",\"isPartOf\":{\"@id\":\"https:\/\/www.novoutils.com\/en\/#website\"},\"primaryImageOfPage\":{\"@id\":\"https:\/\/www.novoutils.com\/en\/custom-tool-design.html#primaryimage\"},\"image\":{\"@id\":\"https:\/\/www.novoutils.com\/en\/custom-tool-design.html#primaryimage\"},\"thumbnailUrl\":\"https:\/\/www.novoutils.com\/en\/wp-content\/uploads\/sites\/2\/2017\/07\/producer-rotative-cutting-tool-300x200-300x200.jpg\",\"datePublished\":\"2017-07-01T09:51:54+00:00\",\"dateModified\":\"2017-12-21T16:46:48+00:00\",\"description\":\"Novoutils con\u00e7oit vos outils coupants et de d\u00e9formation sur mesure. Consultez notre BE !\",\"breadcrumb\":{\"@id\":\"https:\/\/www.novoutils.com\/en\/custom-tool-design.html#breadcrumb\"},\"inLanguage\":\"en-GB\",\"potentialAction\":[{\"@type\":\"ReadAction\",\"target\":[\"https:\/\/www.novoutils.com\/en\/custom-tool-design.html\"]}]},{\"@type\":\"ImageObject\",\"inLanguage\":\"en-GB\",\"@id\":\"https:\/\/www.novoutils.com\/en\/custom-tool-design.html#primaryimage\",\"url\":\"https:\/\/www.novoutils.com\/en\/wp-content\/uploads\/sites\/2\/2017\/07\/producer-rotative-cutting-tool-300x200.jpg\",\"contentUrl\":\"https:\/\/www.novoutils.com\/en\/wp-content\/uploads\/sites\/2\/2017\/07\/producer-rotative-cutting-tool-300x200.jpg\",\"width\":300,\"height\":200},{\"@type\":\"BreadcrumbList\",\"@id\":\"https:\/\/www.novoutils.com\/en\/custom-tool-design.html#breadcrumb\",\"itemListElement\":[{\"@type\":\"ListItem\",\"position\":1,\"name\":\"Accueil\",\"item\":\"https:\/\/www.novoutils.com\/en\/\"},{\"@type\":\"ListItem\",\"position\":2,\"name\":\"Design of custom tools\"}]},{\"@type\":\"WebSite\",\"@id\":\"https:\/\/www.novoutils.com\/en\/#website\",\"url\":\"https:\/\/www.novoutils.com\/en\/\",\"name\":\"Novoutils\",\"description\":\"Ademva Carburab\",\"potentialAction\":[{\"@type\":\"SearchAction\",\"target\":{\"@type\":\"EntryPoint\",\"urlTemplate\":\"https:\/\/www.novoutils.com\/en\/?s={search_term_string}\"},\"query-input\":{\"@type\":\"PropertyValueSpecification\",\"valueRequired\":true,\"valueName\":\"search_term_string\"}}],\"inLanguage\":\"en-GB\"}]}<\/script>\n<!-- \/ Yoast SEO plugin. -->","yoast_head_json":{"title":"Conception outil coupant, BE outil coupant d\u00e9colletage","description":"Novoutils con\u00e7oit vos outils coupants et de d\u00e9formation sur mesure. Consultez notre BE !","robots":{"index":"index","follow":"follow","max-snippet":"max-snippet:-1","max-image-preview":"max-image-preview:large","max-video-preview":"max-video-preview:-1"},"canonical":"https:\/\/www.novoutils.com\/en\/custom-tool-design.html","og_locale":"en_GB","og_type":"article","og_title":"Conception outil coupant, BE outil coupant d\u00e9colletage","og_description":"Novoutils con\u00e7oit vos outils coupants et de d\u00e9formation sur mesure. Consultez notre BE !","og_url":"https:\/\/www.novoutils.com\/en\/custom-tool-design.html","og_site_name":"Novoutils","article_modified_time":"2017-12-21T16:46:48+00:00","og_image":[{"url":"https:\/\/www.novoutils.com\/en\/wp-content\/uploads\/sites\/2\/2017\/07\/producer-rotative-cutting-tool-300x200-300x200.jpg"}],"twitter_card":"summary_large_image","twitter_misc":{"Est. reading time":"2 minutes"},"schema":{"@context":"https:\/\/schema.org","@graph":[{"@type":"WebPage","@id":"https:\/\/www.novoutils.com\/en\/custom-tool-design.html","url":"https:\/\/www.novoutils.com\/en\/custom-tool-design.html","name":"Conception outil coupant, BE outil coupant d\u00e9colletage","isPartOf":{"@id":"https:\/\/www.novoutils.com\/en\/#website"},"primaryImageOfPage":{"@id":"https:\/\/www.novoutils.com\/en\/custom-tool-design.html#primaryimage"},"image":{"@id":"https:\/\/www.novoutils.com\/en\/custom-tool-design.html#primaryimage"},"thumbnailUrl":"https:\/\/www.novoutils.com\/en\/wp-content\/uploads\/sites\/2\/2017\/07\/producer-rotative-cutting-tool-300x200-300x200.jpg","datePublished":"2017-07-01T09:51:54+00:00","dateModified":"2017-12-21T16:46:48+00:00","description":"Novoutils con\u00e7oit vos outils coupants et de d\u00e9formation sur mesure. Consultez notre BE !","breadcrumb":{"@id":"https:\/\/www.novoutils.com\/en\/custom-tool-design.html#breadcrumb"},"inLanguage":"en-GB","potentialAction":[{"@type":"ReadAction","target":["https:\/\/www.novoutils.com\/en\/custom-tool-design.html"]}]},{"@type":"ImageObject","inLanguage":"en-GB","@id":"https:\/\/www.novoutils.com\/en\/custom-tool-design.html#primaryimage","url":"https:\/\/www.novoutils.com\/en\/wp-content\/uploads\/sites\/2\/2017\/07\/producer-rotative-cutting-tool-300x200.jpg","contentUrl":"https:\/\/www.novoutils.com\/en\/wp-content\/uploads\/sites\/2\/2017\/07\/producer-rotative-cutting-tool-300x200.jpg","width":300,"height":200},{"@type":"BreadcrumbList","@id":"https:\/\/www.novoutils.com\/en\/custom-tool-design.html#breadcrumb","itemListElement":[{"@type":"ListItem","position":1,"name":"Accueil","item":"https:\/\/www.novoutils.com\/en\/"},{"@type":"ListItem","position":2,"name":"Design of custom tools"}]},{"@type":"WebSite","@id":"https:\/\/www.novoutils.com\/en\/#website","url":"https:\/\/www.novoutils.com\/en\/","name":"Novoutils","description":"Ademva Carburab","potentialAction":[{"@type":"SearchAction","target":{"@type":"EntryPoint","urlTemplate":"https:\/\/www.novoutils.com\/en\/?s={search_term_string}"},"query-input":{"@type":"PropertyValueSpecification","valueRequired":true,"valueName":"search_term_string"}}],"inLanguage":"en-GB"}]}},"_links":{"self":[{"href":"https:\/\/www.novoutils.com\/en\/wp-json\/wp\/v2\/pages\/1159"}],"collection":[{"href":"https:\/\/www.novoutils.com\/en\/wp-json\/wp\/v2\/pages"}],"about":[{"href":"https:\/\/www.novoutils.com\/en\/wp-json\/wp\/v2\/types\/page"}],"author":[{"embeddable":true,"href":"https:\/\/www.novoutils.com\/en\/wp-json\/wp\/v2\/users\/1"}],"replies":[{"embeddable":true,"href":"https:\/\/www.novoutils.com\/en\/wp-json\/wp\/v2\/comments?post=1159"}],"version-history":[{"count":11,"href":"https:\/\/www.novoutils.com\/en\/wp-json\/wp\/v2\/pages\/1159\/revisions"}],"predecessor-version":[{"id":1971,"href":"https:\/\/www.novoutils.com\/en\/wp-json\/wp\/v2\/pages\/1159\/revisions\/1971"}],"wp:attachment":[{"href":"https:\/\/www.novoutils.com\/en\/wp-json\/wp\/v2\/media?parent=1159"}],"curies":[{"name":"wp","href":"https:\/\/api.w.org\/{rel}","templated":true}]}}